{"id":517,"date":"2025-04-12T06:12:15","date_gmt":"2025-04-12T06:12:15","guid":{"rendered":"https:\/\/red-lighttherapy.com\/?post_type=product&#038;p=517"},"modified":"2025-04-12T06:52:22","modified_gmt":"2025-04-12T06:52:22","slug":"child-resistant-510-vape-cartridge-packaging-boxes-wholesale","status":"publish","type":"product","link":"https:\/\/red-lighttherapy.com\/de_de\/child-resistant-510-vape-cartridge-packaging-boxes-wholesale\/","title":{"rendered":"Child Resistant 510 Vape Cartridge Verpackung Boxen Gro\u00dfhandel"},"content":{"rendered":"<h2 id=\"-child-safe-510-e-cigarette-cartridge-packaging-box-wholesale-product-description-\"><strong>Child Resistant 510 Vape Cartridge Verpackung Boxen Gro\u00dfhandel Produktbeschreibung<\/strong><\/h2>\n<p>Unter Ber\u00fccksichtigung des doppelten Konzepts von Innovation und Sicherheit haben wir eine\u00a0<strong>kindersichere Verpackungsbox<\/strong>\u00a0die speziell f\u00fcr 510er E-Zigarettenkartuschen entwickelt wurden und kindersichere Funktionen, eine hochwertige Textur und ein individuelles Design bieten, die sich vollst\u00e4ndig an die Bed\u00fcrfnisse von Cannabis- und E-Zigarettenprodukten anpassen und den Marken helfen, sich abzuheben.<\/p>\n<h2 id=\"1-child-proof-certification-compliance-guarantee-\">1.\u00a0<strong>Kindersicherungszertifikat, Konformit\u00e4tsgarantie<\/strong><\/h2>\n<ul>\n<li>Verabschiedung einer\u00a0<strong>Schiebevorrichtung mit Kindersicherung<\/strong>Es entspricht den Vorschriften der Vereinigten Staaten (16 CFR 1700.20, ASTM D3475) und Europas (EN ISO 8317) und hat die\u00a0<strong>FSC-Zertifizierung f\u00fcr Kindersicherheit<\/strong>So wird sichergestellt, dass Kinder unter 52 Monaten ihn nur schwer \u00f6ffnen k\u00f6nnen, w\u00e4hrend Erwachsene ihn leicht bedienen k\u00f6nnen, wobei Sicherheit und Komfort ber\u00fccksichtigt werden.<\/li>\n<\/ul>\n<h2 id=\"2-pull-out-box-design-ceremonial-unboxing-experience-\">2.\u00a0<strong>Ausziehbares Box-Design, feierliches Auspacken<\/strong><\/h2>\n<ul>\n<li>Innovativ\u00a0<strong>seitlich verschiebbarer Auszugskasten<\/strong>Die Patronen werden langsam mit dem Schachtelk\u00f6rper pr\u00e4sentiert, was das Gef\u00fchl der \u00dcberraschung und des Rituals beim Auspacken verst\u00e4rkt. Die Box K\u00f6rper \u00f6ffnet und schlie\u00dft reibungslos, die die Positionierung von High-End-E-Zigarette Produkte passt und verbessert die Marke Ged\u00e4chtnispunkt.<\/li>\n<\/ul>\n<h2 id=\"3-customized-appearance-eye-catching-tool-on-the-shelf-\">3.\u00a0<strong>Individuelles Aussehen, auff\u00e4lliges Werkzeug im Regal<\/strong><\/h2>\n<ul>\n<li>Unterst\u00fctzung\u00a0<strong>Ganzseitiges Druckdesign<\/strong>die mit dem Markenlogo, dem Farbschema und k\u00fcnstlerischen Elementen integriert werden k\u00f6nnen und ein differenziertes visuelles Bild durch hochpr\u00e4zisen UV-Druck, Hei\u00dfpr\u00e4gung\/Silbertechnologie oder partiellen Reliefeffekt erzeugen. Die Struktur der Box wurde optimiert, um Folgendes zu gew\u00e4hrleisten\u00a0<strong>dreidimensional und knackig<\/strong>\u00a0wenn sie ausgestellt werden, einen starken visuellen Eindruck im Regal hinterlassen.<\/li>\n<\/ul>\n<h2 id=\"4-coated-paper-material-sturdy-and-durable-\">4.\u00a0<strong>Beschichtetes Papiermaterial, robust und langlebig<\/strong><\/h2>\n<ul>\n<li>W\u00e4hlen Sie\u00a0<strong>300-400g schweres gestrichenes Papier<\/strong>mit matter oder gl\u00e4nzender Folie auf der Oberfl\u00e4che, die sowohl druckfest als auch gl\u00e4nzend ist. Der Schachtelk\u00f6rper ist nicht leicht zu verformen und verschlei\u00dffest und beh\u00e4lt auch nach l\u00e4ngerer Lagerung seine zarte Struktur. Die innere Schicht ist verdickt, um die Struktur zu unterst\u00fctzen und die Sto\u00dffestigkeit weiter zu erh\u00f6hen.<\/li>\n<\/ul>\n<h2 id=\"5-adaptable-to-multiple-categories-strong-compatibility-\">5.\u00a0<strong>Anpassungsf\u00e4hig an mehrere Kategorien, hohe Kompatibilit\u00e4t<\/strong><\/h2>\n<ul>\n<li>Speziell optimierte Gr\u00f6\u00dfe f\u00fcr\u00a0<strong>510er Standard-Patronen mit Gewinde<\/strong>\u00a0(anpassbar an die g\u00e4ngigen Spezifikationen von 10 mm Durchmesser und 60-80 mm L\u00e4nge), kompatibel mit THC\/CBD-\u00d6lkartuschen, Einweg- und nachf\u00fcllbaren Produkten. Der Platz im Inneren der Box kann flexibel angepasst werden mit\u00a0<strong>EVA-Futter, Beflockungsschale oder Blisterkarte<\/strong>\u00a0um die Anforderungen an die Fixierung und Sto\u00dffestigkeit von Patronen unterschiedlicher Gr\u00f6\u00dfe zu erf\u00fcllen.<\/li>\n<\/ul>\n<h2 id=\"6-craftsmanship-quality-assurance-\">6.\u00a0<strong>Handwerkliches K\u00f6nnen, Qualit\u00e4tssicherung<\/strong><\/h2>\n<ul>\n<li>Verlassen Sie sich auf\u00a0<strong>16 Jahre Erfahrung in den Bereichen Druck und Verpackung<\/strong>Strenge Qualit\u00e4tskontrollen von der Entwurfspr\u00fcfung bis zur Massenproduktion, Verwendung von umweltfreundlicher Tinte und spurloser Klebetechnologie, um sicherzustellen, dass der Kartonk\u00f6rper keinen st\u00f6renden Geruch hat und die N\u00e4hte flach sind. Unterst\u00fctzung\u00a0<strong>Etiketten zum Schutz vor F\u00e4lschungen, QR-Code-R\u00fcckverfolgbarkeit<\/strong>\u00a0und andere Mehrwertdienste zur St\u00e4rkung des Markenvertrauens.<\/li>\n<\/ul>\n<h2 id=\"-application-scenarios-\"><strong>7. Anwendungsszenarien<\/strong><\/h2>\n<ul>\n<li><strong>Elektronische Cannabis-Zigaretten<\/strong>: Passend f\u00fcr 1g\/0,5g vorgef\u00fcllte Patronen, die Auskleidung kann mit einer Anti-Oxidations-Aluminiumfolie angepasst werden, um die Haltbarkeit der \u00e4therischen \u00d6le zu verl\u00e4ngern.<\/li>\n<li><strong>CBD-Zerst\u00e4uber<\/strong>: Mit einem transparenten Fenster k\u00f6nnen Farbe und Menge des \u00d6ls intuitiv angezeigt werden.<\/li>\n<li><strong>Hochwertiges Geschenkset<\/strong>: Unterst\u00fctzt die Verpackung von Geschenksets, integriert Zubeh\u00f6r wie Patronen und Ladeger\u00e4te und vergr\u00f6\u00dfert den Premiumbereich.<\/li>\n<\/ul>\n<h2 id=\"-cooperation-advantages-\"><strong>Vorteile der Zusammenarbeit<\/strong><\/h2>\n<ul>\n<li><strong>Schnelle Antwort<\/strong>: Service aus einer Hand vom Entwurf bis zur Auslieferung, vollst\u00e4ndige Pr\u00fcfung innerhalb von 7-15 Tagen und Unterst\u00fctzung von Kleinserienversuchen.<\/li>\n<li><strong>Globale Einhaltung<\/strong>: FSC-, REACH-, RoHS- und andere Zertifizierungen, um die Anforderungen f\u00fcr den Marktzugang in Europa und den Vereinigten Staaten zu erf\u00fcllen.<\/li>\n<li><strong>Kostenoptimierung<\/strong>: Durch die Produktion in gro\u00dfen Mengen sinken die Kosten f\u00fcr eine einzelne Schachtel, und Sie k\u00f6nnen bei einer Mindestbestellmenge von 5.000 St\u00fcck in den Genuss von Preisnachl\u00e4ssen im Gro\u00dfhandel kommen.<\/li>\n<\/ul>","protected":false},"excerpt":{"rendered":"<p>Kindersicheres Schubladen-Papierbox-Design Das kindersichere Design kann effektiv verhindern, dass Kinder es \u00f6ffnen und Erwachsene es leicht \u00f6ffnen. Ziehen und schieben, um zu \u00f6ffnen, so dass Ihre 510 vape Patrone Verpackung Produkt erscheint langsam vor Ihnen, die Verbesserung der unboxing Erfahrung<\/p>","protected":false},"featured_media":520,"template":"","meta":{"_kad_post_transparent":"default","_kad_post_title":"","_kad_post_layout":"default","_kad_post_sidebar_id":"","_kad_post_content_style":"default","_kad_post_vertical_padding":"default","_kad_post_feature":"","_kad_post_feature_position":"","_kad_post_header":false,"_kad_post_footer":false,"_kad_post_classname":""},"product_brand":[],"product_cat":[15,20,17],"product_tag":[167,169,168],"class_list":{"0":"post-517","1":"product","2":"type-product","3":"status-publish","4":"has-post-thumbnail","6":"product_cat-red-light-therapy","7":"product_cat-led-face-light-therapy","8":"product_cat-services","9":"product_tag-cartridge-packaging","10":"product_tag-vape-cartridge-packaging","11":"product_tag-vape-packaging","13":"first","14":"instock","15":"shipping-taxable","16":"product-type-simple","17":"entry","18":"content-bg","19":"loop-entry"},"_links":{"self":[{"href":"https:\/\/red-lighttherapy.com\/de_de\/wp-json\/wp\/v2\/product\/517","targetHints":{"allow":["GET"]}}],"collection":[{"href":"https:\/\/red-lighttherapy.com\/de_de\/wp-json\/wp\/v2\/product"}],"about":[{"href":"https:\/\/red-lighttherapy.com\/de_de\/wp-json\/wp\/v2\/types\/product"}],"wp:featuredmedia":[{"embeddable":true,"href":"https:\/\/red-lighttherapy.com\/de_de\/wp-json\/wp\/v2\/media\/520"}],"wp:attachment":[{"href":"https:\/\/red-lighttherapy.com\/de_de\/wp-json\/wp\/v2\/media?parent=517"}],"wp:term":[{"taxonomy":"product_brand","embeddable":true,"href":"https:\/\/red-lighttherapy.com\/de_de\/wp-json\/wp\/v2\/product_brand?post=517"},{"taxonomy":"product_cat","embeddable":true,"href":"https:\/\/red-lighttherapy.com\/de_de\/wp-json\/wp\/v2\/product_cat?post=517"},{"taxonomy":"product_tag","embeddable":true,"href":"https:\/\/red-lighttherapy.com\/de_de\/wp-json\/wp\/v2\/product_tag?post=517"}],"curies":[{"name":"wp","href":"https:\/\/api.w.org\/{rel}","templated":true}]}}