{"id":511,"date":"2025-04-12T05:38:05","date_gmt":"2025-04-12T05:38:05","guid":{"rendered":"https:\/\/red-lighttherapy.com\/?post_type=product&#038;p=511"},"modified":"2025-04-12T06:12:03","modified_gmt":"2025-04-12T06:12:03","slug":"custom-perfume-cosmetic-skincare-drawer-paper-boxes-factory","status":"publish","type":"product","link":"https:\/\/red-lighttherapy.com\/de_de\/custom-perfume-cosmetic-skincare-drawer-paper-boxes-factory\/","title":{"rendered":"Benutzerdefinierte Parf\u00fcm Kosmetik Hautpflege Schublade Papier Boxen Fabrik"},"content":{"rendered":"<h2 id=\"-customized-perfume-cosmetics-and-skincare-drawer-paper-box-product-description-\"><strong>Customized Parf\u00fcm Kosmetik und Hautpflege Schublade Papierkasten Produktbeschreibung<\/strong><\/h2>\n<p>Unser Unternehmen h\u00e4lt sich an das Konzept der High-End-Anpassung und hat sich auf die Herstellung praktischer und k\u00fcnstlerischer Schubladenverpackungen f\u00fcr Parf\u00fcm-, Kosmetik- und Hautpflegemarken spezialisiert, die den Markenwert durch handwerkliches K\u00f6nnen und Umweltschutzkonzepte st\u00e4rken. Die spezifischen Produktmerkmale sind wie folgt:<\/p>\n<h2 id=\"1-pull-out-box-design-convenience-and-ritual-coexistence-\">1.\u00a0<strong>Design der Schubladen-Papierschachtel: Bequemlichkeit und rituelle Koexistenz<\/strong><\/h2>\n<p>Die Struktur der Schubladen-Papierbox wurde \u00fcbernommen, und der Auszug ist glatt und geschmeidig, und das \u00d6ffnen und Schlie\u00dfen ist bequem und voller Rituale. Der Innenkarton und der Au\u00dfenkarton sind genau aufeinander abgestimmt, um sicherzustellen, dass sie auch nach mehrmaligem Ziehen stabil bleiben, was nicht nur die Integrit\u00e4t des Produkts sch\u00fctzt, sondern auch die Freude des Benutzers am Auspacken erh\u00f6ht.<\/p>\n<h2 id=\"2-festival-atmosphere-aesthetics-red-main-tone-with-hot-stamping-technology-\">2.\u00a0<strong>\u00c4sthetik der Festivalatmosph\u00e4re: roter Hauptton mit Hei\u00dfpr\u00e4getechnik<\/strong><\/h2>\n<p>Der Schachtelk\u00f6rper ist in klassischem Rot gehalten, das zur Festtagsszene passt und ein festliches und enthusiastisches Markenimage vermittelt. Die Oberfl\u00e4che ist mit einer hochpr\u00e4zisen Hei\u00dfpr\u00e4getechnik versehen, die einen feinen Glanz und eine dreidimensionale Textur aufweist, was die visuelle Wirkung und die hochwertige Positionierung des Produkts unterstreicht.<\/p>\n<h2 id=\"3-luxury-details-enhancement-ribbon-pull-ring-and-environmentally-friendly-materials-\">3.\u00a0<strong>Luxuri\u00f6se Details: Bandzugring und umweltfreundliche Materialien<\/strong><\/h2>\n<ul>\n<li><strong>B\u00e4nderzugring-Design<\/strong>: Ausgew\u00e4hlte, hochfeste B\u00e4nder, die sich wiederholt \u00f6ffnen und schlie\u00dfen lassen, ohne zu rei\u00dfen, kombiniert mit goldenen oder silbernen Metallverschl\u00fcssen, verleihen der Verpackung eine leichte, luxuri\u00f6se Textur.<\/li>\n<li><strong>FSC-zertifizierte Materialien<\/strong>: F\u00fcr den Kartonk\u00f6rper wird umweltfreundliches, FSC-zertifiziertes Papier verwendet, das dem nachhaltigen Konzept und den Anforderungen an die Belastbarkeit Rechnung tr\u00e4gt und die doppelten Anforderungen hochwertiger Marken an Qualit\u00e4t und Umweltschutz erf\u00fcllt.<\/li>\n<\/ul>\n<h2 id=\"4-professional-customization-service-full-link-support-from-demand-to-delivery-\">4.\u00a0<strong>Professioneller Anpassungsservice: umfassende Unterst\u00fctzung von der Anfrage bis zur Lieferung<\/strong><\/h2>\n<ul>\n<li><strong>Anpassungsf\u00e4hige L\u00f6sung<\/strong>: Je nach Produktgr\u00f6\u00dfe, -form und Markenton geben wir Empfehlungen f\u00fcr den Schachteltyp und Vorschl\u00e4ge zur strukturellen Optimierung, wie z. B. sto\u00dffeste Innenschalen f\u00fcr Parf\u00fcmflaschen oder geschichtete Aufbewahrungsl\u00f6sungen f\u00fcr Kosmetiksets.<\/li>\n<li><strong>Effiziente Liefergarantie<\/strong>: Ausgestattet mit einem engagierten Serviceteam, das von der Entwurfspr\u00fcfung bis zur Massenproduktion die schnelle Lieferung in 15-25 Tagen unterst\u00fctzt (der spezifische Zyklus wird je nach Komplexit\u00e4t des Prozesses angepasst), um sicherzustellen, dass sowohl Qualit\u00e4t als auch P\u00fcnktlichkeit den Standards entsprechen.<\/li>\n<\/ul>\n<h2 id=\"5-value-added-services-brand-image-and-user-experience-upgrade-\">5.\u00a0<strong>Mehrwertdienste: Verbesserung des Markenimages und der Benutzerfreundlichkeit<\/strong><\/h2>\n<ul>\n<li><strong>Vielf\u00e4ltige Prozessauswahl<\/strong>: Zus\u00e4tzlich zum Hei\u00dfpr\u00e4gen k\u00f6nnen UV-Druck, Pr\u00e4gung, Siebdruck und andere Verfahren \u00fcberlagert werden, um individuelle Anforderungen zu erf\u00fcllen.<\/li>\n<li><strong>Vollszenario-L\u00f6sung<\/strong>: Ma\u00dfgeschneiderte Dienstleistungen wie Geschenkboxen f\u00fcr Feiertage, Verpackungen in limitierter Auflage, grenz\u00fcberschreitende Sonderlieferungen usw., um Marken zu helfen, ihre Wettbewerbsf\u00e4higkeit zu verbessern.<\/li>\n<\/ul>\n<h2 id=\"-cooperation-advantages-\"><strong>Vorteile der Zusammenarbeit<\/strong>:<\/h2>\n<ul>\n<li><strong>Hohe Kostenleistung<\/strong>: Die Gro\u00dfserienproduktion senkt die Kosten und erm\u00f6glicht eine Mindestbestellmenge von 500 St\u00fcck.<\/li>\n<li><strong>Verpflichtung zur Qualit\u00e4t<\/strong>: Strenge Qualit\u00e4tskontrolle Standards (Fehler &lt;1mm), Unterst\u00fctzung After-Sales-Probleme innerhalb von 24 Stunden zu reagieren.<\/li>\n<\/ul>\n<p><strong>Anwendbare Szenarien<\/strong>: Festtagsgeschenke, Markteinf\u00fchrungen neuer Produkte, kundenspezifische Anpassungen von Mitgliedern im oberen Preissegment, grenz\u00fcberschreitende E-Commerce-Sonderangebote usw.<\/p>\n<p>Mit professionellem Design, Umweltschutzkonzepten und effizienten Dienstleistungen als Kernst\u00fcck sind wir bestrebt, globale Marken mit Verpackungsl\u00f6sungen zu versorgen, die \u00e4sthetischen Wert und praktische Funktionen kombinieren, damit sich Produkte auf dem Markt abheben k\u00f6nnen. Wenn Sie eine ma\u00dfgeschneiderte L\u00f6sung oder ein Angebot ben\u00f6tigen, wenden Sie sich bitte an den Kundendienst, um exklusive Unterst\u00fctzung zu erhalten!<\/p>","protected":false},"excerpt":{"rendered":"<p>Die Schubladen-Papierschachtel ist leicht zu ziehen und bequemer, um dem Benutzer das Auspacken zu erleichtern. Die Oberfl\u00e4che der Box ist mit einem hochwertigen Hei\u00dfpr\u00e4geverfahren versehen, um die Produkttextur und \u00c4sthetik zu verbessern.<\/p>","protected":false},"featured_media":512,"template":"","meta":{"_kad_post_transparent":"default","_kad_post_title":"","_kad_post_layout":"default","_kad_post_sidebar_id":"","_kad_post_content_style":"default","_kad_post_vertical_padding":"default","_kad_post_feature":"","_kad_post_feature_position":"","_kad_post_header":false,"_kad_post_footer":false,"_kad_post_classname":""},"product_brand":[],"product_cat":[15,28,20,17],"product_tag":[165,166,164],"class_list":{"0":"post-511","1":"product","2":"type-product","3":"status-publish","4":"has-post-thumbnail","6":"product_cat-red-light-therapy","7":"product_cat-customize","8":"product_cat-led-face-light-therapy","9":"product_cat-services","10":"product_tag-cosmetic-skincare-drawer-paper-boxes","11":"product_tag-custom-perfume-boxes-factory","12":"product_tag-custom-perfume-paper-boxes","14":"first","15":"instock","16":"shipping-taxable","17":"product-type-simple","18":"entry","19":"content-bg","20":"loop-entry"},"_links":{"self":[{"href":"https:\/\/red-lighttherapy.com\/de_de\/wp-json\/wp\/v2\/product\/511","targetHints":{"allow":["GET"]}}],"collection":[{"href":"https:\/\/red-lighttherapy.com\/de_de\/wp-json\/wp\/v2\/product"}],"about":[{"href":"https:\/\/red-lighttherapy.com\/de_de\/wp-json\/wp\/v2\/types\/product"}],"wp:featuredmedia":[{"embeddable":true,"href":"https:\/\/red-lighttherapy.com\/de_de\/wp-json\/wp\/v2\/media\/512"}],"wp:attachment":[{"href":"https:\/\/red-lighttherapy.com\/de_de\/wp-json\/wp\/v2\/media?parent=511"}],"wp:term":[{"taxonomy":"product_brand","embeddable":true,"href":"https:\/\/red-lighttherapy.com\/de_de\/wp-json\/wp\/v2\/product_brand?post=511"},{"taxonomy":"product_cat","embeddable":true,"href":"https:\/\/red-lighttherapy.com\/de_de\/wp-json\/wp\/v2\/product_cat?post=511"},{"taxonomy":"product_tag","embeddable":true,"href":"https:\/\/red-lighttherapy.com\/de_de\/wp-json\/wp\/v2\/product_tag?post=511"}],"curies":[{"name":"wp","href":"https:\/\/api.w.org\/{rel}","templated":true}]}}