{"id":498,"date":"2025-04-12T03:55:30","date_gmt":"2025-04-12T03:55:30","guid":{"rendered":"https:\/\/red-lighttherapy.com\/?post_type=product&#038;p=498"},"modified":"2025-04-12T05:11:12","modified_gmt":"2025-04-12T05:11:12","slug":"custom-creative-nuts-chocolate-packaging-rigid-boxes-factory","status":"publish","type":"product","link":"https:\/\/red-lighttherapy.com\/de_de\/custom-creative-nuts-chocolate-packaging-rigid-boxes-factory\/","title":{"rendered":"Benutzerdefinierte kreative N\u00fcsse Schokolade Verpackung Starre Boxen Fabrik"},"content":{"rendered":"<h2 id=\"-customized-creative-nut-chocolate-magnetic-gift-box-product-description-\"><strong>Kundenspezifische kreative Nuss Schokolade magnetische Geschenkbox Produktbeschreibung<\/strong><\/h2>\n<h2 id=\"-1-soothing-color-design-conveying-emotional-value-\"><strong>1. Beruhigende Farbgestaltung, die emotionale Werte vermittelt<\/strong><\/h2>\n<ul>\n<li><strong>Hauptfarbe<\/strong>: Tiefes Meeresblau und himmelblauer Farbverlauf, der durch die visuelle Beruhigung der k\u00fchlen Farben \u00c4ngste abbaut.<\/li>\n<li><strong>Farbpsychologische Anwendung<\/strong>: Blau symbolisiert Ruhe und Vertrauen, passt in die Geschenkszene zu Weihnachten und verst\u00e4rkt die emotionale Resonanz der Verbraucher.<\/li>\n<li><strong>Oberfl\u00e4chentechnik<\/strong>: Der Geschenkkarton ist mit matter oder gl\u00e4nzender Folie \u00fcberzogen, die verschlei\u00dffest und kratzfest ist, nicht leicht verblasst und ihren Glanz durch t\u00e4gliches Abwischen beibehalten kann.<\/li>\n<\/ul>\n<h2 id=\"-2-food-grade-safety-lining-double-protection-guarantee-\"><strong>2. Lebensmittelgerechtes Sicherheitsfutter, doppelte Schutzgarantie<\/strong><\/h2>\n<ul>\n<li><strong>Material der Auskleidung<\/strong>: Wahlweise lebensmittelechte PE (Polyethylen)-, PP (Polypropylen)- oder PET (Polyester)-Folie, die den Lebensmittelsicherheitsstandards GB4806.9-2016 entspricht, direkter Kontakt mit Lebensmitteln ohne Migrationsrisiko.<\/li>\n<li><strong>Funktionelle Anpassung<\/strong>:<\/li>\n<li><strong>EVA-Futter<\/strong>: hohe R\u00fcckpralld\u00e4mpfung, geeignet f\u00fcr zerbrechliche Schokolade;<\/li>\n<li><strong>Perlenbaumwolle<\/strong>: leicht und sto\u00dffest, geeignet f\u00fcr Muttern, um ein Herausdr\u00fccken zu verhindern;<\/li>\n<li><strong>Blisterschale<\/strong>: transparent und sichtbar, verbessert die Produktpr\u00e4sentation;<\/li>\n<li><strong>Raffia\/Flanell<\/strong>: Umweltfreundlich und nat\u00fcrlich, im Einklang mit der Positionierung als hochwertiges Geschenk.<\/li>\n<\/ul>\n<h2 id=\"-3-highly-flexible-customization-to-meet-diverse-needs-\"><strong>3. \u00c4u\u00dferst flexible Anpassung an unterschiedliche Bed\u00fcrfnisse<\/strong><\/h2>\n<ul>\n<li><strong>Auswahl des Boxentyps<\/strong>Es sind viereckige, achteckige, magnetisch ansaugende Flip-Top- und andere Formen erh\u00e4ltlich, und spezielle Schnitzereien (z. B. Reliefs und Aush\u00f6hlungen) werden unterst\u00fctzt, um den optischen Reiz zu erh\u00f6hen.<\/li>\n<li><strong>Materialanpassung<\/strong>:<\/li>\n<li><strong>Metallbox<\/strong>: Wei\u00dfblech (Dicke 0,19-0,35mm), beidseitiger Druck und Anti-Oxidations-Beschichtung k\u00f6nnen durchgef\u00fchrt werden;<\/li>\n<li><strong>Hartfaserplatte<\/strong>: Die Oberfl\u00e4che ist mit einer umweltfreundlichen Folie \u00fcberzogen, die f\u00fcr leichte Anforderungen geeignet ist.<\/li>\n<li><strong>Anpassung der Gr\u00f6\u00dfe<\/strong>: Unterst\u00fctzt die individuelle Anpassung der L\u00e4nge 50-300mm und der H\u00f6he 20-100mm, um die Produktspezifikationen genau zu erf\u00fcllen.<\/li>\n<\/ul>\n<h2 id=\"-4-printing-and-process-innovation-to-enhance-brand-recognition-\"><strong>4. Druck- und Prozessinnovation zur Steigerung der Markenbekanntheit<\/strong><\/h2>\n<ul>\n<li><strong>Drucktechnik<\/strong>: Verwenden Sie Offsetdruck oder Vierfarbdruck (CMYK), unterst\u00fctzen Sie Schmuckfarbe, Laser, Hei\u00dfpr\u00e4gung und andere Effekte, und die Mustergenauigkeit erreicht 300dpi.<\/li>\n<li><strong>Besonderes Verfahren<\/strong>:<\/li>\n<li>3D-Gitter, Pr\u00e4gung, Gold- und Silberfenster;<\/li>\n<li>Die Oberfl\u00e4che kann mit leuchtender Tinte, Perlglanzbeschichtung oder umweltfreundlicher Mattfolie versehen werden.<\/li>\n<li><strong>Unterer Druck<\/strong>: Unterst\u00fctzung von Barcode, Markengeschichte oder N\u00e4hrwertangaben zur Verbesserung der Informations\u00fcbertragung.<\/li>\n<\/ul>\n<h2 id=\"-5-supply-chain-and-quality-control-advantages-\"><strong>5. Vorteile der Lieferkette und der Qualit\u00e4tskontrolle<\/strong><\/h2>\n<ul>\n<li><strong>Normen f\u00fcr die Produktion<\/strong>: Vollautomatische Produktionslinie in Kombination mit staubfreier Werkstattverpackung, SGS- und Intertek-Zertifizierung zur Gew\u00e4hrleistung der Lebensmittelsicherheit.<\/li>\n<li><strong>Engagement f\u00fcr den Umweltschutz<\/strong>: Verwenden Sie abbaubare OPP-Plastikt\u00fcten und doppelte Wellpappkartons, um den \u00f6kologischen Fu\u00dfabdruck zu verringern.<\/li>\n<li><strong>Unterst\u00fctzung von Dienstleistungen<\/strong>: Wir bieten 3D-Modellierungspr\u00fcfung, Formenentwicklung und vollst\u00e4ndige Logistikverfolgung mit einer Mindestbestellmenge von 300 St\u00fcck und unterst\u00fctzen die LOGO-Anpassung.<\/li>\n<\/ul>\n<p><strong>Anwendungsszenarien<\/strong>: Weihnachtsgeschenke, Hochzeitsbonbons, Werbegeschenke, Kindersnacks usw., die den Marken helfen, ihren Premiumbereich und ihre Wettbewerbsf\u00e4higkeit zu verbessern.<\/p>","protected":false},"excerpt":{"rendered":"<p>Professionell angepasst\u00a0<strong>Magnetverschluss Nuss-Schokoladen-Geschenkbox<\/strong>, haupts\u00e4chlich helle Farben mit beruhigenden k\u00fchlen T\u00f6nen, um \u00c4ngste abzubauen, das Oberfl\u00e4chenlaminierungsverfahren sorgt f\u00fcr Verschlei\u00dffestigkeit und Verblassungsbest\u00e4ndigkeit.<\/p>","protected":false},"featured_media":499,"template":"","meta":{"_kad_post_transparent":"default","_kad_post_title":"","_kad_post_layout":"default","_kad_post_sidebar_id":"","_kad_post_content_style":"default","_kad_post_vertical_padding":"default","_kad_post_feature":"","_kad_post_feature_position":"","_kad_post_header":false,"_kad_post_footer":false,"_kad_post_classname":""},"product_brand":[],"product_cat":[15,17],"product_tag":[159,160,158],"class_list":{"0":"post-498","1":"product","2":"type-product","3":"status-publish","4":"has-post-thumbnail","6":"product_cat-red-light-therapy","7":"product_cat-services","8":"product_tag-chocolate-packaging-rigid-boxes","9":"product_tag-custom-food-rigid-boxes-factory","10":"product_tag-custom-nuts-packaging","12":"first","13":"instock","14":"shipping-taxable","15":"product-type-simple","16":"entry","17":"content-bg","18":"loop-entry"},"_links":{"self":[{"href":"https:\/\/red-lighttherapy.com\/de_de\/wp-json\/wp\/v2\/product\/498","targetHints":{"allow":["GET"]}}],"collection":[{"href":"https:\/\/red-lighttherapy.com\/de_de\/wp-json\/wp\/v2\/product"}],"about":[{"href":"https:\/\/red-lighttherapy.com\/de_de\/wp-json\/wp\/v2\/types\/product"}],"wp:featuredmedia":[{"embeddable":true,"href":"https:\/\/red-lighttherapy.com\/de_de\/wp-json\/wp\/v2\/media\/499"}],"wp:attachment":[{"href":"https:\/\/red-lighttherapy.com\/de_de\/wp-json\/wp\/v2\/media?parent=498"}],"wp:term":[{"taxonomy":"product_brand","embeddable":true,"href":"https:\/\/red-lighttherapy.com\/de_de\/wp-json\/wp\/v2\/product_brand?post=498"},{"taxonomy":"product_cat","embeddable":true,"href":"https:\/\/red-lighttherapy.com\/de_de\/wp-json\/wp\/v2\/product_cat?post=498"},{"taxonomy":"product_tag","embeddable":true,"href":"https:\/\/red-lighttherapy.com\/de_de\/wp-json\/wp\/v2\/product_tag?post=498"}],"curies":[{"name":"wp","href":"https:\/\/api.w.org\/{rel}","templated":true}]}}