{"id":492,"date":"2025-04-12T03:29:01","date_gmt":"2025-04-12T03:29:01","guid":{"rendered":"https:\/\/red-lighttherapy.com\/?post_type=product&#038;p=492"},"modified":"2025-04-12T03:55:15","modified_gmt":"2025-04-12T03:55:15","slug":"foldable-magnetic-cap-baseball-hat-gift-box-packaging-vendor","status":"publish","type":"product","link":"https:\/\/red-lighttherapy.com\/de_de\/foldable-magnetic-cap-baseball-hat-gift-box-packaging-vendor\/","title":{"rendered":"Faltbare Magnetkappe Baseballm\u00fctze Geschenkbox Verpackung Verk\u00e4ufer"},"content":{"rendered":"<h2 id=\"-product-description-of-foldable-magnetic-baseball-cap-gift-box-\"><strong>Produktbeschreibung der faltbaren magnetischen Baseballm\u00fctze Geschenkbox<\/strong><\/h2>\n<h2 id=\"-1-simple-appearance-high-end-texture-\"><strong>1. Einfaches Aussehen, hochwertige Textur<\/strong><\/h2>\n<p>Diese faltbare Geschenkbox mit Magnetverschluss ist in der klassischen schwarzen Hauptfarbe gehalten und hat eine matte Oberfl\u00e4chenstruktur. Das Erscheinungsbild ist einfach und elegant und zeigt die zur\u00fcckhaltende und hochwertige Note der Marke. Der Boxenk\u00f6rper hat klare Linien und einen magnetischen Klappdeckel. Er l\u00e4sst sich leicht \u00f6ffnen und schlie\u00dfen und ist stabil. Er sitzt fest, wenn er geschlossen ist, und gew\u00e4hrleistet die Sicherheit des Produkts w\u00e4hrend des Transports und der Lagerung.<\/p>\n<h2 id=\"-3-flexible-adaptation-exclusive-customization-\"><strong>2. Flexible Anpassung, exklusive Individualisierung<\/strong><\/h2>\n<p>Der Schachteltyp eignet sich f\u00fcr eine Vielzahl von Bekleidungskategorien, wie z. B. Baseballm\u00fctzen, T-Shirts, Schals usw., und unterst\u00fctzt die individuelle Anpassung der Innen- und Au\u00dfenverpackung:<\/p>\n<ul>\n<li><strong>Druckanpassung<\/strong>: Markenlogo, Muster oder Text k\u00f6nnen aufgedruckt werden, und hochpr\u00e4ziser Offsetdruck, Hei\u00dfpr\u00e4gung und andere Verfahren werden eingesetzt, um die Wiedererkennung des Produkts zu verbessern;<\/li>\n<li><strong>Gr\u00f6\u00dfenanpassung<\/strong>: Bietet eine Vielzahl von Spezifikationen f\u00fcr die individuelle Anpassung und unterst\u00fctzt die On-Demand-Anpassung des Innendurchmessers und der Kastenh\u00f6he, perfekt passend f\u00fcr verschiedene Kleidergr\u00f6\u00dfen;<\/li>\n<li><strong>Anpassung des Innenfutters<\/strong>: Optionale Flock-, Schwamm-, EVA- und andere Materialauskleidungen bieten Pufferschutz oder unterteilte Aufbewahrungsfunktionen, um die Bed\u00fcrfnisse der Kleidungsfixierung, Knitterschutz und Staubschutz zu erf\u00fcllen.<\/li>\n<\/ul>\n<h2 id=\"-4-ingenious-craftsmanship-quality-assurance-\"><strong>3. Ausgekl\u00fcgelte Handwerkskunst, Qualit\u00e4tssicherung<\/strong><\/h2>\n<p>Dank unserer 16-j\u00e4hrigen Erfahrung in der Druck- und Verpackungsindustrie haben wir ein ausgereiftes Lieferkettensystem aufgebaut, das von den Rohstoffen bis zu den fertigen Produkten streng kontrolliert wird:<\/p>\n<ul>\n<li><strong>Auswahl des Materials<\/strong>: Durch die Verwendung von hochwertigem 1200g Graukarton und 250gsm schwerem Papier ist die Schachtel robust und langlebig und hat eine hervorragende Tragf\u00e4higkeit;<\/li>\n<li><strong>Magnetische Technologie<\/strong>: Eingebaute Hochleistungsmagnete, stabile Adsorptionskraft, wiederholtes \u00d6ffnen und Schlie\u00dfen ohne Abschw\u00e4chung, Gew\u00e4hrleistung von Benutzerfreundlichkeit und Haltbarkeit;<\/li>\n<li><strong>Umweltfreundliche Produktion<\/strong>: ISO-zertifiziert, Verwendung von umweltfreundlicher Tinte und recycelbaren Materialien, die den grenz\u00fcberschreitenden Umweltstandards f\u00fcr den Export entsprechen.<\/li>\n<\/ul>\n<h2 id=\"-5-one-stop-service-efficient-delivery-\"><strong>4. Service aus einer Hand, effiziente Lieferung<\/strong><\/h2>\n<p>Wir bieten umfassende Dienstleistungen vom Entwurf bis zur Massenproduktion:<\/p>\n<ul>\n<li><strong>Schnelles Proofing<\/strong>: Bereitstellung von Mustern innerhalb von 3-5 Tagen, Unterst\u00fctzung bei mehreren Anpassungen bis zur Zufriedenheit;<\/li>\n<li><strong>Massenproduktion<\/strong>: Die t\u00e4gliche Produktionskapazit\u00e4t erreicht 10.000.000 St\u00fcck, unterst\u00fctzt die Lieferung in einem St\u00fcck und die Anpassung der Logistik an mehrere Plattformen;<\/li>\n<li><strong>Rundum sorglos nach dem Verkauf<\/strong>: Wir bieten einen 24-Stunden-Kundenservice und hochwertige R\u00fcckverfolgbarkeitsdienste an, um eine genaue Lieferung in jeder Phase zu gew\u00e4hrleisten.<\/li>\n<\/ul>\n<h2 id=\"-applicable-scenarios-\"><strong>Anwendbare Szenarien<\/strong><\/h2>\n<ul>\n<li><strong>Marke Einzelhandel<\/strong>: Verbessern Sie das Niveau der Produktpr\u00e4sentation, geeignet f\u00fcr Offline-Erlebnisl\u00e4den, Pop-up-Stores und hochwertige Geschenkverpackungen im E-Commerce;<\/li>\n<li><strong>Grenz\u00fcberschreitender Handel<\/strong>: Optimierung der Logistikkosten durch flache Transporte und Anpassung an den Verkauf auf Plattformen wie Amazon und unabh\u00e4ngigen Sendern;<\/li>\n<li><strong>Anpassung an das Unternehmen<\/strong>: Es kann als Werbegeschenk, f\u00fcr Mitarbeitervorteile oder als exklusive Verpackung f\u00fcr gemeinsame Kooperationen verwendet werden, um das Markenimage zu verbessern.<\/li>\n<\/ul>\n<p>Wer sich f\u00fcr uns entscheidet, entscheidet sich f\u00fcr die doppelte Garantie von Qualit\u00e4t und Innovation. 16 Jahre Handwerkskunst, nur um Verpackungsl\u00f6sungen zu schaffen, die Ihre Bekleidungsprodukte erg\u00e4nzen.<\/p>","protected":false},"excerpt":{"rendered":"<p>Diese faltbaren Geschenkboxen mit Magnetverschluss haben ein klassisches schwarzes, mattes Design mit einem einfachen und fortschrittlichen Erscheinungsbild, das perfekt den Anforderungen der Marke an eine zur\u00fcckhaltende, luxuri\u00f6se Textur entspricht. Gleichzeitig ist die eingebaute Magnetverschlussstruktur leicht zu \u00f6ffnen und zu schlie\u00dfen, stabil und langlebig. Geeignet f\u00fcr Baseballkappen, T-Shirts und andere Bekleidungskategorien.<\/p>","protected":false},"featured_media":493,"template":"","meta":{"_kad_post_transparent":"default","_kad_post_title":"","_kad_post_layout":"default","_kad_post_sidebar_id":"","_kad_post_content_style":"default","_kad_post_vertical_padding":"default","_kad_post_feature":"","_kad_post_feature_position":"","_kad_post_header":false,"_kad_post_footer":false,"_kad_post_classname":""},"product_brand":[],"product_cat":[15,30,22,17],"product_tag":[156,155,157],"class_list":{"0":"post-492","1":"product","2":"type-product","3":"status-publish","4":"has-post-thumbnail","6":"product_cat-red-light-therapy","7":"product_cat-dropshipping","8":"product_cat-red-light-therapy-blanket","9":"product_cat-services","10":"product_tag-baseball-cap-hat-box","11":"product_tag-baseball-cap-packaging-wholesale","12":"product_tag-custom-baseball-cap-boxes","14":"first","15":"instock","16":"shipping-taxable","17":"product-type-simple","18":"entry","19":"content-bg","20":"loop-entry"},"_links":{"self":[{"href":"https:\/\/red-lighttherapy.com\/de_de\/wp-json\/wp\/v2\/product\/492","targetHints":{"allow":["GET"]}}],"collection":[{"href":"https:\/\/red-lighttherapy.com\/de_de\/wp-json\/wp\/v2\/product"}],"about":[{"href":"https:\/\/red-lighttherapy.com\/de_de\/wp-json\/wp\/v2\/types\/product"}],"wp:featuredmedia":[{"embeddable":true,"href":"https:\/\/red-lighttherapy.com\/de_de\/wp-json\/wp\/v2\/media\/493"}],"wp:attachment":[{"href":"https:\/\/red-lighttherapy.com\/de_de\/wp-json\/wp\/v2\/media?parent=492"}],"wp:term":[{"taxonomy":"product_brand","embeddable":true,"href":"https:\/\/red-lighttherapy.com\/de_de\/wp-json\/wp\/v2\/product_brand?post=492"},{"taxonomy":"product_cat","embeddable":true,"href":"https:\/\/red-lighttherapy.com\/de_de\/wp-json\/wp\/v2\/product_cat?post=492"},{"taxonomy":"product_tag","embeddable":true,"href":"https:\/\/red-lighttherapy.com\/de_de\/wp-json\/wp\/v2\/product_tag?post=492"}],"curies":[{"name":"wp","href":"https:\/\/api.w.org\/{rel}","templated":true}]}}