{"id":485,"date":"2025-04-12T02:56:28","date_gmt":"2025-04-12T02:56:28","guid":{"rendered":"https:\/\/red-lighttherapy.com\/?post_type=product&#038;p=485"},"modified":"2025-04-12T03:28:31","modified_gmt":"2025-04-12T03:28:31","slug":"wholesale-cheap-paper-tube-packaging-for-tea-coffee-spices","status":"publish","type":"product","link":"https:\/\/red-lighttherapy.com\/de_de\/wholesale-cheap-paper-tube-packaging-for-tea-coffee-spices\/","title":{"rendered":"Gro\u00dfhandel billig Papierrohr Verpackung f\u00fcr Tee Kaffee Gew\u00fcrze"},"content":{"rendered":"<h2 id=\"wholesale-cheap-paper-tube-packaging-product-description\">Gro\u00dfhandel billig Papierrohr Verpackung f\u00fcr Tee Kaffee Gew\u00fcrze Produkt-Beschreibung<\/h2>\n<h2 id=\"1-gradient-color-design-full-visual-appeal-\">1.\u00a0<strong>Farbverlaufsdesign, voller visueller Reiz<\/strong><\/h2>\n<p>Diese Papiertubenverpackung hat ein Hauptfarbdesign mit einem Farbverlauf von tiefem Schwarz am oberen Rand bis zu leuchtendem Orange am unteren Rand. Der Farb\u00fcbergang ist nat\u00fcrlich und hell und entspricht den modernen \u00e4sthetischen Trends. Der dynamische visuelle Effekt des Farbverlaufs kann sofort die Aufmerksamkeit der Verbraucher auf sich ziehen und eignet sich besonders f\u00fcr Regalpr\u00e4sentationen, die Produkten wie Tee, Kaffee und Gew\u00fcrzen ein j\u00fcngeres und modischeres Markenimage verleihen.<\/p>\n<h2 id=\"2-gold-geometric-elements-integrating-environmental-protection-and-artistic-sense-\">2.\u00a0<strong>Geometrische Elemente aus Gold, die Umweltschutz und Kunstsinn vereinen<\/strong><\/h2>\n<p>Die Oberseite der Schachtel ist mit einem geometrischen Muster aus goldenen Sternen verziert, das von der Kombination aus traditioneller dekorativer Kunst und modernem minimalistischen Stil inspiriert ist. Der Kontrast zwischen den goldenen Elementen und dem Farbverlauf unterstreicht nicht nur den Luxus der Verpackung, sondern vermittelt auch den Sinn f\u00fcr Ordnung und Nachhaltigkeit des Umweltschutzkonzepts durch geometrische Linien, die an die nat\u00fcrlichen Eigenschaften von Naturprodukten wie Tee und Kaffee erinnern. Die Oberfl\u00e4che der Innenschachtel ist mit einem matten Verfahren behandelt, das weich und nicht gl\u00e4nzend ist und den \"Softeffekt\" noch verst\u00e4rkt.<\/p>\n<h2 id=\"3-scientific-structural-design-both-practical-and-comfortable-\">3.\u00a0<strong>Wissenschaftlicher Aufbau, praktisch und komfortabel<\/strong><\/h2>\n<p>Das Papierrohr hat eine flache Rollenstruktur, und der Durchmesser und die H\u00f6he des Hauptk\u00f6rpers k\u00f6nnen je nach Bedarf angepasst werden (Referenzbereich: Durchmesser 2-32 mm, H\u00f6he 2-50 mm). Die Verdickung des Rohrk\u00f6rpers kann die \u00e4u\u00dfere Kraft gleichm\u00e4\u00dfig verteilen, um eine Verformung der Transportextrusion zu vermeiden. Das obere spiralf\u00f6rmige \u00d6ffnungs- und Verschlussdesign mit rutschfester Textur kann leicht mit einer Hand ge\u00f6ffnet werden, und die Abdichtung ist ausgezeichnet, um sicherzustellen, dass der Inhalt feuchtigkeitsdicht und frisch ist.<\/p>\n<h2 id=\"4-environmentally-friendly-soybean-ink-printing-zero-pollution-degradation-\">4.\u00a0<strong>Umweltfreundlicher Druck mit Sojabohnen-Tinte, keine Verschlechterung der Umweltqualit\u00e4t<\/strong><\/h2>\n<p>F\u00fcr den Druckprozess wird ausschlie\u00dflich Sojatinte verwendet, und die Rohstoffe stammen aus erneuerbaren pflanzlichen Ressourcen, enthalten keine Schwermetalle und fl\u00fcchtigen organischen Verbindungen (VOC) und k\u00f6nnen nach der Zersetzung vollst\u00e4ndig in die nat\u00fcrliche Umwelt integriert werden. Der Farbunterschied beim Druck wird streng innerhalb des Bereichs von \u0394E\u22643 kontrolliert, und es wird eine professionelle Farbmanagementtechnologie eingesetzt, um sicherzustellen, dass das Muster klar ist und keine Farbabweichung aufweist und das Markenlogo und das Logo eine hohe Wiedererkennung haben.<\/p>\n<h2 id=\"5-customized-buffer-lining-food-grade-safety-guarantee-\">5.\u00a0<strong>Ma\u00dfgeschneiderte Pufferauskleidung, lebensmittelechte Sicherheitsgarantie<\/strong><\/h2>\n<p>Die Auskleidung kann aus lebensmittelechtem Schwamm oder EVA-Material mit einstellbarer Dichte (z. B. EVA mit hoher Dichte eignet sich f\u00fcr zerbrechliche Gew\u00fcrzpartikel) bestehen, das die Ersch\u00fctterungen w\u00e4hrend des Transports wirksam abfedern und den Inhalt vor Besch\u00e4digung sch\u00fctzen kann. Die Auskleidung liegt eng an der Papierr\u00f6hre an, und ein Entl\u00fcftungsloch ist f\u00fcr die Verpackung von Tee, Kaffee und anderen Lebensmitteln vorgesehen, die trocken gehalten werden m\u00fcssen.<\/p>\n<h2 id=\"6-diversified-box-type-selection-to-enhance-consumer-experience-\">6.\u00a0<strong>Vielf\u00e4ltige Auswahl an Boxen zur Verbesserung der Verbrauchererfahrung<\/strong><\/h2>\n<p>Unterst\u00fctzt die Anpassung verschiedener Schachteltypen wie Deckel und Boden, Flip-Boxen, Schubladenboxen und speziell geformte Boxen, um den Anforderungen verschiedener Szenarien wie Geschenkverpackungen, tragbare Verpackungen und Familienverpackungen gerecht zu werden. Zum Beispiel:<\/p>\n<ul>\n<li><strong>Schubladenbox<\/strong>: geeignet f\u00fcr kleinvolumige Teeverpackungen, leichtes Ziehen;<\/li>\n<li><strong>Schachtel in Sonderform<\/strong>: anpassbar sechseckig oder sternf\u00f6rmig, um das Interesse zu steigern;<\/li>\n<li><strong>Buchf\u00f6rmige Schachtel<\/strong>: geeignet f\u00fcr hochwertige Geschenkboxen, die beim \u00d6ffnen und Schlie\u00dfen ein starkes Gef\u00fchl von Ritual vermitteln.<\/li>\n<\/ul>\n<h2 id=\"7-sustainable-packaging-solutions-\">7.\u00a0<strong>Nachhaltige Verpackungsl\u00f6sungen<\/strong><\/h2>\n<p>Der Umweltschutz wird \u00fcber den gesamten Prozess von den Materialien bis zu den Verfahren umgesetzt:<\/p>\n<ul>\n<li><strong>Rohmaterialien<\/strong>: Es wird FSC-zertifiziertes Papier verwendet, mit einer Recyclingquote von 95%;<\/li>\n<li><strong>Produktion<\/strong>: Die t\u00e4gliche Produktionskapazit\u00e4t betr\u00e4gt bis zu 5 Millionen St\u00fcck, die Mindestbestellmenge liegt bei nur 500 St\u00fcck, und die flexible Anpassung von Kleinserien wird unterst\u00fctzt;<\/li>\n<li><strong>Transport<\/strong>: Leichtes Design (nur 30% Eisendosen) reduziert die Kohlenstoffemissionen der Logistik.<\/li>\n<\/ul>\n<p><strong>Anwendbare Szenarien<\/strong>: Geschenkboxen f\u00fcr Tee, Einzelhandelsverpackungen f\u00fcr Kaffeebohnen, Verpackungen f\u00fcr Gew\u00fcrzflaschen, Dosen f\u00fcr Naturkost, usw.\u00a0<strong>Vorteile der Zusammenarbeit<\/strong>: Kostenlose Musteranpassung (Lieferung innerhalb von 5-7 Tagen), Unterst\u00fctzung von Hei\u00dfpr\u00e4gung\/UV\/Pr\u00e4gung und anderen Kombinationen von Verfahren sowie eigene Fabriken zur Gew\u00e4hrleistung der preislichen Wettbewerbsf\u00e4higkeit.<\/p>","protected":false},"excerpt":{"rendered":"<p>Diese Gro\u00dfhandels-Papierr\u00f6hrenverpackung ist f\u00fcr Tee, Kaffee und Gew\u00fcrze gedacht. Sie hat ein helles Farbschema, das von schwarz oben bis orange unten reicht, und ist mit einer geometrischen Pr\u00e4gung in Form eines goldenen Sterns auf der Oberseite der Schachtel versehen, die das Konzept des Umweltschutzes auf visuelle Weise zum Ausdruck bringt. Das Rohr besteht aus einer flachgewalzten, verdickten Struktur, die \u00e4u\u00dfere Kr\u00e4fte gleichm\u00e4\u00dfig ableitet und angenehm zu halten ist.<\/p>","protected":false},"featured_media":486,"template":"","meta":{"_kad_post_transparent":"default","_kad_post_title":"","_kad_post_layout":"default","_kad_post_sidebar_id":"","_kad_post_content_style":"default","_kad_post_vertical_padding":"default","_kad_post_feature":"","_kad_post_feature_position":"","_kad_post_header":false,"_kad_post_footer":false,"_kad_post_classname":""},"product_brand":[],"product_cat":[15,17],"product_tag":[153,152,154],"class_list":{"0":"post-485","1":"product","2":"type-product","3":"status-publish","4":"has-post-thumbnail","6":"product_cat-red-light-therapy","7":"product_cat-services","8":"product_tag-cocoa-powder-paper-tube","9":"product_tag-tea-coffee-paper-tube","10":"product_tag-wholesale-paper-tube-spices-food","12":"first","13":"instock","14":"shipping-taxable","15":"product-type-simple","16":"entry","17":"content-bg","18":"loop-entry"},"_links":{"self":[{"href":"https:\/\/red-lighttherapy.com\/de_de\/wp-json\/wp\/v2\/product\/485","targetHints":{"allow":["GET"]}}],"collection":[{"href":"https:\/\/red-lighttherapy.com\/de_de\/wp-json\/wp\/v2\/product"}],"about":[{"href":"https:\/\/red-lighttherapy.com\/de_de\/wp-json\/wp\/v2\/types\/product"}],"wp:featuredmedia":[{"embeddable":true,"href":"https:\/\/red-lighttherapy.com\/de_de\/wp-json\/wp\/v2\/media\/486"}],"wp:attachment":[{"href":"https:\/\/red-lighttherapy.com\/de_de\/wp-json\/wp\/v2\/media?parent=485"}],"wp:term":[{"taxonomy":"product_brand","embeddable":true,"href":"https:\/\/red-lighttherapy.com\/de_de\/wp-json\/wp\/v2\/product_brand?post=485"},{"taxonomy":"product_cat","embeddable":true,"href":"https:\/\/red-lighttherapy.com\/de_de\/wp-json\/wp\/v2\/product_cat?post=485"},{"taxonomy":"product_tag","embeddable":true,"href":"https:\/\/red-lighttherapy.com\/de_de\/wp-json\/wp\/v2\/product_tag?post=485"}],"curies":[{"name":"wp","href":"https:\/\/api.w.org\/{rel}","templated":true}]}}