{"id":479,"date":"2025-04-12T02:37:40","date_gmt":"2025-04-12T02:37:40","guid":{"rendered":"https:\/\/red-lighttherapy.com\/?post_type=product&#038;p=479"},"modified":"2025-04-12T02:56:13","modified_gmt":"2025-04-12T02:56:13","slug":"custom-consumer-electronics-product-packaging-boxes-company","status":"publish","type":"product","link":"https:\/\/red-lighttherapy.com\/de_de\/custom-consumer-electronics-product-packaging-boxes-company\/","title":{"rendered":"Kundenspezifische Verpackungen f\u00fcr Unterhaltungselektronikprodukte Unternehmen"},"content":{"rendered":"<h2 id=\"-customized-consumer-electronics-product-packaging-box-product-description-\"><strong>Kundenspezifische Verpackungsbox f\u00fcr Unterhaltungselektronik Produktbeschreibung<\/strong><\/h2>\n<p>Wir halten uns an das Designkonzept \"schlichte \u00c4sthetik und funktionale Zweckm\u00e4\u00dfigkeit\" und bieten ma\u00dfgeschneiderte High-End-Verpackungsl\u00f6sungen f\u00fcr Unterhaltungselektronikmarken an, wobei Schwarz der Hauptton ist und klassische Handwerkskunst mit innovativer Struktur kombiniert wird, um ein exklusives Verpackungserlebnis zu schaffen, das sowohl visuelle Wirkung als auch praktischen Schutz bietet.<\/p>\n<h2 id=\"1-minimalist-aesthetics-luxury-hot-stamping-technology-\">1.\u00a0<strong>Minimalistische \u00c4sthetik Luxuri\u00f6se Gold-Hei\u00dfpr\u00e4gefolientechnik<\/strong><\/h2>\n<p>Der Schachtelk\u00f6rper besteht aus einem mattschwarzen Grundmaterial, das mit einer kundenspezifischen Hei\u00dfpr\u00e4getechnik (z. B. Markenlogo, Textur oder Linien) versehen ist und durch den Kontrast von metallischem Glanz und tiefem Schwarz einen dezenten und luxuri\u00f6sen visuellen Effekt erzeugt. Bei der Hei\u00dfpr\u00e4gung werden umweltfreundliche Metallfolienmaterialien verwendet, um sicherzustellen, dass das Muster pr\u00e4zise angebracht wird und verschlei\u00df- und kratzfest ist, was den Wiedererkennungswert der Marke und die Produktqualit\u00e4t erh\u00f6ht.<\/p>\n<h2 id=\"2-one-handed-opening-and-closing-ritual-pull-out-structure-\">2.\u00a0<strong>Rituelle Auszugsstruktur zum \u00d6ffnen und Schlie\u00dfen mit einer Hand<\/strong><\/h2>\n<p>Das innovative Design der ausziehbaren Box, kombiniert mit einer Pr\u00e4zisionsstanzung und einer magnetischen Schnalle, erm\u00f6glicht es dem Benutzer, die Box mit nur einer Hand zu \u00f6ffnen, und der Entpackungsvorgang ist sowohl bequem als auch feierlich. Das Innere der Schachtel ist mit abgestuften Schichten oder eingebetteten Kartenschlitzen versehen, um sich an die Form der elektronischen Produkte anzupassen und ein Wackeln zu vermeiden, w\u00e4hrend der Display-Effekt verst\u00e4rkt wird.<\/p>\n<h2 id=\"3-high-strength-protection-optimized-coated-paper-material-\">3.\u00a0<strong>Hochfester Schutz Optimiertes beschichtetes Papiermaterial<\/strong><\/h2>\n<p>Ausgew\u00e4hltes beschichtetes Papier mit hoher Dichte \u00fcber 300 g, die Papieroberfl\u00e4che ist glatt und zart mit hervorragender H\u00e4rte, und die Druckfestigkeit ist 30% h\u00f6her als die von gew\u00f6hnlichem Karton und widersteht effektiv Zusammenst\u00f6\u00dfen und Extrusion w\u00e4hrend des Transports. Die Oberfl\u00e4che des Kartonk\u00f6rpers ist mit einer umweltfreundlichen, matten Folienschicht \u00fcberzogen, die Fingerabdr\u00fccke und Flecken verhindert. Es ist nicht leicht zu oxidieren und verf\u00e4rben nach langfristiger Nutzung, halten die Verpackung f\u00fcr eine lange Zeit neu.<\/p>\n<h2 id=\"4-deep-customization-flexible-adaptation-needs-\">4.\u00a0<strong>Tiefgreifende Anpassung Flexible Anpassungsanforderungen<\/strong><\/h2>\n<p>Unterst\u00fctzung volldimensionaler Anpassungsdienste:<\/p>\n<ul>\n<li><strong>Box-Typ<\/strong>: Neben dem ausziehbaren Typ k\u00f6nnen auch verschiedene Strukturen wie obere und untere Abdeckungen, buchf\u00f6rmige Boxen und speziell geformte Boxen angeboten werden;<\/li>\n<li><strong>Material<\/strong>: Wahlweise wei\u00dfer Karton, Gold- und Silberkarton, Spezialpapier usw., um besondere Anforderungen zu erf\u00fcllen, wie z. B. feuchtigkeitsbest\u00e4ndig und antistatisch;<\/li>\n<li><strong>Kunsthandwerk<\/strong>: UV-Lackierung, Pr\u00e4gung, hohle Fenster und andere Verfahren sind frei kombinierbar, um das optische Niveau zu erh\u00f6hen.<\/li>\n<\/ul>\n<h2 id=\"5-safe-inner-support-precise-fit-protection-\">5.\u00a0<strong>Sichere innere Unterst\u00fctzung, passgenauer Schutz<\/strong><\/h2>\n<p>Das Innenfutter besteht aus EVA-Beflockung, Perlenbaumwolle, Blister und anderen Materialien, und die Farbe kann angepasst werden (z. B. schwarz, dunkelgrau, weinrot). 1:1-Gr\u00f6\u00dfenzuschnitt kann durch 3D-Scantechnologie erreicht werden, und das fixierte Produkt hat null Verschiebung. F\u00fcr elektronische Pr\u00e4zisionsbauteile kann eine antistatische Innenst\u00fctze eingebaut werden, um statische Sch\u00e4den w\u00e4hrend des Transports zu vermeiden.<\/p>\n<h2 id=\"-core-advantages-\"><strong>Wesentliche Vorteile<\/strong><\/h2>\n<ul>\n<li><strong>Zertifizierung der Qualit\u00e4t<\/strong>: Alle Materialien haben die SGS-Umweltschutzpr\u00fcfung bestanden und entsprechen den Verpackungsstandards f\u00fcr Lebensmittel;<\/li>\n<li><strong>Schnelle Antwort<\/strong>: Die Herstellung von Prototypen ist in 7-15 Tagen abgeschlossen, und die Anpassung von Kleinserien ist m\u00f6glich (Mindestbestellmenge 500);<\/li>\n<li><strong>Vollst\u00e4ndiger Kettendienst<\/strong>: Eine L\u00f6sung aus einer Hand, vom Design \u00fcber die Materialauswahl bis hin zur Produktionslogistik, um die Kommunikationskosten des Kunden zu senken.<\/li>\n<\/ul>\n<p>Wir sind bestrebt, die Verpackung zu einem erweiterten Tr\u00e4ger des Markenwerts zu machen, indem wir jedem Detail den letzten Schliff geben. Ob intelligente Wearables, High-End-Kopfh\u00f6rer oder Pr\u00e4zisionsinstrumente - wir bieten Ihnen exklusive L\u00f6sungen, mit denen Sie sich von der Produktkonkurrenz abheben k\u00f6nnen.<\/p>","protected":false},"excerpt":{"rendered":"<p>Das Geh\u00e4use der Schachtel besteht aus tiefem, mattem Schwarz, das mit einer individuellen Hei\u00dfpr\u00e4getechnik (z. B. Markenlogo oder geometrische Textur) versehen ist. Durch den Zusammenprall von metallischem Glanz und dunklem Hintergrund entsteht ein zur\u00fcckhaltendes und luxuri\u00f6ses Erscheinungsbild.<\/p>","protected":false},"featured_media":482,"template":"","meta":{"_kad_post_transparent":"default","_kad_post_title":"","_kad_post_layout":"default","_kad_post_sidebar_id":"","_kad_post_content_style":"default","_kad_post_vertical_padding":"default","_kad_post_feature":"","_kad_post_feature_position":"","_kad_post_header":false,"_kad_post_footer":false,"_kad_post_classname":""},"product_brand":[],"product_cat":[15,20,17],"product_tag":[151,150,149],"class_list":{"0":"post-479","1":"product","2":"type-product","3":"status-publish","4":"has-post-thumbnail","6":"product_cat-red-light-therapy","7":"product_cat-led-face-light-therapy","8":"product_cat-services","9":"product_tag-consumer-electronics-boxes-company","10":"product_tag-consumer-electronics-packaging-boxes","11":"product_tag-custom-consumer-product-packaging","13":"first","14":"instock","15":"shipping-taxable","16":"product-type-simple","17":"entry","18":"content-bg","19":"loop-entry"},"_links":{"self":[{"href":"https:\/\/red-lighttherapy.com\/de_de\/wp-json\/wp\/v2\/product\/479","targetHints":{"allow":["GET"]}}],"collection":[{"href":"https:\/\/red-lighttherapy.com\/de_de\/wp-json\/wp\/v2\/product"}],"about":[{"href":"https:\/\/red-lighttherapy.com\/de_de\/wp-json\/wp\/v2\/types\/product"}],"wp:featuredmedia":[{"embeddable":true,"href":"https:\/\/red-lighttherapy.com\/de_de\/wp-json\/wp\/v2\/media\/482"}],"wp:attachment":[{"href":"https:\/\/red-lighttherapy.com\/de_de\/wp-json\/wp\/v2\/media?parent=479"}],"wp:term":[{"taxonomy":"product_brand","embeddable":true,"href":"https:\/\/red-lighttherapy.com\/de_de\/wp-json\/wp\/v2\/product_brand?post=479"},{"taxonomy":"product_cat","embeddable":true,"href":"https:\/\/red-lighttherapy.com\/de_de\/wp-json\/wp\/v2\/product_cat?post=479"},{"taxonomy":"product_tag","embeddable":true,"href":"https:\/\/red-lighttherapy.com\/de_de\/wp-json\/wp\/v2\/product_tag?post=479"}],"curies":[{"name":"wp","href":"https:\/\/api.w.org\/{rel}","templated":true}]}}