{"id":472,"date":"2025-04-12T02:12:17","date_gmt":"2025-04-12T02:12:17","guid":{"rendered":"https:\/\/red-lighttherapy.com\/?post_type=product&#038;p=472"},"modified":"2025-04-12T02:37:26","modified_gmt":"2025-04-12T02:37:26","slug":"custom-pearl-paper-fashion-apparel-packaging-box-vendor","status":"publish","type":"product","link":"https:\/\/red-lighttherapy.com\/de_de\/custom-pearl-paper-fashion-apparel-packaging-box-vendor\/","title":{"rendered":"Benutzerdefinierte Perle Papier Mode Kleidung Verpackung Box Verk\u00e4ufer"},"content":{"rendered":"<h2 id=\"-customized-pearlescent-paper-fashion-clothing-packaging-box-supplier-product-description-\"><strong>Kundenspezifische Perle Papier Mode Kleidung Verpackung Box Lieferant Produktbeschreibung<\/strong><\/h2>\n<h2 id=\"-2-strengthen-the-box-structure-to-ensure-the-safety-of-clothing-\"><strong>1. Verst\u00e4rkung der Kastenstruktur, um die Sicherheit der Kleidung zu gew\u00e4hrleisten<\/strong><\/h2>\n<ul>\n<li><strong>Kompression und Anti-Verformung Design<\/strong>: Der Schachtelk\u00f6rper verwendet Graupappe oder hochdichte Wellpappe als Auskleidung, kombiniert mit einer doppel- oder mehrschichtigen Faltstruktur (z.B. Dreieckst\u00fctze), die Druckfestigkeit ist um mehr als 40% erh\u00f6ht und kann Extrusion und St\u00f6\u00dfen w\u00e4hrend des Transports widerstehen.<\/li>\n<li><strong>Optimierung der Kastenform des oberen und unteren Deckels<\/strong>: Das Design des oberen und unteren Deckels (verschachtelter oberer und unterer Deckel) erzielt durch eine pr\u00e4zise Stanztechnik einen nahtlosen Verschlusseffekt, der f\u00fcr die Aufnahme und das Einlegen von gro\u00dfen Kleidungsst\u00fccken wie M\u00e4nteln und Anz\u00fcgen praktisch ist und au\u00dferdem verhindern kann, dass sich die Box lockert und verformt.<\/li>\n<\/ul>\n<h2 id=\"-3-hot-stamping-and-embossing-technology-dual-sensory-upgrade-\"><strong>2. Wei\u00dfe Hei\u00dfpr\u00e4gefolie und Pr\u00e4getechnik, duales sensorisches Upgrade<\/strong><\/h2>\n<ul>\n<li><strong>Hei\u00dfpr\u00e4getechnik<\/strong>: Unter Verwendung von aus Deutschland importierter elektrochemischer Aluminiumfolie wird durch Hochtemperaturpr\u00e4gung eine matte Platinstruktur auf Perlglanzpapier erzeugt. Die metallische Textur und die perlmuttartige Hintergrundfarbe erg\u00e4nzen sich gegenseitig und erzeugen einen dezenten und luxuri\u00f6sen visuellen Effekt.<\/li>\n<li><strong>Gepr\u00e4gter dreidimensionaler Touch<\/strong>: In Kombination mit der 3D-Pr\u00e4getechnik wird das Markenlogo oder der Musterbereich dreidimensional gepr\u00e4gt, was eine zarte Haptik und klare Schichten ergibt und die Erinnerung an die Marke st\u00e4rkt.<\/li>\n<\/ul>\n<h2 id=\"-4-all-round-customization-service-to-match-brand-needs-\"><strong>3. Umfassender Anpassungsservice an die Bed\u00fcrfnisse der Marke<\/strong><\/h2>\n<ul>\n<li><strong>Flexible Anpassung von Gr\u00f6\u00dfe und Farbe<\/strong>: Unterst\u00fctzt die Anpassung mehrerer Gr\u00f6\u00dfen von 26\u00d717,5\u00d73,5cm (Standardversion) bis 50\u00d740\u00d710cm (gro\u00dfe Version); bietet 12 Grundfarben wie Perlglanzpapier, Rosa, Schwarz und Gold und kann mit Pantone-Sonderfarben angepasst werden, um eine hohe Konsistenz mit dem VI-Markensystem zu gew\u00e4hrleisten.<\/li>\n<li><strong>LOGO und Musteranpassung<\/strong>: Unterst\u00fctzt Siebdruck, lokale UV-Lackierung und andere Verfahren und kann Markenlogos, kulturelle Elemente oder k\u00fcnstlerische Muster nach individuellen Anforderungen drucken.<\/li>\n<\/ul>\n<h2 id=\"-5-one-stop-service-focusing-on-foreign-trade-\"><strong>4. One-Stop-Service mit Fokus auf Au\u00dfenhandel<\/strong><\/h2>\n<ul>\n<li><strong>Erfahrenes Team<\/strong>: Die Teammitglieder sind seit mehr als 10 Jahren im Bereich der Au\u00dfenhandelsverpackungen t\u00e4tig und mit den Marktstandards in Europa, den Vereinigten Staaten und S\u00fcdostasien vertraut (z. B. FOB\/ELC-Notierungssystem, Umweltzertifizierung) und k\u00f6nnen den gesamten Prozess vom Entwurf \u00fcber die Pr\u00fcfung bis zur Zollerkl\u00e4rung und Logistik unterst\u00fctzen.<\/li>\n<li><strong>Schnelle Reaktion und garantierte Qualit\u00e4tskontrolle<\/strong>: Einf\u00fchrung eines digitalen Produktionsmanagementsystems (MES), mit dem der Auftragsfortschritt in Echtzeit \u00fcberpr\u00fcft werden kann; SGS-Qualit\u00e4tszertifizierung, Gew\u00e4hrleistung einer Ausbeute von mehr als 99% beim Endprodukt und Unterst\u00fctzung der Fremd\u00fcberwachung.<\/li>\n<\/ul>\n<h2 id=\"-cooperation-process-\"><strong>Prozess der Zusammenarbeit<\/strong><\/h2>\n<ol>\n<li><strong>Kommunikation nachfragen<\/strong>: Geben Sie Informationen zur Marke VI, zur Produktgr\u00f6\u00dfe und zu Anpassungsanforderungen an;<\/li>\n<li><strong>Entwurfspr\u00fcfung<\/strong>: Stellen Sie innerhalb von 3 Arbeitstagen 3D-Renderings und physische Muster zur Verf\u00fcgung;<\/li>\n<li><strong>Massenproduktion<\/strong>: Lieferung innerhalb von 10-15 Tagen nach Best\u00e4tigung (Unterst\u00fctzung von Eilbestellungen);<\/li>\n<li><strong>Verfolgung der Logistik<\/strong>: One-Stop-Logistik-Tracking-Service f\u00fcr See- und Lufttransporte.<\/li>\n<\/ol>\n<h2 id=\"-core-advantages-\"><strong>Wesentliche Vorteile<\/strong><\/h2>\n<ul>\n<li><strong>Kosten-Wirksamkeit<\/strong>: Senkung der Verpackungskosten um 15% durch strukturelle Optimierung (z. B. einteilige Formschachtel) unter Beibehaltung der hochwertigen Textur;<\/li>\n<li><strong>Nachhaltigkeit<\/strong>: Sie verwenden recycelbare Zellstoffmaterialien, erf\u00fcllen die EU-Umweltschutznormen REACH und unterst\u00fctzen den gr\u00fcnen Wandel der Marke.<\/li>\n<\/ul>","protected":false},"excerpt":{"rendered":"<p>Wir konzentrieren uns auf den Au\u00dfenhandel und bieten hochwertige ma\u00dfgeschneiderte Verpackungsl\u00f6sungen an. Hergestellt aus\u00a0<strong>Perlenpapier<\/strong>Die Oberfl\u00e4che weist einen sanften Perlglanz auf, der der Verpackung eine luxuri\u00f6se Textur und optische Schichtung verleiht;\u00a0<strong>Das Design des oberen und unteren Deckels der Box<\/strong>\u00a0ist leicht zu \u00f6ffnen und zu schlie\u00dfen und eignet sich hervorragend f\u00fcr gro\u00dfe Kleidungsst\u00fccke wie Anz\u00fcge und M\u00e4ntel.<\/p>","protected":false},"featured_media":473,"template":"","meta":{"_kad_post_transparent":"default","_kad_post_title":"","_kad_post_layout":"default","_kad_post_sidebar_id":"","_kad_post_content_style":"default","_kad_post_vertical_padding":"default","_kad_post_feature":"","_kad_post_feature_position":"","_kad_post_header":false,"_kad_post_footer":false,"_kad_post_classname":""},"product_brand":[],"product_cat":[15,30,19,17],"product_tag":[147,146,148],"class_list":{"0":"post-472","1":"product","2":"type-product","3":"status-publish","4":"has-post-thumbnail","6":"product_cat-red-light-therapy","7":"product_cat-dropshipping","8":"product_cat-red-light-therapy-stand","9":"product_cat-services","10":"product_tag-apparel-packaging-box","11":"product_tag-custom-apparel-packaging","12":"product_tag-fashion-apparel-packaging","14":"first","15":"instock","16":"shipping-taxable","17":"product-type-simple","18":"entry","19":"content-bg","20":"loop-entry"},"_links":{"self":[{"href":"https:\/\/red-lighttherapy.com\/de_de\/wp-json\/wp\/v2\/product\/472","targetHints":{"allow":["GET"]}}],"collection":[{"href":"https:\/\/red-lighttherapy.com\/de_de\/wp-json\/wp\/v2\/product"}],"about":[{"href":"https:\/\/red-lighttherapy.com\/de_de\/wp-json\/wp\/v2\/types\/product"}],"wp:featuredmedia":[{"embeddable":true,"href":"https:\/\/red-lighttherapy.com\/de_de\/wp-json\/wp\/v2\/media\/473"}],"wp:attachment":[{"href":"https:\/\/red-lighttherapy.com\/de_de\/wp-json\/wp\/v2\/media?parent=472"}],"wp:term":[{"taxonomy":"product_brand","embeddable":true,"href":"https:\/\/red-lighttherapy.com\/de_de\/wp-json\/wp\/v2\/product_brand?post=472"},{"taxonomy":"product_cat","embeddable":true,"href":"https:\/\/red-lighttherapy.com\/de_de\/wp-json\/wp\/v2\/product_cat?post=472"},{"taxonomy":"product_tag","embeddable":true,"href":"https:\/\/red-lighttherapy.com\/de_de\/wp-json\/wp\/v2\/product_tag?post=472"}],"curies":[{"name":"wp","href":"https:\/\/api.w.org\/{rel}","templated":true}]}}