{"id":466,"date":"2025-04-12T01:53:16","date_gmt":"2025-04-12T01:53:16","guid":{"rendered":"https:\/\/red-lighttherapy.com\/?post_type=product&#038;p=466"},"modified":"2025-04-12T02:11:58","modified_gmt":"2025-04-12T02:11:58","slug":"custom-luxury-apparel-clothing-shirt-packaging-box-wholesale","status":"publish","type":"product","link":"https:\/\/red-lighttherapy.com\/de_de\/custom-luxury-apparel-clothing-shirt-packaging-box-wholesale\/","title":{"rendered":"Benutzerdefinierte Luxus Kleidung Kleidung Shirt Verpackung Box Gro\u00dfhandel"},"content":{"rendered":"<h2 id=\"-customized-product-description-of-magnetic-packaging-box-for-luxury-clothing-shirts-\"><strong>Kundenspezifische Produktbeschreibung der Magnetverschluss-Verpackungsbox f\u00fcr Luxus-Kleidungshemden<\/strong><\/h2>\n<p>-16-j\u00e4hrige Fabrik, die perfekte Kombination aus hoher Kostenleistung und Qualit\u00e4tssicherung<\/p>\n<h2 id=\"-i-color-psychology-design-lavender-tone-soothing-and-elegant-coexist-\"><strong>1. Farbpsychologie Design: Lavendelton, beruhigend und elegant koexistieren<\/strong><\/h2>\n<ol>\n<li><strong>\u00c4sthetik des Lavendels<\/strong>: Die Verpackungsschachtel verwendet Lavendel mit geringer Helligkeit und geringer S\u00e4ttigung, inspiriert durch farbpsychologische Forschung. Die sanften T\u00f6ne k\u00f6nnen visuelle Erm\u00fcdung effektiv lindern und \u00c4ngste reduzieren, w\u00e4hrend sie elegantes und edles Marken-Temperament vermitteln, besonders geeignet f\u00fcr hochwertige Bekleidungs-Verpackungsszenen.<\/li>\n<li><strong>Anwendbare Szenarien<\/strong>: Es erf\u00fcllt die Verpackungsanforderungen von Gesch\u00e4ftsgeschenken und Luxushemden, verst\u00e4rkt das Gef\u00fchl der Auspackzeremonie und eignet sich f\u00fcr den gehobenen Einzelhandel, Marken-Flagship-Stores und individuelle Geschenkm\u00e4rkte.<\/li>\n<\/ol>\n<h2 id=\"-ii-magnetic-box-design-exquisite-opening-and-closing-minimalist-aesthetics-\"><strong>2. Magnetische Box Design: exquisite \u00d6ffnung und Schlie\u00dfung, minimalistische \u00c4sthetik<\/strong><\/h2>\n<ol>\n<li><strong>Magnetisches Verschlusssystem<\/strong>: Die eingebettete magnetische Schnalle \u00f6ffnet und schlie\u00dft sanft und leise, schlie\u00dft fest, vermeidet die M\u00e4ngel der traditionellen Flip-Boxen, die sich leicht l\u00f6sen k\u00f6nnen, und verbessert die Benutzerfreundlichkeit.<\/li>\n<li><strong>Strukturelle Optimierung<\/strong>: Die kastenf\u00f6rmigen Linien sind einfach und ordentlich, ohne \u00fcberfl\u00fcssige Dekoration, geeignet f\u00fcr den modernen minimalistischen Stil, und die Textur der Details wird durch matte Oberfl\u00e4chenbehandlung und Hei\u00dfpr\u00e4gung\/UV-Verfahren (optional) verbessert.<\/li>\n<\/ol>\n<h2 id=\"-iii-materials-and-processes-professional-grade-protection-stable-and-durable-\"><strong>3. Materialien und Prozesse: professioneller Schutz, stabil und langlebig<\/strong><\/h2>\n<ol>\n<li><strong>Kernmaterialien<\/strong>:<\/li>\n<li><strong>1200 GSM Graupappe mit hoher Dichte<\/strong>: Es hat eine ausgezeichnete Druckfestigkeit und kann nach dem Test mehr als 15 kg tragen, wodurch sichergestellt wird, dass es sich w\u00e4hrend des Transports nicht verformt und den internationalen Verpackungsstandards entspricht.<\/li>\n<li><strong>157 GSM beschichtetes Papier Laminierung<\/strong>: Die Oberfl\u00e4che ist matt ge\u00f6lt oder UV-behandelt, mit einem zarten Griff und hoher Farbs\u00e4ttigung, die das Markenlogo und das Muster genau wiedergeben kann.<\/li>\n<li><strong>Ma\u00dfgeschneidertes Futter<\/strong>:<\/li>\n<li><strong>Gestanztes EVA\/Papier-Futter<\/strong>: Je nach Gr\u00f6\u00dfe des Hemdes wird die Form 1:1 ge\u00f6ffnet, um eine verschiebungsfreie Fixierung zu erreichen, Reibung und Falten zu vermeiden und sich an verschiedene Hemdenformen wie Stehkragen und Falten anzupassen.<\/li>\n<li><strong>Gestaltung der Trennwand<\/strong>: Optional sind unabh\u00e4ngige Zubeh\u00f6rf\u00e4cher (z. B. f\u00fcr Manschettenkn\u00f6pfe und Krawattenklammern) erh\u00e4ltlich, um die Funktionalit\u00e4t und Effizienz der Aufbewahrung zu verbessern.<\/li>\n<\/ol>\n<h2 id=\"-fourth-brand-empowerment-texture-upgrade-added-value-doubled-\"><strong>4. St\u00e4rkung der Marke: Verbesserung der Textur, Verdoppelung des Mehrwerts<\/strong><\/h2>\n<ol>\n<li><strong>Vereinheitlichte visuelle Identit\u00e4t<\/strong>: Unterst\u00fctzung des Pantone-Spotfarbdrucks und des Hei\u00dfpr\u00e4geverfahrens, Integration von Marken-VI-Elementen in das Schachteldesign und St\u00e4rkung der Erinnerungspunkte der Verbraucher.<\/li>\n<li><strong>Konzept zum Schutz der Umwelt<\/strong>: Verwendung von FSC-zertifiziertem Papier und abbaubarem Klebstoff, um dem Trend zu nachhaltiger Mode gerecht zu werden und das Image der Marke im Bereich der sozialen Verantwortung zu verbessern.<\/li>\n<\/ol>\n<h2 id=\"-five-flexible-customization-service-one-stop-solution-\"><strong>5. Flexibler Anpassungsservice: L\u00f6sung aus einer Hand<\/strong><\/h2>\n<ol>\n<li><strong>Flexible Gr\u00f6\u00dfe<\/strong>: Unterst\u00fctzt eine Vielzahl von Schachteltypen wie Deckel- und Bodenabdeckungen, Schubladenk\u00e4sten, B\u00fccherk\u00e4sten usw., mit hochgradig angepassten Gr\u00f6\u00dfen, um Einzelst\u00fcck-\/Satzanforderungen zu erf\u00fcllen.<\/li>\n<li><strong>Prozess-Kombination<\/strong>: Optionaler Siebdruck, Beflockung, lokale UV-Bestrahlung, Hei\u00dfpr\u00e4gung Silber und mehr als 20 weitere Verfahren zur Erzielung differenzierter visueller Effekte.<\/li>\n<li><strong>Dienstleistung mit Mehrwert<\/strong>: Kostenlose 3D-Entwurfsvorschau, Proofing-Best\u00e4tigung, Lagerhaltung und globale Logistikunterst\u00fctzung (FOB\/DDP und andere Bedingungen).<\/li>\n<\/ol>\n<h2 id=\"-six-the-advantages-of-the-source-factory-16-years-of-accumulation-quality-control-\"><strong>6. Die Vorteile der Quelle Fabrik: 16 Jahre Akkumulation, Qualit\u00e4tskontrolle<\/strong><\/h2>\n<ol>\n<li><strong>Integration der Lieferkette<\/strong>Selbstgesteuerte Zellstoffbeschaffung, vollautomatische Stanzlinie und Qualit\u00e4tskontrollsystem, 30%-50% niedriger als die Beschaffungskosten der Zwischenh\u00e4ndler.<\/li>\n<li><strong>Garantie der Qualit\u00e4tskontrolle<\/strong>: ISO9001-Zertifizierung, Erstellung von Qualit\u00e4tskontrollberichten f\u00fcr die Chargen, Fehlerquote unter 0,5%, Unterst\u00fctzung bei Schadensersatz.<\/li>\n<li><strong>Schnelle Antwort<\/strong>: Mindestbestellmenge von 500 St\u00fcck, 7-15 Tage Lieferfrist, Unterst\u00fctzung von Probebestellungen in kleinen Mengen, Verringerung des Lagerbestandsrisikos f\u00fcr den Kunden.<\/li>\n<\/ol>","protected":false},"excerpt":{"rendered":"<p>Die lavendelfarbene Magnetverschluss-Verpackungsschachtel f\u00fcr Kleidung, die speziell f\u00fcr hochwertige Marken entwickelt wurde, hat ein beruhigendes Design mit geringer Helligkeit und geringer S\u00e4ttigung, kombiniert mit hochdichtem 1200-GSM-Karton und beschichtetem 157-GSM-Kunstdruckpapier, um eine stabile Struktur und einen zarten Griff zu gew\u00e4hrleisten.<\/p>","protected":false},"featured_media":470,"template":"","meta":{"_kad_post_transparent":"default","_kad_post_title":"","_kad_post_layout":"default","_kad_post_sidebar_id":"","_kad_post_content_style":"default","_kad_post_vertical_padding":"default","_kad_post_feature":"","_kad_post_feature_position":"","_kad_post_header":false,"_kad_post_footer":false,"_kad_post_classname":""},"product_brand":[],"product_cat":[15,30,17],"product_tag":[144,143,145],"class_list":{"0":"post-466","1":"product","2":"type-product","3":"status-publish","4":"has-post-thumbnail","6":"product_cat-red-light-therapy","7":"product_cat-dropshipping","8":"product_cat-services","9":"product_tag-custom-clothing-boxes","10":"product_tag-custom-luxury-clothing-packaging","11":"product_tag-shirt-boxes-wholesale","13":"first","14":"instock","15":"shipping-taxable","16":"product-type-simple","17":"entry","18":"content-bg","19":"loop-entry"},"_links":{"self":[{"href":"https:\/\/red-lighttherapy.com\/de_de\/wp-json\/wp\/v2\/product\/466","targetHints":{"allow":["GET"]}}],"collection":[{"href":"https:\/\/red-lighttherapy.com\/de_de\/wp-json\/wp\/v2\/product"}],"about":[{"href":"https:\/\/red-lighttherapy.com\/de_de\/wp-json\/wp\/v2\/types\/product"}],"wp:featuredmedia":[{"embeddable":true,"href":"https:\/\/red-lighttherapy.com\/de_de\/wp-json\/wp\/v2\/media\/470"}],"wp:attachment":[{"href":"https:\/\/red-lighttherapy.com\/de_de\/wp-json\/wp\/v2\/media?parent=466"}],"wp:term":[{"taxonomy":"product_brand","embeddable":true,"href":"https:\/\/red-lighttherapy.com\/de_de\/wp-json\/wp\/v2\/product_brand?post=466"},{"taxonomy":"product_cat","embeddable":true,"href":"https:\/\/red-lighttherapy.com\/de_de\/wp-json\/wp\/v2\/product_cat?post=466"},{"taxonomy":"product_tag","embeddable":true,"href":"https:\/\/red-lighttherapy.com\/de_de\/wp-json\/wp\/v2\/product_tag?post=466"}],"curies":[{"name":"wp","href":"https:\/\/api.w.org\/{rel}","templated":true}]}}