{"id":459,"date":"2025-04-11T14:22:58","date_gmt":"2025-04-11T14:22:58","guid":{"rendered":"https:\/\/red-lighttherapy.com\/?post_type=product&#038;p=459"},"modified":"2025-04-12T01:52:50","modified_gmt":"2025-04-12T01:52:50","slug":"custom-artisan-chocolate-telescopic-packaging-box-wholesale","status":"publish","type":"product","link":"https:\/\/red-lighttherapy.com\/de_de\/custom-artisan-chocolate-telescopic-packaging-box-wholesale\/","title":{"rendered":"Custom Artisan Schokolade Teleskop-Verpackung Box Gro\u00dfhandel"},"content":{"rendered":"<h2 id=\"customized-handmade-chocolate-telescopic-packaging-box-wholesale-product-description\">Customized Handmade Artisan Chocolate Telescopic Packaging Box Gro\u00dfhandel Produktbeschreibung<\/h2>\n<h2 id=\"1-excellent-printing-technology-highlighting-brand-texture-\">1.\u00a0<strong>Ausgezeichnete Drucktechnik, die die Textur der Marke hervorhebt<\/strong><\/h2>\n<ul>\n<li>Die hochpr\u00e4zise Offsetdrucktechnologie gew\u00e4hrleistet klare und feine Muster, einheitliche und vollschwarze Tinte, eine 98%-Farbraumabdeckung, reine Farben ohne Abweichungen und eine perfekte Darstellung des Markenlogos und der Designelemente.<\/li>\n<li>Hei\u00dfpr\u00e4gung, UV-Lackierung und andere Verfahren k\u00f6nnen mit gepr\u00e4gter Textur oder metallischem Glanzeffekt kombiniert werden, um die visuelle Schichtung und das Luxuserlebnis der Verpackung zu verbessern.<\/li>\n<\/ul>\n<h2 id=\"2-stiff-material-combination-all-round-protection-of-products-\">2.\u00a0<strong>Steife Materialkombination, Rundumschutz der Produkte<\/strong><\/h2>\n<ul>\n<li>Der Au\u00dfenkarton besteht aus einer aus den Niederlanden importierten transparenten Graupappe (Dicke 1,5-3,0 mm) und 300 g beschichtetem Papier. Die Graupappe hat eine starke Zwischenschichtbindung, ist druck- und sto\u00dffest und widersteht effektiv der Extrusionsverformung w\u00e4hrend des Transports.<\/li>\n<li>Die Struktur der Box ist optimiert und kann mehr als 1,2 kg tragen, was f\u00fcr die Logistik \u00fcber lange Strecken und die Lagerhaltung geeignet ist.<\/li>\n<\/ul>\n<h2 id=\"3-magnetic-opening-and-closing-design-upgraded-opening-experience-\">3.\u00a0<strong>Magnetische \u00d6ffnungs- und Schlie\u00dfvorrichtung, verbessertes \u00d6ffnungserlebnis<\/strong><\/h2>\n<ul>\n<li>Der Deckel hat ein eingebautes 0,8-mm-Silikon-Magnetmodul mit einer Adsorptionskraft von 1,2 kg. Er l\u00e4sst sich leicht mit einer Hand \u00f6ffnen und schlie\u00dfen und ist fest verschlossen, wodurch das Problem der sich leicht l\u00f6senden herk\u00f6mmlichen Schnallen vermieden wird.<\/li>\n<li>Die Schachtel ist mit einem buchf\u00f6rmigen Klappdeckel ausgestattet. Nach dem Aufklappen um 180\u00b0 ist das Produkt auf einen Blick zu erkennen, was den Anzeigeeffekt und die Interaktion mit dem Verbraucher verbessert.<\/li>\n<\/ul>\n<h2 id=\"4-flexible-lining-partition-adapting-to-multiple-scene-requirements-\">4.\u00a0<strong>Flexible Trennwand f\u00fcr die Verkleidung, die sich an verschiedene Anforderungen der Szene anpassen l\u00e4sst<\/strong><\/h2>\n<ul>\n<li>Die Standard-Kartonauskleidung unterst\u00fctzt die 24\/36-Raster-Pr\u00e4zisionssegmentierung, und die Rastertiefe und -abst\u00e4nde sind einstellbar, was perfekt zu handgefertigten Pralinen, Tr\u00fcffeln und anderen speziell geformten Produkten passt.<\/li>\n<li>Die optionale EVA-, Schwamm- oder Flockauskleidung mit einer Dicke von 2-10 mm bietet ma\u00dfgeschneiderte Pufferl\u00f6sungen, die sich f\u00fcr br\u00fcchige S\u00fc\u00dfigkeiten oder zerbrechliche Kuchen eignen.<\/li>\n<\/ul>\n<h2 id=\"5-multi-field-compatibility-expanded-application-scenarios-\">5.\u00a0<strong>Mehrfeldkompatibilit\u00e4t, erweiterte Anwendungsszenarien<\/strong><\/h2>\n<ul>\n<li>Neben Schokolade kann die Gr\u00f6\u00dfe der Schachtel von 8 cm x 8 cm bis 30 cm x 30 cm angepasst werden und eignet sich f\u00fcr Macarons, Kekse, N\u00fcsse und andere Lebensmittel; sie kann auch als Geschenkverpackung f\u00fcr Kosmetika oder als Verpackung f\u00fcr kulturelle und kreative Produkte verwendet werden.<\/li>\n<\/ul>\n<h2 id=\"-in-depth-customization-service-\"><strong>6. Ausf\u00fchrlicher Anpassungsservice<\/strong><\/h2>\n<ul>\n<li><strong>Anpassung des Aussehens<\/strong>: Pantone-Farbkarten mit pr\u00e4ziser Farbabstimmung, 3D-Modellierungspr\u00fcfdienste, Unterst\u00fctzung von Pr\u00e4gungen, hohlen Fenstern und anderen personalisierten Designs.<\/li>\n<li><strong>Strukturelle Optimierung<\/strong>: Passen Sie das Gewicht der Graupappe (250-400 g\/m\u00b2) an das Produktgewicht (\u22642 kg) an, oder f\u00fcgen Sie Verst\u00e4rkungsrippen hinzu, um die Tragf\u00e4higkeit zu verbessern.<\/li>\n<li><strong>Funktionserweiterung<\/strong>: Optionale feuchtigkeitsabweisende Beschichtung, herausnehmbare Trennw\u00e4nde, QR-Code-Etikettenschlitze und andere Funktionsmodule mit Zusatznutzen.<\/li>\n<\/ul>\n<h2 id=\"-production-and-delivery-guarantee-\"><strong>7. Produktions- und Liefergarantie<\/strong><\/h2>\n<ul>\n<li><strong>Skalierte Produktionskapazit\u00e4t<\/strong>: 5320\u33a1 standardisierte Werkstatt, ausgestattet mit vollautomatischer Stanzmaschine, Hochgeschwindigkeits-Papiermontagelinie und Qualit\u00e4tskontrolllabor, mit einer Tagesproduktion von 50.000 St\u00fcck, die eine flexible Lieferung von 500.000-500.000 Bestellungen erm\u00f6glicht.<\/li>\n<li><strong>System der Qualit\u00e4tskontrolle<\/strong>: ISO9001-Qualit\u00e4tszertifizierung und FSC-Umweltzertifizierung bestanden, 18 Qualit\u00e4tskontrollprozesse werden von der Lagerung des Rohmaterials bis zur Auslieferung des Endprodukts durchgef\u00fchrt, um sicherzustellen, dass der Ebenheitsfehler des Produkts \u22640,1 mm und der Farbunterschied \u0394E \u22641,5 ist.<\/li>\n<li><strong>Antwort des Dienstes<\/strong>: 48-Stunden-Proofing und 15-Tage-Zyklus f\u00fcr die Massenproduktion, Unterst\u00fctzung der globalen Logistikverfolgung und Verpflichtung zur Wiederver\u00f6ffentlichung besch\u00e4digter Produkte.<\/li>\n<\/ul>\n<h2 id=\"-cooperation-process-\"><strong>Prozess der Zusammenarbeit<\/strong><\/h2>\n<ol>\n<li><strong>Bedarfsbest\u00e4tigung<\/strong>: Geben Sie Gr\u00f6\u00dfe, Menge und Entwurf des Produkts an (AI\/CDR-Format);<\/li>\n<li><strong>Schema Formulierung<\/strong>: R\u00fcckmeldung zur Materialauswahl, Kostenvoranschlag und 3D-Rendering innerhalb von 3 Arbeitstagen;<\/li>\n<li><strong>Muster Best\u00e4tigung<\/strong>: Physische Muster werden innerhalb von 3-5 Tagen geliefert, und drei kostenlose \u00c4nderungen sind m\u00f6glich;<\/li>\n<li><strong>Massenproduktion<\/strong>: Die Waren werden innerhalb von 7-14 Tagen nach Vertragsunterzeichnung geliefert.<\/li>\n<\/ol>","protected":false},"excerpt":{"rendered":"<p>Diese ma\u00dfgeschneiderte, handgefertigte Schokoladen-Teleskop-Verpackungsschachtel wurde f\u00fcr hochwertige Lebensmittelverpackungen entwickelt. Sie vereint exquisite Handwerkskunst mit innovativer Struktur und ber\u00fccksichtigt Funktionalit\u00e4t und \u00e4sthetischen Wert. Sie besteht aus umweltfreundlichen Materialien und bietet flexible Anpassungsm\u00f6glichkeiten. Sie eignet sich f\u00fcr verschiedene Lebensmittelverpackungsszenarien wie Schokolade, S\u00fc\u00dfigkeiten, Cupcakes usw. und hilft Marken, ihr Produktimage und ihre Wettbewerbsf\u00e4higkeit zu verbessern.<\/p>","protected":false},"featured_media":464,"template":"","meta":{"_kad_post_transparent":"default","_kad_post_title":"","_kad_post_layout":"default","_kad_post_sidebar_id":"","_kad_post_content_style":"default","_kad_post_vertical_padding":"default","_kad_post_feature":"","_kad_post_feature_position":"","_kad_post_header":false,"_kad_post_footer":false,"_kad_post_classname":""},"product_brand":[],"product_cat":[15,17],"product_tag":[141,142,140],"class_list":{"0":"post-459","1":"product","2":"type-product","3":"status-publish","4":"has-post-thumbnail","6":"product_cat-red-light-therapy","7":"product_cat-services","8":"product_tag-chocolate-telescopic-packaging-box","9":"product_tag-custom-artisan-chocolate-box","10":"product_tag-custom-chocolate-packaging","12":"first","13":"instock","14":"shipping-taxable","15":"product-type-simple","16":"entry","17":"content-bg","18":"loop-entry"},"_links":{"self":[{"href":"https:\/\/red-lighttherapy.com\/de_de\/wp-json\/wp\/v2\/product\/459","targetHints":{"allow":["GET"]}}],"collection":[{"href":"https:\/\/red-lighttherapy.com\/de_de\/wp-json\/wp\/v2\/product"}],"about":[{"href":"https:\/\/red-lighttherapy.com\/de_de\/wp-json\/wp\/v2\/types\/product"}],"wp:featuredmedia":[{"embeddable":true,"href":"https:\/\/red-lighttherapy.com\/de_de\/wp-json\/wp\/v2\/media\/464"}],"wp:attachment":[{"href":"https:\/\/red-lighttherapy.com\/de_de\/wp-json\/wp\/v2\/media?parent=459"}],"wp:term":[{"taxonomy":"product_brand","embeddable":true,"href":"https:\/\/red-lighttherapy.com\/de_de\/wp-json\/wp\/v2\/product_brand?post=459"},{"taxonomy":"product_cat","embeddable":true,"href":"https:\/\/red-lighttherapy.com\/de_de\/wp-json\/wp\/v2\/product_cat?post=459"},{"taxonomy":"product_tag","embeddable":true,"href":"https:\/\/red-lighttherapy.com\/de_de\/wp-json\/wp\/v2\/product_tag?post=459"}],"curies":[{"name":"wp","href":"https:\/\/api.w.org\/{rel}","templated":true}]}}