{"id":434,"date":"2025-04-11T13:16:45","date_gmt":"2025-04-11T13:16:45","guid":{"rendered":"https:\/\/red-lighttherapy.com\/?post_type=product&#038;p=434"},"modified":"2025-04-11T14:21:02","modified_gmt":"2025-04-11T14:21:02","slug":"custom-essential-oil-perfume-drawer-paper-boxes-wholesale","status":"publish","type":"product","link":"https:\/\/red-lighttherapy.com\/de_de\/custom-essential-oil-perfume-drawer-paper-boxes-wholesale\/","title":{"rendered":"Benutzerdefinierte \u00e4therisches \u00d6l Parf\u00fcm Schublade Papier-Boxen Gro\u00dfhandel"},"content":{"rendered":"<h2 id=\"-customized-essential-oil-perfume-drawer-paper-box-wholesale-product-description-\"><strong>Benutzerdefinierte \u00e4therisches \u00d6l Parf\u00fcm Schublade Papier Boxen Gro\u00dfhandel Produkt-Beschreibung<\/strong><\/h2>\n<h2 id=\"-1-ribbon-pull-ring-design-to-enhance-brand-recognition-\"><strong>1. Bandzugring-Design zur Verbesserung der Markenerkennung<\/strong><\/h2>\n<p>Die Oberseite der Schachtel ist mit einem kundenspezifischen Bandzugring ausgestattet, der als Hilfszug und als Griff verwendet werden kann. Die Farbe und das Material des Bandes (z. B. Satin und Samt) k\u00f6nnen an die Hauptfarbe der Marke angepasst werden, um die visuelle Attraktivit\u00e4t und den Erinnerungswert der Marke zu erh\u00f6hen. Bei goldenen oder rosafarbenen B\u00e4ndern zum Beispiel wird das Hei\u00dfpr\u00e4geverfahren und das romantische Thema aufgegriffen, um ein einzigartiges \u00e4sthetisches Symbol zu schaffen.<\/p>\n<h2 id=\"-2-hot-stamping-process-luxurious-texture-shows-the-brand-tone-\"><strong>2. Gold Hei\u00dfpr\u00e4gung Folie Prozess, luxuri\u00f6se Textur zeigt die Marke Ton<\/strong><\/h2>\n<p>Die Oberfl\u00e4che wird im Hochpr\u00e4zisions-Hei\u00dfpr\u00e4geverfahren hergestellt, die Linien sind fein und glatt, und der goldene Glanz bildet einen visuellen Kontrast zum rosafarbenen Schachtelk\u00f6rper und unterstreicht den Luxus und die hochwertige Positionierung der Marke. Sie unterst\u00fctzt partielle Gold-Hei\u00dfpr\u00e4gefolien (z. B. LOGO, Muster) oder vollst\u00e4ndige Hei\u00dfpr\u00e4gung, um verschiedenen Designanforderungen gerecht zu werden, wodurch die Verpackung zu einem stillen \"Sprecher\" der Marke wird.<\/p>\n<h2 id=\"-3-pink-as-the-main-color-awakening-emotional-resonance-\"><strong>3. Rosa als Hauptfarbe, die emotionale Resonanz weckt<\/strong><\/h2>\n<p>Der Karton ist haupts\u00e4chlich in zartem Rosa gehalten und vermittelt ein romantisches und s\u00fc\u00dfes Marken-Temperament, das dem Streben nach Gl\u00fcck und einem eleganten Leben der weiblichen Verbraucher entspricht. Unterst\u00fctzt die Anpassung der Pantone-Farbnummer, um eine genaue Farbwiedergabe zu gew\u00e4hrleisten und die individuellen Anforderungen verschiedener Marken an die Tiefe und Helligkeit von Rosa zu erf\u00fcllen.<\/p>\n<h2 id=\"-4-customized-lining-solution-to-protect-products-in-all-directions-\"><strong>4. Ma\u00dfgeschneiderte Auskleidungsl\u00f6sung zum Schutz der Produkte in alle Richtungen<\/strong><\/h2>\n<p>Bieten Sie eine Vielzahl von Auskleidungsmaterialien an, darunter:<\/p>\n<ul>\n<li><strong>EVA-Flocking-Futter<\/strong>: sto\u00dffest und druckbest\u00e4ndig, feinf\u00fchlig, geeignet f\u00fcr unregelm\u00e4\u00dfige Flaschenformen;<\/li>\n<li><strong>Seidenstoff\/Schwammfutter<\/strong>: Um die Exquisitit\u00e4t der Verpackung zu erh\u00f6hen, fixieren Sie den Parf\u00fcmflakon und vermeiden Sie ein Sch\u00fctteln w\u00e4hrend des Transports;<\/li>\n<li><strong>Schichtstruktur aus Karton<\/strong>: unterst\u00fctzen die Verpackung von mehreren Flaschen und optimieren die Raumnutzung. Alle Auskleidungen k\u00f6nnen entsprechend der Produktgr\u00f6\u00dfe pr\u00e4zise geschlitzt werden, um die Transportsicherheit zu gew\u00e4hrleisten.<\/li>\n<\/ul>\n<h2 id=\"-5-highly-flexible-customization-to-meet-diverse-needs-\"><strong>5. \u00c4u\u00dferst flexible Anpassung an unterschiedliche Bed\u00fcrfnisse<\/strong><\/h2>\n<ul>\n<li><strong>Gr\u00f6\u00dfe<\/strong>: Unterst\u00fctzt Box Anpassung von 10ml-100ml \u00e4therisches \u00d6l Flaschen und Parf\u00fcm-Flaschen, mit Innendurchmesser Fehler \u22640.1mm;<\/li>\n<li><strong>Material<\/strong>: Wahlweise Karton, Spezialpapier (z.B. Perlglanzpapier, taktiles Papier), umweltfreundliches Recyclingpapier, etc;<\/li>\n<li><strong>Druckverfahren<\/strong>: Zus\u00e4tzlich zum Hei\u00dfpr\u00e4gen unterst\u00fctzt es UV-Druck, Siebdruck, Pr\u00e4gung und andere Effekte, um eine matte, gl\u00e4nzende oder strukturierte Textur zu erzielen;<\/li>\n<li><strong>Erweiterung durch Boxen<\/strong>: Es kann mit oberen und unteren Abdeckungen, Magnetschnallen und anderen Designs kombiniert werden, um die Funktionalit\u00e4t der Verpackung zu verbessern.<\/li>\n<\/ul>\n<h2 id=\"-6-fsc-certified-materials-environmental-protection-and-quality-double-guarantee-\"><strong>6. FSC-zertifizierte Materialien, doppelte Garantie f\u00fcr Umweltschutz und Qualit\u00e4t<\/strong><\/h2>\n<p>Die Rohstoffe sind FSC-zertifiziert, um sicherzustellen, dass die Papierquelle nachhaltig ist und die Umweltschutzanforderungen des europ\u00e4ischen und amerikanischen Marktes erf\u00fcllt. Wir bieten umweltfreundliche Verpackungsl\u00f6sungen f\u00fcr hochwertige Marken und helfen Marken, das Konzept der sozialen Verantwortung zu vermitteln.<\/p>\n<h2 id=\"-8-one-to-one-professional-service-efficient-delivery-without-worries-\"><strong>8. Professioneller Eins-zu-Eins-Service, effiziente Lieferung ohne Sorgen<\/strong><\/h2>\n<ul>\n<li><strong>Unterst\u00fctzung bei der Gestaltung<\/strong>: Wir bieten einen 3D-Modellierungspr\u00fcfungsdienst an, geben Renderings innerhalb von 48 Stunden aus und sorgen f\u00fcr eine genaue Designumsetzung;<\/li>\n<li><strong>Blitzlieferung<\/strong>: Mindestbestellmenge 500 St\u00fcck, regul\u00e4re Bestellungen werden innerhalb von 7-15 Tagen geliefert, Eilbestellungen werden innerhalb von 5 Tagen versandt;<\/li>\n<li><strong>Garantie nach dem Verkauf<\/strong>: 15 Tage bedingungslose R\u00fcckgabe und Umtausch, vollst\u00e4ndige logistische Verfolgung, um eine fehlerfreie Lieferung der Verpackung zu gew\u00e4hrleisten.<\/li>\n<\/ul>\n<p><strong>Anwendbare Szenarien<\/strong>: Parf\u00fcmmarken, Hersteller von \u00e4therischen \u00d6len, Geschenkboxen f\u00fcr den Urlaub, individuelle Gestaltung von hochwertigen Sch\u00f6nheitsprodukten.\u00a0<strong>Vorteile der Zusammenarbeit<\/strong>: Erzielen Sie eine Markendifferenzierung mit hoher Kostenleistung, interpretieren Sie Qualit\u00e4t mit Details, und lassen Sie jeden Duft Handwerkskunst und \u00c4sthetik tragen.<\/p>","protected":false},"excerpt":{"rendered":"<p>Die Schubladen-Papierbox l\u00e4sst sich leicht \u00f6ffnen und ist bequemer. Die goldene Hei\u00dfpr\u00e4gefolie verleiht der Verpackung ein Gef\u00fchl von Luxus und eine hochwertige visuelle Pr\u00e4sentation.<\/p>","protected":false},"featured_media":435,"template":"","meta":{"_kad_post_transparent":"default","_kad_post_title":"","_kad_post_layout":"default","_kad_post_sidebar_id":"","_kad_post_content_style":"default","_kad_post_vertical_padding":"default","_kad_post_feature":"","_kad_post_feature_position":"","_kad_post_header":false,"_kad_post_footer":false,"_kad_post_classname":""},"product_brand":[],"product_cat":[15,28,20,17],"product_tag":[139,138,137],"class_list":{"0":"post-434","1":"product","2":"type-product","3":"status-publish","4":"has-post-thumbnail","6":"product_cat-red-light-therapy","7":"product_cat-customize","8":"product_cat-led-face-light-therapy","9":"product_cat-services","10":"product_tag-cosmetic-perfume-boxes-wholesale","11":"product_tag-custom-perfume-boxes-wholesale","12":"product_tag-essential-oil-drawer-paper-boxes","14":"first","15":"instock","16":"shipping-taxable","17":"product-type-simple","18":"entry","19":"content-bg","20":"loop-entry"},"_links":{"self":[{"href":"https:\/\/red-lighttherapy.com\/de_de\/wp-json\/wp\/v2\/product\/434","targetHints":{"allow":["GET"]}}],"collection":[{"href":"https:\/\/red-lighttherapy.com\/de_de\/wp-json\/wp\/v2\/product"}],"about":[{"href":"https:\/\/red-lighttherapy.com\/de_de\/wp-json\/wp\/v2\/types\/product"}],"wp:featuredmedia":[{"embeddable":true,"href":"https:\/\/red-lighttherapy.com\/de_de\/wp-json\/wp\/v2\/media\/435"}],"wp:attachment":[{"href":"https:\/\/red-lighttherapy.com\/de_de\/wp-json\/wp\/v2\/media?parent=434"}],"wp:term":[{"taxonomy":"product_brand","embeddable":true,"href":"https:\/\/red-lighttherapy.com\/de_de\/wp-json\/wp\/v2\/product_brand?post=434"},{"taxonomy":"product_cat","embeddable":true,"href":"https:\/\/red-lighttherapy.com\/de_de\/wp-json\/wp\/v2\/product_cat?post=434"},{"taxonomy":"product_tag","embeddable":true,"href":"https:\/\/red-lighttherapy.com\/de_de\/wp-json\/wp\/v2\/product_tag?post=434"}],"curies":[{"name":"wp","href":"https:\/\/api.w.org\/{rel}","templated":true}]}}