{"id":428,"date":"2025-04-11T12:53:29","date_gmt":"2025-04-11T12:53:29","guid":{"rendered":"https:\/\/red-lighttherapy.com\/?post_type=product&#038;p=428"},"modified":"2025-04-11T13:15:50","modified_gmt":"2025-04-11T13:15:50","slug":"wholesale-luxury-lid-and-base-ring-earring-necklace-packaging","status":"publish","type":"product","link":"https:\/\/red-lighttherapy.com\/de_de\/wholesale-luxury-lid-and-base-ring-earring-necklace-packaging\/","title":{"rendered":"Gro\u00dfhandel Luxus Deckel und Basis Ring Ohrring Halskette Verpackung"},"content":{"rendered":"<h2 id=\"-product-description-of-luxury-lid-base-ring-earring-necklace-packaging-box-\"><strong>Produktbeschreibung von Luxury Lid And Base Ring Ohrring Halskette Verpackung Box<\/strong><\/h2>\n<h2 id=\"-1-simple-and-elegant-design-highlighting-brand-texture-\"><strong>1. Einfaches und elegantes Design, Hervorhebung der Markentextur<\/strong><\/h2>\n<p>Diese Serie von Verpackungskartons folgt einem minimalistischen \u00e4sthetischen Konzept, und die Oberfl\u00e4che ist mit einer hochpr\u00e4zisen matten Gold-Hei\u00dfpr\u00e4getechnik umrandet, um das Markenlogo oder Texturmuster zu umrei\u00dfen, was ein luxuri\u00f6ses Temperament auf eine zur\u00fcckhaltende Art und Weise zum Ausdruck bringt. Das Zusammentreffen von matter Textur und metallischem Glanz entspricht nicht nur modernen \u00e4sthetischen Trends, sondern st\u00e4rkt auch das visuelle Ged\u00e4chtnis der Marke. Der Schachtelk\u00f6rper hat glatte Linien und keine \u00fcberfl\u00fcssigen Verzierungen, was dem Hauptanreiz von hochwertigem Schmuck und Luxusg\u00fctern f\u00fcr die Verpackung \"einfach aber nicht einfach\" entspricht.<\/p>\n<h2 id=\"-2-full-size-flexible-customization-suitable-for-a-variety-of-products-\"><strong>2. Full-Size flexible Anpassung, geeignet f\u00fcr eine Vielzahl von Produkten<\/strong><\/h2>\n<ul>\n<li><strong>Pr\u00e4zise Gr\u00f6\u00dfenanpassung<\/strong>: Unterst\u00fctzt die Gr\u00f6\u00dfenanpassung von Ringen (mindestens 5\u00d75\u00d73,5 cm) bis zu Halsketten (maximal 23\u00d717,5\u00d73,5 cm) und deckt damit den Bedarf an leichtem Schmuck, Edelmetall-Accessoires usw.<\/li>\n<li><strong>Flexible Auswahl des Boxentyps<\/strong>: Bietet eine Vielzahl von Schachteltypen wie Deckel- und Bodenschachteln, magnetische Klappschachteln, Kissenschachteln usw. und kann exklusive Strukturen je nach Produktform und Ausstellungsanforderungen anpassen. Zum Beispiel ist die magnetische Flip-Box leicht zu \u00f6ffnen und zu schlie\u00dfen und hat eine starke Abdichtung, die f\u00fcr Hochfrequenz-Schmuck-Display geeignet ist; die obere und untere Deckel-Box hat sowohl Schutz und rituellen Sinn, die f\u00fcr High-End-Geschenk-Szenen geeignet ist.<\/li>\n<\/ul>\n<h2 id=\"-3-professional-inner-tray-customization-stable-and-worry-free-protection-\"><strong>3. Professionelle innere Fach Anpassung, stabil und sorgenfreien Schutz<\/strong><\/h2>\n<ul>\n<li><strong>Materielle Vielfalt<\/strong>: Die Innenschale kann aus EVA, Perlenwatte, Beflockungsschwamm, Blisterpapier und anderen Materialien hergestellt werden, um Ringe, Ohrringe, Halsketten und andere Produkte genau zu fixieren, damit sie w\u00e4hrend des Transports oder der Ausstellung nicht wackeln und sich abnutzen. Zum Beispiel hat die Beflockung Futter antistatische Funktion, um den Glanz von Metall-Schmuck zu sch\u00fctzen; die Blister-Innenschale hat starke Plastizit\u00e4t und ist f\u00fcr speziell geformten Schmuck geeignet.<\/li>\n<li><strong>Funktionelle Gestaltung<\/strong>: Passen Sie exklusive Kartenf\u00e4cher f\u00fcr verschiedene Schmucktypen an, z. B. f\u00fcr Ringe, Ohrringe, Halsketten usw., um sicherzustellen, dass das Produkt stabil ist und der Anzeigeeffekt intuitiv ist.<\/li>\n<\/ul>\n<h2 id=\"-4-full-dimensional-craftsmanship-and-material-customization-to-empower-brand-image-\"><strong>4. Volldimensionale Handwerkskunst und Materialanpassung zur St\u00e4rkung des Markenimages<\/strong><\/h2>\n<ul>\n<li><strong>Material-Upgrade<\/strong>: Wir bieten hochwertige Materialien wie spezielles Kunstpapier (z. B. Perlpapier, taktiles Papier), Samtbezug und umweltfreundliches Leder an, um den unterschiedlichen Anforderungen von leichtem Luxus bis hin zu Top-Luxus gerecht zu werden. Zum Beispiel hat das Samtmaterial einen zarten Griff, der zur warmen Textur von Schmuck passt; Spezialpapier kann die visuelle Ebene durch Pr\u00e4gung, Hei\u00dfpr\u00e4gung und andere Verfahren verbessern.<\/li>\n<li><strong>Technologiekombination Innovation<\/strong>: Unterst\u00fctzt die \u00dcberlagerung von Hei\u00dfpr\u00e4gung\/Silber, Pr\u00e4gung, UV-Teilglanzoberfl\u00e4che, Siebdruck und anderen Verfahren zur Schaffung einer einzigartigen visuellen Sprache f\u00fcr Verpackungen.<\/li>\n<\/ul>\n<h2 id=\"-5-industry-experience-endorsement-word-of-mouth-trust-choice-\"><strong>5. Branchenerfahrung, Mund-zu-Mund-Propaganda<\/strong><\/h2>\n<p>Wir verf\u00fcgen \u00fcber mehr als zehn Jahre Erfahrung in der Verpackungsbranche und bieten unsere Dienstleistungen sowohl internationalen Marken wie Tiffany und Cartier als auch aufstrebenden einheimischen Juwelieren an. Wir haben f\u00fcr mehr als 500 Kunden ma\u00dfgeschneiderte L\u00f6sungen entwickelt. Dank unserer umfassenden Kenntnisse der Schmuckbranche k\u00f6nnen wir die \u00e4sthetische \u00dcbereinstimmung zwischen Verpackung und Produkt genau kontrollieren und Marken dabei helfen, ihre Premiumf\u00e4higkeit und das Unboxing-Erlebnis der Kunden zu verbessern.<\/p>\n<h2 id=\"-6-intelligent-production-system-quality-and-efficiency-double-guarantee-\"><strong>6. Intelligentes Produktionssystem, Qualit\u00e4t und Effizienz doppelt garantiert<\/strong><\/h2>\n<p>Dank des intelligenten Produktionsmanagementsystems ist der gesamte Prozess von der Entwurfspr\u00fcfung bis zur Massenproduktion automatisiert und informiert:<\/p>\n<ul>\n<li><strong>Pr\u00e4zise Qualit\u00e4tskontrolle<\/strong>: Die visuelle Inspektionsausr\u00fcstung von AI gew\u00e4hrleistet die Prozessgenauigkeit und Konsistenz jeder Verpackungsschachtel mit einer Fehlerquote von weniger als 0,1%.<\/li>\n<li><strong>Flexible Produktion<\/strong>: Unterst\u00fctzung flexibler Bestellungen von 50 bis 10.000 St\u00fcck, schnelle Lieferung innerhalb von 7-15 Tagen, um die Bed\u00fcrfnisse von Marken-Spitzensaison-Promotions oder Erstver\u00f6ffentlichungen in limitierter Auflage zu erf\u00fcllen.<\/li>\n<\/ul>\n<h2 id=\"-cooperation-value-\"><strong>Wert der Zusammenarbeit<\/strong><\/h2>\n<p>Wenn Sie sich f\u00fcr unsere Verpackungsl\u00f6sung entscheiden, erhalten Sie: \u2705\u00a0<strong>Aufwertung des Markenimages<\/strong>: St\u00e4rkung des Markenbewusstseins der Verbraucher durch individuelles Design; \u2705\u00a0<strong>Optimierung der Benutzerfreundlichkeit<\/strong>: Mehrdimensionale Verbesserung des \u00d6ffnungs- und Schlie\u00dfrituals, des Schutzes und der Tragbarkeit, wodurch die Wiederkaufbereitschaft der Kunden erh\u00f6ht wird; \u2705\u00a0<strong>Gleichgewicht der Kosteneffizienz<\/strong>: Gro\u00df angelegte Beschaffung und intelligentes Produktionssystem zur Gew\u00e4hrleistung von Spitzenqualit\u00e4t und angemessenen Kosten.<\/p>","protected":false},"excerpt":{"rendered":"<p>Diese Deckel- und Bodenverpackung hat eine obere und untere Deckelstruktur, die leicht zu entnehmen ist. Die Spot-UV- und Gold-Hei\u00dfpr\u00e4gefolie verleiht der Verpackung ein Gef\u00fchl von Luxus und steigert den Mehrwert.<\/p>","protected":false},"featured_media":432,"template":"","meta":{"_kad_post_transparent":"default","_kad_post_title":"","_kad_post_layout":"default","_kad_post_sidebar_id":"","_kad_post_content_style":"default","_kad_post_vertical_padding":"default","_kad_post_feature":"","_kad_post_feature_position":"","_kad_post_header":false,"_kad_post_footer":false,"_kad_post_classname":""},"product_brand":[],"product_cat":[15,19,17],"product_tag":[132,130,131],"class_list":{"0":"post-428","1":"product","2":"type-product","3":"status-publish","4":"has-post-thumbnail","6":"product_cat-red-light-therapy","7":"product_cat-red-light-therapy-stand","8":"product_cat-services","9":"product_tag-necklace-packaging","10":"product_tag-ring-packaging","11":"product_tag-wholesale-earring-packaging","13":"first","14":"instock","15":"shipping-taxable","16":"product-type-simple","17":"entry","18":"content-bg","19":"loop-entry"},"_links":{"self":[{"href":"https:\/\/red-lighttherapy.com\/de_de\/wp-json\/wp\/v2\/product\/428","targetHints":{"allow":["GET"]}}],"collection":[{"href":"https:\/\/red-lighttherapy.com\/de_de\/wp-json\/wp\/v2\/product"}],"about":[{"href":"https:\/\/red-lighttherapy.com\/de_de\/wp-json\/wp\/v2\/types\/product"}],"wp:featuredmedia":[{"embeddable":true,"href":"https:\/\/red-lighttherapy.com\/de_de\/wp-json\/wp\/v2\/media\/432"}],"wp:attachment":[{"href":"https:\/\/red-lighttherapy.com\/de_de\/wp-json\/wp\/v2\/media?parent=428"}],"wp:term":[{"taxonomy":"product_brand","embeddable":true,"href":"https:\/\/red-lighttherapy.com\/de_de\/wp-json\/wp\/v2\/product_brand?post=428"},{"taxonomy":"product_cat","embeddable":true,"href":"https:\/\/red-lighttherapy.com\/de_de\/wp-json\/wp\/v2\/product_cat?post=428"},{"taxonomy":"product_tag","embeddable":true,"href":"https:\/\/red-lighttherapy.com\/de_de\/wp-json\/wp\/v2\/product_tag?post=428"}],"curies":[{"name":"wp","href":"https:\/\/api.w.org\/{rel}","templated":true}]}}