{"id":416,"date":"2025-04-11T11:52:55","date_gmt":"2025-04-11T11:52:55","guid":{"rendered":"https:\/\/red-lighttherapy.com\/?post_type=product&#038;p=416"},"modified":"2025-04-20T05:59:36","modified_gmt":"2025-04-20T05:59:36","slug":"lid-and-base-box-mobile-cell-phone-packaging-box-factory","status":"publish","type":"product","link":"https:\/\/red-lighttherapy.com\/de_de\/lid-and-base-box-mobile-cell-phone-packaging-box-factory\/","title":{"rendered":"Deckel und Boden Box Handy Verpackung Box Fabrik"},"content":{"rendered":"<h2 id=\"-product-description-of-mobile-phone-box-with-top-and-bottom-cover-\"><strong>Produktbeschreibung von Deckel und Boden Box Mobile Handy Verpackung Box Factory<\/strong><\/h2>\n<h2 id=\"-1-box-design-top-and-bottom-cover-structure-practical-and-environmentally-friendly-\"><strong>1. Box Design: Deckel und Bodenstruktur, praktisch und umweltfreundlich<\/strong><\/h2>\n<p>Bei diesem Produkt wird das klassische Design von Deckel und Bodenbox verwendet. Der obere Deckel und die untere Schachtel sind pr\u00e4zise zusammengeknickt. Es ist bequem zu \u00f6ffnen und zu schlie\u00dfen und hat einen starken Sinn f\u00fcr Rituale, was den Verbrauchern ein einzigartiges Unboxing-Erlebnis bietet. Die Struktur des oberen und unteren Deckels sch\u00fctzt nicht nur effektiv die Sicherheit des Produkttransports, sondern hat auch die folgenden Vorteile:<\/p>\n<ul>\n<li><strong>Sekund\u00e4re Nutzung<\/strong>: Die Schachtel ist modular aufgebaut und kann ohne Klebstoff oder komplizierte Demontage einfach getrennt werden. Die Verbraucher k\u00f6nnen ihn als Aufbewahrungsbox, Ausstellungsbox usw. wiederverwenden, was dem Konzept des Umweltschutzes entspricht.<\/li>\n<li><strong>Hohe Anpassungsf\u00e4higkeit<\/strong>: Unterst\u00fctzt kundenspezifische Gr\u00f6\u00dfen (unbegrenzte H\u00f6he, Breite und Tiefe), geeignet f\u00fcr Mobiltelefone, digitales Zubeh\u00f6r, Luxusg\u00fcter und andere Produkte.<\/li>\n<\/ul>\n<h2 id=\"-2-appearance-craftsmanship-light-luxury-blue-and-gold-color-matching-highlighting-brand-style-\"><strong>2. Erscheinungsbild Handwerkskunst: Licht Luxus Blau und Gold Farbe Matching, Hervorhebung Marke Stil<\/strong><\/h2>\n<ul>\n<li><strong>Farbanpassung<\/strong>: Die Hauptfarbe ist tiefes Meeresblau, kombiniert mit Hei\u00dfpr\u00e4getechnik (z.B. Markenlogo, Muster, etc.), die einen starken visuellen Kontrast bildet und eine leichte, luxuri\u00f6se und edle Atmosph\u00e4re schafft.<\/li>\n<li><strong>Hei\u00dfpr\u00e4getechnik<\/strong>: Hochpr\u00e4zise Hei\u00dfpr\u00e4geger\u00e4te sorgen daf\u00fcr, dass die R\u00e4nder des Musters klar und gratfrei sind und die goldenen und blauen Hintergr\u00fcnde einen dreidimensionalen Eindruck von Hierarchie vermitteln, was die Attraktivit\u00e4t der Produktpr\u00e4sentation steigert.<\/li>\n<\/ul>\n<h2 id=\"-3-core-material-high-load-bearing-gray-board-coated-paper-quality-and-performance-\"><strong>3. Kernmaterial: hochbelastbare Graupappe + beschichtetes Papier, Qualit\u00e4t und Leistung<\/strong><\/h2>\n<ul>\n<li><strong>Substrat Graupappe<\/strong>: W\u00e4hlen Sie 1200 GSM Graukarton mit hoher Dichte, gleichm\u00e4\u00dfiger Dicke, starker Zwischenlagenbindung und einer Druckleistung von mehr als 150 kg, die eine Verformung beim Transport wirksam verhindert. Die Oberfl\u00e4che der Graupappe ist flach, was f\u00fcr den nachfolgenden Montageprozess praktisch ist, und unterst\u00fctzt das Falten und Formen, mit scharfen Kanten und Ecken und exquisitem Aussehen.<\/li>\n<li><strong>Material des Deckblatts<\/strong>: Die \u00e4u\u00dfere Schicht besteht aus beschichtetem 157-GSM-Papier mit hoher Farbwiedergabe, das Offsetdruck, UV-Druck und andere Verfahren unterst\u00fctzt, und das Muster ist empfindlich, verschlei\u00dffest und kratzfest.<\/li>\n<\/ul>\n<h2 id=\"-4-inner-support-design-multiple-material-selection-precise-product-fixation-\"><strong>4. Innere Unterst\u00fctzung Design: mehrere Materialauswahl, pr\u00e4zise Produktfixierung<\/strong><\/h2>\n<ul>\n<li><strong>L\u00f6sung f\u00fcr die innere Abst\u00fctzung<\/strong>: EVA, Perlenbaumwolle, Schwamm, Papierkartenblister und andere Auskleidungsmaterialien zur Verf\u00fcgung stellen, speziell geformte Rillen entsprechend der Form des Produkts anpassen, um sicherzustellen, dass das Mobiltelefon und Zubeh\u00f6r stabil und sto\u00dffest sind.<\/li>\n<li><strong>Funktionsoptimierung<\/strong>:<\/li>\n<li><strong>EVA\/Perlbaumwolle<\/strong>: Hochelastischer Puffer, geeignet f\u00fcr zerbrechliche Gegenst\u00e4nde;<\/li>\n<li><strong>Papierkarten-Blister<\/strong>: Umweltfreundlich und abbaubar, geeignet f\u00fcr die Positionierung als hochwertiges Geschenk;<\/li>\n<li><strong>Fixierung der Zunge<\/strong>: Die Zungen- und Klinkenstruktur erm\u00f6glicht eine schnelle Montage der Innenschale und des Schachtelk\u00f6rpers, um die Verpackungseffizienz zu verbessern.<\/li>\n<\/ul>\n<h2 id=\"-5-production-capacity-automated-production-line-efficient-delivery-of-large-scale-orders-\"><strong>5. Produktionskapazit\u00e4t: Automatisierte Produktionslinie, effiziente Lieferung von Gro\u00dfauftr\u00e4gen<\/strong><\/h2>\n<ul>\n<li><strong>Intelligente Ausr\u00fcstung<\/strong>: Ausgestattet mit vollautomatischen Stanzmaschinen, Blisterformmaschinen, Hei\u00dfpr\u00e4gemaschinen und anderen Ger\u00e4ten f\u00fcr eine integrierte Produktion vom Schlitzen \u00fcber das Kleben der Ecken bis hin zum Formen, mit einer durchschnittlichen t\u00e4glichen Produktionskapazit\u00e4t von mehr als 100.000 St\u00fcck.<\/li>\n<li><strong>Vorteile des Verfahrens<\/strong>:<\/li>\n<li><strong>Pr\u00e4zises Stanzen<\/strong>: Die Laser-Positionierungstechnologie stellt sicher, dass der Schlitzfehler der Graupappe \u22641mm betr\u00e4gt, wodurch Faltschachtelgrate vermieden werden;<\/li>\n<li><strong>Schneller Formwechsel<\/strong>: Modulare Formen erm\u00f6glichen einen Wechsel der Produktspezifikationen innerhalb von 15 Minuten, um den Anforderungen mehrerer Auftragschargen gerecht zu werden.<\/li>\n<\/ul>\n<h2 id=\"-6-quality-control-full-process-inspection-to-ensure-zero-product-defects-\"><strong>6. Qualit\u00e4tskontrolle: vollst\u00e4ndige Prozessinspektion, um sicherzustellen, dass keine Produktfehler auftreten<\/strong><\/h2>\n<ul>\n<li><strong>Kontrolle des Rohmaterials<\/strong>Parameter wie die Durchl\u00e4ssigkeit der Graupappe und das Gewicht des gestrichenen Papiers sind alle FSC-zertifiziert, um das Risiko von Delamination und Verformung auszuschlie\u00dfen.<\/li>\n<li><strong>Prozess\u00fcberwachung<\/strong>:<\/li>\n<li><strong>Pr\u00fcfung des ersten Teils<\/strong>Druckpr\u00fcfung und \u00dcberpr\u00fcfung der Abmessungen des ersten St\u00fccks werden vor jeder Produktionscharge durchgef\u00fchrt;<\/li>\n<li><strong>Online-Kontrolle<\/strong>Echtzeit-\u00dcberwachung der Abweichung der Hei\u00dfpr\u00e4geposition, des Farbunterschieds beim Druck usw. durch ein Bildverarbeitungssystem.<\/li>\n<li><strong>Abnahme des Fertigerzeugnisses<\/strong>: Die ASTM-Normen werden umgesetzt, und es werden Transportvibrationstests simuliert, um sicherzustellen, dass die Falltestrate \u226599,9% ist.<\/li>\n<\/ul>\n<h2 id=\"-cooperation-advantages-and-service-commitments-\"><strong>Kooperationsvorteile und Leistungsversprechen<\/strong><\/h2>\n<ul>\n<li><strong>Ma\u00dfgeschneiderter Service<\/strong>: 3D-Entw\u00fcrfe und physische Probedrucke werden kostenlos zur Verf\u00fcgung gestellt, und Muster werden innerhalb von 3 Tagen geliefert;<\/li>\n<li><strong>Umweltzertifizierung<\/strong>: Die Materialien entsprechen den REACH- und RoHS-Normen und unterst\u00fctzen abbaubare Prozesse;<\/li>\n<li><strong>Garantie nach dem Verkauf<\/strong>: bedingungslose Nacharbeit bei Qualit\u00e4tsproblemen und ein Bericht \u00fcber die R\u00fcckverfolgbarkeit der Qualit\u00e4t \u00fcber den gesamten Lebenszyklus.<\/li>\n<\/ul>\n<p>Durch die tiefgreifende Integration der oben genannten Designs, Materialien und Prozesse erf\u00fcllen die von dieser Fabrik hergestellten Deckel- und Aufsatzverpackungen nicht nur funktionale Anforderungen, sondern st\u00e4rken auch den Markenwert durch eine leichte, luxuri\u00f6se \u00c4sthetik und Umweltschutzkonzepte und helfen den Kunden, ein differenziertes High-End-Produktimage zu schaffen.<\/p>","protected":false},"excerpt":{"rendered":"<p>Diese Deckel- und Bodenverpackung hat eine obere und untere Deckelstruktur, die leicht zu entnehmen ist. Die Spot-UV- und Gold-Hei\u00dfpr\u00e4gefolie verleiht der Verpackung ein Gef\u00fchl von Luxus und steigert den Mehrwert.<\/p>","protected":false},"featured_media":425,"template":"","meta":{"_kad_post_transparent":"default","_kad_post_title":"","_kad_post_layout":"default","_kad_post_sidebar_id":"","_kad_post_content_style":"default","_kad_post_vertical_padding":"default","_kad_post_feature":"","_kad_post_feature_position":"","_kad_post_header":false,"_kad_post_footer":false,"_kad_post_classname":""},"product_brand":[],"product_cat":[15,19,17],"product_tag":[129,128,127],"class_list":{"0":"post-416","1":"product","2":"type-product","3":"status-publish","4":"has-post-thumbnail","6":"product_cat-red-light-therapy","7":"product_cat-red-light-therapy-stand","8":"product_cat-services","9":"product_tag-cell-phone-packaging-factory","10":"product_tag-cellphone-packaging-box","11":"product_tag-mobile-phone-boxes","13":"first","14":"instock","15":"shipping-taxable","16":"product-type-simple","17":"entry","18":"content-bg","19":"loop-entry"},"_links":{"self":[{"href":"https:\/\/red-lighttherapy.com\/de_de\/wp-json\/wp\/v2\/product\/416","targetHints":{"allow":["GET"]}}],"collection":[{"href":"https:\/\/red-lighttherapy.com\/de_de\/wp-json\/wp\/v2\/product"}],"about":[{"href":"https:\/\/red-lighttherapy.com\/de_de\/wp-json\/wp\/v2\/types\/product"}],"wp:featuredmedia":[{"embeddable":true,"href":"https:\/\/red-lighttherapy.com\/de_de\/wp-json\/wp\/v2\/media\/425"}],"wp:attachment":[{"href":"https:\/\/red-lighttherapy.com\/de_de\/wp-json\/wp\/v2\/media?parent=416"}],"wp:term":[{"taxonomy":"product_brand","embeddable":true,"href":"https:\/\/red-lighttherapy.com\/de_de\/wp-json\/wp\/v2\/product_brand?post=416"},{"taxonomy":"product_cat","embeddable":true,"href":"https:\/\/red-lighttherapy.com\/de_de\/wp-json\/wp\/v2\/product_cat?post=416"},{"taxonomy":"product_tag","embeddable":true,"href":"https:\/\/red-lighttherapy.com\/de_de\/wp-json\/wp\/v2\/product_tag?post=416"}],"curies":[{"name":"wp","href":"https:\/\/api.w.org\/{rel}","templated":true}]}}