{"id":373,"date":"2025-04-11T06:31:11","date_gmt":"2025-04-11T06:31:11","guid":{"rendered":"https:\/\/red-lighttherapy.com\/?post_type=product&#038;p=373"},"modified":"2025-04-12T08:00:22","modified_gmt":"2025-04-12T08:00:22","slug":"custom-wine-spirits-packaging-drawer-paper-boxes-suppliers","status":"publish","type":"product","link":"https:\/\/red-lighttherapy.com\/de_de\/custom-wine-spirits-packaging-drawer-paper-boxes-suppliers\/","title":{"rendered":"Benutzerdefinierte Wein Spirituosen Verpackung Schublade Papier Boxen Lieferanten"},"content":{"rendered":"<h2 id=\"customized-wine-liquor-drawer-packaging-paper-box-product-description\">Kundenspezifische Wein Lik\u00f6r Spirituosen Schublade Verpackung Papier Box Produkt Beschreibung<\/h2>\n<h2 id=\"1-paper-craftsmanship-high-end-texture-and-visual-impact\">1. Handwerkliche Papierverarbeitung: Hochwertige Textur und visuelle Wirkung<\/h2>\n<ol>\n<li><strong>Material und Druck<\/strong>: Das Papier besteht aus 300 g gestrichenem Papier, und die Markenfarbe wird mit Hilfe der Spot-Farbdrucktechnologie pr\u00e4zise dargestellt, um eine hohe Farbs\u00e4ttigung und unterschiedliche Schichten zu gew\u00e4hrleisten, was den strengen Anforderungen an die visuelle Qualit\u00e4t hochwertiger Weinverpackungen entspricht. Die glatte Oberfl\u00e4che des beschichteten Papiers eignet sich perfekt f\u00fcr den Hei\u00dfpr\u00e4geprozess und unterstreicht das Gef\u00fchl von Luxus.<\/li>\n<li><strong>Hei\u00dfpr\u00e4gedesign<\/strong>: Passen Sie den Hei\u00dfpr\u00e4gerahmen um den Fensterbereich herum an, verwenden Sie Metalleffekte wie Spiegelgold oder Ros\u00e9gold und kombinieren Sie das Pr\u00e4geverfahren, um den dreidimensionalen Eindruck zu verst\u00e4rken, einen visuellen Schwerpunkt \"Bilderrahmen\" zu schaffen und ein edles Temperament zu vermitteln.<\/li>\n<\/ol>\n<h2 id=\"2-window-craftsmanship-combining-touch-and-function\">2. Fensterhandwerk, das Haptik und Funktion verbindet<\/h2>\n<ol>\n<li><strong>Taktile Textur<\/strong>: Die Oberfl\u00e4che des Papiers wird mit einer Pr\u00e4getechnik bearbeitet, um eine zarte Stoff- oder Lederstruktur zu bilden, die die Griffigkeit verbessert und gleichzeitig Fingerabdr\u00fccke vermeidet, wobei sowohl praktische als auch k\u00fcnstlerische Aspekte ber\u00fccksichtigt werden.<\/li>\n<li><strong>PET-Folien-Siebdruck<\/strong>: Das mittlere Fenster besteht aus einer 0,5 mm dicken, transparenten PET-Folie, und das Markenmuster oder der Farbverlaufseffekt wird mit Hilfe einer hochpr\u00e4zisen Siebdrucktechnologie aufgedruckt. Die Lichtdurchl\u00e4ssigkeit ist mehr als 90%, die nicht nur das Aussehen des Produkts zeigen kann, sondern auch die Verpackung ein modernes Gef\u00fchl der Technologie geben.<\/li>\n<\/ol>\n<h2 id=\"iii-lining-structure-safety-protection-and-aesthetics\">3. Auskleidungsstruktur: Sicherheitsschutz und \u00c4sthetik<\/h2>\n<ol>\n<li><strong>Innenschale mit EVA-Beflockung<\/strong>: Hochdichtes EVA-Material wird gestanzt und geformt, und 0,3 mm kurzes Beflockungsgewebe wird auf der Oberfl\u00e4che angebracht. Die Wildlederfarbe kann entsprechend der Hauptfarbe der Marke angepasst werden (z. B. weinrot, champagnergold). Die Innenrille des Tabletts passt sich genau an die Kr\u00fcmmung des Flaschenk\u00f6rpers an, und die Produktstabilit\u00e4t wird durch physikalische Pufferung und Reibungskoeffizient gew\u00e4hrleistet. Die seismische Leistung erreicht die Norm ISTA 3A.<\/li>\n<li><strong>Geschichtetes Design<\/strong>: Der Innenkasten der Schublade kann in mehreren Schichten angepasst werden. Die obere Schicht dient zur Befestigung der Weinflasche, die untere Schicht ist mit Weinutensilien oder Geschenkf\u00e4chern versehen. Die Beflockung bildet einen Farbkontrast mit dem schwarzen Innenkasten, um die visuelle Ebene zu verbessern.<\/li>\n<\/ol>\n<h2 id=\"4-inner-box-craftsmanship-minimalist-aesthetics-and-brand-identity\">4. Handwerkliches Innenleben der Box: minimalistische \u00c4sthetik und Markenidentit\u00e4t<\/h2>\n<ol>\n<li><strong>Niederl\u00e4ndisches wei\u00dfes Papier drucken<\/strong>: Der Innenkarton besteht aus 350 g holl\u00e4ndischer wei\u00dfer Pappe, die durch einen Vierfarb-Overlay-Druck eine tiefschwarze Farbe erh\u00e4lt. Die urspr\u00fcngliche Faserstruktur des wei\u00dfen Kartons bewahrt die Klarheit des Logos und vermeidet das Farbunterschiedsproblem des gew\u00f6hnlichen schwarzen Kartons, und der Pantone-Farbnummernfehler ist \u22640,5.<\/li>\n<li><strong>Strukturelle Optimierung<\/strong>: Die Schubladenschiene hat eine \"leimfreie Steckstruktur\" mit einer Lebensdauer von \u22655000-maligem \u00d6ffnen und Schlie\u00dfen, und die Kante des Innenkastens ist abgerundet, um Kratzer auf der Beflockungsoberfl\u00e4che zu vermeiden.<\/li>\n<\/ol>\n<h2 id=\"5-factory-strength-and-service-system\">5. Fabrikst\u00e4rke und Wartungssystem<\/h2>\n<ol>\n<li><strong>Unabh\u00e4ngiges Produktionssystem<\/strong>: Das Werk verf\u00fcgt \u00fcber 8.000 Quadratmeter selbstgebaute Werkst\u00e4tten, die mit vollautomatischen Hei\u00dfpr\u00e4gemaschinen, CNC-Stanzmaschinen und UV-Siebdruck-Produktionslinien ausgestattet sind, die eine Korrektur innerhalb von 72 Stunden erm\u00f6glichen, und eine monatliche Produktionskapazit\u00e4t von 500.000 S\u00e4tzen haben.<\/li>\n<li><strong>Unterst\u00fctzung des Designteams<\/strong>: Ein 20-k\u00f6pfiges professionelles Designteam bietet \"Eins-zu-eins\"-L\u00f6sungen, ma\u00dfgeschneidertes funktionales Design auf der Grundlage der Eigenschaften des Weins (z. B. f\u00e4lschungssichere Einbettung des Etiketts, feuchtigkeitsempfindliches Fenster) und hat innovative Verpackungsl\u00f6sungen f\u00fcr Marken wie Moutai und Penfolds bereitgestellt.<\/li>\n<\/ol>\n<h2 id=\"vi-environmental-certification-and-cost-effectiveness-advantages\">6. Vorteile der Umweltzertifizierung und Kosteneffizienz<\/h2>\n<ol>\n<li><strong>FSC-Zertifizierungssystem<\/strong>: 100% der beschafften Rohstoffe sind FSC-COC-zertifiziert (Zertifikatsnummer FSC-C123456), der Kohlenstoff-Fu\u00dfabdruck der Hauptmaterialien wie beschichtetes Papier und niederl\u00e4ndischer wei\u00dfer Karton ist 30% niedriger als der Industriestandard, und der Beflockungsklebstoff entspricht den EU-ReACH-Umweltschutzstandards.<\/li>\n<li><strong>Kostenkontrolle<\/strong>: Die Kostensenkung wird durch die Beschaffung in gro\u00dfem Ma\u00dfstab und die Verschachtelung von Prozessen (z. B. Hei\u00dfpr\u00e4gen und Siebdruck bei gleichzeitiger Plattenherstellung) erreicht. Das Angebot f\u00fcr \u00e4hnliche Produkte ist 15%-20% niedriger als das von traditionellen Verpackungsfabriken und unterst\u00fctzt eine Mindestbestellmenge von 500 St\u00fcck.<\/li>\n<\/ol>\n<h2 id=\"technical-parameters\">Technische Parameter<\/h2>\n<table>\n<thead>\n<tr>\n<th>Projekt<\/th>\n<th>Parameter Standard<\/th>\n<\/tr>\n<\/thead>\n<tbody>\n<tr>\n<td>Papier Material<\/td>\n<td>300g gestrichenes Papier (FSC-zertifiziert)<\/td>\n<\/tr>\n<tr>\n<td>Genauigkeit beim Hei\u00dfpr\u00e4gen<\/td>\n<td>\u22640,1mm Positionierungsfehler<\/td>\n<\/tr>\n<tr>\n<td>Durchl\u00e4ssigkeit der PET-Folie<\/td>\n<td>\u226590% (Norm ASTM D1003)<\/td>\n<\/tr>\n<tr>\n<td>Sch\u00e4lfestigkeit der EVA-Beflockung<\/td>\n<td>\u22653,5N\/cm (GB\/T 2792 Test)<\/td>\n<\/tr>\n<tr>\n<td>Lieferzyklus<\/td>\n<td>7-15 Tage (abh\u00e4ngig von der Komplexit\u00e4t des Verfahrens)<\/td>\n<\/tr>\n<\/tbody>\n<\/table>","protected":false},"excerpt":{"rendered":"<p>F\u00fcr diese Schubladenbox wird ein spezielles farbig bedrucktes, beschichtetes Kunstdruckpapier verwendet, das umweltfreundlich und nachhaltig ist. Und der Bereich um das Fenster herum ist mit einer Goldpr\u00e4gung versehen, die der Box ein luxuri\u00f6ses Gef\u00fchl verleiht.<\/p>","protected":false},"featured_media":407,"template":"","meta":{"_kad_post_transparent":"default","_kad_post_title":"","_kad_post_layout":"default","_kad_post_sidebar_id":"","_kad_post_content_style":"default","_kad_post_vertical_padding":"default","_kad_post_feature":"","_kad_post_feature_position":"","_kad_post_header":false,"_kad_post_footer":false,"_kad_post_classname":""},"product_brand":[],"product_cat":[15,20,17],"product_tag":[125,126,124],"class_list":{"0":"post-373","1":"product","2":"type-product","3":"status-publish","4":"has-post-thumbnail","6":"product_cat-red-light-therapy","7":"product_cat-led-face-light-therapy","8":"product_cat-services","9":"product_tag-custom-spirits-drawer-paper-boxes","10":"product_tag-custom-wine-spirits-packaging-suppliers","11":"product_tag-wine-packaging","13":"first","14":"instock","15":"shipping-taxable","16":"product-type-simple","17":"entry","18":"content-bg","19":"loop-entry"},"_links":{"self":[{"href":"https:\/\/red-lighttherapy.com\/de_de\/wp-json\/wp\/v2\/product\/373","targetHints":{"allow":["GET"]}}],"collection":[{"href":"https:\/\/red-lighttherapy.com\/de_de\/wp-json\/wp\/v2\/product"}],"about":[{"href":"https:\/\/red-lighttherapy.com\/de_de\/wp-json\/wp\/v2\/types\/product"}],"wp:featuredmedia":[{"embeddable":true,"href":"https:\/\/red-lighttherapy.com\/de_de\/wp-json\/wp\/v2\/media\/407"}],"wp:attachment":[{"href":"https:\/\/red-lighttherapy.com\/de_de\/wp-json\/wp\/v2\/media?parent=373"}],"wp:term":[{"taxonomy":"product_brand","embeddable":true,"href":"https:\/\/red-lighttherapy.com\/de_de\/wp-json\/wp\/v2\/product_brand?post=373"},{"taxonomy":"product_cat","embeddable":true,"href":"https:\/\/red-lighttherapy.com\/de_de\/wp-json\/wp\/v2\/product_cat?post=373"},{"taxonomy":"product_tag","embeddable":true,"href":"https:\/\/red-lighttherapy.com\/de_de\/wp-json\/wp\/v2\/product_tag?post=373"}],"curies":[{"name":"wp","href":"https:\/\/api.w.org\/{rel}","templated":true}]}}