{"id":367,"date":"2025-04-11T06:02:12","date_gmt":"2025-04-11T06:02:12","guid":{"rendered":"https:\/\/red-lighttherapy.com\/?post_type=product&#038;p=367"},"modified":"2025-04-11T06:30:31","modified_gmt":"2025-04-11T06:30:31","slug":"luxury-perfume-cosmetics-clamshell-rigid-boxes-suppliers","status":"publish","type":"product","link":"https:\/\/red-lighttherapy.com\/de_de\/luxury-perfume-cosmetics-clamshell-rigid-boxes-suppliers\/","title":{"rendered":"Luxus Parf\u00fcm Kosmetik Clamshell Rigid Boxen Lieferanten"},"content":{"rendered":"<h2 id=\"-product-description-of-high-end-perfume-and-cosmetics-flip-top-hard-box-\"><strong>Produktbeschreibung von Luxus Parf\u00fcm Kosmetik Clamshell Rigid Boxen Lieferanten<\/strong><\/h2>\n<p><strong>-Handwerkskunst, ma\u00dfgeschneiderte Luxusverpackungsl\u00f6sungen<\/strong><\/p>\n<h2 id=\"-i-innovative-design-one-handed-operation-smooth-opening-and-closing-\"><strong>1. Innovatives Design: Einh\u00e4ndige Bedienung, sanftes \u00d6ffnen und Schlie\u00dfen<\/strong><\/h2>\n<p>Diese Clamshell Geschenkbox nimmt Clamshell Geschenk<strong>\u00a0Strukturdesign<\/strong>Das Scharnierteil wird durch Pr\u00e4zisionsformen bearbeitet, um ein reibungsloses \u00d6ffnen und Schlie\u00dfen zu gew\u00e4hrleisten, und kann leicht mit einer Hand bedient werden. Die Box K\u00f6rper wurde f\u00fcr die Haltbarkeit getestet und unterst\u00fctzt\u00a0<strong>mehr als 10.000 wiederholte Er\u00f6ffnungen und Schlie\u00dfungen<\/strong>die den Anforderungen einer langfristigen Nutzung hochwertiger Kosmetika gerecht wird. Der Klappdeckel ist mit einem Magnetverschluss oder einer Schnalle (optional) kombiniert, um die Stabilit\u00e4t des Verschlusses zu erh\u00f6hen und ein versehentliches \u00d6ffnen w\u00e4hrend des Transports zu vermeiden.<\/p>\n<h2 id=\"-ii-material-and-structure-stable-protection-upgraded-touch-\"><strong>2. Material und Struktur: stabiler Schutz, verbesserter Touch<\/strong><\/h2>\n<ol>\n<li><strong>157GGSM gestrichenes Papier<\/strong>: glatte und zarte Oberfl\u00e4che, hohe Farbwiedergabe, klares und dreidimensionales Druckbild.<\/li>\n<li><strong>1200GSM Graupappe mit hoher Dichte<\/strong>Die H\u00e4rte des Kastenk\u00f6rpers erreicht das branchenweit f\u00fchrende Niveau, und die Druckfestigkeit wird durch 30% erh\u00f6ht, wodurch sie externen St\u00f6\u00dfen wirksam widersteht.<\/li>\n<li>Die Hauptfarbe ist\u00a0<strong>dunkelgr\u00fcn und mattschwarz<\/strong>. Der dunkle Gr\u00fcnton vermittelt ein nat\u00fcrliches, luxuri\u00f6ses Gef\u00fchl, und die schwarzen Linien umrei\u00dfen die einfache Kontur, was die visuelle Erm\u00fcdung verringert und die Wiedererkennung der Marke st\u00e4rkt.<\/li>\n<\/ol>\n<h2 id=\"-third-surface-technology-long-term-protection-excellent-texture-\"><strong>3. Oberfl\u00e4chentechnologie: Langzeitschutz, hervorragende Textur<\/strong><\/h2>\n<p>Der Kastenk\u00f6rper wird behandelt mit\u00a0<strong>Volllaminierungstechnologie<\/strong>\u00a0(wahlweise helle Folie\/matte Folie\/taktile Folie):<\/p>\n<ul>\n<li><strong>Wasserdicht und Antifouling<\/strong>: verhindern wirksam das Eindringen von Fl\u00fcssigkeiten und verl\u00e4ngern die Lebensdauer der Verpackung.<\/li>\n<li><strong>Abriebfest und kratzfest<\/strong>: Die Oberfl\u00e4chenh\u00e4rte erreicht 3H, um Kratzer w\u00e4hrend des Transports oder der Ausstellung zu vermeiden.<\/li>\n<li><strong>Glanzanpassung<\/strong>: Matte Folie bietet unaufdringlichen Luxus, helle Folie verst\u00e4rkt die visuelle Wirkung, und Touch-Folie verleiht eine einzigartige Samtstruktur.<\/li>\n<\/ul>\n<h2 id=\"-fourth-functional-lining-shock-resistant-and-cushioning-details-win-\"><strong>4. Funktionsfutter: sto\u00dffest und d\u00e4mpfend, Details gewinnen<\/strong><\/h2>\n<ol>\n<li><strong>EVA-Flocking-Futter<\/strong>: passt sich der Kontur der Flasche an, die D\u00e4mpfungsleistung ist besser als bei herk\u00f6mmlichen Schw\u00e4mmen, und es kann 80% der Aufprallkraft im Falltest reduzieren.<\/li>\n<li><strong>Schichtstruktur aus Karton<\/strong>: Das Wabendesign verbessert die Tragf\u00e4higkeit und ist f\u00fcr zerbrechliche Gegenst\u00e4nde wie Glasflaschen und Keramikgef\u00e4\u00dfe geeignet.<\/li>\n<li><strong>Seidenstoff\/Raffia-Futter<\/strong>: Wahlweise Seidenstoff zur Verbesserung der Haptik oder Naturbast, um eine umweltfreundliche Textur hinzuzuf\u00fcgen, um den Ton der verschiedenen Marken zu treffen.<\/li>\n<\/ol>\n<h2 id=\"-v-deep-customization-flexible-adaptation-to-multiple-needs-\"><strong>5. Tiefe Anpassung: Flexible Anpassung an unterschiedliche Bed\u00fcrfnisse<\/strong><\/h2>\n<ol>\n<li>Unterst\u00fctzt\u00a0<strong>Boden und Bodenabdeckung, Schubladentyp, Schiebedeckeltyp<\/strong>\u00a0und andere Schachtelarten mit einer Gr\u00f6\u00dfe von 50\u00d750\u00d750mm bis 300\u00d7300\u00d7200mm, geeignet f\u00fcr Parf\u00fcmflaschen, Essenzen, Lippenstifte und andere Produkte.<\/li>\n<li><strong>Hei\u00dfpr\u00e4gung\/UV-Pr\u00e4gung<\/strong>: Teilweise Hei\u00dfpr\u00e4gung des LOGO oder dreidimensionaler UV-Druck zur Verbesserung der visuellen Erinnerung an die Marke.<\/li>\n<li><strong>Hohles Fenster<\/strong>: Mit dem transparenten PET-Material k\u00f6nnen Sie Produkte intuitiv pr\u00e4sentieren und die Attraktivit\u00e4t der Auslage erh\u00f6hen.<\/li>\n<\/ol>\n<h2 id=\"-six-production-guarantee-large-scale-intelligent-manufacturing-worry-free-delivery-\"><strong>6. Produktionsgarantie: gro\u00df angelegte intelligente Fertigung, sorgenfreie Lieferung<\/strong><\/h2>\n<ul>\n<li><strong>St\u00e4rke der Fabrik<\/strong>: 5320\u33a1 standardisierte Fabrik, 16 Jahre Branchenerfahrung, ausgestattet mit vollautomatischer Stanzmaschine, Laminiermaschine und Digitaldrucklinie, mit einer t\u00e4glichen Produktionskapazit\u00e4t von 50.000 St\u00fcck.<\/li>\n<li><strong>System der Qualit\u00e4tskontrolle<\/strong>: Zertifizierung nach ISO 9001, strenge Kontrolle von 12 Qualit\u00e4tskontrollen von der Beschaffung des Rohmaterials bis zur Auslieferung des Endprodukts. Die Fehlerquote liegt unter 0,3%.<\/li>\n<li><strong>Lieferfrist<\/strong>: Regul\u00e4re Bestellungen werden in 7-10 Tagen geliefert, und Eilauftr\u00e4ge k\u00f6nnen auf 3 Tage verk\u00fcrzt werden, was die globale logistische Zusammenarbeit unterst\u00fctzt.<\/li>\n<\/ul>\n<h2 id=\"-application-scenarios-\"><strong>Anwendungsszenarien<\/strong><\/h2>\n<ul>\n<li><strong>Hochwertiges Parf\u00fcm<\/strong>: Individuell gestaltete magnetische Flip-Box mit EVA-Beflockung zum Schutz der Glasflasche und zur Hervorhebung des Markenstils.<\/li>\n<li><strong>Geschenkbox Hautpflege<\/strong>: Die mehrschichtige Schubladenstruktur nimmt Essenzen, Cremes und andere Kategorien auf, und die Touch-Folie ist abgedeckt, um das Gef\u00fchl der Zeremonie beim \u00d6ffnen der Box zu verst\u00e4rken.<\/li>\n<li><strong>Limitierte Auflage Make-up<\/strong>: Der speziell geformte Schachtelk\u00f6rper wird mit Metallzubeh\u00f6r kombiniert, um eine Verpackung auf Kollektionsniveau zu schaffen.<\/li>\n<\/ul>","protected":false},"excerpt":{"rendered":"<p>Diese Geschenkschachtel ist leicht zu \u00f6ffnen und zu schlie\u00dfen und kann wiederverwendet werden. Der Schachtelk\u00f6rper ist haupts\u00e4chlich gr\u00fcn, um die visuelle Erm\u00fcdung zu reduzieren. Sie kann in hohem Ma\u00dfe an Ihre Parf\u00fcm- und Kosmetikverpackungen angepasst werden.<\/p>","protected":false},"featured_media":372,"template":"","meta":{"_kad_post_transparent":"default","_kad_post_title":"","_kad_post_layout":"default","_kad_post_sidebar_id":"","_kad_post_content_style":"default","_kad_post_vertical_padding":"default","_kad_post_feature":"","_kad_post_feature_position":"","_kad_post_header":false,"_kad_post_footer":false,"_kad_post_classname":""},"product_brand":[],"product_cat":[15,28,27,17],"product_tag":[121,122,120],"class_list":{"0":"post-367","1":"product","2":"type-product","3":"status-publish","4":"has-post-thumbnail","6":"product_cat-red-light-therapy","7":"product_cat-customize","8":"product_cat-red-light-therapy-belt","9":"product_cat-services","10":"product_tag-cosmetics-rigid-boxes","11":"product_tag-luxury-perfume-boxes-suppliers","12":"product_tag-perfume-clamshell-boxes","14":"first","15":"instock","16":"shipping-taxable","17":"product-type-simple","18":"entry","19":"content-bg","20":"loop-entry"},"_links":{"self":[{"href":"https:\/\/red-lighttherapy.com\/de_de\/wp-json\/wp\/v2\/product\/367","targetHints":{"allow":["GET"]}}],"collection":[{"href":"https:\/\/red-lighttherapy.com\/de_de\/wp-json\/wp\/v2\/product"}],"about":[{"href":"https:\/\/red-lighttherapy.com\/de_de\/wp-json\/wp\/v2\/types\/product"}],"wp:featuredmedia":[{"embeddable":true,"href":"https:\/\/red-lighttherapy.com\/de_de\/wp-json\/wp\/v2\/media\/372"}],"wp:attachment":[{"href":"https:\/\/red-lighttherapy.com\/de_de\/wp-json\/wp\/v2\/media?parent=367"}],"wp:term":[{"taxonomy":"product_brand","embeddable":true,"href":"https:\/\/red-lighttherapy.com\/de_de\/wp-json\/wp\/v2\/product_brand?post=367"},{"taxonomy":"product_cat","embeddable":true,"href":"https:\/\/red-lighttherapy.com\/de_de\/wp-json\/wp\/v2\/product_cat?post=367"},{"taxonomy":"product_tag","embeddable":true,"href":"https:\/\/red-lighttherapy.com\/de_de\/wp-json\/wp\/v2\/product_tag?post=367"}],"curies":[{"name":"wp","href":"https:\/\/api.w.org\/{rel}","templated":true}]}}