{"id":350,"date":"2025-04-11T04:15:43","date_gmt":"2025-04-11T04:15:43","guid":{"rendered":"https:\/\/red-lighttherapy.com\/?post_type=product&#038;p=350"},"modified":"2025-04-11T05:27:29","modified_gmt":"2025-04-11T05:27:29","slug":"custom-lid-and-base-led-flashlight-boxes-packaging-wholesale","status":"publish","type":"product","link":"https:\/\/red-lighttherapy.com\/de_de\/custom-lid-and-base-led-flashlight-boxes-packaging-wholesale\/","title":{"rendered":"Benutzerdefinierte Deckel und Boden LED-Taschenlampe Boxen Verpackung Gro\u00dfhandel"},"content":{"rendered":"<h2 id=\"-customized-led-flashlight-lid-and-base-box-packaging-wholesale-product-description-\"><strong>Customized LED-Taschenlampe Deckel und Sockel Box Verpackung Gro\u00dfhandel Produktbeschreibung<\/strong><\/h2>\n<h2 id=\"-1-exquisite-printing-technology-highlighting-quality-\"><strong>1. Exquisite Drucktechnik, Hervorhebung der Qualit\u00e4t<\/strong><\/h2>\n<p>Diese Taschenlampen-Verpackungsbox verwendet hochpr\u00e4zise Offsetdruck- und Siebdrucktechnologie, die schwarze Tinte ist gleichm\u00e4\u00dfig voll, das Muster ist klar und scharf, und die Farbe ist rein und ohne Abweichung. Die Oberfl\u00e4che kann mit matter Folie, gl\u00e4nzender Folie oder UV-Behandlung \u00fcberlagert werden, um die Verschlei\u00dffestigkeit und den Glanz zu erh\u00f6hen und sicherzustellen, dass das Markenlogo w\u00e4hrend des Transports und der Pr\u00e4sentation immer eine hochwertige Textur beibeh\u00e4lt. Unterst\u00fctzung von Hei\u00dfpr\u00e4gung\/Hei\u00dfsilber, Pr\u00e4gung und anderen Verfahren, um individuelle visuelle Anforderungen zu erf\u00fcllen und die Wiedererkennung und Attraktivit\u00e4t von Produktverpackungen zu verbessern.<\/p>\n<h2 id=\"-2-stiff-material-combination-double-protection-\"><strong>2. Steife Materialkombination, doppelter Schutz<\/strong><\/h2>\n<p>Der Kofferaufbau verwendet\u00a0<strong>350g gestrichenes Papier<\/strong>\u00a0und\u00a0<strong>hochfeste Graupappe<\/strong>\u00a0Die Kernschicht aus Graukarton wird in einem Pressverfahren aus vollst\u00e4ndig recycelten Fasern hergestellt, um sicherzustellen, dass der Kartonk\u00f6rper eine ausgezeichnete Druck- und Verformungsfestigkeit aufweist. Die Oberfl\u00e4che des beschichteten Papiers ist glatt und empfindlich, und die Druckfarbwiedergabe ist hoch. Die Kernschicht aus Graukarton sorgt f\u00fcr einen stabilen Halt, der externen Krafteinwirkungen w\u00e4hrend des Transports standh\u00e4lt und elektronische Pr\u00e4zisionsger\u00e4te wie z. B. Taschenlampen wirksam sch\u00fctzt.<\/p>\n<h2 id=\"-3-box-design-with-top-and-bottom-lid-for-intuitive-display-\"><strong>3. Box-Design mit oberem und unterem Deckel f\u00fcr intuitive Anzeige<\/strong><\/h2>\n<p>Die \u00dcbernahme der klassischen\u00a0<strong>obere und untere Deckelstruktur<\/strong>\u00a0(der obere Deckel und die untere Schachtel sind vollst\u00e4ndig verschlossen), l\u00e4sst sie sich leicht \u00f6ffnen und schlie\u00dfen und hat ein starkes Gef\u00fchl von Zeremonie. Das Aussehen und die funktionellen Details der Taschenlampe k\u00f6nnen beim \u00d6ffnen vollst\u00e4ndig gezeigt werden, was den ersten Eindruck des Kunden verbessert. Die Gr\u00f6\u00dfe der Schachtel ist genau angepasst, der innere Hohlraum ist kompakt und hat keine Redundanz, was ein Wackeln des Produkts verhindert, und ist bequem zum Stapeln, Lagern und Transportieren.<\/p>\n<h2 id=\"-4-multi-scenario-application-strong-compatibility-\"><strong>4. Multi-Szenario-Anwendung, hohe Kompatibilit\u00e4t<\/strong><\/h2>\n<p>Speziell f\u00fcr LED-Taschenlampen entwickelt, kompatibel mit mehreren Modellen, wie z. B. starkes Licht, Mini und wiederaufladbar. Erweiterte anwendbare Szenarien umfassen:<\/p>\n<ul>\n<li><strong>Outdoor-Ausr\u00fcstung<\/strong>: Teleskope, Kompasse, tragbare Werkzeuge, etc;<\/li>\n<li><strong>Elektronische Produkte<\/strong>: Kleinger\u00e4te, Zubeh\u00f6r (z. B. Ladeger\u00e4te, Akkupacks);<\/li>\n<li><strong>Geschenkanpassung<\/strong>: Firmengeschenke, Werbegeschenkboxen, Unterst\u00fctzung von Urlaubsthemen oder gemeinsame Markendesigns.<\/li>\n<\/ul>\n<h2 id=\"-5-customized-lining-solution-precise-fit-\"><strong>5. Ma\u00dfgeschneiderte Futterl\u00f6sung, pr\u00e4zise Passform<\/strong><\/h2>\n<p>Bieten Sie eine Vielzahl von Auskleidungsoptionen an, um Produktfixierung und Sto\u00dffestigkeit zu gew\u00e4hrleisten:<\/p>\n<ul>\n<li><strong>EVA-Schwamm<\/strong>: Schneiden und Formen mit hoher Dichte, hervorragende D\u00e4mpfungsleistung, geeignet f\u00fcr speziell geformte Taschenlampen-Konturen;<\/li>\n<li><strong>Flocking Tablett<\/strong>: Verbessert die Haptik, geeignet f\u00fcr hochwertige Geschenkverpackungen;<\/li>\n<li><strong>Herausnehmbares Fach<\/strong>: Modulares Design, Unterst\u00fctzung von Multi-Produkt-Kombinationsverpackungen (z.B. Taschenlampe + Ersatzbatterie).<\/li>\n<\/ul>\n<h2 id=\"-6-all-round-flexible-customization-service-\"><strong>6. Rundum flexibler Anpassungsservice<\/strong><\/h2>\n<p>Unterst\u00fctzung bei der personalisierten Anpassung w\u00e4hrend des gesamten Prozesses vom Entwurf bis zur Produktion:<\/p>\n<ul>\n<li><strong>Gestaltung des Erscheinungsbildes<\/strong>: Anpassbares LOGO, Muster, Farbschema, kompatibel mit Pantone-Schmuckfarbendruck;<\/li>\n<li><strong>Strukturelle Optimierung<\/strong>: Passen Sie die Dicke des Kartons, die Position des Fensters, die Magnetschnalle und andere Details nach Bedarf an;<\/li>\n<li><strong>Funktionserweiterung<\/strong>: F\u00fcgen Sie zus\u00e4tzliche Funktionsmodule wie Griffe, B\u00e4nder, F\u00e4lschungsschutzetiketten usw. hinzu.<\/li>\n<\/ul>\n<h2 id=\"-7-large-scale-production-capacity-quality-assurance-\"><strong>7. Gro\u00df angelegte Produktionskapazit\u00e4t, Qualit\u00e4tssicherung<\/strong><\/h2>\n<p>Die Fabrik hat eine\u00a0<strong>5.320 Quadratmeter<\/strong>\u00a0Die moderne Werkstatt ist mit vollautomatischen Offsetdruckmaschinen, Stanzmaschinen und Qualit\u00e4tskontrolllinien ausgestattet und verf\u00fcgt \u00fcber eine t\u00e4gliche Produktionskapazit\u00e4t von 100.000 St\u00fcck. Durch die ISO-Zertifizierung des Qualit\u00e4tsmanagementsystems kann der gesamte Prozess von der Rohstoffbeschaffung bis zur Lieferung des fertigen Produkts verfolgt werden, um die Stabilit\u00e4t der Chargen zu gew\u00e4hrleisten. Unterst\u00fctzung der grenz\u00fcberschreitenden Lieferung (konforme Verpackung auf Plattformen wie Amazon und eBay) und dringender Eilauftragsdienst, 7-15 Tage Lieferzyklus, um den Bed\u00fcrfnissen des Gro\u00dfhandels und kleiner und mittlerer Kunden gerecht zu werden.<\/p>\n<h2 id=\"-cooperation-advantages-\"><strong>Vorteile der Zusammenarbeit<\/strong><\/h2>\n<ul>\n<li><strong>Service aus einer Hand<\/strong>: nahtlose Verbindung des gesamten Prozesses von Design, Proofing, Produktion und Logistik;<\/li>\n<li><strong>Umweltzertifizierung<\/strong>: Es werden FSC-zertifizierter Graukarton und Tinte auf Wasserbasis verwendet, die den EU-Umweltschutznormen REACH entsprechen;<\/li>\n<li><strong>Kostenoptimierung<\/strong>: Die Beschaffung in gro\u00dfem Ma\u00dfstab reduziert den St\u00fcckpreis, mit einer Mindestbestellmenge von 500 St\u00fcck und Unterst\u00fctzung f\u00fcr gestaffelte Angebote.<\/li>\n<\/ul>\n<p>Wenn Sie Muster oder individuelle L\u00f6sungen ben\u00f6tigen, wenden Sie sich bitte an unser Designteam. Wir werden professionelle Technologie und effiziente Dienstleistungen einsetzen, um Ihre Produkte wettbewerbsf\u00e4higer zu verpacken.<\/p>","protected":false},"excerpt":{"rendered":"<p>Der Deckel und der Boden lassen sich schnell mit einer Hand \u00f6ffnen, um das Auspacken zu erleichtern. Die Box hat exquisite Drucktechnik und klare Muster. Es kann perfekt drucken Sie Ihre LED-Taschenlampe Verpackung.<\/p>","protected":false},"featured_media":359,"template":"","meta":{"_kad_post_transparent":"default","_kad_post_title":"","_kad_post_layout":"default","_kad_post_sidebar_id":"","_kad_post_content_style":"default","_kad_post_vertical_padding":"default","_kad_post_feature":"","_kad_post_feature_position":"","_kad_post_header":false,"_kad_post_footer":false,"_kad_post_classname":""},"product_brand":[],"product_cat":[15,19,17],"product_tag":[116,115,114],"class_list":{"0":"post-350","1":"product","2":"type-product","3":"status-publish","4":"has-post-thumbnail","6":"product_cat-red-light-therapy","7":"product_cat-red-light-therapy-stand","8":"product_cat-services","9":"product_tag-custom-led-flashlight-boxes","10":"product_tag-flashlight-boxes-packaging","11":"product_tag-lid-and-base-led-boxes","13":"first","14":"instock","15":"shipping-taxable","16":"product-type-simple","17":"entry","18":"content-bg","19":"loop-entry"},"_links":{"self":[{"href":"https:\/\/red-lighttherapy.com\/de_de\/wp-json\/wp\/v2\/product\/350","targetHints":{"allow":["GET"]}}],"collection":[{"href":"https:\/\/red-lighttherapy.com\/de_de\/wp-json\/wp\/v2\/product"}],"about":[{"href":"https:\/\/red-lighttherapy.com\/de_de\/wp-json\/wp\/v2\/types\/product"}],"wp:featuredmedia":[{"embeddable":true,"href":"https:\/\/red-lighttherapy.com\/de_de\/wp-json\/wp\/v2\/media\/359"}],"wp:attachment":[{"href":"https:\/\/red-lighttherapy.com\/de_de\/wp-json\/wp\/v2\/media?parent=350"}],"wp:term":[{"taxonomy":"product_brand","embeddable":true,"href":"https:\/\/red-lighttherapy.com\/de_de\/wp-json\/wp\/v2\/product_brand?post=350"},{"taxonomy":"product_cat","embeddable":true,"href":"https:\/\/red-lighttherapy.com\/de_de\/wp-json\/wp\/v2\/product_cat?post=350"},{"taxonomy":"product_tag","embeddable":true,"href":"https:\/\/red-lighttherapy.com\/de_de\/wp-json\/wp\/v2\/product_tag?post=350"}],"curies":[{"name":"wp","href":"https:\/\/api.w.org\/{rel}","templated":true}]}}