{"id":338,"date":"2025-04-11T03:21:02","date_gmt":"2025-04-11T03:21:02","guid":{"rendered":"https:\/\/red-lighttherapy.com\/?post_type=product&#038;p=338"},"modified":"2025-04-11T03:46:10","modified_gmt":"2025-04-11T03:46:10","slug":"custom-tempered-glass-screen-protector-packaging-box-factory","status":"publish","type":"product","link":"https:\/\/red-lighttherapy.com\/de_de\/custom-tempered-glass-screen-protector-packaging-box-factory\/","title":{"rendered":"Benutzerdefinierte geh\u00e4rtetes Glas Bildschirmschutz Verpackung Box Fabrik"},"content":{"rendered":"<h2 id=\"-customized-tempered-glass-screen-protector-packaging-box-factory-product-description-\"><strong>Customized geh\u00e4rtetem Glas Bildschirmschutz Verpackung Box Fabrik Produktbeschreibung<\/strong><\/h2>\n<h2 id=\"-i-top-and-bottom-cover-box-design-both-ritual-and-practicality-\"><strong>1. Design des Deckels und des Bodens der Box: Ritual und Zweckm\u00e4\u00dfigkeit zugleich<\/strong><\/h2>\n<ol>\n<li><strong>Klassische Deckel- und Bodenstruktur<\/strong>\u00a0Das Design der Schachtel mit getrennten oberen und unteren Abdeckungen ist einfach und bequem zu \u00f6ffnen und zu schlie\u00dfen und verleiht dem Produkt ein einzigartiges rituelles Gef\u00fchl. Der Schachtelk\u00f6rper wird durch Pr\u00e4zisionsformen geschnitten, und der Fehler wird innerhalb von \u00b10,1 mm kontrolliert, um sicherzustellen, dass er fest sitzt, wenn er geschlossen ist, was die hochwertige Textur des Produkts hervorhebt.<\/li>\n<li><strong>Optimierung von Schutz und Komfort<\/strong>\u00a0Das Material des Kastenk\u00f6rpers besteht aus einem Verbundwerkstoff aus 1200GSM Graupappe und 157G Kupferpapier, mit einer Druckfestigkeit von 50kg statischem Druck ohne Verformung, der Extrusion und Kollisionen w\u00e4hrend des Transports effektiv widersteht. Eingebettete magnetische Absaugung Struktur, die Passform Fehler ist \u22640,2 mm, wenn geschlossen, und es kann ge\u00f6ffnet und geschlossen werden reibungslos mit einer Hand, unter Ber\u00fccksichtigung der Sicherheit und Bequemlichkeit.<\/li>\n<\/ol>\n<h2 id=\"-second-orange-main-visual-design-stimulate-brand-vitality-\"><strong>2. Orangefarbenes visuelles Hauptdesign: Stimulierung der Markenvitalit\u00e4t<\/strong><\/h2>\n<ol>\n<li><strong>Farbpsychologie st\u00e4rkt die Marke<\/strong>\u00a0Orange ist die Hauptfarbe, die in Kombination mit der Gradiententechnologie mit geringer S\u00e4ttigung Vitalit\u00e4t, W\u00e4rme und positive Emotionen vermittelt. Die orangefarbene Wellenl\u00e4nge (590-610 nm) schafft ein Gleichgewicht zwischen visueller Durchdringung und Komfort, was den Wiedererkennungswert im Regal um 20%-30% erh\u00f6hen und die Erinnerung der Verbraucher an die Marke verbessern kann.<\/li>\n<li><strong>Das Markenlogo wird deutlich pr\u00e4sentiert<\/strong>\u00a0Die Oberfl\u00e4che ist im Vierfarb-Offsetdruckverfahren hergestellt, das eine genaue Anpassung der Pantone-Farbnummern erm\u00f6glicht und sicherstellt, dass es beim Druck keine Farbunterschiede gibt. Das Markenlogo kann mit Hei\u00dfpr\u00e4gung, UV- oder Pr\u00e4getechnik kombiniert werden, um einen starken visuellen Kontrast auf dem orangefarbenen Untergrund zu bilden und die Markenwirkung zu verst\u00e4rken.<\/li>\n<\/ol>\n<h2 id=\"-third-customized-adaptation-solution-accurately-match-product-needs-\"><strong>3. Ma\u00dfgeschneiderte Anpassungsl\u00f6sung: genaue \u00dcbereinstimmung mit den Produktanforderungen<\/strong><\/h2>\n<ol>\n<li><strong>Flexible Anpassung des Boxentyps<\/strong>\u00a0Unterst\u00fctzt die Anpassung in voller Gr\u00f6\u00dfe und kann exklusive Box-Typen entsprechend der Gr\u00f6\u00dfe der geh\u00e4rteten Folie (z. B. 0,15 mm bis 0,33 mm Dicke) und der Kr\u00fcmmung der Oberfl\u00e4che (2,5D\/3D\/gleich tiefe viergekr\u00fcmmte Oberfl\u00e4che) anpassen. Zum Beispiel:<\/li>\n<li><strong>Ultrad\u00fcnne Version<\/strong>: Geeignet f\u00fcr 0,15 mm ultrad\u00fcnne geh\u00e4rtete Folie, die Dicke der Box wird innerhalb von 1,5 cm kontrolliert;<\/li>\n<li><strong>Gebogene Version<\/strong>: Design U-f\u00f6rmige Rille innere Unterst\u00fctzung f\u00fcr 3D hei\u00df gebogenen geh\u00e4rteten Film, um die Kr\u00fcmmung der Folie passen.<\/li>\n<li><strong>Vielf\u00e4ltige Auswahl an Auskleidungsmaterialien<\/strong>\u00a0Bieten Sie Futteroptionen wie EVA-Beflockung, Seidenstoff, Karton, Schwamm usw. an:<\/li>\n<li><strong>EVA-Beflockung<\/strong>: Hervorragende Sto\u00dffestigkeit, geeignet f\u00fcr pr\u00e4zisen Kantenschutz aus geh\u00e4rteter Folie;<\/li>\n<li><strong>Futter aus Seidenstoff<\/strong>: Zarte Note, geeignet f\u00fcr hochwertige Geschenkverpackungen;<\/li>\n<li><strong>Schwammschichtung<\/strong>: Mehrere geh\u00e4rtete Folien k\u00f6nnen in F\u00e4chern gelagert werden, was kratzfest und platzsparend ist.<\/li>\n<\/ol>\n<h2 id=\"-fourth-china-s-source-factory-advantages-one-stop-service-and-cost-optimization-\"><strong>4. Die Vorteile der chinesischen Ausgangsfabrik: Service aus einer Hand und Kostenoptimierung<\/strong><\/h2>\n<ol>\n<li><strong>Kostenlose Muster und Designunterst\u00fctzung<\/strong>\u00a0Wir bieten einen kostenlosen Proofing-Service, senden physische Muster innerhalb von 3 bis 5 Arbeitstagen und unterst\u00fctzen die volldimensionale Anpassung von Schachtelart, Druck und Auskleidung. Das Designteam kann die Optimierung der Verpackungsstruktur und die Anpassung der visuellen L\u00f6sung auf der Grundlage des VI-Systems anbieten, um die Entwicklungskosten des Kunden zu senken.<\/li>\n<li><strong>Sehr kosteneffiziente L\u00f6sung f\u00fcr die Massenproduktion<\/strong>\u00a0Die Ausgangsfabrik in Dongguan\/Shenzhen, Guangdong, verf\u00fcgt \u00fcber eine automatisierte Produktionslinie und unterst\u00fctzt eine Mindestbestellmenge von 10 St\u00fcck. Die Kosten f\u00fcr eine einzelne Schachtel sind 30%-40% niedriger als der durchschnittliche Marktpreis. Es bietet eine Vielzahl von Verpackungsoptionen wie OPP-Beutel, Blisterboxen und farbige Boxen, um die Anforderungen der grenz\u00fcberschreitenden Logistik und des Einzelhandels zu erf\u00fcllen.<\/li>\n<li><strong>Qualit\u00e4ts- und Zertifizierungsgarantie<\/strong>\u00a0Das Auskleidungsmaterial entspricht den medizinischen Standards (YY\/T 0114), und der Kartonk\u00f6rper besteht den Temperatur- und Feuchtigkeitszyklustest von -25\u2103 bis 50\u2103, um die globale Transportstabilit\u00e4t zu gew\u00e4hrleisten. Er unterst\u00fctzt die CE-Zertifizierung und den umweltfreundlichen Tintendruck und erf\u00fcllt die Anforderungen f\u00fcr den Marktzugang in Europa und den Vereinigten Staaten.<\/li>\n<\/ol>\n<h2 id=\"-v-technical-parameters-and-service-process-\"><strong>5. Technische Parameter und Dienstleistungsprozess<\/strong><\/h2>\n<table>\n<thead>\n<tr>\n<th>Projekt<\/th>\n<th>Parameter\/Dienstleistungsdetails<\/th>\n<\/tr>\n<\/thead>\n<tbody>\n<tr>\n<td><strong>Box Typ<\/strong><\/td>\n<td>Obere und untere Abdeckung (anpassbare Schubladen-, Fenster- und andere Varianten)<\/td>\n<\/tr>\n<tr>\n<td><strong>Material<\/strong><\/td>\n<td>157G gestrichenes Papier + 1200GSM Graukarton, matte Folie auf der Oberfl\u00e4che<\/td>\n<\/tr>\n<tr>\n<td><strong>Druckverfahren<\/strong><\/td>\n<td>Vierfarbiger Offsetdruck + partielle UV-\/Hei\u00dfpr\u00e4gung, Pantone-Farbabstimmung<\/td>\n<\/tr>\n<tr>\n<td><strong>Zyklus der Lieferung<\/strong><\/td>\n<td>3-5 Tage f\u00fcr Muster, 7-15 Tage f\u00fcr die Massenproduktion (beschleunigte Lieferung m\u00f6glich)<\/td>\n<\/tr>\n<tr>\n<td><strong>Logistik Verpackung<\/strong><\/td>\n<td>Unabh\u00e4ngige OPP-Tasche + sto\u00dffester Wabenkarton, unterst\u00fctzt DHL\/FedEx-Direktlieferung<\/td>\n<\/tr>\n<\/tbody>\n<\/table>","protected":false},"excerpt":{"rendered":"<p>Die Schachtel mit Deckel und Boden ist getrennt, und die Methode des \u00d6ffnens und Schlie\u00dfens ist einfach und bequem, was dem Produkt ein einzigartiges Ritual verleiht und seine Verwendung erleichtert.<\/p>","protected":false},"featured_media":341,"template":"","meta":{"_kad_post_transparent":"default","_kad_post_title":"","_kad_post_layout":"default","_kad_post_sidebar_id":"","_kad_post_content_style":"default","_kad_post_vertical_padding":"default","_kad_post_feature":"","_kad_post_feature_position":"","_kad_post_header":false,"_kad_post_footer":false,"_kad_post_classname":""},"product_brand":[],"product_cat":[15,19,17],"product_tag":[108,109,110],"class_list":{"0":"post-338","1":"product","2":"type-product","3":"status-publish","4":"has-post-thumbnail","6":"product_cat-red-light-therapy","7":"product_cat-red-light-therapy-stand","8":"product_cat-services","9":"product_tag-custom-tempered-glass-packaging","10":"product_tag-screen-protector-packaging-box","11":"product_tag-screen-protector-packaging-factory","13":"first","14":"instock","15":"shipping-taxable","16":"product-type-simple","17":"entry","18":"content-bg","19":"loop-entry"},"_links":{"self":[{"href":"https:\/\/red-lighttherapy.com\/de_de\/wp-json\/wp\/v2\/product\/338","targetHints":{"allow":["GET"]}}],"collection":[{"href":"https:\/\/red-lighttherapy.com\/de_de\/wp-json\/wp\/v2\/product"}],"about":[{"href":"https:\/\/red-lighttherapy.com\/de_de\/wp-json\/wp\/v2\/types\/product"}],"wp:featuredmedia":[{"embeddable":true,"href":"https:\/\/red-lighttherapy.com\/de_de\/wp-json\/wp\/v2\/media\/341"}],"wp:attachment":[{"href":"https:\/\/red-lighttherapy.com\/de_de\/wp-json\/wp\/v2\/media?parent=338"}],"wp:term":[{"taxonomy":"product_brand","embeddable":true,"href":"https:\/\/red-lighttherapy.com\/de_de\/wp-json\/wp\/v2\/product_brand?post=338"},{"taxonomy":"product_cat","embeddable":true,"href":"https:\/\/red-lighttherapy.com\/de_de\/wp-json\/wp\/v2\/product_cat?post=338"},{"taxonomy":"product_tag","embeddable":true,"href":"https:\/\/red-lighttherapy.com\/de_de\/wp-json\/wp\/v2\/product_tag?post=338"}],"curies":[{"name":"wp","href":"https:\/\/api.w.org\/{rel}","templated":true}]}}