{"id":332,"date":"2025-04-11T02:59:08","date_gmt":"2025-04-11T02:59:08","guid":{"rendered":"https:\/\/red-lighttherapy.com\/?post_type=product&#038;p=332"},"modified":"2025-04-11T03:20:51","modified_gmt":"2025-04-11T03:20:51","slug":"oral-irrigator-dental-water-flosser-magnetic-closure-box","status":"publish","type":"product","link":"https:\/\/red-lighttherapy.com\/de_de\/oral-irrigator-dental-water-flosser-magnetic-closure-box\/","title":{"rendered":"Munddusche Dental Water Flosser Magnetischer Verschluss Box"},"content":{"rendered":"<h2 id=\"-oral-irrigator-and-dental-flosser-magnetic-box-product-description-\"><strong>Magnetbox f\u00fcr Munddusche und Zahnseide Produktbeschreibung<\/strong><\/h2>\n<h2 id=\"-i-packaging-design-and-structure-\"><strong>1. Verpackungsdesign und -struktur<\/strong><\/h2>\n<ol>\n<li><strong>Material und Tragf\u00e4higkeit<\/strong>\u00a0Durch die Verwendung von 157G gestrichenem Papier als Obermaterial in Kombination mit 1200GSM hochfester Graupappe wird eine stabile Boxstruktur gebildet, die der Extrusion und den Vibrationen im t\u00e4glichen Gebrauch standh\u00e4lt und die ordnungsgem\u00e4\u00dfe Befestigung von Pr\u00e4zisionsinstrumenten wie eingebauten Zahnseiden und Irrigatoren gew\u00e4hrleistet. Die Druckfestigkeit des Kastenk\u00f6rpers wurde auf einen statischen Druck von 50 kg ohne Verformung getestet und erf\u00fcllt die Anforderungen an die Haltbarkeit von Reisen und medizinischen Szenarien.<\/li>\n<li><strong>Erscheinungsbild und Markenpr\u00e4sentation<\/strong>\u00a0Mit hellen Farben (z. B. Mintgr\u00fcn und helles Korallenrot) als Basis werden niedrig ges\u00e4ttigte T\u00f6ne verwendet, um ein tiefes Gef\u00fchl von Luxus zu erzeugen und gleichzeitig das Markenlogo deutlich zu pr\u00e4sentieren. Die Oberfl\u00e4chenlaminierung verbessert die Antifouling- und Anti-Kratz-Eigenschaften. Im Labor wurde nachgewiesen, dass bei einer Lagerung bei einer konstanten Temperatur von 40 \u00b0C \u00fcber einen Zeitraum von 72 Stunden keine Schrumpfung und Verformung auftritt, wobei sowohl die \u00c4sthetik als auch die Praktikabilit\u00e4t ber\u00fccksichtigt wurden.<\/li>\n<li><strong>Magnetisches \u00d6ffnen und Schlie\u00dfen und Sinn f\u00fcr Zeremonien<\/strong>\u00a0Die buchf\u00f6rmige Magnetbox ist so konzipiert, dass der D\u00e4mpfungskoeffizient beim \u00d6ffnen und Schlie\u00dfen ergonomisch auf 0,3N optimiert ist und mit einer Hand leicht bedient werden kann. Die magnetische Struktur ist genau ausgerichtet, und die Passform ist \u00b10,1 mm, wenn geschlossen, so dass die \u00d6ffnung Aktion ein feierliches Gef\u00fchl der Zeremonie, die den professionellen Ton der medizinischen Produkte passt.<\/li>\n<\/ol>\n<h2 id=\"-second-customized-function-adaptation-\"><strong>2. Kundenspezifische Funktionsanpassung<\/strong><\/h2>\n<ol>\n<li><strong>Flexibilit\u00e4t bei Schachtelart und Druck<\/strong>\u00a0Unterst\u00fctzt mehrere Schachteldesigns (z. B. abgeflacht, U-f\u00f6rmige Rillenstruktur), die sich an die verschiedenen Spezifikationen von Mundsp\u00fclern (30 ml bis 500 ml) und unabh\u00e4ngig verpackter Zahnseide anpassen. Das gedruckte Layout kann mit medizinischen Logos, Bedienungsanleitungen oder Elementen der Markenkultur angepasst werden, um die Produkteigenschaften und Fachinformationen genau zu vermitteln.<\/li>\n<li><strong>Verbesserung des inneren St\u00fctzmaterials und der Textur<\/strong>\u00a0Bieten Sie EVA-Beflockung, Seidenstoff, Schwamm und andere Materialien als Futter an:<\/li>\n<li><strong>EVA-Beflockung<\/strong>: hervorragende Sto\u00dffestigkeit, geeignet f\u00fcr den Schutz von Pr\u00e4zisionssp\u00fclk\u00f6pfen;<\/li>\n<li><strong>Futter aus Seidenstoff<\/strong>: Zarte Ber\u00fchrung, hochwertiges Pflegeerlebnis;<\/li>\n<li><strong>Schichtung von Pappe<\/strong>: kann in F\u00e4cher unterteilt werden, um Regner und Ersatzd\u00fcsen zu lagern und so die Raumnutzung zu optimieren.<\/li>\n<\/ol>\n<h2 id=\"-three-scenario-application-and-detail-optimization-\"><strong>3. Anwendung von Szenarien und Detailoptimierung<\/strong><\/h2>\n<ol>\n<li><strong>Anpassung des mobilen Szenarios<\/strong>\u00a0Die Dicke der Box ist auf 1,8 cm begrenzt, so dass sie leicht in eine Hemdtasche oder ein Handgep\u00e4ckst\u00fcck passt. Das Gesamtgewicht nach dem Laden von 50 unabh\u00e4ngigen Zahnseide ist nur \u00e4quivalent zu zwei Smartphones, und die Portabilit\u00e4t ist hervorragend.<\/li>\n<li><strong>Garantie f\u00fcr Sicherheit und Hygiene<\/strong>\u00a0Die Auskleidungsmaterialien erf\u00fcllen alle medizinische Standards (wie YY\/T 0114, GB18457), um Verformungen bei hohen Temperaturen und Risiken durch chemische R\u00fcckst\u00e4nde zu vermeiden. Die Kante des Kastenk\u00f6rpers ist abgerundet, und der Griffkomfort wurde durch 18% verbessert, wodurch die Wahrscheinlichkeit einer versehentlichen Verletzung w\u00e4hrend des Betriebs verringert wird.<\/li>\n<li><strong>Intelligentes Detaildesign<\/strong>\u00a0Der optionale eingebaute Mikrospiegel auf dem Deckel (mit einem optimierten Betrachtungswinkel von 3 cm) erm\u00f6glicht es dem Benutzer, die Mundpflege und die K\u00f6rperpflege gleichzeitig durchzuf\u00fchren, und 17 Winkelverstellungen sorgen f\u00fcr die beste Benutzererfahrung.<\/li>\n<\/ol>","protected":false},"excerpt":{"rendered":"<p>Diese Box mit Magnetverschluss ist leicht zu \u00f6ffnen und zu schlie\u00dfen. Es verwendet 157GSM starren Karton und 1200GSM grauen Kunstkarton machte die Box Struktur und sch\u00fctzen Sie Ihre Produkte vor Sch\u00e4den w\u00e4hrend des Transports.<\/p>","protected":false},"featured_media":335,"template":"","meta":{"_kad_post_transparent":"default","_kad_post_title":"","_kad_post_layout":"default","_kad_post_sidebar_id":"","_kad_post_content_style":"default","_kad_post_vertical_padding":"default","_kad_post_feature":"","_kad_post_feature_position":"","_kad_post_header":false,"_kad_post_footer":false,"_kad_post_classname":""},"product_brand":[],"product_cat":[15,28,17],"product_tag":[106,105,107],"class_list":{"0":"post-332","1":"product","2":"type-product","3":"status-publish","4":"has-post-thumbnail","6":"product_cat-red-light-therapy","7":"product_cat-customize","8":"product_cat-services","9":"product_tag-dental-water-flosser-box","10":"product_tag-oral-irrigator-box","11":"product_tag-oral-irrigator-magnetic-closure-box","13":"first","14":"instock","15":"shipping-taxable","16":"product-type-simple","17":"entry","18":"content-bg","19":"loop-entry"},"_links":{"self":[{"href":"https:\/\/red-lighttherapy.com\/de_de\/wp-json\/wp\/v2\/product\/332","targetHints":{"allow":["GET"]}}],"collection":[{"href":"https:\/\/red-lighttherapy.com\/de_de\/wp-json\/wp\/v2\/product"}],"about":[{"href":"https:\/\/red-lighttherapy.com\/de_de\/wp-json\/wp\/v2\/types\/product"}],"wp:featuredmedia":[{"embeddable":true,"href":"https:\/\/red-lighttherapy.com\/de_de\/wp-json\/wp\/v2\/media\/335"}],"wp:attachment":[{"href":"https:\/\/red-lighttherapy.com\/de_de\/wp-json\/wp\/v2\/media?parent=332"}],"wp:term":[{"taxonomy":"product_brand","embeddable":true,"href":"https:\/\/red-lighttherapy.com\/de_de\/wp-json\/wp\/v2\/product_brand?post=332"},{"taxonomy":"product_cat","embeddable":true,"href":"https:\/\/red-lighttherapy.com\/de_de\/wp-json\/wp\/v2\/product_cat?post=332"},{"taxonomy":"product_tag","embeddable":true,"href":"https:\/\/red-lighttherapy.com\/de_de\/wp-json\/wp\/v2\/product_tag?post=332"}],"curies":[{"name":"wp","href":"https:\/\/api.w.org\/{rel}","templated":true}]}}