{"id":326,"date":"2025-04-11T02:38:38","date_gmt":"2025-04-11T02:38:38","guid":{"rendered":"https:\/\/red-lighttherapy.com\/?post_type=product&#038;p=326"},"modified":"2025-04-11T02:58:59","modified_gmt":"2025-04-11T02:58:59","slug":"custom-kraft-paper-eyeglasses-glasses-drawer-box-wholesale","status":"publish","type":"product","link":"https:\/\/red-lighttherapy.com\/de_de\/custom-kraft-paper-eyeglasses-glasses-drawer-box-wholesale\/","title":{"rendered":"Benutzerdefinierte Kraftpapier Brillen Gl\u00e4ser Schublade Box Gro\u00dfhandel"},"content":{"rendered":"<h3 id=\"-customized-kraft-paper-glasses-drawer-box-wholesale-product-description-\"><strong>Customized Kraftpapier Gl\u00e4ser Schublade Box Gro\u00dfhandel Produktbeschreibung<\/strong><\/h3>\n<h2 id=\"-1-innovative-triangular-shape-to-create-brand-visual-symbols-\"><strong>1. Innovative dreieckige Form zur Schaffung visueller Markensymbole<\/strong><\/h2>\n<p>Diese Brillenschachtel hat eine einzigartige dreieckige dreidimensionale Struktur, die das monotone Design des traditionellen quadratischen Schachtelk\u00f6rpers durchbricht und dem Produkt mit geometrischer \u00c4sthetik einen starken Wiedererkennungswert und visuellen Eindruck verleiht. Das dreieckige Design mit Schubladen zum \u00d6ffnen und Schlie\u00dfen optimiert nicht nur die Raumnutzung, sondern vermittelt durch scharfe Linien und symmetrische Kanten auch einen Sinn f\u00fcr moderne Mode, wodurch sich die Marke von \u00e4hnlichen Verpackungen abhebt und einen differenzierten Erinnerungspunkt bildet.<\/p>\n<h2 id=\"-2-environmentally-friendly-materials-practicing-the-concept-of-sustainable-development-\"><strong>2. Umweltfreundliche Materialien, die das Konzept der nachhaltigen Entwicklung umsetzen<\/strong><\/h2>\n<p>Der Kartonk\u00f6rper besteht aus 120 g hochfestem Kraftpapier, das mit Graukarton ausgekleidet ist. Im Vergleich zu herk\u00f6mmlichem beschichtetem Papier k\u00f6nnen die nat\u00fcrlichen Holzfaserkomponenten schnell abgebaut werden, und es gibt keine sch\u00e4dlichen Zusatzstoffe wie Fluoreszenzmittel im Produktionsprozess. Kraftpapier ist sowohl verschlei\u00dffest als auch druckbest\u00e4ndig und sch\u00fctzt Gl\u00e4ser wirksam vor St\u00f6\u00dfen. Gleichzeitig erf\u00fcllt es internationale Umweltstandards und entspricht den dringenden Bed\u00fcrfnissen der Verbraucher nach umweltfreundlichen Verpackungen.<\/p>\n<h2 id=\"-3-printing-with-soybean-ink-to-achieve-environmental-protection-throughout-the-life-cycle-\"><strong>3. Druck mit Sojabohnen-Tinte, um die Umwelt w\u00e4hrend des gesamten Lebenszyklus zu sch\u00fctzen<\/strong><\/h2>\n<p>F\u00fcr das Druckverfahren wird Sojatinte (SOYBEAN OIL INK) verwendet, deren Rohstoff erneuerbares Sojabohnen\u00f6l ist. Nach der Zersetzung kann sie vollst\u00e4ndig in die nat\u00fcrliche Umwelt integriert werden, ohne dass fl\u00fcchtige organische Schadstoffe (VOC) zur\u00fcckbleiben. Die Tinte ist leuchtend und farbstabil, unterst\u00fctzt einen hochpr\u00e4zisen Musterdruck und die Deinking-Effizienz ist h\u00f6her, wenn das Altpapier recycelt wird, was die Ressourcenverschwendung weiter reduziert.<\/p>\n<h2 id=\"-4-multi-field-adaptation-empowering-high-end-product-packaging-\"><strong>4. Multi-Feld-Anpassung, die die Verpackung von High-End-Produkten erm\u00f6glicht<\/strong><\/h2>\n<p>Die dreieckige Schubladenbox mit ihrem avantgardistischen Design und ihrer funktionalen Kompatibilit\u00e4t eignet sich f\u00fcr:<\/p>\n<ul>\n<li><strong>Mode-Accessoires<\/strong>: z. B. Sonnenbrillen, Schmuck usw., die den leichten Luxuston des Produkts hervorheben;<\/li>\n<li><strong>Trendiges Spielzeug<\/strong>: Bieten Sie eine einzigartige Ausstellungsfl\u00e4che f\u00fcr Figuren in limitierter Auflage;<\/li>\n<li><strong>Hochwertige Schreibwaren<\/strong>: Speichern Sie Stifte und Kunstwerkzeuge, um die Textur der Marke zu verbessern. Seine flexiblen Anwendungsszenarien k\u00f6nnen den gesamten Bedarf vom Einzelhandel bis zum Verschenken abdecken.<\/li>\n<\/ul>\n<h2 id=\"-5-exquisite-accessory-details-to-enhance-brand-aesthetic-expression-\"><strong>5. Exquisite Zubeh\u00f6rdetails zur Verbesserung der Marken\u00e4sthetik<\/strong><\/h2>\n<p>Die Oberseite des Kastens ist mit einem Zugring aus Satinband ausgestattet, der eine individuelle, markenexklusive Farbanpassung oder ein hei\u00dfgepr\u00e4gtes LOGO unterst\u00fctzt und beim \u00d6ffnen ein Gef\u00fchl der Zeremonie vermittelt. Die Schublade Spur nimmt eine magnetische oder Snap-on-Design, mit einem internen Flanell-Pad, um sicherzustellen, glatt ziehen und sto\u00dffest und kratzfest, unter Ber\u00fccksichtigung der Praktikabilit\u00e4t und visuelle Attraktivit\u00e4t.<\/p>\n<h2 id=\"-6-full-dimensional-customization-service-to-meet-personalized-needs-\"><strong>6. Volldimensionaler Anpassungsservice zur Erf\u00fcllung individueller Bed\u00fcrfnisse<\/strong><\/h2>\n<p>Bieten Sie eine One-Stop-Anpassungsl\u00f6sung und unterst\u00fctzen Sie die flexible Anpassung der folgenden Parameter:<\/p>\n<ul>\n<li><strong>Box-Typ<\/strong>: Neben dem Standardmodell der dreieckigen Schublade kann es auf mehrschichtige Trennw\u00e4nde oder speziell geformte Strukturen erweitert werden;<\/li>\n<li><strong>Material<\/strong>: Wahlweise mattes\/gl\u00e4nzendes Kraftpapier oder wasserfeste Verbundbeschichtung (umweltfreundlich);<\/li>\n<li><strong>Drucken<\/strong>: Unterst\u00fctzt Hei\u00dfpr\u00e4gung, Siebdruck, Pr\u00e4gung und andere Verfahren und eignet sich f\u00fcr das Marken-VI-System;<\/li>\n<li><strong>Gr\u00f6\u00dfe<\/strong>: Deckt den Bedarf von einzelnen Gl\u00e4sern bis hin zu Displayboxen mit mehreren Rastern ab und unterst\u00fctzt die Entwicklung von nicht standardisierten Gr\u00f6\u00dfen.<\/li>\n<\/ul>\n<h2 id=\"-technical-parameters-and-delivery-guarantee-\"><strong>Technische Parameter und Liefergarantie<\/strong><\/h2>\n<ul>\n<li><strong>Grundlegende Gr\u00f6\u00dfe<\/strong>: 160-240 mm lang \u00d7 66-120 mm breit \u00d7 55-120 mm hoch (einstellbar);<\/li>\n<li><strong>Mindestbestellmenge<\/strong>: 500 St\u00fcck, Unterst\u00fctzung der \u00dcberpr\u00fcfung von Kleinserien;<\/li>\n<li><strong>Produktionszyklus<\/strong>7-15 Tage (abh\u00e4ngig von der Komplexit\u00e4t der Anpassung);<\/li>\n<li><strong>Normen f\u00fcr die Qualit\u00e4tskontrolle<\/strong>: Bestandenes ISO 14001-Umweltschutzsystem und Transportdruckbest\u00e4ndigkeitstest.<\/li>\n<\/ul>\n<p><strong>Wert der Zusammenarbeit<\/strong>: Durch die Kombination von umweltfreundlichen Materialien, innovativem Design und tiefgreifender Anpassung kann dieses Produkt Marken dabei helfen, ihren CO2-Fu\u00dfabdruck zu verringern und gleichzeitig die Erfahrung der Endverbraucher mit hochwertigen Verpackungen zu verbessern, wodurch eine Win-Win-Situation aus wirtschaftlichem Wert und sozialer Verantwortung entsteht.<\/p>","protected":false},"excerpt":{"rendered":"<p>Die Schachtel hat eine einzigartige dreieckige Papierform, die mit der herk\u00f6mmlichen quadratischen Schachtelform bricht und der gesamten Schachtel und der damit verbundenen Marke einen hohen Wiedererkennungswert und visuellen Eindruck verleiht.<\/p>","protected":false},"featured_media":329,"template":"","meta":{"_kad_post_transparent":"default","_kad_post_title":"","_kad_post_layout":"default","_kad_post_sidebar_id":"","_kad_post_content_style":"default","_kad_post_vertical_padding":"default","_kad_post_feature":"","_kad_post_feature_position":"","_kad_post_header":false,"_kad_post_footer":false,"_kad_post_classname":""},"product_brand":[],"product_cat":[15,20,17],"product_tag":[104,102,103],"class_list":{"0":"post-326","1":"product","2":"type-product","3":"status-publish","4":"has-post-thumbnail","6":"product_cat-red-light-therapy","7":"product_cat-led-face-light-therapy","8":"product_cat-services","9":"product_tag-custom-eyeglasses-box-wholesale","10":"product_tag-eyeglasses-drawer-box","11":"product_tag-glasses-drawer-box","13":"first","14":"instock","15":"shipping-taxable","16":"product-type-simple","17":"entry","18":"content-bg","19":"loop-entry"},"_links":{"self":[{"href":"https:\/\/red-lighttherapy.com\/de_de\/wp-json\/wp\/v2\/product\/326","targetHints":{"allow":["GET"]}}],"collection":[{"href":"https:\/\/red-lighttherapy.com\/de_de\/wp-json\/wp\/v2\/product"}],"about":[{"href":"https:\/\/red-lighttherapy.com\/de_de\/wp-json\/wp\/v2\/types\/product"}],"wp:featuredmedia":[{"embeddable":true,"href":"https:\/\/red-lighttherapy.com\/de_de\/wp-json\/wp\/v2\/media\/329"}],"wp:attachment":[{"href":"https:\/\/red-lighttherapy.com\/de_de\/wp-json\/wp\/v2\/media?parent=326"}],"wp:term":[{"taxonomy":"product_brand","embeddable":true,"href":"https:\/\/red-lighttherapy.com\/de_de\/wp-json\/wp\/v2\/product_brand?post=326"},{"taxonomy":"product_cat","embeddable":true,"href":"https:\/\/red-lighttherapy.com\/de_de\/wp-json\/wp\/v2\/product_cat?post=326"},{"taxonomy":"product_tag","embeddable":true,"href":"https:\/\/red-lighttherapy.com\/de_de\/wp-json\/wp\/v2\/product_tag?post=326"}],"curies":[{"name":"wp","href":"https:\/\/api.w.org\/{rel}","templated":true}]}}