{"id":314,"date":"2025-04-11T02:01:19","date_gmt":"2025-04-11T02:01:19","guid":{"rendered":"https:\/\/red-lighttherapy.com\/?post_type=product&#038;p=314"},"modified":"2025-04-11T02:38:29","modified_gmt":"2025-04-11T02:38:29","slug":"custom-jewelry-drawer-style-rigid-packaging-boxes-wholesale","status":"publish","type":"product","link":"https:\/\/red-lighttherapy.com\/de_de\/custom-jewelry-drawer-style-rigid-packaging-boxes-wholesale\/","title":{"rendered":"Benutzerdefinierte Schmuck Schublade Stil starre Verpackung Boxen Gro\u00dfhandel"},"content":{"rendered":"<h2 id=\"-customized-jewelry-drawer-style-hard-packaging-box-product-description-\">Benutzerdefinierte Schmuck Schublade Stil starre Verpackung Boxen Gro\u00dfhandel<\/h2>\n<h2 id=\"-i-design-concept-dual-presentation-of-simple-aesthetics-and-ritual-sense-\"><strong>1. Designkonzept: Doppelte Pr\u00e4sentation von einfacher \u00c4sthetik und rituellem Sinn<\/strong><\/h2>\n<ol>\n<li><strong>Rein schwarze, matte Textur<\/strong>\u00a0Verwenden Sie reines schwarzes, mit Leder gef\u00fclltes Spezialpapier als Au\u00dfenmaterial f\u00fcr die Box und eine matte Oberfl\u00e4chenbehandlung, um reflektierende St\u00f6rungen zu vermeiden.\u00a0<strong>zur\u00fcckhaltender Luxus<\/strong>\u00a0visuelle Wirkung. Die schwarze Basis wird mit einem minimalistischen Liniendesign kombiniert, um die Markenidentit\u00e4t zu st\u00e4rken.\u00a0<strong>High-End-Positionierung<\/strong>Sie kontrastiert mit dem Glanz des Schmucks und unterstreicht so den Kernwert des Produkts.<\/li>\n<li><strong>Design mit ausziehbarer \u00d6ffnung<\/strong>\u00a0Unter Verzicht auf die traditionelle Himmel-und-Erde-Box-Struktur verst\u00e4rkt das Schubladen-\u00e4hnliche Auszugsdesign den Sinn f\u00fcr Rituale durch eine\u00a0<strong>progressives Erlebnis der Box\u00f6ffnung<\/strong>. Der Ausziehvorgang wird von einem seidigen D\u00e4mpfungsgef\u00fchl begleitet, das dem Benutzer die psychologische Erwartung vermittelt, \"Sch\u00e4tze zu entdecken\". Die innere Box und der \u00e4u\u00dfere Rahmen sind pr\u00e4zise miteinander verrastet, um ein sanftes Ausziehen ohne Wackeln zu gew\u00e4hrleisten und den\u00a0<strong>gehobener Sinn<\/strong>\u00a0der Nutzererfahrung.<\/li>\n<\/ol>\n<h2 id=\"-second-material-and-structure-taking-into-account-both-protection-and-uniqueness-\"><strong>2. Material und Struktur: Ber\u00fccksichtigung sowohl des Schutzes als auch der Einzigartigkeit<\/strong><\/h2>\n<ol>\n<li><strong>Hochfester Verbundwerkstoff<\/strong><\/li>\n<li><strong>120g ledergef\u00fclltes Spezialpapier<\/strong>: Die Oberfl\u00e4che f\u00fchlt sich so zart an wie Leder, ist verschlei\u00dffest und f\u00e4ulnishemmend und eignet sich f\u00fcr langfristige Lagerung und Transport.<\/li>\n<li><strong>1200GSM Graupappe<\/strong>: Graupappe mit hoher Dichte bietet\u00a0<strong>superstarke Unterst\u00fctzung<\/strong>Die Druckfestigkeit des Kofferk\u00f6rpers ist mehr als 2-mal so hoch wie der Industriestandard und bietet somit einen wirksamen Schutz gegen Kollisionen und Extrusion w\u00e4hrend des Transports.<\/li>\n<li><strong>Modulare Bauweise<\/strong>\u00a0Der Kofferaufbau besteht aus einer geteilten Struktur, die die\u00a0<strong>flexible Anpassung der Gr\u00f6\u00dfe<\/strong>\u00a0(mit einem Fassungsverm\u00f6gen von mindestens 10 cm\u00b3 bis maximal 50 cm\u00b3). Das Futter kann mit EVA-Flanellrillen oder verstellbaren F\u00e4chern an die Form des Schmucks angepasst werden und eignet sich f\u00fcr verschiedene Aufbewahrungsbed\u00fcrfnisse wie Ringe, Halsketten und Ohrringe.<\/li>\n<\/ol>\n<h2 id=\"-iii-craftsmanship-details-exquisite-touch-and-brand-enhancement-\"><strong>3. Handwerkliche Details: exquisite Note und Markenaufwertung<\/strong><\/h2>\n<ol>\n<li><strong>Gepr\u00e4gtes Kunsthandwerk und B\u00e4nderzubeh\u00f6r<\/strong><\/li>\n<li><strong>Dreidimensionales, gepr\u00e4gtes LOGO\/Muster<\/strong>: Durch pr\u00e4zises Pressen der Form wird das Markenlogo oder ein individuelles Muster auf dem Deckel oder der Seite der Schachtel dargestellt, was einen dreidimensionalen Touch und reiche visuelle Schichten hat.<\/li>\n<li><strong>B\u00e4nderzugring und Metallzubeh\u00f6r<\/strong>: Die Vorderseite der Schublade ist mit einem gleichfarbigen Satinband oder Metallring versehen, um das \u00d6ffnen der Box zu erleichtern.\u00a0<strong>optische Attraktivit\u00e4t<\/strong>Das Band kann mit einer Hei\u00dfpr\u00e4gung der Markenfarbe oder eines Textes individuell gestaltet werden, um den Wiedererkennungswert der Marke zu erh\u00f6hen.<\/li>\n<li><strong>Umweltschutz und Haltbarkeit<\/strong>\u00a0Sowohl das Lederpapier als auch der Graukarton sind FSC-zertifiziert und erf\u00fcllen\u00a0<strong>Umweltschutzstandards<\/strong>Das K\u00e4stchen ist mit lebensmittelechtem Klebstoff verklebt, der keinen st\u00f6renden Geruch hat und die Sicherheit der Schmuckaufbewahrung gew\u00e4hrleistet.<\/li>\n<\/ol>\n<h2 id=\"-iv-customized-service-full-process-personalized-solution-\"><strong>4. Ma\u00dfgeschneiderter Service: personalisierte L\u00f6sung f\u00fcr den gesamten Prozess<\/strong><\/h2>\n<ol>\n<li><strong>Eingehende Unterst\u00fctzung bei der Gestaltung<\/strong><\/li>\n<li>Bereitstellung von\u00a0<strong>3D-Modellierung Proofing<\/strong>\u00a0Service k\u00f6nnen die Kunden an der detaillierten Anpassung des Kastentyps, des Musters und der Auskleidungsstruktur teilnehmen, um sicherzustellen, dass der Wiederherstellungsgrad des Designs 99% erreicht.<\/li>\n<li>Unterst\u00fctzt\u00a0<strong>20+ Oberfl\u00e4chenprozesse<\/strong>\u00a0wie z. B. Hei\u00dfpr\u00e4gung, UV, Lasergravur usw., um verschiedenen Stilanforderungen gerecht zu werden (z. B. helle Luxus-Dunkelmuster, Aurora-Laser usw.).<\/li>\n<li><strong>Massenproduktion und Logistikgarantie<\/strong><\/li>\n<li>Mindestbestellmenge\u00a0<strong>500<\/strong>Der Korrekturzyklus dauert 3-5 Tage, der Zyklus der Massenproduktion 7-14 Tage.<\/li>\n<li>Unterst\u00fctzung von SF Express\/Deppon Logistics landesweit, Bereitstellung\u00a0<strong>Schadensersatz<\/strong>\u00a0Service f\u00fcr eine sorgenfreie Lieferung.<\/li>\n<\/ol>\n<h2 id=\"-v-application-scenarios-and-brand-value-\"><strong>5. Anwendungsszenarien und Markenwert<\/strong><\/h2>\n<ul>\n<li><strong>Anwendbare Szenarien<\/strong>Schmuck-Markengesch\u00e4fte, individuelle Gestaltung von hochwertigen Geschenken, gemeinsame Luxusverpackungen, Hochzeitsschmuck-Sets usw.<\/li>\n<li><strong>Bef\u00e4higung zur Marke<\/strong>: Durch die\u00a0<strong>visuelle Einheit<\/strong>\u00a0und\u00a0<strong>taktile Ged\u00e4chtnispunkte<\/strong> der Verpackung, st\u00e4rkt die Wahrnehmung der Marke als \"exquisit, professionell und umweltfreundlich\" und erh\u00f6ht die Wiederkaufrate und das soziale Kommunikationspotenzial<\/li>\n<\/ul>\n<p>Diese Verpackungsschachtel ist nicht nur ein Beh\u00e4ltnis, sondern auch ein Tr\u00e4ger von Markengeschichten und ein Ber\u00fchrungspunkt f\u00fcr die Emotionen der Benutzer, der Ihnen hilft, sich auf dem Schmuckmarkt abzuheben.<\/p>","protected":false},"excerpt":{"rendered":"<p>Diese Schmuckschubladen-Papierschachtel hat eine gr\u00f6\u00dfere visuelle Wirkung und ein Gef\u00fchl von Ritual als die traditionelle Methode zum \u00d6ffnen der Schachtel. Das LOGO ist mit einer Pr\u00e4gung versehen, die ein Gef\u00fchl der visuellen Raffinesse und ein reiches taktiles Erlebnis vermittelt.<\/p>","protected":false},"featured_media":316,"template":"","meta":{"_kad_post_transparent":"default","_kad_post_title":"","_kad_post_layout":"default","_kad_post_sidebar_id":"","_kad_post_content_style":"default","_kad_post_vertical_padding":"default","_kad_post_feature":"","_kad_post_feature_position":"","_kad_post_header":false,"_kad_post_footer":false,"_kad_post_classname":""},"product_brand":[],"product_cat":[15,20,17],"product_tag":[101,100,99],"class_list":{"0":"post-314","1":"product","2":"type-product","3":"status-publish","4":"has-post-thumbnail","6":"product_cat-red-light-therapy","7":"product_cat-led-face-light-therapy","8":"product_cat-services","9":"product_tag-custom-boxes-wholesale","10":"product_tag-jewelry-packaging-boxes","11":"product_tag-jewelry-rigid-boxes","13":"first","14":"instock","15":"shipping-taxable","16":"product-type-simple","17":"entry","18":"content-bg","19":"loop-entry"},"_links":{"self":[{"href":"https:\/\/red-lighttherapy.com\/de_de\/wp-json\/wp\/v2\/product\/314","targetHints":{"allow":["GET"]}}],"collection":[{"href":"https:\/\/red-lighttherapy.com\/de_de\/wp-json\/wp\/v2\/product"}],"about":[{"href":"https:\/\/red-lighttherapy.com\/de_de\/wp-json\/wp\/v2\/types\/product"}],"wp:featuredmedia":[{"embeddable":true,"href":"https:\/\/red-lighttherapy.com\/de_de\/wp-json\/wp\/v2\/media\/316"}],"wp:attachment":[{"href":"https:\/\/red-lighttherapy.com\/de_de\/wp-json\/wp\/v2\/media?parent=314"}],"wp:term":[{"taxonomy":"product_brand","embeddable":true,"href":"https:\/\/red-lighttherapy.com\/de_de\/wp-json\/wp\/v2\/product_brand?post=314"},{"taxonomy":"product_cat","embeddable":true,"href":"https:\/\/red-lighttherapy.com\/de_de\/wp-json\/wp\/v2\/product_cat?post=314"},{"taxonomy":"product_tag","embeddable":true,"href":"https:\/\/red-lighttherapy.com\/de_de\/wp-json\/wp\/v2\/product_tag?post=314"}],"curies":[{"name":"wp","href":"https:\/\/api.w.org\/{rel}","templated":true}]}}