{"id":308,"date":"2025-04-11T01:44:45","date_gmt":"2025-04-11T01:44:45","guid":{"rendered":"https:\/\/red-lighttherapy.com\/?post_type=product&#038;p=308"},"modified":"2025-04-11T02:01:12","modified_gmt":"2025-04-11T02:01:12","slug":"premium-quality-custom-tea-packaging-pouches-boxes-wholesale","status":"publish","type":"product","link":"https:\/\/red-lighttherapy.com\/de_de\/premium-quality-custom-tea-packaging-pouches-boxes-wholesale\/","title":{"rendered":"Premium-Qualit\u00e4t benutzerdefinierte Tee Verpackung Beutel Boxen Gro\u00dfhandel"},"content":{"rendered":"<h2 id=\"-high-end-customized-tea-gift-box-a-packaging-solution-that-combines-traditional-aesthetics-with-modern-practicality-\"><strong>Premium-Qualit\u00e4t benutzerdefinierte Tee-Verpackung Beutel Boxen Gro\u00dfhandel - eine Verpackungsl\u00f6sung, die traditionelle \u00c4sthetik mit moderner Praktikabilit\u00e4t kombiniert<\/strong><\/h2>\n<h2 id=\"-1-core-material-a-perfect-balance-between-environmental-protection-and-pressure-resistance-\"><strong>1. Kernmaterial: ein perfektes Gleichgewicht zwischen Umweltschutz und Druckbest\u00e4ndigkeit<\/strong><\/h2>\n<p>Diese Tee-Verpackungsschachtel ist mit einem\u00a0<strong>Doppellagige Verbundstruktur\u00a0<\/strong>: die \u00e4u\u00dfere Schicht ist\u00a0<strong>FSC-zertifizierter roter Karton\u00a0<\/strong>und die innere Schicht wird erg\u00e4nzt durch\u00a0<strong>Graupappe mit hoher Dichte\u00a0<\/strong>und erzielt damit einen doppelten Durchbruch in Sachen Umweltschutz und Funktionalit\u00e4t.<\/p>\n<ul>\n<li><strong>Umweltzertifizierung\u00a0<\/strong>: SGS-Pr\u00fcfung und EN71-Sicherheitsstandards bestanden, Verwendung von reinem Zellstoff und lebensmittelechten Farbstoffen, um den direkten Kontakt mit Teebl\u00e4ttern zu gew\u00e4hrleisten.<\/li>\n<li><strong>Widerstand gegen Kompression\u00a0<\/strong>: Laut Labortests kann die Schachtel 15 kg tragen, ohne sich zu verformen, und ihre erdbebensichere Leistung ist 30% besser als der Industriestandard (Daten aus dem Wei\u00dfbuch der Packaging Industry Association).<\/li>\n<li><strong>Detailbearbeitung\u00a0<\/strong>: Die Oberfl\u00e4che ist mit einer matten Folie bedeckt, die sich zart anf\u00fchlt, Fingerabdr\u00fccke verhindert und die hochwertige Textur hervorhebt.<\/li>\n<\/ul>\n<h2 id=\"-ii-humanized-design-innovative-experience-of-pull-out-opening-and-closing-\"><strong>2. Humanisiertes Design: innovative Erfahrung beim \u00d6ffnen und Schlie\u00dfen des Auszugs<\/strong><\/h2>\n<p>\u00dcbernahme von\u00a0<strong>Schwerkraft-Kernauszugssystem<\/strong>Das System erm\u00f6glicht einen reibungslosen Betrieb \"\u00d6ffnen mit einem Hub und Schlie\u00dfen mit einem Druck\":<\/p>\n<ul>\n<li><strong>Aufgewerteter Sinn f\u00fcr Zeremonien<\/strong>: Das 3 mm dicke D\u00e4mpfungsdesign macht den Ausziehvorgang wie das \u00d6ffnen eines wertvollen Buches und verbessert das interaktive Erlebnis der Verbraucher.<\/li>\n<li><strong>Stabile Struktur<\/strong>: Die Schiene ist mit einer um 45\u00b0 geneigten Verst\u00e4rkung ausgestattet und bleibt auch nach 5000 \u00d6ffnungs- und Schlie\u00dftests (gem\u00e4\u00df GB\/T 4857-Norm) glatt wie zuvor.<\/li>\n<li><strong>Raumoptimierung<\/strong>: Die Tiefe der Box ist 20% weniger als die der traditionellen Clamshell-Typ, der mehr f\u00fcr Supermarkt-Display und Lagerung und Transport geeignet ist.<\/li>\n<\/ul>\n<h2 id=\"-iii-visual-communication-modern-expression-of-oriental-aesthetics-\"><strong>3. Visuelle Kommunikation: moderner Ausdruck der orientalischen \u00c4sthetik<\/strong><\/h2>\n<p><strong>Sprache des Designs<\/strong>\u00a0ist \"weniger ist mehr\" das zentrale Konzept:<\/p>\n<ul>\n<li><strong>Farbsystem<\/strong>: Die Hauptfarbe ist\u00a0<strong>Rote Mauer der Verbotenen Stadt (Pantone 18-1663TPX)<\/strong>die W\u00fcrde und Verhei\u00dfung symbolisiert. Es ist farbpsychologisch erwiesen, dass sie die Bereitschaft, Geschenke zu kaufen, um 32% erh\u00f6hen kann.<\/li>\n<li><strong>Visueller Fokus<\/strong>2mm hei\u00dfgepr\u00e4gtes, mattgoldenes Logo in der Mitte, kombiniert mit 0,3mm ultrafeinem, konkavem Rahmen, erh\u00f6ht den Wiedererkennungswert der Marke um 57% (Daten aus einer Umfrage der China Packaging Design Association).<\/li>\n<li><strong>Kulturelle Symbole<\/strong>: Optional 24 Solar-Begriffe Hei\u00dfpr\u00e4gung Muster oder Tea Horse Ancient Road Relief Handwerkskunst zu vertiefen kulturellen Attribute.<\/li>\n<\/ul>\n<h2 id=\"-fourth-lining-protection-dual-upgrade-of-function-and-aesthetics-\"><strong>4. Schutz der Auskleidung: doppelte Aufwertung von Funktion und \u00c4sthetik<\/strong><\/h2>\n<p>Innovativ\u00a0<strong>dreistufiges Puffersystem<\/strong>\u00a0gew\u00e4hrleistet die Sicherheit des Tees:<\/p>\n<ol>\n<li><strong>Schutz der ersten Schicht<\/strong>2mm schwarzer EVA-Schaumstoff als innere St\u00fctze, bestandener ISTA 3A Transportteststandard<\/li>\n<li><strong>Stabilit\u00e4t der mittleren Schicht<\/strong>: gewellte Trennwand aus Pappe, zerstreut effektiv die Auswirkungen externer Kr\u00e4fte<\/li>\n<li><strong>Unterst\u00fctzung der unteren Schicht<\/strong>Schwefels\u00e4urepapier in Lebensmittelqualit\u00e4t ist unabh\u00e4ngig verpackt und hat einen Feuchtigkeitsschutz von 98,7%\u00a0<em>Hinweis: Die schwarze Kartonauskleidung wird mit einem LAB-Farbmessger\u00e4t kalibriert, was den Farbkontrast des Tees um 41% erh\u00f6hen kann.<\/em><\/li>\n<\/ol>\n<h2 id=\"-five-flexible-customization-adapt-to-full-scene-needs-\"><strong>5. Flexible Anpassung: Anpassung an alle Bed\u00fcrfnisse der Szene<\/strong><\/h2>\n<p>Wir bieten\u00a0<strong>modulare Anpassungsdienste<\/strong>:<\/p>\n<ul>\n<li><strong>Anpassung der Gr\u00f6\u00dfe<\/strong>Unterst\u00fctzung von 50g-5kg mit voller Spezifikation, spezieller Box-Typ 3D-Proofing-Zyklus betr\u00e4gt nur 24 Stunden<\/li>\n<li><strong>Funktionserweiterung<\/strong>Optionaler NFC-Chip zur F\u00e4lschungssicherheit im Lager\/AR-Scanfenster und andere intelligente Module<\/li>\n<li><strong>Dienstleistung mit Mehrwert<\/strong>: kostenloses Marketing-Materialpaket (einschlie\u00dflich eines kurzen Unboxing-Videos, einer Vorlage f\u00fcr eine E-Commerce-Detailseite)<\/li>\n<\/ul>\n<h2 id=\"-cooperation-process-\"><strong>Prozess der Zusammenarbeit<\/strong><\/h2>\n<ol>\n<li><strong>Anforderungsbest\u00e4tigung<\/strong>: Geben Sie die Anforderungen an die Produktgr\u00f6\u00dfe\/Szenenpositionierung\/kulturelle Elemente an<\/li>\n<li><strong>Ausgabe der L\u00f6sung<\/strong>: Vorlage von 3 Entwurfsvorschl\u00e4gen innerhalb von 3 Arbeitstagen<\/li>\n<li><strong>Best\u00e4tigung der Korrekturen<\/strong>: Unterst\u00fctzung der doppelten \u00dcberpr\u00fcfung von physischen und 3D-Modellen<\/li>\n<li><strong>Massenproduktion<\/strong>: Mindestbestellmenge 1.000 St\u00fcck, direkter Versand aus drei Lagern in Ostchina\/S\u00fcdchina\/S\u00fcdwestchina<\/li>\n<\/ol>","protected":false},"excerpt":{"rendered":"<p>Diese Box hat ein klassisches Schubladenpapier zum \u00d6ffnen und Schlie\u00dfen. Sie besteht aus rotem Hartkarton und grauem Kunstkarton, also aus nachhaltigen und umweltfreundlichen Materialien, die die Produkte im Inneren der Box sch\u00fctzen k\u00f6nnen.<\/p>","protected":false},"featured_media":311,"template":"","meta":{"_kad_post_transparent":"default","_kad_post_title":"","_kad_post_layout":"default","_kad_post_sidebar_id":"","_kad_post_content_style":"default","_kad_post_vertical_padding":"default","_kad_post_feature":"","_kad_post_feature_position":"","_kad_post_header":false,"_kad_post_footer":false,"_kad_post_classname":""},"product_brand":[],"product_cat":[15,20,17],"product_tag":[98,96,97],"class_list":{"0":"post-308","1":"product","2":"type-product","3":"status-publish","4":"has-post-thumbnail","6":"product_cat-red-light-therapy","7":"product_cat-led-face-light-therapy","8":"product_cat-services","9":"product_tag-custom-tea-packaging-wholesale","10":"product_tag-tea-packaging-boxes","11":"product_tag-tea-pouches-boxes","13":"first","14":"instock","15":"shipping-taxable","16":"product-type-simple","17":"entry","18":"content-bg","19":"loop-entry"},"_links":{"self":[{"href":"https:\/\/red-lighttherapy.com\/de_de\/wp-json\/wp\/v2\/product\/308","targetHints":{"allow":["GET"]}}],"collection":[{"href":"https:\/\/red-lighttherapy.com\/de_de\/wp-json\/wp\/v2\/product"}],"about":[{"href":"https:\/\/red-lighttherapy.com\/de_de\/wp-json\/wp\/v2\/types\/product"}],"wp:featuredmedia":[{"embeddable":true,"href":"https:\/\/red-lighttherapy.com\/de_de\/wp-json\/wp\/v2\/media\/311"}],"wp:attachment":[{"href":"https:\/\/red-lighttherapy.com\/de_de\/wp-json\/wp\/v2\/media?parent=308"}],"wp:term":[{"taxonomy":"product_brand","embeddable":true,"href":"https:\/\/red-lighttherapy.com\/de_de\/wp-json\/wp\/v2\/product_brand?post=308"},{"taxonomy":"product_cat","embeddable":true,"href":"https:\/\/red-lighttherapy.com\/de_de\/wp-json\/wp\/v2\/product_cat?post=308"},{"taxonomy":"product_tag","embeddable":true,"href":"https:\/\/red-lighttherapy.com\/de_de\/wp-json\/wp\/v2\/product_tag?post=308"}],"curies":[{"name":"wp","href":"https:\/\/api.w.org\/{rel}","templated":true}]}}