{"id":302,"date":"2025-04-10T14:48:23","date_gmt":"2025-04-10T14:48:23","guid":{"rendered":"https:\/\/red-lighttherapy.com\/?post_type=product&#038;p=302"},"modified":"2025-04-11T01:44:37","modified_gmt":"2025-04-11T01:44:37","slug":"custom-triangular-packaging-rigid-boxes-wholesale-with-logo","status":"publish","type":"product","link":"https:\/\/red-lighttherapy.com\/de_de\/custom-triangular-packaging-rigid-boxes-wholesale-with-logo\/","title":{"rendered":"Benutzerdefinierte dreieckige Verpackung Starre Boxen Gro\u00dfhandel mit Logo"},"content":{"rendered":"<h2 id=\"customized-triangular-packaging-hard-box-products\">Benutzerdefinierte dreieckige Verpackung Starre Boxen Gro\u00dfhandel mit Logo<\/h2>\n<h2 id=\"-1-unique-design-subverting-traditional-visual-experience-\"><strong>1. Einzigartiges Design, das die traditionelle visuelle Erfahrung umst\u00f6\u00dft<\/strong><\/h2>\n<p>Dieser Verpackungskarton hat eine innovative dreieckige, dreidimensionale Struktur, die die Grenzen herk\u00f6mmlicher quadratischer Kartons sprengt und die geometrische \u00c4sthetik nutzt, um den Wiedererkennungswert und die visuelle Wirkung der Marke zu erh\u00f6hen.<\/p>\n<h2 id=\"-2-minimalist-aesthetic-design-strengthening-brand-memory-\"><strong>2. Minimalistisches \u00e4sthetisches Design, das die Erinnerung an die Marke st\u00e4rkt<\/strong><\/h2>\n<p>Die Verpackung ist in den klassischen Farben Schwarz und Wei\u00df gehalten. Der gesamte Korpus ist aus reinem schwarzem Karton mit 1200 g einseitiger schwarzer und grauer Pappmontage gefertigt. Er f\u00fchlt sich zart an und hat eine dicke Textur, die die dreidimensionale Form der dreieckigen Hartschachtel perfekt unterst\u00fctzt. Die Oberfl\u00e4che der Schachtel ist mit wei\u00dfem Markentext oder Grafiken verziert, die einen starken visuellen Kontrast bilden, der einfach und stimmungsvoll ist und gleichzeitig den hochwertigen Ton der Marke vermittelt. Das Logo wird im Hei\u00dfpr\u00e4geverfahren aufgebracht, um die Textur durch metallischen Glanz zu verst\u00e4rken. Es kann auch auf Anfrage f\u00fcr lokale UV-, Pr\u00e4ge-, Mattierungs- und andere Verfahren angepasst werden, um die verschiedenen Anforderungen an den Markenausdruck zu erf\u00fcllen.<\/p>\n<h2 id=\"-3-environmentally-friendly-materials-and-craftsmanship-taking-into-account-both-quality-and-sustainability-\"><strong>3. Umweltfreundliche Materialien und Handwerkskunst unter Ber\u00fccksichtigung von Qualit\u00e4t und Nachhaltigkeit<\/strong><\/h2>\n<ul>\n<li><strong>Hauptmaterial<\/strong>: Ausgew\u00e4hlter umweltfreundlicher schwarzer Karton mit neutralem PH-Wert, 100% recycelbar und im Einklang mit internationalen Umweltstandards; 1200g Graukarton mit hoher Dichte sorgen daf\u00fcr, dass der Karton stabil und langlebig ist.<\/li>\n<li><strong>Kunsthandwerk<\/strong>: Die Oberfl\u00e4che kann zur Verbesserung der Wasserdichtigkeit und des Bewuchsschutzes optional mit einer gl\u00e4nzenden Folie\/Unterfolie, einer Pr\u00e4gung usw. beschichtet werden; bei Hei\u00dfpr\u00e4gung, UV- und anderen Verfahren werden ungiftige und umweltfreundliche Farben verwendet, die SGS-zertifiziert sind.<\/li>\n<\/ul>\n<h2 id=\"-4-customized-inner-support-solution-precise-adaptation-to-product-protection-\"><strong>4. Ma\u00dfgeschneiderte innere St\u00fctzl\u00f6sung, pr\u00e4zise Anpassung an den Produktschutz<\/strong><\/h2>\n<p>Je nach den Eigenschaften der Kundenprodukte bieten wir eine Vielzahl von umweltfreundlichen Materialien f\u00fcr die Innenpolsterung an, wie z. B. Schwamm, EVA, Perlwatte usw., und sorgen durch pr\u00e4zise Form\u00f6ffnungen f\u00fcr eine perfekte Anpassung an die Produktform, um ein Ersch\u00fcttern beim Transport zu verhindern. Der Innentr\u00e4ger kann als Sektionsstruktur, Blistertyp oder weiche Auskleidungsstruktur gestaltet werden und eignet sich f\u00fcr verschiedene Kategorien wie Schmuck, elektronisches Zubeh\u00f6r und Pr\u00e4zisionsinstrumente.<\/p>\n<h2 id=\"-5-wide-application-fields-and-brand-empowerment-\"><strong>5. Breite Anwendungsbereiche und St\u00e4rkung der Marke<\/strong><\/h2>\n<p>Dieser dreieckige Verpackungskarton ist f\u00fcr Produkte mit hoher Wertsch\u00f6pfung konzipiert, die in den folgenden Branchen eingesetzt werden:<\/p>\n<ul>\n<li><strong>Mode-Accessoires<\/strong>: wie z.B. leichter Luxusschmuck und Designerschmuck, der die k\u00fcnstlerische Note hervorhebt.<\/li>\n<li><strong>Trendiges Spielzeug<\/strong>: wie z. B. Blindschachteln und Figuren, die durch einzigartige Formen junge Verbrauchergruppen ansprechen.<\/li>\n<li><strong>Hochwertige Schreibwaren<\/strong>: wie z. B. Stifte in limitierter Auflage und Kunstnotizb\u00fccher, die die Eigenschaften des Geschenks aufwerten.<\/li>\n<li><strong>Essen\/Tee<\/strong>: kann mit Hei\u00dfpr\u00e4getechnik und feuchtigkeitsdichtem Innenfutter ausgestattet werden und eignet sich f\u00fcr Weihnachtsgeschenkboxen.<\/li>\n<\/ul>\n<h2 id=\"-6-leading-enterprise-strength-guarantee-full-link-service-support-\"><strong>6. F\u00fchrende Unternehmen St\u00e4rke Garantie, Full-Link-Service-Unterst\u00fctzung<\/strong><\/h2>\n<p>Als ein f\u00fchrendes Unternehmen in der Druck- und Verpackungsindustrie haben wir mehr als 2.500 in- und ausl\u00e4ndische Marken bedient und bieten die folgenden Kernvorteile:<\/p>\n<ul>\n<li><strong>Flexible Produktion<\/strong>Unterst\u00fctzung von 500 St\u00fcck Mindestbestellungen, t\u00e4gliche Produktionskapazit\u00e4t von Millionen, um die Bed\u00fcrfnisse dringender Auftr\u00e4ge zu erf\u00fcllen.<\/li>\n<li><strong>Vollst\u00e4ndiger Prozess-Service<\/strong>Von der Optimierung des Entwurfs (Unterst\u00fctzung des AI\/CDR\/AI-Formats) \u00fcber die Best\u00e4tigung der Korrektur bis hin zur Massenproduktion, 7-14 Tage extrem schnelle Lieferung.<\/li>\n<li><strong>Garantie nach dem Verkauf<\/strong>: Wir bieten Schadensersatz, Logistikverfolgung und Lagermanagement, und die Reaktionszeit nach dem Verkauf betr\u00e4gt weniger als 24 Stunden.<\/li>\n<\/ul>\n<h2 id=\"-technical-parameters-\"><strong>Technische Parameter<\/strong><\/h2>\n<table>\n<thead>\n<tr>\n<th>Projekt<\/th>\n<th>Spezifikationen<\/th>\n<\/tr>\n<\/thead>\n<tbody>\n<tr>\n<td>Material<\/td>\n<td>Umweltfreundlicher schwarzer Karton + 1200g einseitige schwarze Graupappe<\/td>\n<\/tr>\n<tr>\n<td>Prozess<\/td>\n<td>Hei\u00dfpr\u00e4gefolie \/ Spot UV \/ Pr\u00e4gung \/ Laminierung (optional)<\/td>\n<\/tr>\n<tr>\n<td>Gr\u00f6\u00dfe<\/td>\n<td>Unterst\u00fctzung 1-100cm Anpassung<\/td>\n<\/tr>\n<tr>\n<td>Mindestbestellmenge<\/td>\n<td>500 St\u00fcck<\/td>\n<\/tr>\n<tr>\n<td>Lieferzyklus<\/td>\n<td>7-14 Tage (je nach Komplexit\u00e4t des Verfahrens angepasst)<\/td>\n<\/tr>\n<\/tbody>\n<\/table>\n<h2 id=\"-cooperation-process-\"><strong>Prozess der Zusammenarbeit<\/strong><\/h2>\n<ol>\n<li><strong>Best\u00e4tigung verlangen<\/strong>: Geben Sie Produktgr\u00f6\u00dfe, Designentwurf und Prozessanforderungen an.<\/li>\n<li><strong>\u00dcberpr\u00fcfung der Korrektheit<\/strong>: Bereitstellung von Musterkartons innerhalb von 3-5 Arbeitstagen.<\/li>\n<li><strong>Massenproduktion<\/strong>: Beginn der Produktion nach Vorauszahlung und \u00dcberwachung der Qualit\u00e4tskontrolle w\u00e4hrend des gesamten Prozesses.<\/li>\n<li><strong>Logistik Lieferung<\/strong>: Wir unterst\u00fctzen den weltweiten Frachtverkehr und bieten sto\u00dfsichere Verpackungsl\u00f6sungen.<\/li>\n<\/ol>","protected":false},"excerpt":{"rendered":"<p>Diese Box hat eine einzigartige dreieckige Form und bricht mit der herk\u00f6mmlichen quadratischen Boxform. Die obere und untere Box ist leicht zu \u00f6ffnen und zu schlie\u00dfen, was das Auspacken erleichtert<\/p>","protected":false},"featured_media":305,"template":"","meta":{"_kad_post_transparent":"default","_kad_post_title":"","_kad_post_layout":"default","_kad_post_sidebar_id":"","_kad_post_content_style":"default","_kad_post_vertical_padding":"default","_kad_post_feature":"","_kad_post_feature_position":"","_kad_post_header":false,"_kad_post_footer":false,"_kad_post_classname":""},"product_brand":[],"product_cat":[15,19,17],"product_tag":[95,93,94],"class_list":{"0":"post-302","1":"product","2":"type-product","3":"status-publish","4":"has-post-thumbnail","6":"product_cat-red-light-therapy","7":"product_cat-red-light-therapy-stand","8":"product_cat-services","9":"product_tag-triangular-boxes-wholesale","10":"product_tag-triangular-packaging-boxes","11":"product_tag-triangular-rigid-boxes","13":"first","14":"instock","15":"shipping-taxable","16":"product-type-simple","17":"entry","18":"content-bg","19":"loop-entry"},"_links":{"self":[{"href":"https:\/\/red-lighttherapy.com\/de_de\/wp-json\/wp\/v2\/product\/302","targetHints":{"allow":["GET"]}}],"collection":[{"href":"https:\/\/red-lighttherapy.com\/de_de\/wp-json\/wp\/v2\/product"}],"about":[{"href":"https:\/\/red-lighttherapy.com\/de_de\/wp-json\/wp\/v2\/types\/product"}],"wp:featuredmedia":[{"embeddable":true,"href":"https:\/\/red-lighttherapy.com\/de_de\/wp-json\/wp\/v2\/media\/305"}],"wp:attachment":[{"href":"https:\/\/red-lighttherapy.com\/de_de\/wp-json\/wp\/v2\/media?parent=302"}],"wp:term":[{"taxonomy":"product_brand","embeddable":true,"href":"https:\/\/red-lighttherapy.com\/de_de\/wp-json\/wp\/v2\/product_brand?post=302"},{"taxonomy":"product_cat","embeddable":true,"href":"https:\/\/red-lighttherapy.com\/de_de\/wp-json\/wp\/v2\/product_cat?post=302"},{"taxonomy":"product_tag","embeddable":true,"href":"https:\/\/red-lighttherapy.com\/de_de\/wp-json\/wp\/v2\/product_tag?post=302"}],"curies":[{"name":"wp","href":"https:\/\/api.w.org\/{rel}","templated":true}]}}