{"id":296,"date":"2025-04-10T14:37:20","date_gmt":"2025-04-10T14:37:20","guid":{"rendered":"https:\/\/red-lighttherapy.com\/?post_type=product&#038;p=296"},"modified":"2025-04-10T14:47:44","modified_gmt":"2025-04-10T14:47:44","slug":"wholesale-perfume-cosmetic-packaging-gift-boxes-supplier","status":"publish","type":"product","link":"https:\/\/red-lighttherapy.com\/de_de\/wholesale-perfume-cosmetic-packaging-gift-boxes-supplier\/","title":{"rendered":"Gro\u00dfhandel Parf\u00fcm kosmetische Verpackung Geschenkboxen Lieferant"},"content":{"rendered":"<h3 id=\"product-description-of-perfume-and-cosmetics-gift-box-with-top-and-bottom-cover\">Gro\u00dfhandel Parf\u00fcm kosmetische Verpackung Geschenkboxen Lieferant<\/h3>\n<h2 id=\"-1-top-and-bottom-cover-box-design-combining-practicality-and-aesthetic-value-\"><strong>1. Top- und Bottom-Box-Design, das Zweckm\u00e4\u00dfigkeit und \u00c4sthetik miteinander verbindet<\/strong><\/h2>\n<p>Diese Geschenkbox ist eine klassische Box mit Deckel und Boden, die eine einfache und stabile Struktur aufweist. Die obere Abdeckung und die untere Box sind durch pr\u00e4zises Einstecken oder magnetische Ansaugung verbunden, die bequem zu \u00f6ffnen und zu schlie\u00dfen und voller rituellen Sinn ist.<\/p>\n<h2 id=\"-2-high-standard-material-combination-taking-into-account-both-protection-and-texture-\"><strong>2. Hochwertige Materialkombination, die sowohl den Schutz als auch die Beschaffenheit ber\u00fccksichtigt<\/strong><\/h2>\n<ul>\n<li><strong>\u00c4u\u00dferes Material des Kartons<\/strong>: 157g beschichtete Papierkaschierung + 1200G Graupappe werden ausgew\u00e4hlt, die eine hohe Steifigkeit und eine starke Druckbest\u00e4ndigkeit haben, die effektiv Kollisionen und Extrusion w\u00e4hrend des Transports widerstehen k\u00f6nnen und die Sicherheit der internen Produkte gew\u00e4hrleisten.<\/li>\n<li><strong>Design der Innenbox<\/strong>: Die Oberfl\u00e4che der Innenschachtel ist mit einem Silberblitzeffekt versehen, der in Kombination mit dem Sieb- oder Tiefdruckverfahren einen metallischen Glanz und eine zarte Haptik aufweist, was den Luxus der gesamten Verpackung unterstreicht.<\/li>\n<\/ul>\n<h2 id=\"-3-high-end-craft-details-creating-a-dual-visual-and-tactile-experience-\"><strong>3. Hochwertige handwerkliche Details, die ein doppeltes visuelles und taktiles Erlebnis schaffen<\/strong><\/h2>\n<ul>\n<li><strong>Gepr\u00e4gte Handwerkskunst<\/strong>: Die Oberfl\u00e4che der \u00e4u\u00dferen Schachtel wird durch dreidimensionale Pr\u00e4getechnik mit Mustern oder Markenlogos gestaltet, um die visuelle Raffinesse und die taktile Schichtung zu verbessern.<\/li>\n<li><strong>Hei\u00dfes Silber und partielles UV<\/strong>: Das Logo und der Text auf der Oberfl\u00e4che der Schachtel sind silberfarben und teilweise mit UV-Lack \u00fcberzogen, wodurch ein matter und gl\u00e4nzender Kontrast entsteht, der den Markenton und die Produktqualit\u00e4t noch st\u00e4rker hervorhebt.<\/li>\n<\/ul>\n<h2 id=\"-4-customized-lining-structure-all-round-product-protection-\"><strong>4. Ma\u00dfgeschneiderte Auskleidungsstruktur, umfassender Produktschutz<\/strong><\/h2>\n<p>Das innere Tablett besteht aus schwarzem EVA-Material mit weichem Samt auf der Oberfl\u00e4che, das nicht nur Parf\u00fcmflaschen oder Kosmetika fixieren, sondern auch Vibrationen d\u00e4mpfen und Kratzer verhindern kann. Es unterst\u00fctzt die individuelle Anpassung und kann je nach Kundenwunsch durch hochdichten Schaumstoff, Beflockung oder abbaubare Materialien ersetzt werden, um sich an die Form und den Schutzbedarf verschiedener Produkte anzupassen.<\/p>\n<h2 id=\"-5-simple-aesthetic-design-conveying-the-high-end-image-of-the-brand-\"><strong>5. Einfaches \u00e4sthetisches Design, das das hochwertige Image der Marke vermittelt<\/strong><\/h2>\n<p>Die Gesamtverpackung ist haupts\u00e4chlich in Schwarz und Silber gehalten, mit einem einfachen Markenlogo und Textlayout, das einen hochwertigen, modischen und professionellen visuellen Stil schafft. Die Designsprache folgt dem Prinzip \"weniger ist mehr\" und st\u00e4rkt den Wiedererkennungswert der Marke durch Farbkontrast und Blanko-Verarbeitung.<\/p>\n<h2 id=\"-6-personalized-customization-service-to-meet-diverse-needs-\"><strong>6. Personalisierter Anpassungsservice f\u00fcr unterschiedliche Bed\u00fcrfnisse<\/strong><\/h2>\n<p>Wir bieten kundenspezifische Dienstleistungen vom Entwurf bis zur Produktion aus einer Hand:<\/p>\n<ul>\n<li><strong>Strukturelle Innovation<\/strong>: Unterst\u00fctzt taillierte, schr\u00e4ge \u00d6ffnungen, transparente Acrylabdeckungen und andere Ableitungsboxen mit Ober- und Unterseite und kann mit kreativen Strukturen wie Rotation und Beleuchtung kombiniert werden, um die Interaktivit\u00e4t zu erh\u00f6hen.<\/li>\n<li><strong>Flexibles Verfahren<\/strong>: Unterst\u00fctzt Offsetdruck, Tiefdruck, Hei\u00dfpr\u00e4gung, Siebdruck und andere Verfahrenskombinationen, um den Anforderungen von personalisierten Kleinserienbestellungen gerecht zu werden.<\/li>\n<li><strong>Anpassung der Marke<\/strong>: Ein genaues Farbmanagement kann entsprechend der Markenfarbkarte des Kunden durchgef\u00fchrt werden, um sicherzustellen, dass das Druckergebnis in hohem Ma\u00dfe mit dem Markenstandard \u00fcbereinstimmt.<\/li>\n<\/ul>\n<h2 id=\"-7-large-scale-production-capacity-to-ensure-quality-and-delivery-\"><strong>7. Gro\u00df angelegte Produktionskapazit\u00e4ten zur Gew\u00e4hrleistung von Qualit\u00e4t und Lieferung<\/strong><\/h2>\n<p>Die Fabrik erstreckt sich \u00fcber eine Fl\u00e4che von 5.320 Quadratmetern und verf\u00fcgt \u00fcber 16 Jahre professionelle Produktionserfahrung. Es ist mit automatisierten Produktionslinien und fortschrittlichen Druckanlagen (wie Offsetdruckmaschinen und UV-Druckmaschinen) ausgestattet. Durch standardisierte Prozesse und strenge Qualit\u00e4tskontrollsysteme wird ein t\u00e4glicher Aussto\u00df von mehr als 100.000 St\u00fcck erreicht, um die stabile Lieferung und Qualit\u00e4tskonsistenz von Gro\u00dfauftr\u00e4gen zu gew\u00e4hrleisten.<\/p>\n<h2 id=\"-advantages-of-cooperation-\"><strong>Vorteile der Zusammenarbeit<\/strong>:<\/h2>\n<ul>\n<li><strong>Kostenoptimierung<\/strong>: Wir bieten unseren Kunden kosteneffiziente L\u00f6sungen durch die Optimierung von Beschaffungs- und Produktionsprozessen in gro\u00dfem Ma\u00dfstab.<\/li>\n<li><strong>Konzept zum Schutz der Umwelt<\/strong>: Optionale umweltfreundliche Materialien (z. B. recycelter Karton, abbaubares EVA), um dem Trend zur nachhaltigen Entwicklung gerecht zu werden.<\/li>\n<li><strong>Unterst\u00fctzung nach dem Verkauf<\/strong>: Wir bieten einen umfassenden Service, wie z. B. die \u00dcberpr\u00fcfung von Entw\u00fcrfen, die Best\u00e4tigung von Korrekturen, die logistische Verfolgung usw., und versprechen eine R\u00fcckgabe- und Umtauschgarantie bei Qualit\u00e4tsproblemen.<\/li>\n<\/ul>","protected":false},"excerpt":{"rendered":"<p>Diese Box hat eine einfache und elegante Struktur, l\u00e4sst sich leicht \u00f6ffnen und schlie\u00dfen und ist mit einer handwerklichen Pr\u00e4gung versehen, die ein Gef\u00fchl der visuellen Raffinesse und ein reiches haptisches Erlebnis vermittelt.<\/p>","protected":false},"featured_media":298,"template":"","meta":{"_kad_post_transparent":"default","_kad_post_title":"","_kad_post_layout":"default","_kad_post_sidebar_id":"","_kad_post_content_style":"default","_kad_post_vertical_padding":"default","_kad_post_feature":"","_kad_post_feature_position":"","_kad_post_header":false,"_kad_post_footer":false,"_kad_post_classname":""},"product_brand":[],"product_cat":[15,28,19,17],"product_tag":[91,90,92],"class_list":{"0":"post-296","1":"product","2":"type-product","3":"status-publish","4":"has-post-thumbnail","6":"product_cat-red-light-therapy","7":"product_cat-customize","8":"product_cat-red-light-therapy-stand","9":"product_cat-services","10":"product_tag-cosmetic-packaging-supplier","11":"product_tag-perfume-boxes","12":"product_tag-perfume-cosmetic-gift-boxes","14":"first","15":"instock","16":"shipping-taxable","17":"product-type-simple","18":"entry","19":"content-bg","20":"loop-entry"},"_links":{"self":[{"href":"https:\/\/red-lighttherapy.com\/de_de\/wp-json\/wp\/v2\/product\/296","targetHints":{"allow":["GET"]}}],"collection":[{"href":"https:\/\/red-lighttherapy.com\/de_de\/wp-json\/wp\/v2\/product"}],"about":[{"href":"https:\/\/red-lighttherapy.com\/de_de\/wp-json\/wp\/v2\/types\/product"}],"wp:featuredmedia":[{"embeddable":true,"href":"https:\/\/red-lighttherapy.com\/de_de\/wp-json\/wp\/v2\/media\/298"}],"wp:attachment":[{"href":"https:\/\/red-lighttherapy.com\/de_de\/wp-json\/wp\/v2\/media?parent=296"}],"wp:term":[{"taxonomy":"product_brand","embeddable":true,"href":"https:\/\/red-lighttherapy.com\/de_de\/wp-json\/wp\/v2\/product_brand?post=296"},{"taxonomy":"product_cat","embeddable":true,"href":"https:\/\/red-lighttherapy.com\/de_de\/wp-json\/wp\/v2\/product_cat?post=296"},{"taxonomy":"product_tag","embeddable":true,"href":"https:\/\/red-lighttherapy.com\/de_de\/wp-json\/wp\/v2\/product_tag?post=296"}],"curies":[{"name":"wp","href":"https:\/\/api.w.org\/{rel}","templated":true}]}}