{"id":290,"date":"2025-04-10T14:24:46","date_gmt":"2025-04-10T14:24:46","guid":{"rendered":"https:\/\/red-lighttherapy.com\/?post_type=product&#038;p=290"},"modified":"2025-04-10T14:37:11","modified_gmt":"2025-04-10T14:37:11","slug":"custom-beauty-cosmetics-eyelash-serum-packaging-box-oem-odm","status":"publish","type":"product","link":"https:\/\/red-lighttherapy.com\/de_de\/custom-beauty-cosmetics-eyelash-serum-packaging-box-oem-odm\/","title":{"rendered":"Kundenspezifische Sch\u00f6nheit Kosmetik Wimpernserum Verpackung Box OEM ODM"},"content":{"rendered":"<h2 id=\"obsidian-luxury-series-magnetic-book-shaped-eyelash-essence-gift-box-oem-odm-customized-version-\">Kundenspezifische Sch\u00f6nheit Kosmetik Wimpernserum Verpackung Box OEM ODM<\/h2>\n<h2 id=\"-core-parameters-and-technical-specifications-\"><strong>Kernparameter und technische Spezifikationen<\/strong><\/h2>\n<ol>\n<li><strong>Material und Struktur<\/strong><\/li>\n<li><strong>Oberfl\u00e4che Papier<\/strong>: Ausgew\u00e4hltes, hochgl\u00e4nzend beschichtetes 157G-Papier mit mattem Film auf der Oberfl\u00e4che, das sich zart anf\u00fchlt, verschlei\u00dffest ist und nicht verschmutzt.<\/li>\n<li><strong>Substrat<\/strong>: Verwendung von 1200GSM Graupappe mit hoher Dichte, die im Depressionsverfahren verarbeitet wird, um die Ebenheit des Kastenk\u00f6rpers zu gew\u00e4hrleisten und die Druckfestigkeit um 30% zu erh\u00f6hen, um das Produkt perfekt zu st\u00fctzen und Verformungen w\u00e4hrend des Transports zu verhindern.<\/li>\n<li><strong>Magnetisches Ansaugsystem<\/strong>: Eingebauter starker NdFeB-Magnet, die Saugkraft ist auf 0,8-1,2N genau, \u00f6ffnet und schlie\u00dft sanft und schlie\u00dft fest, gibt ein Gef\u00fchl von Ritual beim \u00d6ffnen der Box.<\/li>\n<li><strong>Erscheinungsbild und Handwerkskunst<\/strong><\/li>\n<li><strong>Farbton<\/strong>: Reiner schwarzer matter Hintergrund, tiefe obsidianfarbene Textur, die durch Sonderfarbendrucktechnologie erreicht wird, abgestimmt mit dem Markenlogo in hei\u00dfem Silber (Pantone 877C Sonderfarbe) und hei\u00dfem Rotgold (Pantone 871C Sonderfarbe), der metallische Glanzkontrast ist scharf und die visuelle Wirkung ist stark.<\/li>\n<li><strong>Genauigkeit beim Hei\u00dfpr\u00e4gen<\/strong>: \u22640,1mm Fehler, unterst\u00fctzen mehrstufige dreidimensionale Hei\u00dfpr\u00e4geeffekt, wie die Marke LOGO nimmt gepr\u00e4gte hei\u00dfe Silber + flache hei\u00dfe Rotgold \u00dcberlagerung Prozess, um die dreidimensionale Ebene zu markieren.<\/li>\n<li><strong>Schachtelart und funktionelles Design<\/strong><\/li>\n<li><strong>Buchartige Struktur<\/strong>: Obere und untere Abdeckung Flip-Top-Design, der \u00d6ffnungswinkel des Kastendeckels ist \u2265150\u00b0, und die Anzeigefl\u00e4che ist maximiert; die innere Box ist mit einer Tiefe von 5 mm eingebettet, um die Essenzflasche von Sch\u00fctteln zu verhindern.<\/li>\n<li><strong>Druckanpassung<\/strong>: Unterst\u00fctzt CMYK-Vierfarbendruck, Pantone-Farbabgleich und UV-Lackierung und kann flexibel Markengeschichten, Inhaltsstoffbeschreibungen oder Kunstillustrationen drucken, geeignet f\u00fcr limitierte Festtagsauflagen, gemeinsame Modelle und andere vielf\u00e4ltige Themen.<\/li>\n<li><strong>Konfigurationsplan f\u00fcr das innere Fach<\/strong><\/li>\n<li><strong>Material-Optionen<\/strong>:<\/li>\n<li><strong>EVA-Beflockung<\/strong>: 3 mm dick, schwarze kurze Beflockung auf der Oberfl\u00e4che, rutschfest und sto\u00dffest mit luxuri\u00f6sem Touch.<\/li>\n<li><strong>Futter aus Seidenstoff<\/strong>: 100% Maulbeerseidenstoff, wahlweise in den Farben weinrot\/dunkelgr\u00fcn\/champagner, mit handgefalteter Technik, die die hochwertige Positionierung betont.<\/li>\n<li><strong>Umweltfreundliches Papierfach<\/strong>: Abbaubare graue Karte gestanzt, Unterst\u00fctzung Einzelflasche \/ Doppelflasche Kartensteckplatz Design, geeignet f\u00fcr 15-30ml verschiedene Spezifikationen der Essenz Flasche.<\/li>\n<li><strong>Funktionserweiterung<\/strong>: Kann unsichtbare Schubladen und geschichtete Strukturen integrieren, um Anleitungen, Mascarab\u00fcrsten und anderes Zubeh\u00f6r unterzubringen.<\/li>\n<\/ol>\n<h2 id=\"-customized-service-advantages-\"><strong>Ma\u00dfgeschneiderter Service Vorteile<\/strong><\/h2>\n<ul>\n<li><strong>Anpassung des Designs<\/strong>: Bietet 8+ grundlegende Schachtelbibliotheken, wie z.B. buchf\u00f6rmige Schachteln, obere und untere Abdeckungen, Schubladen usw., unterst\u00fctzt spezielle Stanzformen (z.B. gebogene Ecken, hohle Fenster) und Kombinationen von Oberfl\u00e4chenverfahren (Pr\u00e4gung + Hei\u00dfpr\u00e4gung + Siebdruck).<\/li>\n<li><strong>Produktionszyklus<\/strong>: 5-7 Tage f\u00fcr die Anfertigung von Mustern, 15-20 Tage f\u00fcr die Lieferung der Massenproduktion (Mindestbestellmenge 1000-5000 St\u00fcck), Unterst\u00fctzung der flexiblen Produktion von Kleinserien.<\/li>\n<li><strong>Umweltzertifizierung<\/strong>: Die FSC-Forstzertifizierung wurde bestanden, das Material der Innenschale entspricht den REACH- und RoHS-Normen, und ein Bericht \u00fcber den CO2-Fu\u00dfabdruck kann vorgelegt werden.<\/li>\n<\/ul>\n<h2 id=\"-application-scenarios-and-value-enhancement-\"><strong>Anwendungsszenarien und Wertsteigerung<\/strong><\/h2>\n<ul>\n<li><strong>Image der Marke<\/strong>: Durch die schwarz-goldene \u00c4sthetik und das interaktive Design mit Magneten zum \u00d6ffnen und Schlie\u00dfen wird der Markenton \"professionell, hochwertig und exquisit\" gest\u00e4rkt und das Auspackerlebnis und die Erinnerungspunkte der Benutzer verbessert.<\/li>\n<li><strong>Bef\u00e4higung zum Marketing<\/strong>: Unterst\u00fctzung von QR-Code-Hei\u00dfpr\u00e4gung, interaktivem AR-Schichtdruck, Verkn\u00fcpfung digitaler Online-Inhalte und Integration von Produkten und Effekten.<\/li>\n<\/ul>\n<h2 id=\"-service-commitment-\"><strong>Verpflichtung zur Dienstleistung<\/strong><\/h2>\n<p>Wir bieten ODM-Unterst\u00fctzung f\u00fcr den gesamten Prozess, vom strukturellen Design \u00fcber die Materialauswahl bis hin zur Prozessimplementierung, und stellen sicher, dass jedes Glied der Marken-DNA entspricht, damit sich das Produkt auf dem High-End-Sch\u00f6nheitsmarkt abheben kann.<\/p>","protected":false},"excerpt":{"rendered":"<p>Diese Box mit Magnetverschluss l\u00e4sst sich feierlich \u00f6ffnen und schlie\u00dfen. Die exquisite Silber- und Rotgold-Hei\u00dfpr\u00e4ge-Handwerkskunst verleiht ihr einzigartigen Charme und herausragenden Stil.<\/p>","protected":false},"featured_media":292,"template":"","meta":{"_kad_post_transparent":"default","_kad_post_title":"","_kad_post_layout":"default","_kad_post_sidebar_id":"","_kad_post_content_style":"default","_kad_post_vertical_padding":"default","_kad_post_feature":"","_kad_post_feature_position":"","_kad_post_header":false,"_kad_post_footer":false,"_kad_post_classname":""},"product_brand":[],"product_cat":[15,28,17],"product_tag":[87,89,88],"class_list":{"0":"post-290","1":"product","2":"type-product","3":"status-publish","4":"has-post-thumbnail","6":"product_cat-red-light-therapy","7":"product_cat-customize","8":"product_cat-services","9":"product_tag-custom-beauty-packaging","10":"product_tag-custom-cosmetics-packaging","11":"product_tag-eyelash-serum-packaging-box","13":"first","14":"instock","15":"shipping-taxable","16":"product-type-simple","17":"entry","18":"content-bg","19":"loop-entry"},"_links":{"self":[{"href":"https:\/\/red-lighttherapy.com\/de_de\/wp-json\/wp\/v2\/product\/290","targetHints":{"allow":["GET"]}}],"collection":[{"href":"https:\/\/red-lighttherapy.com\/de_de\/wp-json\/wp\/v2\/product"}],"about":[{"href":"https:\/\/red-lighttherapy.com\/de_de\/wp-json\/wp\/v2\/types\/product"}],"wp:featuredmedia":[{"embeddable":true,"href":"https:\/\/red-lighttherapy.com\/de_de\/wp-json\/wp\/v2\/media\/292"}],"wp:attachment":[{"href":"https:\/\/red-lighttherapy.com\/de_de\/wp-json\/wp\/v2\/media?parent=290"}],"wp:term":[{"taxonomy":"product_brand","embeddable":true,"href":"https:\/\/red-lighttherapy.com\/de_de\/wp-json\/wp\/v2\/product_brand?post=290"},{"taxonomy":"product_cat","embeddable":true,"href":"https:\/\/red-lighttherapy.com\/de_de\/wp-json\/wp\/v2\/product_cat?post=290"},{"taxonomy":"product_tag","embeddable":true,"href":"https:\/\/red-lighttherapy.com\/de_de\/wp-json\/wp\/v2\/product_tag?post=290"}],"curies":[{"name":"wp","href":"https:\/\/api.w.org\/{rel}","templated":true}]}}