{"id":284,"date":"2025-04-10T14:14:31","date_gmt":"2025-04-10T14:14:31","guid":{"rendered":"https:\/\/red-lighttherapy.com\/?post_type=product&#038;p=284"},"modified":"2025-04-10T14:24:36","modified_gmt":"2025-04-10T14:24:36","slug":"wholesale-custom-cosmetic-essential-oil-packaging-boxes","status":"publish","type":"product","link":"https:\/\/red-lighttherapy.com\/de_de\/wholesale-custom-cosmetic-essential-oil-packaging-boxes\/","title":{"rendered":"Gro\u00dfhandel benutzerdefinierte kosmetische \u00e4therisches \u00d6l Verpackung Boxen"},"content":{"rendered":"<h3 id=\"high-end-customized-cosmetic-essential-oil-packaging-box-a-comprehensive-solution-that-integrates-craft-aesthetics-and-functionality\">Gro\u00dfhandel benutzerdefinierte Kosmetik \u00e4therisches \u00d6l Verpackung Boxen - eine umfassende L\u00f6sung, die Handwerk \u00c4sthetik und Funktionalit\u00e4t integriert<\/h3>\n<h2 id=\"-i-visual-core-the-ultimate-collision-of-single-black-printing-and-hot-stamping-technology-\"><strong>1. Visueller Kern: die ultimative Kollision von Einzelschwarzdruck und Hei\u00dfpr\u00e4getechnik<\/strong><\/h2>\n<ol>\n<li><strong>Einfacher schwarzer Druck<\/strong>: Durch die Verwendung der C0\/M0\/Y0\/K100-Technologie f\u00fcr rein schwarze Tinte wird eine tiefe Hintergrundfarbe mit feiner Druckgenauigkeit erzielt, das Risiko von Vierfarb-\u00dcberdrucken vermieden und sichergestellt, dass die R\u00e4nder des LOGO und des Textes scharf und klar sind. Der schwarze Hintergrund ist so geheimnisvoll wie die Nacht und verleiht der Marke einen hochwertigen und stabilen visuellen Ton, w\u00e4hrend die minimalistische \u00c4sthetik des Markenlogos durch das Blanko-Design verst\u00e4rkt wird.<\/li>\n<li><strong>Hei\u00dfpr\u00e4getechnik<\/strong>: Das LOGO wird mit einer 24-kar\u00e4tigen Goldfolien-Hei\u00dfpr\u00e4gung versehen, die durch Hochtemperaturpr\u00e4gung pr\u00e4zise auf die Oberfl\u00e4che der Schachtel aufgebracht wird. Der metallische Glanz bildet einen starken Kontrast zum matten Schwarz. Die Hei\u00dfpr\u00e4geschicht ist 0,1 mm dick, verschlei\u00dffest und oxidationsbest\u00e4ndig und zeigt bei Lichtbrechung einen dynamischen Streamer-Effekt, der die luxuri\u00f6se Textur der Marke hervorhebt.<\/li>\n<\/ol>\n<h2 id=\"-second-structural-innovation-sky-and-earth-box-and-ritual-opening-and-closing-design-\"><strong>2. Strukturelle Innovation: Kasten f\u00fcr Himmel und Erde und rituelles \u00d6ffnen und Schlie\u00dfen<\/strong><\/h2>\n<ol>\n<li><strong>Himmel und Erde Box Struktur<\/strong>: Der obere Deckel (Himmel) und der untere Kasten (Boden) sind unabh\u00e4ngig voneinander geformt, mit einem Boden-Himmel-Design, eingebettet in ein 1,2mm dickes 1200GSM Graukarton-Substrat, mit einer Druckfestigkeit von 50kg\/\u33a1, was die Sto\u00dffestigkeit w\u00e4hrend des Transports gew\u00e4hrleistet. Die Kante des Kastenk\u00f6rpers ist mit einer 5 mm Fase bearbeitet, und das \u00d6ffnen und Schlie\u00dfen ist glatt und ohne Verklemmung.<\/li>\n<li><strong>Gittertextur und ritueller Sinn<\/strong>: Die Oberfl\u00e4che der Schachtel ist mit geometrischen Reliefgittern mit einer Tiefe von 0,3 mm versehen, und durch die Formpr\u00e4gung wird eine dreidimensionale Haptik erreicht; die magnetische \u00d6ffnungs- und Verschlussstruktur (Magnetkraft \u22651,2 N) ist mit einem versteckten Bandzugring abgestimmt, der die Praktikabilit\u00e4t und den rituellen Sinn des Auspackens ber\u00fccksichtigt.<\/li>\n<\/ol>\n<h2 id=\"-third-material-and-adaptation-dual-guarantee-of-performance-and-aesthetics-\"><strong>3. Material und Anpassung: doppelte Garantie f\u00fcr Leistung und \u00c4sthetik<\/strong><\/h2>\n<ol>\n<li><strong>\u00c4u\u00dferes Material des Kartons<\/strong>:<\/li>\n<li><strong>Gesichtspapier<\/strong>: 157G Doppelkupferpapier, die Oberfl\u00e4che ist matt ge\u00f6lt, f\u00fchlt sich zart an und verhindert Fingerabdr\u00fccke.<\/li>\n<li><strong>Innenfutter<\/strong>: 1200GSM Graupappe, Dichte 0,92g\/cm\u00b3, die Tragf\u00e4higkeit ist 30% besser als gew\u00f6hnliche Pappe.<\/li>\n<li><strong>Ma\u00dfgeschneiderte Innenschalenl\u00f6sung<\/strong>:<\/li>\n<li><strong>Material-Optionen<\/strong>: Beflockung (0,5 mm Kurzflor, wahlweise weinrot\/dunkelgr\u00fcn), Karton (350 g doppelter wei\u00dfer Karton), Seidenstoff (Seidenjacquard).<\/li>\n<li><strong>Funktionelle Gestaltung<\/strong>: Die Innenschale aus EVA-Schaumstoff (Dichte 38D-60D) ist pr\u00e4zise geschlitzt und eignet sich f\u00fcr Flaschen mit \u00e4therischen \u00d6len von 5-100 ml. Die Erdbebensicherheit wurde nach ISTA 3A zertifiziert.<\/li>\n<\/ol>\n<h2 id=\"-fourth-flexible-customization-various-box-types-and-printing-adaptation-\"><strong>4. Flexible Anpassung: verschiedene Box-Typen und Druck Anpassung<\/strong><\/h2>\n<ol>\n<li><strong>Bibliothek des Typs Box<\/strong>: Bietet 8 Grundtypen von Schachteln, wie z. B. Deckel und Boden, Schubladen, buchf\u00f6rmige Schachteln usw., unterst\u00fctzt das Schneiden von Sonderformen (z. B. sechseckige und gebogene Fenster\u00f6ffnungen) und eignet sich f\u00fcr Werbegeschenke, Einzelhandelsauslagen und andere Szenarien.<\/li>\n<li><strong>Layout drucken<\/strong>: Unterst\u00fctzt mehrere Prozesskombinationen wie Pantone-Sonderfarben, partielle UV-Strahlung, Pr\u00e4gung usw. mit einer Mindestbestellmenge von 500 St\u00fcck pro Charge und einem Proofing-Zyklus von 3 bis 5 Tagen, was den Anforderungen an schnelle Iterationen wie limitierte Feiertagsauflagen und Co-Branding-Artikel entspricht.<\/li>\n<\/ol>\n<h2 id=\"-v-quality-commitment-and-value-added-services-\"><strong>5. Qualit\u00e4tsverpflichtung und Dienstleistungen mit Zusatznutzen<\/strong><\/h2>\n<ul>\n<li><strong>Qualit\u00e4tskontrolle Standard<\/strong>: Bestanden SGS Umwelt-Zertifizierung (Schwermetall und Migration Nachweis), unterst\u00fctzt 48 Stunden Temperatur und Feuchtigkeit Widerstand Test (-20\u2103~60\u2103 Zyklus).<\/li>\n<li><strong>Dienst Link<\/strong>: Bietet eine One-Stop-L\u00f6sung f\u00fcr 3D-Modellierung, Proofing, Lagerhaltung und Vertrieb sowie grenz\u00fcberschreitende Logistik (DDP\/DDU) mit einer Mindestbestellmenge von 500 St\u00fcck und einem Lieferzyklus von 7-14 Tagen.<\/li>\n<\/ul>","protected":false},"excerpt":{"rendered":"<p>Das einzigartige Gitterdesign des Deckels und der Basisbox ist mit einer zeremoniellen \u00d6ffnungs- und Schlie\u00dfmethode kombiniert, die sowohl unverwechselbar als auch bequem zu benutzen ist.<\/p>","protected":false},"featured_media":289,"template":"","meta":{"_kad_post_transparent":"default","_kad_post_title":"","_kad_post_layout":"default","_kad_post_sidebar_id":"","_kad_post_content_style":"default","_kad_post_vertical_padding":"default","_kad_post_feature":"","_kad_post_feature_position":"","_kad_post_header":false,"_kad_post_footer":false,"_kad_post_classname":""},"product_brand":[],"product_cat":[15,28,19,17],"product_tag":[85,86,80],"class_list":{"0":"post-284","1":"product","2":"type-product","3":"status-publish","4":"has-post-thumbnail","6":"product_cat-red-light-therapy","7":"product_cat-customize","8":"product_cat-red-light-therapy-stand","9":"product_cat-services","10":"product_tag-cosmetic-packaging","11":"product_tag-custom-cosmetic-essential-oil-packaging","12":"product_tag-essential-oil-packaging","14":"first","15":"instock","16":"shipping-taxable","17":"product-type-simple","18":"entry","19":"content-bg","20":"loop-entry"},"_links":{"self":[{"href":"https:\/\/red-lighttherapy.com\/de_de\/wp-json\/wp\/v2\/product\/284","targetHints":{"allow":["GET"]}}],"collection":[{"href":"https:\/\/red-lighttherapy.com\/de_de\/wp-json\/wp\/v2\/product"}],"about":[{"href":"https:\/\/red-lighttherapy.com\/de_de\/wp-json\/wp\/v2\/types\/product"}],"wp:featuredmedia":[{"embeddable":true,"href":"https:\/\/red-lighttherapy.com\/de_de\/wp-json\/wp\/v2\/media\/289"}],"wp:attachment":[{"href":"https:\/\/red-lighttherapy.com\/de_de\/wp-json\/wp\/v2\/media?parent=284"}],"wp:term":[{"taxonomy":"product_brand","embeddable":true,"href":"https:\/\/red-lighttherapy.com\/de_de\/wp-json\/wp\/v2\/product_brand?post=284"},{"taxonomy":"product_cat","embeddable":true,"href":"https:\/\/red-lighttherapy.com\/de_de\/wp-json\/wp\/v2\/product_cat?post=284"},{"taxonomy":"product_tag","embeddable":true,"href":"https:\/\/red-lighttherapy.com\/de_de\/wp-json\/wp\/v2\/product_tag?post=284"}],"curies":[{"name":"wp","href":"https:\/\/api.w.org\/{rel}","templated":true}]}}