{"id":278,"date":"2025-04-10T14:03:32","date_gmt":"2025-04-10T14:03:32","guid":{"rendered":"https:\/\/red-lighttherapy.com\/?post_type=product&#038;p=278"},"modified":"2025-04-10T14:14:16","modified_gmt":"2025-04-10T14:14:16","slug":"custom-printed-logo-essential-oil-box-packaging-wholesale","status":"publish","type":"product","link":"https:\/\/red-lighttherapy.com\/de_de\/custom-printed-logo-essential-oil-box-packaging-wholesale\/","title":{"rendered":"Benutzerdefinierte gedruckte Logo \u00e4therisches \u00d6l Box Verpackung Gro\u00dfhandel"},"content":{"rendered":"<h2 id=\"-customized-printed-logo-essential-oil-box-packaging-wholesale-product-description-\">Benutzerdefinierte gedruckte Logo \u00e4therisches \u00d6l Box Verpackung Gro\u00dfhandel<\/h2>\n<h2 id=\"-i-visual-aesthetics-and-craft-design-\"><strong>1. Visuelle \u00c4sthetik und handwerkliche Gestaltung<\/strong><\/h2>\n<ol>\n<li><strong>Erweiterte Schwarzton\u00e4sthetik<\/strong>\u00a0Durch die Verwendung von tiefem Schwarz als Hauptfarbe, kombiniert mit matter und lokaler Lichtverarbeitung, wird die zur\u00fcckhaltende und luxuri\u00f6se visuelle Wirkung durch Licht- und Schattenbrechung pr\u00e4sentiert. Die Vollversion des UV-Verfahrens bedeckt den Verpackungsk\u00f6rper, um die Verschlei\u00dffestigkeit und den Glanz der Oberfl\u00e4che zu verbessern. W\u00e4hrend der ruhige schwarze Ton beibehalten wird, erh\u00e4lt die Verpackung dynamische Licht- und Schattenebenen, was den Wiedererkennungswert der Marke deutlich erh\u00f6ht.<\/li>\n<li><strong>Gepr\u00e4gtes Hei\u00dfpr\u00e4geverfahren LOGO<\/strong>\u00a0Das LOGO wird im Hei\u00dfpr\u00e4geverfahren gepr\u00e4gt und bildet eine dreidimensionale konkave und konvexe Textur durch hochpr\u00e4zises Hei\u00dfpressen, die mit einer Metallfolie (optional Gold, Ros\u00e9gold oder Lasergold) \u00fcberlagert wird. Dieser Prozess st\u00e4rkt nicht nur den Markenton, sondern kann auch als f\u00e4lschungssicheres Zeichen verwendet werden, um den Premiumbereich des Produkts zu erh\u00f6hen.<\/li>\n<\/ol>\n<h2 id=\"-second-structural-design-and-material-guarantee-\"><strong>2. Strukturelle Konstruktion und Materialgarantie<\/strong><\/h2>\n<ol>\n<li><strong>Drei-in-Eins-Deckelkasten f\u00fcr Himmel und Erde<\/strong><\/li>\n<li><strong>\u00c4u\u00dfere Schachtel mit atmosph\u00e4rischem \u00d6ffnen und Schlie\u00dfen<\/strong>: Die Himmel und Erde Abdeckungsstruktur ist in der Form von \"Himmel bedeckt die Erde\" entworfen. Der \u00e4u\u00dfere Kasten nimmt 1200GSM hochdichten grauen Karton mit einer Dicke von 1,3mm, hohe H\u00e4rte und starke Druckfestigkeit. Es ist nat\u00fcrlich glatt beim \u00d6ffnen und Schlie\u00dfen, und das Gef\u00fchl des Rituals der \u00d6ffnung des Deckels ist voll.<\/li>\n<li><strong>Innerer Kasten konzentriert sich auf die Anzeige<\/strong>: Die innere Unterst\u00fctzung nimmt 157G beschichtetes Papier montiert Graupappe mit mattem Film auf der Oberfl\u00e4che. Das Produkt ist zentriert und mit kundenspezifischen Futter (optional EVA, Flanell oder transparente Acryl Halterung) angepasst, um sicherzustellen, dass die Flasche \u00e4therisches \u00d6l stabil ist und der visuelle Fokus konzentriert ist.<\/li>\n<li><strong>Wissenschaftlicher Materialabgleich<\/strong><\/li>\n<li><strong>157G gestrichenes Papier<\/strong>: Hohe Farbwiedergabe, geeignet f\u00fcr Vierfarbendruck und Sonderfarbenanpassung, Pantone-Farbnummer entspricht genau der Markenvision.<\/li>\n<li><strong>1200GSM Graupappe<\/strong>: Hervorragende Tragf\u00e4higkeit, widersteht St\u00f6\u00dfen bei Langstreckentransporten, erreicht eine Tagesleistung von 100.000 St\u00fcck und unterst\u00fctzt umfangreiche kundenspezifische Anpassungen.<\/li>\n<\/ol>\n<h2 id=\"-three-diversified-adaptation-solutions-\"><strong>3. Diversifizierte Anpassungsl\u00f6sungen<\/strong><\/h2>\n<ol>\n<li><strong>Flexible Anpassung von Schachteltyp und -stil<\/strong><\/li>\n<li><strong>Auswahl des Boxentyps<\/strong>: Zus\u00e4tzlich zu den oberen und unteren Abdeckungen k\u00f6nnen Schubladenboxen, buchf\u00f6rmige Boxen, speziell geformte Boxen und andere Strukturen zur Verf\u00fcgung gestellt werden, um den Anforderungen verschiedener Szenarien gerecht zu werden (z. B. E-Commerce-Transport, Offline-Display).<\/li>\n<li><strong>Erweiterung des Designs<\/strong>: Unterst\u00fctzt eine Vielzahl von Stilen wie Minimalismus, nationaler Stil, abstrakte Kunst, etc. Die Oberfl\u00e4che der Box kann mit einem Fensterdesign (transparentes PVC-Fenster), einer gepr\u00e4gten Silbertextur oder interaktiven AR-Elementen kombiniert werden, um das Kundenerlebnis zu verbessern.<\/li>\n<li><strong>Funktionserweiterung des Innenfutters<\/strong><\/li>\n<li><strong>Mehrschichtige Speicherung<\/strong>: F\u00fcr Sets mit mehreren Flaschen \u00e4therischer \u00d6le kann die Innenbox mit einer ausziehbaren, geschichteten Struktur gestaltet werden, mit Zubeh\u00f6r wie B\u00e4ndern und magnetischen Schnallen, um den praktischen Nutzen und den rituellen Sinn zu erh\u00f6hen.<\/li>\n<li><strong>Umweltfreundliche Anpassung<\/strong>: Sie bieten abbaubare Graukartonagen und UV-Lacke auf Wasserbasis an, erf\u00fcllen die EU-Umweltnormen und unterst\u00fctzen den grenz\u00fcberschreitenden Export.<\/li>\n<\/ol>\n<h2 id=\"-fourth-service-and-value-empowerment-\"><strong>4. Dienstleistungs- und Wertest\u00e4rkung<\/strong><\/h2>\n<ol>\n<li><strong>L\u00f6sung aus einer Hand<\/strong><\/li>\n<li><strong>Unterst\u00fctzung beim Proofing<\/strong>: Kostenlose 3D-Modelle und Muster werden zur Verf\u00fcgung gestellt, und kundenspezifische Manuskripte oder die Zusammenarbeit mit Designern werden unterst\u00fctzt, um eine genaue Designumsetzung zu gew\u00e4hrleisten.<\/li>\n<li><strong>Batch-Vorteil<\/strong>: Mindestbestellmenge 500 St\u00fcck, 15-t\u00e4giger Lieferzyklus, LOGO-Druck, Hei\u00dfpr\u00e4gung, UV- und andere gemischte Serienproduktion m\u00f6glich, Kosten kontrollierbar.<\/li>\n<li><strong>Steigerung des Markenwerts<\/strong>\u00a0Liefern Sie Markengeschichten durch die Verpackung, zum Beispiel: schwarzer UV-Hintergrund kann in Marken-IP-Illustrationen integriert werden, Hei\u00dfpr\u00e4gung LOGO und gepr\u00e4gte Textur bilden visuelle Erinnerungspunkte, so dass das Produkt in der Regalauslage hervorsticht und die Verbraucher es spontan nach dem Auspacken verteilen.<\/li>\n<\/ol>","protected":false},"excerpt":{"rendered":"<p>Der Schachteltyp mit Ober- und Unterseite nimmt die Struktur des Ober- und Unterdeckels an, der leicht zu \u00f6ffnen und zu schlie\u00dfen ist und ein Gef\u00fchl des \u00d6ffnens des Deckels vermittelt. Der gesamte Schachtelk\u00f6rper wird sorgf\u00e4ltig mit der Vollplatten-UV-Technologie kultiviert, um die Wiedererkennung der Marke zu zeigen. Gleichzeitig wird das LOGO mit gepr\u00e4gter Hei\u00dfpr\u00e4getechnik hinzugef\u00fcgt, um den Markenton zu verst\u00e4rken.<\/p>","protected":false},"featured_media":281,"template":"","meta":{"_kad_post_transparent":"default","_kad_post_title":"","_kad_post_layout":"default","_kad_post_sidebar_id":"","_kad_post_content_style":"default","_kad_post_vertical_padding":"default","_kad_post_feature":"","_kad_post_feature_position":"","_kad_post_header":false,"_kad_post_footer":false,"_kad_post_classname":""},"product_brand":[],"product_cat":[15,28,19,17],"product_tag":[83,80,84],"class_list":{"0":"post-278","1":"product","2":"type-product","3":"status-publish","4":"has-post-thumbnail","6":"product_cat-red-light-therapy","7":"product_cat-customize","8":"product_cat-red-light-therapy-stand","9":"product_cat-services","10":"product_tag-custom-essential-oil-box","11":"product_tag-essential-oil-packaging","12":"product_tag-essential-oil-packaging-wholesale","14":"first","15":"instock","16":"shipping-taxable","17":"product-type-simple","18":"entry","19":"content-bg","20":"loop-entry"},"_links":{"self":[{"href":"https:\/\/red-lighttherapy.com\/de_de\/wp-json\/wp\/v2\/product\/278","targetHints":{"allow":["GET"]}}],"collection":[{"href":"https:\/\/red-lighttherapy.com\/de_de\/wp-json\/wp\/v2\/product"}],"about":[{"href":"https:\/\/red-lighttherapy.com\/de_de\/wp-json\/wp\/v2\/types\/product"}],"wp:featuredmedia":[{"embeddable":true,"href":"https:\/\/red-lighttherapy.com\/de_de\/wp-json\/wp\/v2\/media\/281"}],"wp:attachment":[{"href":"https:\/\/red-lighttherapy.com\/de_de\/wp-json\/wp\/v2\/media?parent=278"}],"wp:term":[{"taxonomy":"product_brand","embeddable":true,"href":"https:\/\/red-lighttherapy.com\/de_de\/wp-json\/wp\/v2\/product_brand?post=278"},{"taxonomy":"product_cat","embeddable":true,"href":"https:\/\/red-lighttherapy.com\/de_de\/wp-json\/wp\/v2\/product_cat?post=278"},{"taxonomy":"product_tag","embeddable":true,"href":"https:\/\/red-lighttherapy.com\/de_de\/wp-json\/wp\/v2\/product_tag?post=278"}],"curies":[{"name":"wp","href":"https:\/\/api.w.org\/{rel}","templated":true}]}}