{"id":260,"date":"2025-04-10T13:18:48","date_gmt":"2025-04-10T13:18:48","guid":{"rendered":"https:\/\/red-lighttherapy.com\/?post_type=product&#038;p=260"},"modified":"2025-04-10T13:51:14","modified_gmt":"2025-04-10T13:51:14","slug":"luxury-customized-weed-cbd-oil-packaging-gift-box-wholesale","status":"publish","type":"product","link":"https:\/\/red-lighttherapy.com\/de_de\/luxury-customized-weed-cbd-oil-packaging-gift-box-wholesale\/","title":{"rendered":"Luxus Customized Weed CBD \u00d6l Verpackung Geschenk Box Gro\u00dfhandel"},"content":{"rendered":"<h3 id=\"luxury-customized-hemp-cbd-oil-packaging-gift-box-wholesale\">Luxus Customized Hanf Unkraut CBD \u00d6l Verpackung Geschenk Box Gro\u00dfhandel<\/h3>\n<h2 id=\"-1-high-end-visual-design-single-black-printing-and-stylized-patterns-\"><strong>1. Hochwertiges visuelles Design: einfacher schwarzer Druck und stilisierte Muster<\/strong><\/h2>\n<ul>\n<li><strong>Einzelner schwarzer Druckvorgang<\/strong>: Durch die Verwendung der monochromen schwarzen Drucktechnik (Pantone Black) wird durch den Hell-Dunkel-Kontrast und die feinen Linien ein Gef\u00fchl von Schlichtheit und Luxus vermittelt, was einen tiefen und hochwertigen visuellen Effekt erzeugt.<\/li>\n<li><strong>Schwarz-Wei\u00df-\u00c4sthetik<\/strong>: Mit klassischem Schwarz und Wei\u00df als Hauptton, kombiniert mit einer Vielzahl von Mustern wie geometrischen Strukturen, abstrakter Kunst oder minimalistischen Markenlogos, spiegelt es nicht nur die Markentextur wider, sondern verleiht auch jeder Geschenkbox einen einzigartigen Stil, um den Bed\u00fcrfnissen verschiedener Verbraucherszenarien (wie Medizin, Geschenke und High-End-Einzelhandel) gerecht zu werden.<\/li>\n<\/ul>\n<h2 id=\"-2-innovative-magnetic-box-structure-function-and-experience-upgrade-\"><strong>2. Innovative Magnetbox-Struktur: Funktion und Erfahrung verbessern<\/strong><\/h2>\n<ul>\n<li><strong>Seitliche Magnetschnalle<\/strong>: Die Seite der Schachtel ist mit einer magnetischen Schnalle ausgestattet, die ein anderes \u00d6ffnen und Schlie\u00dfen als bei herk\u00f6mmlichen Verpackungen erm\u00f6glicht. Sie ist stabil und zuverl\u00e4ssig, wenn sie geschlossen ist, und elegant und leichtg\u00e4ngig, wenn sie ge\u00f6ffnet wird, was den Sinn des Benutzers f\u00fcr Rituale in der Interaktion verst\u00e4rkt.<\/li>\n<li><strong>Entwurf der strukturellen Verst\u00e4rkung<\/strong>: Kombiniert mit 1200GSM hochfesten Graupappe Boden, gew\u00e4hrleistet es die Kompression Widerstand und Haltbarkeit der Box K\u00f6rper, und sch\u00fctzt die interne CBD-\u00d6l-Flasche von externen Auswirkungen w\u00e4hrend des Transports oder der Lagerung.<\/li>\n<\/ul>\n<h2 id=\"-3-customized-materials-and-craftsmanship-\"><strong>3. Ma\u00dfgeschneiderte Materialien und Handwerkskunst<\/strong><\/h2>\n<ul>\n<li><strong>Hochwertige Materialkombination<\/strong>: F\u00fcr die \u00e4u\u00dfere Schicht wird 157G gestrichenes Papier verwendet, und die Oberfl\u00e4che wird mit einer matten Folie oder einem partiellen UV-Verfahren \u00fcberzogen, um die Haptik und die Antifouling-Eigenschaften zu verbessern; die innere Schicht besteht aus 1200GSM Graukarton, wobei die H\u00e4rte und die Umweltschutzmerkmale (recycelbar) ber\u00fccksichtigt werden.<\/li>\n<li><strong>Handwerkliche Details<\/strong>: Unterst\u00fctzt zus\u00e4tzliche Verfahren wie Pr\u00e4gung, Hei\u00dfpr\u00e4gung und Siebdruck, um den dreidimensionalen und luxuri\u00f6sen Eindruck von Markenlogos oder -mustern noch zu verst\u00e4rken.<\/li>\n<\/ul>\n<h2 id=\"-4-flexible-box-type-and-differentiated-design-\"><strong>4. Flexibler Kastentyp und differenziertes Design<\/strong><\/h2>\n<ul>\n<li><strong>Anpassungsdienst f\u00fcr Box-Typen<\/strong>: Bietet eine Vielzahl von Schachtelarten, wie z.B. Deckel und Boden, buchf\u00f6rmige Schachteln, Schubladenschachteln, etc. Die Gr\u00f6\u00dfe und die \u00d6ffnungs- und Schlie\u00dfmethoden k\u00f6nnen je nach Bedarf angepasst werden, um verschiedene Positionierungen von tragbaren kleinen Kapazit\u00e4ten bis hin zu luxuri\u00f6sen Geschenken zu erf\u00fcllen.<\/li>\n<li><strong>L\u00f6sung zur Differenzierung<\/strong>: Durch das modulare Design k\u00f6nnen die Kunden Elemente der Marke VI (z. B. LOGO, Slogan) in Kombination mit differenzierten Strukturen (z. B. geschichtetes Innenfach, transparentes Fenster) integrieren, um den Wiedererkennungswert des Produkts und das Kundenerlebnis zu verbessern.<\/li>\n<\/ul>\n<h2 id=\"-5-multifunctional-inner-tray-adaptation-solution-\"><strong>5. Multifunktionale L\u00f6sung zur Anpassung der Innenschale<\/strong><\/h2>\n<ul>\n<li><strong>Vielf\u00e4ltige Innenschalenmaterialien<\/strong>:<\/li>\n<li><strong>EVA-Futter<\/strong>: Geeignet f\u00fcr hochwertige CBD-Glasflaschen, der Flaschenk\u00f6rper ist durch ma\u00dfgeschneiderte Rillen fixiert, sto\u00dffest und sturzsicher.<\/li>\n<li><strong>Beflockte Innenschale<\/strong>: Verbessern Sie den Luxus der Ber\u00fchrung, geeignet f\u00fcr High-End-Geschenk-Szenen.<\/li>\n<li><strong>Abbaubare Zellstoffformung<\/strong>: Umweltfreundliche Option, im Einklang mit dem Konzept der nachhaltigen Marke.<\/li>\n<li><strong>Funktionale Gestaltung der Zonierung<\/strong>: Unterst\u00fctzt geschichtet und Raster-Layout, kompatibel mit CBD-\u00d6l-Flaschen, Tropfer, Handb\u00fccher und anderes Zubeh\u00f6r Lagerung braucht, unter Ber\u00fccksichtigung sowohl Sch\u00f6nheit und Praktikabilit\u00e4t.<\/li>\n<\/ul>\n<h2 id=\"-6-one-stop-customization-service-and-quality-assurance-\"><strong>6. Anpassungsservice und Qualit\u00e4tssicherung aus einer Hand<\/strong><\/h2>\n<ul>\n<li><strong>Vollst\u00e4ndige Prozessunterst\u00fctzung vom Entwurf bis zur Produktion<\/strong>: Wir bieten 3D-Modellierungs- und Proofing-Dienste an, um sicherzustellen, dass der Designeffekt mit dem tats\u00e4chlichen Produkt \u00fcbereinstimmt, und Muster k\u00f6nnen in nur 3-5 Tagen geliefert werden.<\/li>\n<li><strong>Massenproduktion und Logistik<\/strong>: Die monatliche Produktionskapazit\u00e4t geht in die Millionen, und f\u00fcr die Verpackung werden ma\u00dfgeschneiderte Masterboxen f\u00fcr den verst\u00e4rkten Transport verwendet, die f\u00fcr den Export mehrere H\u00e4fen wie Ningbo und Shanghai anlaufen.<\/li>\n<\/ul>\n<h2 id=\"-summary-of-product-advantages-\"><strong>Zusammenfassung der Produktvorteile<\/strong>:<\/h2>\n<ul>\n<li><strong>High-End-Positionierung<\/strong>: Durch den einfachen schwarzen Druck und die magnetische Ansaugstruktur entsteht eine luxuri\u00f6se Verpackungstextur.<\/li>\n<li><strong>Sicherheit und Einhaltung der Vorschriften<\/strong>: Das Material entspricht internationalen Umweltstandards (z. B. recycelbare Graupappe), und die Informationen auf dem Etikett k\u00f6nnen entsprechend den Vorschriften angepasst werden.<\/li>\n<li><strong>Flexible Anpassung<\/strong>: Von der Schachtelform bis zur Innenschale erf\u00fcllt sie die Anforderungen an die Markendifferenzierung und tr\u00e4gt zur Verbesserung der Wettbewerbsf\u00e4higkeit bei.<\/li>\n<\/ul>","protected":false},"excerpt":{"rendered":"<p>Diese Box mit Magnetverschluss hat eine Schnalle an der Seite, und die Umschaltmethode ist neu und einzigartig, wodurch die Gesamttextur und Festigkeit der Box verbessert wird.<\/p>","protected":false},"featured_media":265,"template":"","meta":{"_kad_post_transparent":"default","_kad_post_title":"","_kad_post_layout":"default","_kad_post_sidebar_id":"","_kad_post_content_style":"default","_kad_post_vertical_padding":"default","_kad_post_feature":"","_kad_post_feature_position":"","_kad_post_header":false,"_kad_post_footer":false,"_kad_post_classname":""},"product_brand":[],"product_cat":[15,17],"product_tag":[78,77,79],"class_list":{"0":"post-260","1":"product","2":"type-product","3":"status-publish","4":"has-post-thumbnail","6":"product_cat-red-light-therapy","7":"product_cat-services","8":"product_tag-cbd-oil-packaging-box","9":"product_tag-customized-weed-packaging","10":"product_tag-weed-cbd-oil-packaging-wholesale","12":"first","13":"instock","14":"shipping-taxable","15":"product-type-simple","16":"entry","17":"content-bg","18":"loop-entry"},"_links":{"self":[{"href":"https:\/\/red-lighttherapy.com\/de_de\/wp-json\/wp\/v2\/product\/260","targetHints":{"allow":["GET"]}}],"collection":[{"href":"https:\/\/red-lighttherapy.com\/de_de\/wp-json\/wp\/v2\/product"}],"about":[{"href":"https:\/\/red-lighttherapy.com\/de_de\/wp-json\/wp\/v2\/types\/product"}],"wp:featuredmedia":[{"embeddable":true,"href":"https:\/\/red-lighttherapy.com\/de_de\/wp-json\/wp\/v2\/media\/265"}],"wp:attachment":[{"href":"https:\/\/red-lighttherapy.com\/de_de\/wp-json\/wp\/v2\/media?parent=260"}],"wp:term":[{"taxonomy":"product_brand","embeddable":true,"href":"https:\/\/red-lighttherapy.com\/de_de\/wp-json\/wp\/v2\/product_brand?post=260"},{"taxonomy":"product_cat","embeddable":true,"href":"https:\/\/red-lighttherapy.com\/de_de\/wp-json\/wp\/v2\/product_cat?post=260"},{"taxonomy":"product_tag","embeddable":true,"href":"https:\/\/red-lighttherapy.com\/de_de\/wp-json\/wp\/v2\/product_tag?post=260"}],"curies":[{"name":"wp","href":"https:\/\/api.w.org\/{rel}","templated":true}]}}