{"id":254,"date":"2025-04-10T13:05:03","date_gmt":"2025-04-10T13:05:03","guid":{"rendered":"https:\/\/red-lighttherapy.com\/?post_type=product&#038;p=254"},"modified":"2025-04-10T13:36:07","modified_gmt":"2025-04-10T13:36:07","slug":"magnetic-closure-saw-blade-rigid-gift-packaging-box-factory","status":"publish","type":"product","link":"https:\/\/red-lighttherapy.com\/de_de\/magnetic-closure-saw-blade-rigid-gift-packaging-box-factory\/","title":{"rendered":"Magnetischer Verschluss S\u00e4geblatt Starre Geschenkverpackungsbox Fabrik"},"content":{"rendered":"<h3 id=\"magnetic-sealed-saw-blade-hard-gift-packaging-box\">Magnetisch versiegeltes S\u00e4geblatt Harte Geschenkverpackung Box<\/h3>\n<h2 id=\"-i-core-materials-and-crafts-\"><strong>1. Kernmaterialien und Handwerk<\/strong><\/h2>\n<ol>\n<li><strong>Hochwertige Materialauswahl<\/strong>: Das Produkt verwendet\u00a0<strong>157g gestrichenes Papier<\/strong>\u00a0als Oberfl\u00e4chenmontagepapier, kombiniert mit\u00a0<strong>1200g Graupappe mit hoher Dichte<\/strong>\u00a0als Auskleidungssubstrat. Die Oberfl\u00e4che des gestrichenen Papiers wird bearbeitet durch\u00a0<strong>Vier-Farben-Druckverfahren<\/strong>Die Graupappe hat eine ausgezeichnete Druckfestigkeit und Ebenheit, kann Transportst\u00f6\u00dfe aushalten und sorgt daf\u00fcr, dass sich der Boxenk\u00f6rper lange Zeit nicht verformt.<\/li>\n<li><strong>Industrietaugliche Bauweise<\/strong>: Die\u00a0<strong>Flip-Top-Box-Struktur<\/strong>\u00a0Der Deckel des Kastens l\u00e4sst sich durch eine magnetische Verschlussvorrichtung bequem \u00f6ffnen und schlie\u00dfen. Es ist dicht und stabil, wenn geschlossen, und die\u00a0<strong>individuelles Konturmodell<\/strong>\u00a0durch die \u00dcberlagerung der inneren Graupappe gebildet wird, fixiert das S\u00e4geblatt genau, um ein Wackeln zu vermeiden. Die Gesamtstruktur ber\u00fccksichtigt sowohl Anzeige und Schutz, geeignet f\u00fcr die Anzeige auf Regalen oder als Geschenkverpackung.<\/li>\n<\/ol>\n<h2 id=\"-ii-visual-design-and-functional-features-\"><strong>2. Visuelle Gestaltung und funktionale Merkmale<\/strong><\/h2>\n<ol>\n<li><strong>Thematisches Erscheinungsbild<\/strong>:<\/li>\n<li>Die Hauptfarbe ist\u00a0<strong>mattes Schwarz<\/strong>, mit\u00a0<strong>wei\u00dfes S\u00e4gezahnmuster<\/strong>\u00a0und\u00a0<strong>fluoreszierendes gr\u00fcnes Markenlogo<\/strong>und erzeugt einen starken visuellen Eindruck im industriellen Stil. Das Abdeckungsmuster stellt die Dynamik des S\u00e4geblatts durch Vektorlinien wieder her und vermittelt intuitiv den Zweck des Produkts.<\/li>\n<li>Das Design beinhaltet die\u00a0<strong>Minimalismus<\/strong>\u00a0Konzept ohne \u00fcberfl\u00fcssige dekorative Elemente, das die Eigenschaften professioneller Werkzeuge hervorhebt und gleichzeitig die Wiedererkennung der Marke f\u00f6rdert.<\/li>\n<li><strong>Liner-Optimierung<\/strong>: Der innere Hohlraum verwendet\u00a0<strong>3-4 Schichten Graupappe \u00fcbereinander schneiden<\/strong>und nutzt die CNC-Stanztechnik, um die Rille zu formen, die sich der Form des S\u00e4geblatts anpasst, um einen Rundum-Pufferschutz zu bieten. Die wei\u00dfe Auskleidung kontrastiert mit dem schwarzen Schachtelk\u00f6rper und verst\u00e4rkt das Gef\u00fchl der Zeremonie, wenn das Produkt herausgenommen wird.<\/li>\n<\/ol>\n<h2 id=\"-three-customized-services-and-production-guarantee-\"><strong>3. Kundenspezifische Dienstleistungen und Produktionsgarantie<\/strong><\/h2>\n<ol>\n<li><strong>Flexibles Anpassungsschema<\/strong>:<\/li>\n<li>Unterst\u00fctzung\u00a0<strong>Gr\u00f6\u00dfenanpassung<\/strong>\u00a0(Anpassung an S\u00e4gebl\u00e4tter mit unterschiedlichen Spezifikationen),\u00a0<strong>Musterneugestaltung<\/strong>\u00a0(austauschbares LOGO, Text und grafische Elemente),\u00a0<strong>materielle Aufwertung<\/strong>\u00a0(z. B. Ersetzen durch Spezialpapier oder Hinzuf\u00fcgen eines Hei\u00dfpr\u00e4geverfahrens).<\/li>\n<li>Bereitstellung von\u00a0<strong>EPE-Perlenbaumwolle<\/strong>\u00a0oder\u00a0<strong>Blisterschale<\/strong>\u00a0und anderes Pufferzubeh\u00f6r, um den Bedarf an hochwertigen Geschenkverpackungen zu decken.<\/li>\n<li><strong>Umfassende Qualit\u00e4tskontrolle und Lieferung<\/strong>:<\/li>\n<li>annehmen.\u00a0<strong>vollautomatische Stanzmaschine<\/strong>\u00a0und\u00a0<strong>Hochgeschwindigkeits-Vierfarbdruckmaschine<\/strong>mit einer durchschnittlichen Produktionskapazit\u00e4t von 10.000 St\u00fcck pro Tag und einer Lieferzeit von 7-10 Tagen f\u00fcr dringende Auftr\u00e4ge.<\/li>\n<li>Umsetzung\u00a0<strong>dreistufiges Qualit\u00e4tspr\u00fcfungssystem<\/strong>Kontrolle des Rohmaterials im Lager (Feuchtigkeitsgehalt der Graupappe \u22648%), Ebenheitspr\u00fcfung des Halbzeugs, Druck- und Fallpr\u00fcfung des Fertigprodukts.<\/li>\n<\/ol>\n<h2 id=\"-fourth-application-scenarios-and-competitive-advantages-\"><strong>4. Anwendungsszenarien und Wettbewerbsvorteile<\/strong><\/h2>\n<ol>\n<li><strong>Anwendbare Felder<\/strong>: Speziell entwickelt f\u00fcr\u00a0<strong>Marken f\u00fcr Industries\u00e4gebl\u00e4tter<\/strong>,\u00a0<strong>Geschenksets f\u00fcr Eisenwarenwerkzeuge<\/strong>\u00a0und\u00a0<strong>hochwertiges Zubeh\u00f6r f\u00fcr mechanische Ger\u00e4te<\/strong>geeignet f\u00fcr Supermarkt-Display, E-Commerce-Transport, Messegeschenke und andere Szenarien.<\/li>\n<li><strong>Wesentliche Vorteile<\/strong>:<\/li>\n<li><strong>Differenziertes Design<\/strong>: Die Kombination von Funktionalit\u00e4t und \u00c4sthetik bricht mit dem Stereotyp der traditionellen Werkzeugverpackung.<\/li>\n<li><strong>Einhaltung der Umweltvorschriften<\/strong>: Sowohl Graupappe als auch gestrichenes Papier entsprechen der FSC-Zertifizierung und unterst\u00fctzen das Recycling.<\/li>\n<li><strong>Service aus einer Hand<\/strong>: Vom Designentwurf bis zur fertigen Produktverpackung bieten wir eine umfassende Prozessunterst\u00fctzung f\u00fcr Proofing, Produktion und Logistik.<\/li>\n<\/ol>\n<h2 id=\"-technical-parameters-example-\"><strong>Technische Parameter<\/strong>\u00a0(Beispiel)<\/h2>\n<table>\n<thead>\n<tr>\n<th>Artikel<\/th>\n<th>Standardwert<\/th>\n<\/tr>\n<\/thead>\n<tbody>\n<tr>\n<td>Gewicht der Graukarte<\/td>\n<td>1200g (\u00b15%)<\/td>\n<\/tr>\n<tr>\n<td>Oberfl\u00e4chendruck<\/td>\n<td>CMYK + matte Laminierung<\/td>\n<\/tr>\n<tr>\n<td>Tragf\u00e4higkeit<\/td>\n<td>Statischer Druckwiderstand \u226550kg<\/td>\n<\/tr>\n<tr>\n<td>Lieferzyklus<\/td>\n<td>Regul\u00e4re Bestellungen 7-14 Tage<\/td>\n<\/tr>\n<\/tbody>\n<\/table>","protected":false},"excerpt":{"rendered":"<p>Das Boxendesign dieser S\u00e4geblattbox ist ein Magnetverschlussboxdesign. Das Erscheinungsbild basiert auf dem S\u00e4geblattelement als Kerninhalt. Der Deckel ist mit einem S\u00e4geblattmuster bedruckt, das den Produktzweck intuitiver vermittelt.<\/p>","protected":false},"featured_media":255,"template":"","meta":{"_kad_post_transparent":"default","_kad_post_title":"","_kad_post_layout":"default","_kad_post_sidebar_id":"","_kad_post_content_style":"default","_kad_post_vertical_padding":"default","_kad_post_feature":"","_kad_post_feature_position":"","_kad_post_header":false,"_kad_post_footer":false,"_kad_post_classname":""},"product_brand":[],"product_cat":[15,17],"product_tag":[76,75,74],"class_list":{"0":"post-254","1":"product","2":"type-product","3":"status-publish","4":"has-post-thumbnail","6":"product_cat-red-light-therapy","7":"product_cat-services","8":"product_tag-magnetic-closure-saw-blade-box","9":"product_tag-saw-blade-packaging-box-factory","10":"product_tag-saw-blade-rigid-box","12":"first","13":"instock","14":"shipping-taxable","15":"product-type-simple","16":"entry","17":"content-bg","18":"loop-entry"},"_links":{"self":[{"href":"https:\/\/red-lighttherapy.com\/de_de\/wp-json\/wp\/v2\/product\/254","targetHints":{"allow":["GET"]}}],"collection":[{"href":"https:\/\/red-lighttherapy.com\/de_de\/wp-json\/wp\/v2\/product"}],"about":[{"href":"https:\/\/red-lighttherapy.com\/de_de\/wp-json\/wp\/v2\/types\/product"}],"wp:featuredmedia":[{"embeddable":true,"href":"https:\/\/red-lighttherapy.com\/de_de\/wp-json\/wp\/v2\/media\/255"}],"wp:attachment":[{"href":"https:\/\/red-lighttherapy.com\/de_de\/wp-json\/wp\/v2\/media?parent=254"}],"wp:term":[{"taxonomy":"product_brand","embeddable":true,"href":"https:\/\/red-lighttherapy.com\/de_de\/wp-json\/wp\/v2\/product_brand?post=254"},{"taxonomy":"product_cat","embeddable":true,"href":"https:\/\/red-lighttherapy.com\/de_de\/wp-json\/wp\/v2\/product_cat?post=254"},{"taxonomy":"product_tag","embeddable":true,"href":"https:\/\/red-lighttherapy.com\/de_de\/wp-json\/wp\/v2\/product_tag?post=254"}],"curies":[{"name":"wp","href":"https:\/\/api.w.org\/{rel}","templated":true}]}}