{"id":248,"date":"2025-04-10T12:46:08","date_gmt":"2025-04-10T12:46:08","guid":{"rendered":"https:\/\/red-lighttherapy.com\/?post_type=product&#038;p=248"},"modified":"2025-04-10T13:04:37","modified_gmt":"2025-04-10T13:04:37","slug":"luxury-food-tea-irregular-shaped-gift-packaging-box-suppliers","status":"publish","type":"product","link":"https:\/\/red-lighttherapy.com\/de_de\/luxury-food-tea-irregular-shaped-gift-packaging-box-suppliers\/","title":{"rendered":"Luxus Lebensmittel Tee unregelm\u00e4\u00dfig geformt Geschenk Verpackung Box Lieferanten"},"content":{"rendered":"<h2 id=\"luxury-food-tea-shaped-gift-box\">Luxus Lebensmittel Tee unregelm\u00e4\u00dfig geformt Geschenk Verpackung Box Lieferanten<\/h2>\n<p>Als innovativer Marktf\u00fchrer im Bereich hochwertiger Geschenkverpackungen haben wir uns verpflichtet, k\u00fcnstlerische \u00c4sthetik mit praktischen Funktionen zu verbinden, und haben die\u00a0<strong>Achteckige Tee-Geschenkbox-Serie<\/strong>die speziell f\u00fcr hochwertige Lebensmittel- und Teemarken entwickelt wurde, um Verpackungsl\u00f6sungen mit Wiedererkennungswert und Qualit\u00e4t zu schaffen. Im Folgenden finden Sie die wichtigsten Vorteile und technischen Details des Produkts:<\/p>\n<h2 id=\"-1-material-and-structure-scientific-protection-stable-and-durable-\"><strong>1. Material und Struktur: wissenschaftlicher Schutz, stabil und langlebig<\/strong><\/h2>\n<ul>\n<li><strong>Hochfestes Graupappenger\u00fcst<\/strong>: Hochdichte Graupappe wird als interne St\u00fctzstruktur verwendet, kombiniert mit 300g beschichtetem Papier, um durch pr\u00e4zises Stanzen und Einkerbungstechnologie eine achteckige dreidimensionale Kastenform zu bilden, die Druckfestigkeit wird um 40% erh\u00f6ht, wodurch sichergestellt wird, dass sich der Kastenk\u00f6rper w\u00e4hrend des Transports nicht verformt oder bricht.<\/li>\n<li><strong>Gestaltung der Pufferauskleidung<\/strong>: Die interne Konfiguration ist ein wei\u00dfes EVA einteilig geformte innere Schale, die genau auf unabh\u00e4ngige Kleinverpackungen Tee (wie 5g \/ 8g Beutel Tee) durch die partitionierte Kartenschlitz angepasst ist, kombiniert mit der gewellten Pufferstruktur, effektiv absorbiert Transport Vibrationen und vermeidet Produkt Verschiebung oder Kollision Sch\u00e4den.<\/li>\n<\/ul>\n<h2 id=\"-ii-innovative-design-fusion-of-geometric-aesthetics-and-cultural-symbols-\"><strong>2. Innovatives Design: Verschmelzung von geometrischer \u00c4sthetik und kulturellen Symbolen<\/strong><\/h2>\n<ul>\n<li><strong>Achteckige Schachtel in Sonderform<\/strong>: Durchbrechen der traditionellen quadratischen Kastenform, mit achteckiger geometrischer Struktur als Kern der Designsprache, die kantigen Linien sind sowohl hart als auch weich, was nicht nur die verhei\u00dfungsvolle Bedeutung von \"Reichtum aus allen Richtungen\" in der traditionellen Kultur widerspiegelt, sondern auch moderne minimalistische \u00e4sthetische Eigenschaften verleiht, und die Regalanzeige Anerkennung wird durch 60% erh\u00f6ht.<\/li>\n<li><strong>Farbiges visuelles System<\/strong>: Die Hauptfarbe ist ein reines, mattes Wei\u00df, das die nat\u00fcrliche Reinheit des Tees symbolisiert; matte rote Linien werden verwendet, um die Konturen zu umrei\u00dfen, und das \u00f6rtliche Hei\u00dfpr\u00e4geverfahren wird verwendet, um traditionelle Muster wie Wolkenmuster und Chevron-Muster darzustellen, die einen rot-gold-wei\u00dfen Dreifarbkontrast bilden und orientalische Eleganz mit internationalem Modebewusstsein verbinden.<\/li>\n<\/ul>\n<h2 id=\"-iii-process-details-seiko-quality-sensory-upgrade-\"><strong>3. Details zum Prozess: Seiko Qualit\u00e4t, sensorische Aufwertung<\/strong><\/h2>\n<ul>\n<li><strong>Hochaufl\u00f6sende Drucktechnologie<\/strong>: F\u00fcnf-Farben-Offsetdruck in Kombination mit lokaler UV-Technologie wird verwendet, um eine Farbwiedergabe von 98% des Musters zu erreichen. Die Goldelemente erhalten durch Kaltpr\u00e4gung oder Sieben-Farben-Pulvertechnik einen dreidimensionalen Glanz. Der Fehler der Kantengenauigkeit betr\u00e4gt \u22640,1 mm, wodurch Defekte wie \u00dcberlauf und Grate vermieden werden.<\/li>\n<li><strong>Behandlung der Oberfl\u00e4chentextur<\/strong>: Die matte Folie oder die taktile Samtfolie wird aufgebracht, um die Verschlei\u00dffestigkeit zu erh\u00f6hen, und das Pr\u00e4geverfahren wird verwendet, um den dreidimensionalen Eindruck des Markenlogos zu verst\u00e4rken. Bei der Ber\u00fchrung mit den Fingerspitzen entsteht eine zarte matte oder samtige Textur, die ein hochwertiges Erlebnis vom Sehen bis zum F\u00fchlen bietet.<\/li>\n<\/ul>\n<h2 id=\"-fourth-customized-service-in-depth-adaptation-to-brand-needs-\"><strong>4. Ma\u00dfgeschneiderter Service: eingehende Anpassung an die Bed\u00fcrfnisse der Marke<\/strong><\/h2>\n<ul>\n<li><strong>Flexible Anpassungsma\u00dfe<\/strong>:<\/li>\n<li><strong>Einstellung des Kastentyps<\/strong>: Unterst\u00fctzt die Feineinstellung des achteckigen Winkels (z.B. 60\u00b0 spitzer Winkel oder 120\u00b0 stumpfer Winkel), die Erweiterung der Gr\u00f6\u00dfe (H\u00f6he 50-300mm kann individuell angepasst werden) und eignet sich f\u00fcr Teedosen oder Lebensmittelverpackungen verschiedener Spezifikationen.<\/li>\n<li><strong>Visuelle Gestaltung<\/strong>: LOGO-Hei\u00dfpr\u00e4gung\/Siebdruck, grafische Layout-Optimierung, Einbindung kultureller Elemente (z. B. Kalligrafie-Schriften, regionale Symbole) und 20 grundlegende Layout-Bibliotheken k\u00f6nnen schnell an den Bedarf angepasst werden.<\/li>\n<li><strong>Dienstleistungsprozess aus einer Hand<\/strong>: Von der 3D-Modellierung \u00fcber die Materialauswahl bis hin zur Massenproduktion ist die erste Musterbest\u00e4tigung innerhalb von 15 Tagen abgeschlossen, und die Mindestbestellmenge von 3.000 St\u00fcck wird innerhalb von 30 Tagen geliefert, wobei die globale Logistikverfolgung unterst\u00fctzt wird.<\/li>\n<\/ul>\n<h2 id=\"-v-quality-control-and-environmental-protection-strict-standards-sustainable-concept-\"><strong>5. Qualit\u00e4tskontrolle und Umweltschutz: Strenge Standards, nachhaltiges Konzept<\/strong><\/h2>\n<ul>\n<li><strong>Qualit\u00e4tspr\u00fcfung in der gesamten Kette<\/strong>: Das Qualit\u00e4tssystem ist nach ISO9001 zertifiziert. 12 Indikatoren wie die Dichte des Graukartons (\u2265800g\/m\u00b3) und die Berstfestigkeit des beschichteten Papiers (\u2265400kPa) werden Charge f\u00fcr Charge getestet, um die Einhaltung der Sicherheitsstandards f\u00fcr Lebensmittel zu gew\u00e4hrleisten.<\/li>\n<li><strong>Gr\u00fcnes Produktionssystem<\/strong>: Durch die Verwendung von FSC-zertifiziertem umweltfreundlichem Papier und Tinte auf Wasserbasis ist der Produktionsprozess abwasserfrei, und die Geschenkbox kann mit einer Rate von \u00fcber 90% recycelt und abgebaut werden, was der Marke hilft, die ESG-Strategie umzusetzen.<\/li>\n<\/ul>\n<h2 id=\"application-scenarios-and-value-empowerment\">Anwendungsszenarien und Value Empowerment<\/h2>\n<p>Diese Serie von Geschenkboxen eignet sich f\u00fcr hochwertige Geschenkszenarien wie Pu'er-Tee, Steintee und wertvolle Lebensmittel, insbesondere f\u00fcr\u00a0<strong>Firmengeschenke, gemeinsame Markennamen, limitierte Editionen f\u00fcr den Urlaub<\/strong>\u00a0und andere Marketinganforderungen. Durch differenziertes achteckiges Design, die Implantation kultureller Symbole und ma\u00dfgeschneiderte Dienstleistungen hilft es Marken, sich zu etablieren\u00a0<strong>\"Erkennung auf einen Blick\"<\/strong>\u00a0visuelles Ged\u00e4chtnis unter \u00e4hnlichen konkurrierenden Produkten und Erh\u00f6hung der Produktpr\u00e4mie um mehr als 30%.<\/p>","protected":false},"excerpt":{"rendered":"<p>Die Form dieser Geschenkbox ist achteckig, mit einem wei\u00dfen Innenfutter und einer Trennwandstruktur, in die das kleine Teep\u00e4ckchen genau hineinpasst und die Position des Produkts fixiert.<\/p>","protected":false},"featured_media":250,"template":"","meta":{"_kad_post_transparent":"default","_kad_post_title":"","_kad_post_layout":"default","_kad_post_sidebar_id":"","_kad_post_content_style":"default","_kad_post_vertical_padding":"default","_kad_post_feature":"","_kad_post_feature_position":"","_kad_post_header":false,"_kad_post_footer":false,"_kad_post_classname":""},"product_brand":[],"product_cat":[15,17],"product_tag":[73,71,72],"class_list":{"0":"post-248","1":"product","2":"type-product","3":"status-publish","4":"has-post-thumbnail","6":"product_cat-red-light-therapy","7":"product_cat-services","8":"product_tag-food-tea-box-suppliers","9":"product_tag-food-tea-gift-packaging","10":"product_tag-luxury-food-gift-box","12":"first","13":"instock","14":"shipping-taxable","15":"product-type-simple","16":"entry","17":"content-bg","18":"loop-entry"},"_links":{"self":[{"href":"https:\/\/red-lighttherapy.com\/de_de\/wp-json\/wp\/v2\/product\/248","targetHints":{"allow":["GET"]}}],"collection":[{"href":"https:\/\/red-lighttherapy.com\/de_de\/wp-json\/wp\/v2\/product"}],"about":[{"href":"https:\/\/red-lighttherapy.com\/de_de\/wp-json\/wp\/v2\/types\/product"}],"wp:featuredmedia":[{"embeddable":true,"href":"https:\/\/red-lighttherapy.com\/de_de\/wp-json\/wp\/v2\/media\/250"}],"wp:attachment":[{"href":"https:\/\/red-lighttherapy.com\/de_de\/wp-json\/wp\/v2\/media?parent=248"}],"wp:term":[{"taxonomy":"product_brand","embeddable":true,"href":"https:\/\/red-lighttherapy.com\/de_de\/wp-json\/wp\/v2\/product_brand?post=248"},{"taxonomy":"product_cat","embeddable":true,"href":"https:\/\/red-lighttherapy.com\/de_de\/wp-json\/wp\/v2\/product_cat?post=248"},{"taxonomy":"product_tag","embeddable":true,"href":"https:\/\/red-lighttherapy.com\/de_de\/wp-json\/wp\/v2\/product_tag?post=248"}],"curies":[{"name":"wp","href":"https:\/\/api.w.org\/{rel}","templated":true}]}}