{"id":242,"date":"2025-04-10T12:32:25","date_gmt":"2025-04-10T12:32:25","guid":{"rendered":"https:\/\/red-lighttherapy.com\/?post_type=product&#038;p=242"},"modified":"2025-04-10T12:46:01","modified_gmt":"2025-04-10T12:46:01","slug":"china-double-door-open-gourmet-food-gift-box-suppliers","status":"publish","type":"product","link":"https:\/\/red-lighttherapy.com\/de_de\/china-double-door-open-gourmet-food-gift-box-suppliers\/","title":{"rendered":"China Double Door Open Gourmet Food Geschenk Box Lieferanten"},"content":{"rendered":"<h2 id=\"-double-door-open-liftable-food-gift-box\">China Double Door Open Gourmet Food Geschenk Box Lieferanten<\/h2>\n<h2 id=\"-i-core-material-high-pressure-resistant-and-environmentally-friendly-substrate-\"><strong>1. Kernmaterial: hochdruckfestes und umweltfreundliches Substrat<\/strong><\/h2>\n<ol>\n<li><strong>Kombination aus beschichtetem Papier und doppelter Graukartonstruktur<\/strong><\/li>\n<li>F\u00fcr die \u00e4u\u00dfere Verpackung wird 300 g schweres, beschichtetes Papier mit Mattfolientechnologie verwendet, das eine glatte und zarte Oberfl\u00e4che und eine hohe Farbwiedergabe aufweist. Das Flock-\/Hei\u00dfpr\u00e4geverfahren verbessert die Haptik und die visuelle Qualit\u00e4t.<\/li>\n<li>Die innere Schicht besteht aus 2,5 mm starker, importierter Doppelgraupappe mit einer Steifigkeit von mehr als 80 MPa. Die Druckfestigkeit \u00fcbertrifft den Industriestandard von 30% und kann einem vertikalen Druck von 50 kg w\u00e4hrend des Transports ohne Verformung standhalten.<\/li>\n<li>Das Material hat die FSC-Umweltzertifizierung bestanden, ist recycelbar und abbaubar und erf\u00fcllt die Sicherheitsstandards f\u00fcr Lebensmittelverpackungen.<\/li>\n<\/ol>\n<h2 id=\"-ii-innovative-structure-double-door-flip-lift-design-\"><strong>2. Innovative Struktur: Doppelt\u00fcriges Flip-Lift-Design<\/strong><\/h2>\n<ol>\n<li><strong>Magnetisches \u00d6ffnen und Schlie\u00dfen von Doppelt\u00fcren<\/strong><\/li>\n<li>Die 180\u00b0-Doppelt\u00fcrstruktur mit eingebautem, unsichtbarem Magnetverschluss erm\u00f6glicht ein sanftes und ger\u00e4uschloses \u00d6ffnen und Schlie\u00dfen, und die Abdichtung nach dem Schlie\u00dfen erreicht die Staubschutzklasse IP54.<\/li>\n<li><strong>Automatisch anhebbarer Innenkasten<\/strong><\/li>\n<li>Durch die eingebaute Feder\/Zahnrad-Langsamhebevorrichtung hebt sich das Innentablett beim \u00d6ffnen mit einer gleichm\u00e4\u00dfigen Geschwindigkeit von 0,5 m\/s, und mit der hellen EVA-Auskleidung bildet es einen visuellen Schwerpunkt im \"Stand-Stil\", der das Gef\u00fchl der Feierlichkeit beim Auspacken verst\u00e4rkt.<\/li>\n<li>Die innere Schale kann mit geschichteten Modulen angepasst werden, um den Anforderungen von Kombinationsverpackungen f\u00fcr mehrere Kategorien wie Kuchen, Trockenwaren und Wein gerecht zu werden.<\/li>\n<\/ol>\n<h2 id=\"-three-visual-design-black-and-gold-aesthetics-and-information-communication-\"><strong>3. Visuelle Gestaltung: schwarz-goldene \u00c4sthetik und Informationsvermittlung<\/strong><\/h2>\n<ol>\n<li><strong>Wichtigste visuelle L\u00f6sung<\/strong><\/li>\n<li>Schwarzer matter Hintergrund mit hochges\u00e4ttigten, real aufgenommenen Lebensmittelmustern (z. B. orange-rote Paprika, goldenes Shortbread), CMYK-Farbraumabdeckungsrate erreicht 98%, wodurch der Kontrasteffekt \"dunkle Farbe ruhig + helle Farbe auff\u00e4llig\" erreicht wird.<\/li>\n<li>Das LOGO verwendet die dreidimensionale Hei\u00dfsilbertechnologie, und die Textinformationen verwenden die Metallspotfarbe Pantone 872C, und der Brechungsindex unter starkem Licht erh\u00f6ht sich um 200%.<\/li>\n<li><strong>Pr\u00e4sentation des Treuhandvermerks<\/strong><\/li>\n<li>ISO22000, HACCP und andere Zertifizierungslogos sind gut sichtbar auf der Vorderseite aufgedruckt, und ein f\u00e4lschungssicherer QR-Code ist an der Seite angebracht. Scannen Sie den Code, um die Produktionscharge und den Qualit\u00e4tspr\u00fcfungsbericht anzuzeigen.<\/li>\n<\/ol>\n<h2 id=\"-iv-lining-protection-intelligent-buffer-system-\"><strong>4. Schutz der Auskleidung: intelligentes Puffersystem<\/strong><\/h2>\n<ol>\n<li><strong>Modulare Auskleidungsl\u00f6sung<\/strong><\/li>\n<li>Basisversion: 1,5 mm hellgraues Perlbaumwollfutter, FDA-Zertifizierung f\u00fcr Lebensmittelkontakt, waschbar und wiederverwendbar.<\/li>\n<li>Verbesserte Version: 3D-Laser-geschnittener Memory-Schaum, vorgepresste Rillen entsprechend der Form des Produkts, und die Erdbebensicherheit erreicht den Milit\u00e4rstandard MIL-STD-810G.<\/li>\n<li><strong>Technologie zur Geruchskontrolle<\/strong><\/li>\n<li>Die mikropor\u00f6se, sauerstoffdurchl\u00e4ssige Struktur mit Bambuskohle-Adsorptionsschicht zeigt in einem 72-st\u00fcndigen geschlossenen Test, dass die TVOC-Freisetzung \u22640,05mg\/m\u00b3 betr\u00e4gt.<\/li>\n<\/ol>\n<h2 id=\"-v-customized-service-full-link-flexible-production-\"><strong>5. Ma\u00dfgeschneiderter Service: vollstufige flexible Produktion<\/strong><\/h2>\n<ol>\n<li><strong>Personalisierte Designunterst\u00fctzung<\/strong><\/li>\n<li>Der Gr\u00f6\u00dfenbereich reicht von 80\u00d780 mm bis 600\u00d7400 mm und unterst\u00fctzt mehr als 20 verschiedene Schachtelarten, wie z. B. Schachteln in Sonderform und buchf\u00f6rmige Schachteln.<\/li>\n<li>Bereitstellung eines intelligenten AI-Designsystems, das nach dem Hochladen von Materialien durch den Kunden automatisch 3D-Renderings erstellen und innerhalb von 48 Stunden einen Korrekturabzug liefern kann.<\/li>\n<li><strong>Skalierte Lieferf\u00e4higkeit<\/strong><\/li>\n<li>16 Jahre Erfahrung im Druckbereich, eigene 10.000\u33a1 intelligente Fabrik, eine t\u00e4gliche Produktionskapazit\u00e4t von 100.000 St\u00fcck und Unterst\u00fctzung f\u00fcr 500.000-500.000 flexible Auftr\u00e4ge.<\/li>\n<li>Vollst\u00e4ndige Qualit\u00e4tskontrolle: Vom Eingang der Rohstoffe in der Fabrik bis zum Versand der fertigen Produkte gibt es 12 Pr\u00fcfknoten, und die Farbdifferenzkontrolle ist \u0394E\u22641,5.<\/li>\n<\/ol>\n<h2 id=\"-vi-value-added-service-brand-empowerment-solution-\"><strong>6. Dienstleistung mit Mehrwert: L\u00f6sung zur St\u00e4rkung der Marke<\/strong><\/h2>\n<ul>\n<li><strong>L\u00f6sung aus einer Hand<\/strong>: Vollst\u00e4ndige Dienstleistungen vom strukturellen Design, Grafikdesign, Materialauswahl bis hin zur logistischen Verteilung und 7\u00d724 Stunden exklusive Kundenbetreuung.<\/li>\n<li><strong>Bef\u00e4higung zum Marketing<\/strong>: Es werden 1.000 ma\u00dfgeschneiderte Produktstory-Karten verschenkt. Scannen Sie den QR-Code, um zur Marken-Micro-Mall zu gelangen, die die Konvertierung von privatem Domain-Traffic unterst\u00fctzt.<\/li>\n<\/ul>","protected":false},"excerpt":{"rendered":"<p>Diese ungew\u00f6hnlich geformte Schachtel ist haupts\u00e4chlich schwarz, mit hellen Lebensmittelbildern, die eine starke visuelle Wirkung haben. Die Vorderseite ist mit auff\u00e4lligen W\u00f6rtern wie LOGO bedruckt, um die Produkteigenschaften und die Qualit\u00e4t hervorzuheben, und sie ist au\u00dferdem mit Zertifizierungszeichen versehen, um die Glaubw\u00fcrdigkeit zu erh\u00f6hen.<\/p>","protected":false},"featured_media":246,"template":"","meta":{"_kad_post_transparent":"default","_kad_post_title":"","_kad_post_layout":"default","_kad_post_sidebar_id":"","_kad_post_content_style":"default","_kad_post_vertical_padding":"default","_kad_post_feature":"","_kad_post_feature_position":"","_kad_post_header":false,"_kad_post_footer":false,"_kad_post_classname":""},"product_brand":[],"product_cat":[15,17],"product_tag":[70,69,68],"class_list":{"0":"post-242","1":"product","2":"type-product","3":"status-publish","4":"has-post-thumbnail","6":"product_cat-red-light-therapy","7":"product_cat-services","8":"product_tag-double-door-open-food-box","9":"product_tag-food-gift-box-suppliers","10":"product_tag-gourmet-food-gift-box","12":"first","13":"instock","14":"shipping-taxable","15":"product-type-simple","16":"entry","17":"content-bg","18":"loop-entry"},"_links":{"self":[{"href":"https:\/\/red-lighttherapy.com\/de_de\/wp-json\/wp\/v2\/product\/242","targetHints":{"allow":["GET"]}}],"collection":[{"href":"https:\/\/red-lighttherapy.com\/de_de\/wp-json\/wp\/v2\/product"}],"about":[{"href":"https:\/\/red-lighttherapy.com\/de_de\/wp-json\/wp\/v2\/types\/product"}],"wp:featuredmedia":[{"embeddable":true,"href":"https:\/\/red-lighttherapy.com\/de_de\/wp-json\/wp\/v2\/media\/246"}],"wp:attachment":[{"href":"https:\/\/red-lighttherapy.com\/de_de\/wp-json\/wp\/v2\/media?parent=242"}],"wp:term":[{"taxonomy":"product_brand","embeddable":true,"href":"https:\/\/red-lighttherapy.com\/de_de\/wp-json\/wp\/v2\/product_brand?post=242"},{"taxonomy":"product_cat","embeddable":true,"href":"https:\/\/red-lighttherapy.com\/de_de\/wp-json\/wp\/v2\/product_cat?post=242"},{"taxonomy":"product_tag","embeddable":true,"href":"https:\/\/red-lighttherapy.com\/de_de\/wp-json\/wp\/v2\/product_tag?post=242"}],"curies":[{"name":"wp","href":"https:\/\/api.w.org\/{rel}","templated":true}]}}