{"id":236,"date":"2025-04-10T12:21:10","date_gmt":"2025-04-10T12:21:10","guid":{"rendered":"https:\/\/red-lighttherapy.com\/?post_type=product&#038;p=236"},"modified":"2025-04-10T12:32:14","modified_gmt":"2025-04-10T12:32:14","slug":"custom-wine-spirit-liquor-paper-tube-packaging-box-wholesale","status":"publish","type":"product","link":"https:\/\/red-lighttherapy.com\/de_de\/custom-wine-spirit-liquor-paper-tube-packaging-box-wholesale\/","title":{"rendered":"Benutzerdefinierte Wein Spirituosen Lik\u00f6r Papier Tube Verpackung Box Gro\u00dfhandel"},"content":{"rendered":"<h2 id=\"-customized-red-and-gold-curled-cylinder-packaging-box-for-wine-and-spirits-\"><strong>Kundenspezifische rote und goldene gewellte Zylinderverpackungsbox f\u00fcr Wein und Spirituosen<\/strong><\/h2>\n<h2 id=\"-core-product-design-\"><strong>Zentrales Produktdesign<\/strong><\/h2>\n<ol>\n<li><strong>Material und Struktur<\/strong><\/li>\n<li><strong>Umweltfreundliches Oberfl\u00e4chenmaterial aus beschichtetem Papier<\/strong>: Ausgew\u00e4hltes gestrichenes Papier mit einem Grammgewicht von mehr als 200 g\/m\u00b2 als Oberfl\u00e4chenmaterial, die Oberfl\u00e4che ist glatt und empfindlich, mit hervorragender Druckeignung, und kann Prozessdetails wie Hei\u00dfpr\u00e4gung und Farbdruck genau darstellen. Der Zylinderk\u00f6rper ist spiralf\u00f6rmig gewellt, und die Steifigkeit wird durch ein mehrschichtiges Montageverfahren erh\u00f6ht, um sicherzustellen, dass sich der Zylinderkasten nicht verformt, wenn er mit Gewicht belastet wird (einzelne Rotwein-\/Spirituosenflasche), wobei Umweltschutz und Haltbarkeit ber\u00fccksichtigt werden.<\/li>\n<li><strong>Gewellter Zylinder Box Typ<\/strong>: Zylindrische Papierrohrstruktur, glatte Linien ohne Kanten und Ecken, bequemes \u00d6ffnen und Schlie\u00dfen nach oben und unten und gute Abdichtung. Der Durchmesser und die H\u00f6he des Zylinderk\u00f6rpers k\u00f6nnen auf die Bed\u00fcrfnisse von 750ml Standard-Weinflaschen und speziell geformten Flaschen angepasst werden.<\/li>\n<li><strong>Dekorationstechnik und visuelle Gestaltung<\/strong><\/li>\n<li><strong>Hei\u00dfpr\u00e4getechnik<\/strong>: Mit der lokalen UV-Hei\u00dfpr\u00e4getechnik werden radiale Linien oder Rankenmuster auf dem Hauptk\u00f6rper des Fasses entworfen, die mit dem Markenlogo oder verhei\u00dfungsvollen Mustern abgestimmt sind und eine festliche und luxuri\u00f6se Atmosph\u00e4re vermitteln, die sich f\u00fcr Weihnachtsgeschenke, Hochzeitsbankette und andere Anl\u00e4sse eignet.<\/li>\n<li><strong>Rot und Gold klassische Farbkombination<\/strong>: Die Hauptfarbe ist ein stark ges\u00e4ttigtes chinesisches Rot, das mit Hei\u00dfpr\u00e4geelementen kombiniert wird. Die visuelle Wirkung wird durch den Farbkontrast verst\u00e4rkt, der die hochwertige Textur und die kulturelle Konnotation des Produkts hervorhebt.<\/li>\n<li><strong>Interne Schutzstruktur<\/strong><\/li>\n<li><strong>Goldfarbenes Rahmenfutter<\/strong>: Eingebauter 0,5 mm dicker goldener EVA-Pufferrahmen, der sich eng an den Flaschenk\u00f6rper anschmiegt, um Kratzer w\u00e4hrend des Transports zu vermeiden; die Oberfl\u00e4che des Rahmens ist mit einer matten Folie bedeckt, die die Textur der Weinflasche unaufdringlich hervorhebt. Unterst\u00fctzt die Aufr\u00fcstung auf Beflockung oder eine kundenspezifische Trennwandstruktur, um die Bed\u00fcrfnisse von Mehrflaschen-Kombinationsverpackungen zu erf\u00fcllen.<\/li>\n<\/ol>\n<h2 id=\"-advantages-of-customized-services-\"><strong>Vorteile der ma\u00dfgeschneiderten Dienstleistungen<\/strong><\/h2>\n<ol>\n<li><strong>Flexible Anpassungsm\u00f6glichkeiten<\/strong><\/li>\n<li><strong>Muster und Gr\u00f6\u00dfe<\/strong>: Unterst\u00fctzt Vollfarbdruck, partielle Hei\u00dfpr\u00e4gung, Pr\u00e4gung und andere Verfahren, die in die Marke VI, Urlaubsmotive oder k\u00fcnstlerische Illustrationen integriert werden k\u00f6nnen; die H\u00f6hen- und Durchmesserfehler des Zylinders werden innerhalb von \u00b10,5 mm kontrolliert und entsprechen genau den Kundenanforderungen.<\/li>\n<li><strong>Material-Upgrade<\/strong>: Optional k\u00f6nnen Gold- und Silberkarton, Spezialpapier (z. B. Kunstleder, Touchfolie) verwendet werden, um die Textur zu verbessern, oder es kann eine wasserfeste Beschichtung hinzugef\u00fcgt werden, um die Praktikabilit\u00e4t zu erh\u00f6hen.<\/li>\n<li><strong>Produktions- und Liefergarantie<\/strong><\/li>\n<li><strong>Effiziente Produktionskapazit\u00e4t<\/strong>: Ausgestattet mit einer vollautomatischen Walzprofiliermaschine und einer Hei\u00dfpr\u00e4gelinie erreicht die t\u00e4gliche Produktionskapazit\u00e4t mehr als 10.000.000 St\u00fcck, unterst\u00fctzt eine Mindestbestellmenge von 500 St\u00fcck und verk\u00fcrzt den Lieferzyklus von Gro\u00dfauftr\u00e4gen auf 7-10 Arbeitstage.<\/li>\n<li><strong>Service aus einer Hand<\/strong>: Von der 3D-Modellierung \u00fcber die Best\u00e4tigung des Proofs bis hin zur Massenproduktion, Nachverfolgung w\u00e4hrend des gesamten Prozesses, Bereitstellung von Materialmusterb\u00fcchern, Prozesstests und logistischen Verpackungsl\u00f6sungen, um sowohl Qualit\u00e4t als auch P\u00fcnktlichkeit zu gew\u00e4hrleisten.<\/li>\n<\/ol>\n<h2 id=\"-application-scenarios-and-competitiveness-\"><strong>Anwendungsszenarien und Wettbewerbsf\u00e4higkeit<\/strong><\/h2>\n<ul>\n<li><strong>Anpassung des Szenarios<\/strong>: Anwendbar f\u00fcr Geschenkverpackungen wie Rotwein, Spirituosen, hochwertigen Tee, Parf\u00fcms usw., unter Ber\u00fccksichtigung verschiedener Szenarien wie Supermarktauslage, E-Commerce-Transport, Marken-Flash-Events usw.<\/li>\n<li><strong>Umweltzertifizierung<\/strong>: Das Hauptmaterial hat die FSC-Forstzertifizierung erhalten, erf\u00fcllt die EU-Umweltschutznormen REACH f\u00fcr den Export und unterst\u00fctzt die grenz\u00fcberschreitende Lieferung.<\/li>\n<\/ul>","protected":false},"excerpt":{"rendered":"<p>Diese Schachtel ist eine gewellte Papierr\u00f6hrenschachtel mit glatten Linien, leicht zu \u00f6ffnen und zu schlie\u00dfen, goldener Hei\u00dfpr\u00e4gefolientechnik und radialer Liniendekoration, die f\u00fcr Feste oder Geschenkszenen geeignet ist.<\/p>","protected":false},"featured_media":240,"template":"","meta":{"_kad_post_transparent":"default","_kad_post_title":"","_kad_post_layout":"default","_kad_post_sidebar_id":"","_kad_post_content_style":"default","_kad_post_vertical_padding":"default","_kad_post_feature":"","_kad_post_feature_position":"","_kad_post_header":false,"_kad_post_footer":false,"_kad_post_classname":""},"product_brand":[],"product_cat":[15,17],"product_tag":[67,66,65],"class_list":{"0":"post-236","1":"product","2":"type-product","3":"status-publish","4":"has-post-thumbnail","6":"product_cat-red-light-therapy","7":"product_cat-services","8":"product_tag-custom-wine-box-wholesale","9":"product_tag-spirit-liquor-paper-tube","10":"product_tag-wine-paper-tube-packaging","12":"first","13":"instock","14":"shipping-taxable","15":"product-type-simple","16":"entry","17":"content-bg","18":"loop-entry"},"_links":{"self":[{"href":"https:\/\/red-lighttherapy.com\/de_de\/wp-json\/wp\/v2\/product\/236","targetHints":{"allow":["GET"]}}],"collection":[{"href":"https:\/\/red-lighttherapy.com\/de_de\/wp-json\/wp\/v2\/product"}],"about":[{"href":"https:\/\/red-lighttherapy.com\/de_de\/wp-json\/wp\/v2\/types\/product"}],"wp:featuredmedia":[{"embeddable":true,"href":"https:\/\/red-lighttherapy.com\/de_de\/wp-json\/wp\/v2\/media\/240"}],"wp:attachment":[{"href":"https:\/\/red-lighttherapy.com\/de_de\/wp-json\/wp\/v2\/media?parent=236"}],"wp:term":[{"taxonomy":"product_brand","embeddable":true,"href":"https:\/\/red-lighttherapy.com\/de_de\/wp-json\/wp\/v2\/product_brand?post=236"},{"taxonomy":"product_cat","embeddable":true,"href":"https:\/\/red-lighttherapy.com\/de_de\/wp-json\/wp\/v2\/product_cat?post=236"},{"taxonomy":"product_tag","embeddable":true,"href":"https:\/\/red-lighttherapy.com\/de_de\/wp-json\/wp\/v2\/product_tag?post=236"}],"curies":[{"name":"wp","href":"https:\/\/api.w.org\/{rel}","templated":true}]}}