{"id":224,"date":"2025-04-10T11:54:03","date_gmt":"2025-04-10T11:54:03","guid":{"rendered":"https:\/\/red-lighttherapy.com\/?post_type=product&#038;p=224"},"modified":"2025-04-10T12:08:39","modified_gmt":"2025-04-10T12:08:39","slug":"high-quality-customized-jewelry-drawer-gift-box-wholesale","status":"publish","type":"product","link":"https:\/\/red-lighttherapy.com\/de_de\/high-quality-customized-jewelry-drawer-gift-box-wholesale\/","title":{"rendered":"Hohe Qualit\u00e4t Customized Schmuck Schublade Geschenk Box Gro\u00dfhandel"},"content":{"rendered":"<h2 id=\"-high-quality-custom-jewelry-drawer-gift-box-product-description-\"><strong>Hochwertige individuelle Schmuckschublade Geschenkbox Produktbeschreibung<\/strong><\/h2>\n<h2 id=\"-1-environmentally-friendly-materials-ingenious-choice-\"><strong>1. Umweltfreundliche Materialien, raffinierte Wahl<\/strong><\/h2>\n<p>Diese Geschenkbox f\u00fcr die Schmuckschublade verwendet\u00a0<strong>gestrichenes Papier und einfacher schwarzer Graukarton<\/strong>\u00a0als Kernmaterial, wobei sowohl der Umweltschutz als auch die Haltbarkeit ber\u00fccksichtigt werden.<\/p>\n<ul>\n<li><strong>Beschichtetes Papier<\/strong>: Die Oberfl\u00e4che ist glatt und zart, und der hohe Glanz sorgt daf\u00fcr, dass die Druckfarbe voll zur Geltung kommt. Gleichzeitig ist sie sehr rei\u00dffest und druckbest\u00e4ndig und bietet einen soliden Schutz f\u00fcr Schmuck.<\/li>\n<li><strong>Einzelne schwarz-graue Tafel<\/strong>: Es wird mit umweltfreundlicher Technologie verarbeitet, hat keinen st\u00f6renden Geruch, entspricht den internationalen Umweltstandards (z. B. RoHS), ist steif und verformungsbest\u00e4ndig und eignet sich f\u00fcr den Transport \u00fcber lange Strecken und die langfristige Lagerung.<\/li>\n<li><strong>Umweltzertifizierung<\/strong>: Alle Materialien haben die FSC-Forstzertifizierung und die Pr\u00fcfung der Abbaubarkeit bestanden, was der Marke hilft, das Konzept der nachhaltigen Entwicklung umzusetzen.<\/li>\n<\/ul>\n<h2 id=\"-two-and-four-color-printing-technology-artistic-brand-expression-\"><strong>2. Und Vier-Farben-Drucktechnik, k\u00fcnstlerische Marke Ausdruck<\/strong><\/h2>\n<p>\u00dcber\u00a0<strong>Vier-Farben-Drucktechnik (CMYK)<\/strong>Das LOGO der Marke und die visuellen Elemente werden akkurat wiederhergestellt, wodurch die Geschenkbox eine k\u00fcnstlerische Pr\u00e4sentation erh\u00e4lt:<\/p>\n<ul>\n<li><strong>Hochaufl\u00f6sender Druck<\/strong>: Es werden 300 Linien\/Zoll hochpr\u00e4zise Punkte verwendet, um sicherzustellen, dass die R\u00e4nder der LOGO-Schriften scharf und klar sind, die Details deutlich zu erkennen sind und Farbunterschiede und Fleckenprobleme vermieden werden.<\/li>\n<li><strong>Farbe Leistung<\/strong>: Durch die \u00dcberlagerung von Cyan, Magenta, Gelb und Schwarz,\u00a0<strong>99% Abdeckung des Pantone-Farbraums<\/strong>\u00a0Das Ergebnis ist eine genaue Anpassung an das VI-System der Marke und eine St\u00e4rkung der visuellen Einheitlichkeit.<\/li>\n<li><strong>Mattgoldene Schrifttechnik<\/strong>: Die schwarze Hauptfarbe ist abgestimmt auf die\u00a0<strong>teilweise matte Gold-Hei\u00dfpr\u00e4gung<\/strong>Die Schrift hat eine mattierte Metalltextur, die einen hellen und dunklen Kontrast zum Korpus bildet und einen luxuri\u00f6sen Stil auf unaufdringliche Weise zeigt.<\/li>\n<\/ul>\n<h2 id=\"-three-black-and-gold-aesthetic-design-creating-visual-memory-points-\"><strong>3. Schwarzes und goldenes \u00e4sthetisches Design, das visuelle Erinnerungspunkte schafft<\/strong><\/h2>\n<p>Verwendung von\u00a0<strong>minimalistischer schwarz-goldener Stil<\/strong>\u00a0als zentrale Designsprache entwickeln wir markenexklusive \u00e4sthetische Symbole:<\/p>\n<ul>\n<li><strong>Anpassung der Hauptfarbe<\/strong>: Die klassische schwarze Basis symbolisiert Stabilit\u00e4t und Geheimnis, und die mattgoldene LOGO-Verzierung verst\u00e4rkt den visuellen Fokus. Der Farbkontrast ist stark und vielschichtig.<\/li>\n<li><strong>Integration des Markenlogos<\/strong>: Das LOGO ist in die Relieftechnologie oder den dreidimensionalen UV-Druck eingebettet, der sich nahtlos mit dem Schachtelk\u00f6rper verbindet, die taktile und visuelle Wiedererkennung verbessert und das Markenbewusstsein st\u00e4rkt.<\/li>\n<li><strong>Interaktives Erlebnis zum Herausziehen<\/strong>: Das goldene Band l\u00e4sst sich sanft und ungehindert ziehen, und das Design der Schubladen\u00f6ffnung erm\u00f6glicht\u00a0<strong>ein Ritual zum \u00d6ffnen der Box<\/strong>die den emotionalen Bed\u00fcrfnissen des \"Sammelns\" und \"Zeigens\" von hochwertigem Schmuck entspricht.<\/li>\n<\/ul>\n<h2 id=\"-four-multi-functional-lining-customization-all-round-protection-\"><strong>4. Multifunktionale Futteranpassung, Rundumschutz<\/strong><\/h2>\n<p>Bieten Sie diversifizierte Futterl\u00f6sungen an, um den Schutzbedarf verschiedener Schmuckkategorien zu erf\u00fcllen:<\/p>\n<ul>\n<li><strong>Perlenbaumwolle<\/strong>: Weich und sto\u00dffest, geeignet f\u00fcr zerbrechliche Edelsteine, Jade usw., um Transportsch\u00e4den durch Vibrationen zu verringern.<\/li>\n<li><strong>EVA-Material<\/strong>: Struktur mit hoher Dichte, verschlei\u00dffest und sto\u00dffest, geeignet f\u00fcr die Befestigung von Metallschmuck und Intarsienschmuck.<\/li>\n<li><strong>Schwamm-Beflockung<\/strong>: Die Oberfl\u00e4che ist mit Samt oder Satin \u00fcberzogen, f\u00fchlt sich zart an, verbessert die \u00c4sthetik des Displays und verhindert Kratzer.<\/li>\n<li><strong>Ma\u00dfgeschneiderte Trennw\u00e4nde<\/strong>: Unterst\u00fctzt strukturelle Designs wie F\u00e4cher, Schlitze und verschachtelte Boxen, trennt flexibel Halsketten, Ringe, Ohrringe usw. und optimiert die Raumnutzung.<\/li>\n<\/ul>\n<h2 id=\"-v-large-scale-production-strength-one-stop-customization-service-\"><strong>5. Gro\u00df angelegte Produktion St\u00e4rke, One-Stop-Anpassung Service<\/strong><\/h2>\n<p>Verlassen Sie sich auf\u00a0<strong>5.320 Quadratmeter intelligente Werkstatt<\/strong>\u00a0Wir bieten effiziente und pr\u00e4zise Anpassungsl\u00f6sungen:<\/p>\n<ul>\n<li><strong>Flexible Produktionskette<\/strong>: Ausgestattet mit einem 5-Tonnen-Lastenaufzug und einer vollautomatischen Schneideanlage erm\u00f6glicht sie die flexible Annahme von Auftr\u00e4gen zwischen 100 und 100.000 St\u00fcck und verk\u00fcrzt den Lieferzyklus um 30%.<\/li>\n<li><strong>3D-Effekt Voruntersuchung<\/strong>: Durch die virtuelle Modellierungstechnologie werden die Kastenstruktur, die Materialbeschaffenheit und der Druckeffekt im Voraus dargestellt, um einen fehlerfreien Entwurf zu gew\u00e4hrleisten.<\/li>\n<li><strong>Qualit\u00e4tskontrolle<\/strong>: Implementierung des Qualit\u00e4tsmanagementsystems ISO 9001, jede Produktcharge wird 12 strengen Tests unterzogen (einschlie\u00dflich Belastungspr\u00fcfung, Feuchtigkeitstoleranz usw.), und die Qualifikationsrate erreicht 99,8%.<\/li>\n<\/ul>\n<h2 id=\"-advantages-of-cooperation-\"><strong>Vorteile der Zusammenarbeit<\/strong>:<\/h2>\n<ul>\n<li><strong>Exklusives Design-Team<\/strong>: Wir bieten kreative Unterst\u00fctzung aus einer Hand, von der Konzeptskizze bis zur Massenproduktion, und setzen uns intensiv mit den kulturellen Elementen der Marke auseinander.<\/li>\n<li><strong>Optimierung der Kosten<\/strong>: Durch die Beschaffung in gro\u00dfem Umfang werden die St\u00fcckkosten gesenkt, und bei Gro\u00dfauftr\u00e4gen werden exklusive Rabatte und Logistiksubventionen gew\u00e4hrt.<\/li>\n<li><strong>Unterst\u00fctzung bei der Umweltzertifizierung<\/strong>: Unterst\u00fctzung der Kunden bei der Beantragung des Logos f\u00fcr gr\u00fcne Verpackungen und Verbesserung des Images der Marke im Bereich der sozialen Verantwortung.<\/li>\n<\/ul>","protected":false},"excerpt":{"rendered":"<p>Diese Schubladen-Papierbox ist haupts\u00e4chlich schwarz, mit mattgoldenen Hei\u00dfpr\u00e4gefolien-Schriften, die sich gegenseitig erg\u00e4nzen. Die Farbkombination ist harmonisch und \u00fcberlagert, wodurch ein luxuri\u00f6ser und eleganter visueller Effekt f\u00fcr die Verbraucher entsteht.<\/p>","protected":false},"featured_media":228,"template":"","meta":{"_kad_post_transparent":"default","_kad_post_title":"","_kad_post_layout":"default","_kad_post_sidebar_id":"","_kad_post_content_style":"default","_kad_post_vertical_padding":"default","_kad_post_feature":"","_kad_post_feature_position":"","_kad_post_header":false,"_kad_post_footer":false,"_kad_post_classname":""},"product_brand":[],"product_cat":[15,20,17],"product_tag":[60,59,61],"class_list":{"0":"post-224","1":"product","2":"type-product","3":"status-publish","4":"has-post-thumbnail","6":"product_cat-red-light-therapy","7":"product_cat-led-face-light-therapy","8":"product_cat-services","9":"product_tag-customized-jewelry-gift-box","10":"product_tag-jewelry-drawer-box","11":"product_tag-jewelry-gift-box-wholesale","13":"first","14":"instock","15":"shipping-taxable","16":"product-type-simple","17":"entry","18":"content-bg","19":"loop-entry"},"_links":{"self":[{"href":"https:\/\/red-lighttherapy.com\/de_de\/wp-json\/wp\/v2\/product\/224","targetHints":{"allow":["GET"]}}],"collection":[{"href":"https:\/\/red-lighttherapy.com\/de_de\/wp-json\/wp\/v2\/product"}],"about":[{"href":"https:\/\/red-lighttherapy.com\/de_de\/wp-json\/wp\/v2\/types\/product"}],"wp:featuredmedia":[{"embeddable":true,"href":"https:\/\/red-lighttherapy.com\/de_de\/wp-json\/wp\/v2\/media\/228"}],"wp:attachment":[{"href":"https:\/\/red-lighttherapy.com\/de_de\/wp-json\/wp\/v2\/media?parent=224"}],"wp:term":[{"taxonomy":"product_brand","embeddable":true,"href":"https:\/\/red-lighttherapy.com\/de_de\/wp-json\/wp\/v2\/product_brand?post=224"},{"taxonomy":"product_cat","embeddable":true,"href":"https:\/\/red-lighttherapy.com\/de_de\/wp-json\/wp\/v2\/product_cat?post=224"},{"taxonomy":"product_tag","embeddable":true,"href":"https:\/\/red-lighttherapy.com\/de_de\/wp-json\/wp\/v2\/product_tag?post=224"}],"curies":[{"name":"wp","href":"https:\/\/api.w.org\/{rel}","templated":true}]}}