{"id":218,"date":"2025-04-10T11:34:05","date_gmt":"2025-04-10T11:34:05","guid":{"rendered":"https:\/\/red-lighttherapy.com\/?post_type=product&#038;p=218"},"modified":"2025-04-12T08:10:32","modified_gmt":"2025-04-12T08:10:32","slug":"custom-design-knife-circular-saw-blade-packaging-box-factory","status":"publish","type":"product","link":"https:\/\/red-lighttherapy.com\/de_de\/custom-design-knife-circular-saw-blade-packaging-box-factory\/","title":{"rendered":"Benutzerdefinierte Design Messer Kreiss\u00e4geblatt Verpackung Box Fabrik"},"content":{"rendered":"<h2 id=\"-customized-circular-saw-blade-packaging-box-product-description-\"><strong>Kundenspezifische Kreiss\u00e4geblatt-Verpackungsbox Produktbeschreibung<\/strong><\/h2>\n<h2 id=\"-1-material-and-structural-design-\"><strong>1. Material und strukturelle Gestaltung<\/strong><\/h2>\n<p>Der 183 g schwere, starre Laserkarton und die 1200 g schwere, verdickte Graukarton-Verbundstruktur sind druck- und sto\u00dffest und bieten eine hohe Steifigkeit. Die Graupappe hat eine starke Unterst\u00fctzung, die effektiv verhindert Extrusion Verformung w\u00e4hrend des Transports, und die Oberfl\u00e4che des Laser-Karton ist verschlei\u00dffest und kratzfest.<\/p>\n<h2 id=\"-2-functional-box-design-\"><strong>2. Funktionelle Gestaltung der Box<\/strong><\/h2>\n<p>Die Flip-Top-Box ist mit einem Magnet- oder Schnappverschluss kombiniert, der sich leicht \u00f6ffnen und schlie\u00dfen l\u00e4sst und eine hervorragende Abdichtung bietet. Der Deckel der Box kann f\u00fcr die Produktpr\u00e4sentation vollst\u00e4ndig abgeflacht werden; nach dem Verschlie\u00dfen sitzt er fest, ist staub- und feuchtigkeitsbest\u00e4ndig und ber\u00fccksichtigt die Anforderungen des Einzelhandels und der industriellen Lagerhaltung.<\/p>\n<h2 id=\"-3-innovative-appearance-design-\"><strong>3. Innovatives Aussehen Design<\/strong><\/h2>\n<ul>\n<li><strong>Zentrale Elemente<\/strong>: Inspiriert von der \u00c4sthetik von Zahnradmaschinen, pr\u00e4sentiert es einen dynamischen Farbverlauf durch 3D-Laserpr\u00e4getechnik und zeigt unter Lichtbrechung mehrstufigen Metallglanz, der den Sinn f\u00fcr Technologie und visuelle Markenerinnerungspunkte verst\u00e4rkt.<\/li>\n<li><strong>Farbliche Anpassung<\/strong>: Die Hauptfarbe ist ein tiefes Meeresblau, das Professionalit\u00e4t und Zuverl\u00e4ssigkeit symbolisiert, erg\u00e4nzt durch die schillernde Reflexion des Laserverfahrens, das eine visuelle Hierarchie von Dynamik und Statik bildet und die Wiedererkennung im Regal f\u00f6rdert.<\/li>\n<li><strong>Markenlogo<\/strong>: Unterst\u00fctzt hochpr\u00e4zises Hei\u00dfpr\u00e4gen\/UV-Verfahren zum Drucken von LOGO und Produktparametern, und die Textkanten sind scharf und gratfrei, um sicherzustellen, dass die Markeninformationen klar und auff\u00e4llig sind.<\/li>\n<\/ul>\n<h2 id=\"-4-refined-lining-system-\"><strong>4. Verfeinertes Auskleidungssystem<\/strong><\/h2>\n<p>F\u00fcr die Auskleidung wird wei\u00dfer, umweltfreundlicher EVA-Schaum oder eine Blisterschale verwendet, und die Form wird pr\u00e4zise ge\u00f6ffnet, um sich dem Bogen des Kreiss\u00e4geblatts anzupassen und eine 360\u00b0-Fixierung ohne toten Winkel zu erreichen. Die Oberfl\u00e4che der Auskleidung ist mit feinem Samt \u00fcberzogen, um Kratzer auf der Oberfl\u00e4che des S\u00e4geblatts zu vermeiden und gleichzeitig das Qualit\u00e4tsgef\u00fchl beim Auspacken zu verbessern.<\/p>\n<h2 id=\"-5-full-link-customization-service-\"><strong>5. Vollst\u00e4ndiger Link-Anpassungsdienst<\/strong><\/h2>\n<ul>\n<li><strong>Personalisierte Anpassung<\/strong>: Unterst\u00fctzt die Anpassung von S\u00e4geblattgr\u00f6\u00dfen mit einem Durchmesser von 80-500 mm, und das Geh\u00e4use kann je nach Bedarf mit Zwischenlagen, Zubeh\u00f6rschlitzen oder manuellen Taschen versehen werden.<\/li>\n<li><strong>Tiefe Implantation der Marke<\/strong>: Grafiksatz, QR-Code-Implantation, mehrsprachiger Informationsdruck und andere Dienstleistungen f\u00fcr den grenz\u00fcberschreitenden Handel, Werbegeschenkboxen und andere Szenarien.<\/li>\n<li><strong>Prozess-Upgrade<\/strong>: Optional lokale UV-, Pr\u00e4ge-, Siebdruck- und andere mehr als 20 Nachbearbeitungen, um f\u00e4lschungssichere Etiketten, Anti-Rutsch-Texturen und andere spezielle Funktionen zu erreichen.<\/li>\n<\/ul>\n<h2 id=\"-6-intelligent-manufacturing-and-quality-control-system-\"><strong>6. Intelligentes Fertigungs- und Qualit\u00e4tskontrollsystem<\/strong><\/h2>\n<p>Das Werk ist mit vollautomatischen Stanzmaschinen, Digitaldruckmaschinen und Lasergitter-Produktionslinien ausgestattet und verf\u00fcgt \u00fcber ein Qualit\u00e4tsmanagementsystem nach ISO9001, das vom Designentwurf bis zum fertigen Produkt eine schnelle Pr\u00fcfung innerhalb von 72 Stunden und eine Auslieferung in 15 Tagen erm\u00f6glicht. Jede Charge von Produkten durchl\u00e4uft einen simulierten Transportvibrationstest und einen Belastungstest, um sicherzustellen, dass die Fallfestigkeit der Verpackung \u22651,5 Meter betr\u00e4gt.<\/p>\n<h2 id=\"-7-application-scenarios-and-added-value-\"><strong>7. Anwendungsszenarien und zus\u00e4tzlicher Nutzen<\/strong><\/h2>\n<p>Geeignet f\u00fcr industrielle Kreiss\u00e4gebl\u00e4tter, Diamanttrennscheiben, elektronisches Paneels\u00e4gezubeh\u00f6r und andere Pr\u00e4zisionswerkzeugverpackungen, die zu hochwertigen Werkzeugset-Geschenkboxen oder H\u00e4ndler-Displayboxen erweitert werden k\u00f6nnen. St\u00e4rken Sie das professionelle Image der Marke durch die Verpackung und helfen Sie bei der Endverkaufspr\u00e4mie.<\/p>\n<h2 id=\"-technical-parameters-\"><strong>Technische Parameter<\/strong><\/h2>\n<table>\n<thead>\n<tr>\n<th>Projekt<\/th>\n<th>Spezifikationen<\/th>\n<\/tr>\n<\/thead>\n<tbody>\n<tr>\n<td>Material<\/td>\n<td>183g Laserkarton + 1200g Graukarton<\/td>\n<\/tr>\n<tr>\n<td>Druckfarben<\/td>\n<td>4-8 farbgetreuer Druck (Pantone-Farbkalibrierung)<\/td>\n<\/tr>\n<tr>\n<td>Gr\u00f6\u00dfe der Box<\/td>\n<td>Unterst\u00fctzt die Anpassung des Durchmessers 80-500mm<\/td>\n<\/tr>\n<tr>\n<td>Mindestbestellmenge<\/td>\n<td>500 (unterst\u00fctzt die flexible Produktion von Kleinserien)<\/td>\n<\/tr>\n<tr>\n<td>Umweltzertifizierung<\/td>\n<td>FSC-Forstzertifizierung\/abbaubare Materialien optional<\/td>\n<\/tr>\n<\/tbody>\n<\/table>","protected":false},"excerpt":{"rendered":"<p>Eine Box mit Magnetverschluss, die sich leicht \u00f6ffnen und schlie\u00dfen l\u00e4sst und sowohl praktisch als auch gut sichtbar ist. Sie verwendet Lasertechnologie, um einen farbigen Verlaufseffekt zu erzeugen, der eine starke visuelle Wirkung hat.<\/p>","protected":false},"featured_media":219,"template":"","meta":{"_kad_post_transparent":"default","_kad_post_title":"","_kad_post_layout":"default","_kad_post_sidebar_id":"","_kad_post_content_style":"default","_kad_post_vertical_padding":"default","_kad_post_feature":"","_kad_post_feature_position":"","_kad_post_header":false,"_kad_post_footer":false,"_kad_post_classname":""},"product_brand":[],"product_cat":[15,17],"product_tag":[57,56,58],"class_list":{"0":"post-218","1":"product","2":"type-product","3":"status-publish","4":"has-post-thumbnail","6":"product_cat-red-light-therapy","7":"product_cat-services","8":"product_tag-custom-saw-blade-packaging","9":"product_tag-saw-blade-packaging-box","10":"product_tag-saw-blade-packaging-factory","12":"first","13":"instock","14":"shipping-taxable","15":"product-type-simple","16":"entry","17":"content-bg","18":"loop-entry"},"_links":{"self":[{"href":"https:\/\/red-lighttherapy.com\/de_de\/wp-json\/wp\/v2\/product\/218","targetHints":{"allow":["GET"]}}],"collection":[{"href":"https:\/\/red-lighttherapy.com\/de_de\/wp-json\/wp\/v2\/product"}],"about":[{"href":"https:\/\/red-lighttherapy.com\/de_de\/wp-json\/wp\/v2\/types\/product"}],"wp:featuredmedia":[{"embeddable":true,"href":"https:\/\/red-lighttherapy.com\/de_de\/wp-json\/wp\/v2\/media\/219"}],"wp:attachment":[{"href":"https:\/\/red-lighttherapy.com\/de_de\/wp-json\/wp\/v2\/media?parent=218"}],"wp:term":[{"taxonomy":"product_brand","embeddable":true,"href":"https:\/\/red-lighttherapy.com\/de_de\/wp-json\/wp\/v2\/product_brand?post=218"},{"taxonomy":"product_cat","embeddable":true,"href":"https:\/\/red-lighttherapy.com\/de_de\/wp-json\/wp\/v2\/product_cat?post=218"},{"taxonomy":"product_tag","embeddable":true,"href":"https:\/\/red-lighttherapy.com\/de_de\/wp-json\/wp\/v2\/product_tag?post=218"}],"curies":[{"name":"wp","href":"https:\/\/api.w.org\/{rel}","templated":true}]}}