{"id":211,"date":"2025-04-10T11:03:57","date_gmt":"2025-04-10T11:03:57","guid":{"rendered":"https:\/\/red-lighttherapy.com\/?post_type=product&#038;p=211"},"modified":"2025-04-10T11:17:27","modified_gmt":"2025-04-10T11:17:27","slug":"personalized-perfume-bottle-paper-box-packaging-wholesale","status":"publish","type":"product","link":"https:\/\/red-lighttherapy.com\/de_de\/personalized-perfume-bottle-paper-box-packaging-wholesale\/","title":{"rendered":"Personalisierte Parf\u00fcmflasche Papier Box Verpackung Gro\u00dfhandel"},"content":{"rendered":"<h2 id=\"customized-perfume-paper-box-packaging-an-environmental-and-luxurious-feast-from-design-to-experience\">Ma\u00dfgeschneiderte Parf\u00fcmverpackungen aus Papier: ein \u00f6kologisches und luxuri\u00f6ses Fest vom Design bis zur Erfahrung<\/h2>\n<p>In einer Zeit, in der der Wettbewerb auf dem Parf\u00fcmmarkt hart ist, ist die Verpackung nicht nur eine sch\u00fctzende H\u00fclle f\u00fcr das Produkt, sondern auch das erste Medium f\u00fcr die Kommunikation der Marke mit dem Verbraucher. Eine ma\u00dfgeschneiderte Parf\u00fcmpapierverpackung, die sowohl praktisch als auch k\u00fcnstlerisch gestaltet ist, kann den Markenwert durch eine innovative Kombination von Materialien, Handwerkskunst und Struktur in ein sensorisches Erlebnis zum Anfassen verwandeln. Im Folgenden wird das innovative Design von personalisierten Parf\u00fcmverpackungen anhand von sieben Kerndimensionen analysiert.<\/p>\n<p><img fetchpriority=\"high\" decoding=\"async\" class=\"wp-image-212 size-full\" src=\"https:\/\/red-lighttherapy.com\/wp-content\/uploads\/2025\/04\/Perfume-Bottle-Paper-Box-001.jpg\" alt=\"Parf\u00fcmflasche Papierbox\" width=\"1000\" height=\"1000\" srcset=\"https:\/\/red-lighttherapy.com\/wp-content\/uploads\/2025\/04\/Perfume-Bottle-Paper-Box-001.jpg 1000w, https:\/\/red-lighttherapy.com\/wp-content\/uploads\/2025\/04\/Perfume-Bottle-Paper-Box-001-300x300.jpg 300w, https:\/\/red-lighttherapy.com\/wp-content\/uploads\/2025\/04\/Perfume-Bottle-Paper-Box-001-150x150.jpg 150w, https:\/\/red-lighttherapy.com\/wp-content\/uploads\/2025\/04\/Perfume-Bottle-Paper-Box-001-768x768.jpg 768w, https:\/\/red-lighttherapy.com\/wp-content\/uploads\/2025\/04\/Perfume-Bottle-Paper-Box-001-12x12.jpg 12w, https:\/\/red-lighttherapy.com\/wp-content\/uploads\/2025\/04\/Perfume-Bottle-Paper-Box-001-600x600.jpg 600w, https:\/\/red-lighttherapy.com\/wp-content\/uploads\/2025\/04\/Perfume-Bottle-Paper-Box-001-100x100.jpg 100w\" sizes=\"(max-width: 1000px) 100vw, 1000px\" \/><\/p>\n<h2 id=\"1-drawer-box-type-a-perfect-balance-between-ritual-sense-and-convenience-\">1.\u00a0<strong>Die Schubladenbox: ein perfektes Gleichgewicht zwischen rituellem Sinn und Komfort<\/strong><\/h2>\n<p>Die Schubladenschachtel ist die erste Wahl f\u00fcr hochwertige Parf\u00fcmverpackungen mit ihren\u00a0<strong>doppellagiger Kastenaufbau<\/strong>\u00a0und\u00a0<strong>ausziehbare \u00d6ffnungskonstruktion<\/strong>. Der Kofferaufbau nimmt an\u00a0<strong>15\u00b0-Fasenschneidetechnik<\/strong>\u00a0um ein reibungsloses \u00d6ffnen und Schlie\u00dfen ohne Verklemmen zu gew\u00e4hrleisten, und mit\u00a0<strong>magnetische D\u00e4mpfung<\/strong>\u00a0oder\u00a0<strong>unsichtbare F\u00fchrungsschiene<\/strong>gibt es dem Benutzer das Gef\u00fchl eines rituellen \"seidigen Auszugs\". Dieses Design ist nicht nur bequem f\u00fcr den Endkunden wiederholt zu verwenden, sondern st\u00e4rkt auch die Marke Erinnerungspunkte durch\u00a0<strong>dynamisches interaktives Erlebnis<\/strong>. So hat die internationale Marke LANVIN einmal den \u00d6ffnungsvorgang durch die eingebaute Spiegeldekoration des Schubladenkastens in ein visuelles Spiel verwandelt.<\/p>\n<h2 id=\"2-environmentally-friendly-materials-a-dual-commitment-to-sustainability-and-quality-\">2.\u00a0<strong>Umweltfreundliche Materialien: ein doppeltes Engagement f\u00fcr Nachhaltigkeit und Qualit\u00e4t<\/strong><\/h2>\n<p>Der Kastenk\u00f6rper besteht aus\u00a0<strong>1000g recycelbare Graupappe<\/strong>\u00a0als Skelett, und die Oberfl\u00e4che ist bedeckt mit\u00a0<strong>FSC-zertifiziertes gestrichenes Papier<\/strong>die mit einem umweltfreundlichen Klebstoff auf Wasserbasis zusammengef\u00fcgt werden. Dem Rohmaterial Graukarton werden 30% Strohfasern hinzugef\u00fcgt, wodurch der Kohlenstoff-Fu\u00dfabdruck im Vergleich zu herk\u00f6mmlichen Materialien um 63% reduziert wird; das beschichtete Papier wird mit\u00a0<strong>Tinte auf Wasserbasis<\/strong>\u00a0und\u00a0<strong>UV-Mattlackierung<\/strong>\u00a0um VOC-Emissionen zu vermeiden. Diese Kombination erf\u00fcllt nicht nur die EU-RoHS-Norm, sondern besteht auch die\u00a0<strong>Globale Recycling-Zertifizierung GRS<\/strong>und wird zu einem \"gr\u00fcnen Pass\", der von der Generation Z bevorzugt wird.<\/p>\n<h2 id=\"3-visual-impact-the-golden-rule-of-color-and-craftsmanship-\">3.\u00a0<strong>Visuelle Wirkung: die goldene Regel der Farbe und des Handwerks<\/strong><\/h2>\n<p>Die Hauptfarbe ist\u00a0<strong>tiefes Marineblau<\/strong>\u00a0(Pantone 19-4052 Classic Blue), und mehr als 90% Farbraumabdeckung wird erreicht durch\u00a0<strong>Siebdruck auf Nanoebene<\/strong>. Die Silber Hei\u00dfpr\u00e4gung nimmt an\u00a0<strong>Kaltpr\u00e4getechnik<\/strong>und verwendet eine 0,1 mm pr\u00e4zise dreidimensionale Relieftechnologie, um das Markenlogo oder abstrakte Muster auf der Oberfl\u00e4che der Box zu konturieren. Zum Beispiel kombiniert ein kundenspezifisches Geh\u00e4use Sternbildmuster mit in Silber gepr\u00e4gten Meteoren, die einen dynamischen Effekt des \"flie\u00dfenden Sternenhimmels\" unter der Brechung des Lichts darstellen, und die Umwandlungsrate des \u00d6ffnens der Box um 27% erh\u00f6ht.<\/p>\n<h2 id=\"4-protection-system-scientific-buffering-and-precise-adaptation-\">4.\u00a0<strong>Schutzsystem: wissenschaftliche Pufferung und pr\u00e4zise Anpassung<\/strong><\/h2>\n<p>Das innere Tablett ist mit\u00a0<strong>Stanzverfahren f\u00fcr EVA und umweltfreundlichen Schwammverbundstoff<\/strong>mit einer Dichte von 45 kg\/m\u00b3. \u00dcber\u00a0<strong>3D-Laserscannen<\/strong>werden die Formdaten des Parf\u00fcmflakons ermittelt und eine speziell geformte Rille mit einer Passform von 98% angepasst. Die Oberfl\u00e4che der Auskleidung ist mit\u00a0<strong>PETG recycelbare Beflockung<\/strong>und die Dichte der Samtfaser betr\u00e4gt 12.000 F\u00e4den\/cm\u00b2, die sowohl rutschhemmende als auch sto\u00dfd\u00e4mpfende Funktionen hat. Testdaten zeigen, dass die Struktur einem Aufprall aus 1,2 Metern H\u00f6he standhalten kann, was dreimal mehr Schutz bietet als gew\u00f6hnliche Perlenwatte.<\/p>\n<h2 id=\"5-tactile-upgrade-delicate-expression-of-matte-film-technology-\">5.\u00a0<strong>Taktiles Upgrade: Feiner Ausdruck der Mattfolientechnologie<\/strong><\/h2>\n<p>Nach dem Druck wird die Oberfl\u00e4che des Kartons mit\u00a0<strong>12\u03bcm matte Folie<\/strong>und ein haut\u00e4hnlicher Griff wird durch die Hei\u00dfpresstechnik erzeugt. Die einzigartige\u00a0<strong>Eigenschaft der diffusen Reflexion<\/strong>\u00a0der matten Folie k\u00f6nnen 90% der Fingerabdruckr\u00fcckst\u00e4nde beseitigt werden, w\u00e4hrend die Farbs\u00e4ttigung und die Kratzfestigkeit verbessert werden. Vergleichende Experimente zeigen, dass die F\u00e4higkeit der matten Folienverpackung, in einer feuchten Umgebung nicht zu verblassen, 40% h\u00f6her ist als die der gl\u00e4nzenden Folie, und die matte Textur entspricht eher der unaufdringlichen Luxuspositionierung von High-End-Parf\u00fcms.<\/p>\n<h2 id=\"6-interactive-details-sensory-economics-of-ribbon-handles-\">6.\u00a0<strong>Interaktive Details: sensorische \u00d6konomie von Bandgriffen<\/strong><\/h2>\n<p>Die Oberseite der Box ist mit einem\u00a0<strong>Seidenjacquard-Band<\/strong>Die Breite ist ergonomisch auf 28 mm optimiert, und das Ende verwendet\u00a0<strong>Hei\u00dfpress-Kantenversiegelungstechnologie<\/strong>\u00a0um Entgleisungen zu verhindern. Das Band kann mit den Farben des Markenthemas angepasst und mit folgenden Elementen versehen werden\u00a0<strong>NFC-Chips<\/strong>\u00a0oder\u00a0<strong>temperaturempfindliche Tinte<\/strong>. Scannen Sie den Code, um die Seite mit der Markengeschichte aufzurufen. Eine Nischenparf\u00fcmmarke verwandelt den Auspackvorgang in ein multisensorisches Erlebnis, indem sie das Band mit Lavendelduft einf\u00e4rbt. Die Wiederkaufsrate ist um 34% gestiegen.<\/p>\n<h2 id=\"7-full-dimensional-customization-unlimited-possibilities-for-flexible-production-\">7.\u00a0<strong>Volldimensionale Individualisierung: unbegrenzte M\u00f6glichkeiten f\u00fcr eine flexible Produktion<\/strong><\/h2>\n<p>F\u00fcnf Stufen der Anpassung vom Entwurf bis zur Lieferung:<\/p>\n<ol>\n<li><strong>Box-Typ<\/strong>: bietet 6 Grundstrukturen wie Schubladenbox, Ober- und Unterdeckel und unterst\u00fctzt die Entwicklung von Boxen in Sonderform;<\/li>\n<li><strong>Material<\/strong>: 12 Kombinationen von optionalen Graukarton montiert beschichtetes Papier, Lederpr\u00e4gung, Metall-Verbund, etc;<\/li>\n<li><strong>Prozess<\/strong>: Unterst\u00fctzung von 8 Prozess\u00fcberlagerungen wie lokales UV, Pr\u00e4gen, Laser, etc;<\/li>\n<li><strong>Intelligente Komponenten<\/strong>: k\u00f6nnen mit interaktiven Modulen wie LED-Lichtstreifen und AR-Identifikationscodes ausgestattet werden;<\/li>\n<li><strong>Flexibilit\u00e4t der Chargen<\/strong>: Mindestbestellmenge von 500 St\u00fcck, Musterlieferung innerhalb von 48 Stunden und beschleunigte Massenproduktion innerhalb von 72 Stunden.<\/li>\n<\/ol>\n<h2 id=\"conclusion-redefine-the-value-chain-of-perfume-packaging\">Schlussfolgerung: Neudefinition der Wertsch\u00f6pfungskette von Parf\u00fcmverpackungen<\/h2>\n<p>Diese ma\u00dfgeschneiderte Parf\u00fcmpapierschachtel bildet einen geschlossenen Wertsch\u00f6pfungskreislauf von der Produktion bis zum Verbrauch durch die Kollision von\u00a0<strong>Umwelttechnologie<\/strong>\u00a0und\u00a0<strong>luxuri\u00f6se Handwerkskunst<\/strong>. Wenn die Fingerspitzen der Verbraucher \u00fcber die matte Folienoberfl\u00e4che gleiten, sie die subtile Reibung des Herausziehens von Schubladen h\u00f6ren und die mit Silber und Blau verwobenen Markentotems sehen, werden sich diese mehrdimensionalen Erfahrungen schlie\u00dflich in Markentreue niederschlagen. In einer Zeit, in der nachhaltige Entwicklung und individueller Konsum Hand in Hand gehen, entspricht diese Art von Design nicht nur den gesch\u00e4ftlichen Anforderungen, sondern wird auch zu einem konkreten Tr\u00e4ger f\u00fcr Unternehmen, die das ESG-Konzept umsetzen.<\/p>","protected":false},"excerpt":{"rendered":"<p>Eine luxuri\u00f6se Parf\u00fcmbox im Schubladenstil, die sich benutzerfreundlich \u00f6ffnen und schlie\u00dfen l\u00e4sst. Die Muster und Texte in silberner Hei\u00dffolienpr\u00e4gung, die Ihre Marken hervorheben k\u00f6nnen.<\/p>","protected":false},"featured_media":212,"template":"","meta":{"_kad_post_transparent":"default","_kad_post_title":"","_kad_post_layout":"default","_kad_post_sidebar_id":"","_kad_post_content_style":"default","_kad_post_vertical_padding":"default","_kad_post_feature":"","_kad_post_feature_position":"","_kad_post_header":false,"_kad_post_footer":false,"_kad_post_classname":""},"product_brand":[],"product_cat":[15,20,17],"product_tag":[53,54,55],"class_list":{"0":"post-211","1":"product","2":"type-product","3":"status-publish","4":"has-post-thumbnail","6":"product_cat-red-light-therapy","7":"product_cat-led-face-light-therapy","8":"product_cat-services","9":"product_tag-perfume-bottle-paper-box","10":"product_tag-perfume-box-packaging","11":"product_tag-personalized-perfume-packaging","13":"first","14":"instock","15":"shipping-taxable","16":"product-type-simple","17":"entry","18":"content-bg","19":"loop-entry"},"_links":{"self":[{"href":"https:\/\/red-lighttherapy.com\/de_de\/wp-json\/wp\/v2\/product\/211","targetHints":{"allow":["GET"]}}],"collection":[{"href":"https:\/\/red-lighttherapy.com\/de_de\/wp-json\/wp\/v2\/product"}],"about":[{"href":"https:\/\/red-lighttherapy.com\/de_de\/wp-json\/wp\/v2\/types\/product"}],"wp:featuredmedia":[{"embeddable":true,"href":"https:\/\/red-lighttherapy.com\/de_de\/wp-json\/wp\/v2\/media\/212"}],"wp:attachment":[{"href":"https:\/\/red-lighttherapy.com\/de_de\/wp-json\/wp\/v2\/media?parent=211"}],"wp:term":[{"taxonomy":"product_brand","embeddable":true,"href":"https:\/\/red-lighttherapy.com\/de_de\/wp-json\/wp\/v2\/product_brand?post=211"},{"taxonomy":"product_cat","embeddable":true,"href":"https:\/\/red-lighttherapy.com\/de_de\/wp-json\/wp\/v2\/product_cat?post=211"},{"taxonomy":"product_tag","embeddable":true,"href":"https:\/\/red-lighttherapy.com\/de_de\/wp-json\/wp\/v2\/product_tag?post=211"}],"curies":[{"name":"wp","href":"https:\/\/api.w.org\/{rel}","templated":true}]}}