{"id":186,"date":"2025-04-10T08:21:48","date_gmt":"2025-04-10T08:21:48","guid":{"rendered":"https:\/\/red-lighttherapy.com\/?post_type=product&#038;p=186"},"modified":"2025-04-10T10:35:53","modified_gmt":"2025-04-10T10:35:53","slug":"high-end-custom-vip-card-gift-box-with-velvet-coated-holder","status":"publish","type":"product","link":"https:\/\/red-lighttherapy.com\/de_de\/high-end-custom-vip-card-gift-box-with-velvet-coated-holder\/","title":{"rendered":"Hochwertige kundenspezifische VIP-Karten-Geschenkbox mit samtbeschichtetem Halter"},"content":{"rendered":"<h2 id=\"exclusive-customization-interpretation-of-luxury-ingenious-design-and-environmental-innovation-of-high-end-vip-card-gift-boxes\">Exklusive Personalisierung, Interpretation von Luxus: raffiniertes Design und \u00f6kologische Innovation von hochwertigen VIP-Karten-Geschenkboxen<\/h2>\n<p>Im Bereich der hochwertigen Geschenkboxen f\u00fcr Unternehmen ist die Verpackung von VIP-Karten nicht nur ein Tr\u00e4ger des Markenimages, sondern auch ein konkreter Ausdruck der besonderen Erfahrung des Benutzers. In diesem Artikel werden am Beispiel einer ma\u00dfgeschneiderten Geschenkbox, die ausgekl\u00fcgelte Handwerkskunst und Umweltschutzkonzepte vereint, die sieben wichtigsten Design-Highlights analysiert und gezeigt, wie durch Detailinnovationen ein doppelter Durchbruch in Funktion und \u00c4sthetik erzielt werden kann.<\/p>\n<h2 id=\"1-material-innovation-the-art-of-balancing-firmness-and-luxury\">1. Materialinnovation: die Kunst, Festigkeit und Luxus in Einklang zu bringen<\/h2>\n<p>Der Hauptteil der Geschenkbox besteht aus einer Verbundstruktur aus\u00a0<strong>hochfeste Graupappe<\/strong>\u00a0und\u00a0<strong>Goldkartenpapier<\/strong>. Die Druckleistung des Graukartons bietet einen stabilen Halt f\u00fcr die Verpackung, w\u00e4hrend die Oberfl\u00e4che des Goldkartonpapiers eine zarte Textur durch\u00a0<strong>Lasergravur<\/strong>\u00a0und\u00a0<strong>UV-Hei\u00dfpr\u00e4geverfahren<\/strong>und bildet unter der Lichtbrechung einen flie\u00dfenden goldenen Heiligenschein. Diese Kombination von Materialien verleiht der Geschenkbox nicht nur\u00a0<strong>Dauerhaftigkeit auf Unternehmensebene<\/strong>Sie vermittelt aber auch eine zur\u00fcckhaltende und luxuri\u00f6se Bildsprache durch den metallischen Glanz.<\/p>\n<h2 id=\"2-upgraded-touch-a-win-win-design-of-environmental-protection-and-high-end\">2. Upgraded Touch: ein Win-Win-Design von Umweltschutz und High-End<\/h2>\n<p>Das Innenfach verwendet\u00a0<strong>abbaubarer umweltfreundlicher Schwamm<\/strong>\u00a0als Basis, und die Oberfl\u00e4che ist bedeckt mit\u00a0<strong>Samtbeflockungstechnologie<\/strong>. Die Dichte der Samtoberfl\u00e4che erreicht 12.000 Fasern pro Quadratzentimeter, und der Griff ist so glatt wie Seide. Der umweltfreundliche Schwamm erf\u00fcllt nicht nur die\u00a0<strong>EU-RoHS-Norm<\/strong>Die mikropor\u00f6se Struktur kann zudem Vibrationen effektiv abfedern und VIP-Karten vor Transportsch\u00e4den sch\u00fctzen. Die Verwendung der Beflockungstechnologie macht jede Kartenentnahme zu einem\u00a0<strong>Sinnesgenuss der Fingerspitzen<\/strong>Das entspricht ganz der hochwertigen Positionierung der Marke.<\/p>\n<h2 id=\"3-structural-ingenuity-the-fusion-of-ritual-sense-and-practicality\">3. Struktureller Einfallsreichtum: die Verschmelzung von rituellem Sinn und praktischem Nutzen<\/h2>\n<p>Die Geschenkbox nimmt eine\u00a0<strong>Flip-Top-Magnet-Saugverschlussstruktur<\/strong>. Die magnetische Schnalle ist genau berechnet worden, um die\u00a0<strong>15N Ansaugschwelle<\/strong>. Beim \u00d6ffnen und Schlie\u00dfen wird es von einem knackigen \"Ticken\" begleitet, das ein einzigartiges Ger\u00e4usch erzeugt.\u00a0<strong>auditiver Ged\u00e4chtnispunkt<\/strong>. Der Rand des Kastenk\u00f6rpers wird mit einer\u00a0<strong>5\u00b0-Fasenverfahren<\/strong>Dadurch wird nicht nur ein Zerkratzen der Hand vermieden, sondern auch die Leichtigkeit des \u00d6ffnens verbessert. Die Kombination aus magnetischer Struktur und Flip-Cover-Design sublimiert die einzige Funktion der traditionellen Verpackung in eine\u00a0<strong>Er\u00f6ffnungsritual<\/strong>und spiegelt die Erlebnislogik von Luxusverpackungen wider.<\/p>\n<h2 id=\"4-interactive-innovation-the-ultimate-expression-of-humanized-details\">4. Interaktive Innovation: der ultimative Ausdruck von vermenschlichten Details<\/h2>\n<p>Die Oberseite ist mit einer\u00a0<strong>Griff aus Seidenjacquardband<\/strong>Die Breite des Bandes ist ergonomisch auf 28 mm optimiert und passt sich der Kr\u00fcmmung der Handfl\u00e4che beim Halten an. Das Ende des Bandes verwendet\u00a0<strong>Hei\u00dfpress-Kantenversiegelungstechnologie<\/strong>\u00a0Entgleisung zu verhindern, und kann mit Markenlogo Farbe angepasst werden, um funktionale Zubeh\u00f6r ein\u00a0<strong>mobile Markenwerbung<\/strong>. Dieses Design verbessert nicht nur die Tragbarkeit, sondern st\u00e4rkt auch die emotionale Verbindung zwischen Nutzern und Marken durch Ber\u00fchrung.<\/p>\n<h2 id=\"5-visual-language-the-golden-interpretation-of-brand-value\">5. Bildsprache: die goldene Interpretation des Markenwerts<\/h2>\n<p>Die Oberfl\u00e4che der Box ist\u00a0<strong>Rotgold-Hei\u00dfpr\u00e4getechnik<\/strong>und der Text und das Muster werden mit einem dreidimensionalen Reliefeffekt durch\u00a0<strong>0,1 mm Pr\u00e4zisions-Nano-Imprinting-Technologie<\/strong>. Die Hei\u00dfpr\u00e4geschicht ist \u00fcberlagert mit\u00a0<strong>Antioxidationsbeschichtung<\/strong>\u00a0um sicherzustellen, dass die Farbe in einer feuchten Umgebung stabil bleibt. Der Designer verwendet gekonnt\u00a0<strong>kreisf\u00f6rmige Anordnung<\/strong>\u00a0und\u00a0<strong>Landschafts-Linienzeichnung<\/strong>\u00a0orientalische \u00c4sthetik mit modernem Minimalismus zu verbinden, so dass das Markenlogo auf kleinem Raum kulturelle Tiefe vermittelt.<\/p>\n<h2 id=\"6-customization-freedom-unlimited-extension-of-brand-personality\">6. Freiheit bei der Anpassung: unbegrenzte Erweiterung der Markenpers\u00f6nlichkeit<\/h2>\n<p>Geschenkkarton unterst\u00fctzt\u00a0<strong>f\u00fcnfdimensionales Anpassungssystem<\/strong>:<\/p>\n<ol>\n<li><strong>Struktur der Box<\/strong>6 verschiedene Boxentypen sind erh\u00e4ltlich, darunter Schubladen, obere und untere Abdeckung, etc;<\/li>\n<li><strong>Materialkombination<\/strong>: Es stehen 12 Oberfl\u00e4chenmaterialien zur Verf\u00fcgung, darunter Tastpapier und Lederpr\u00e4gung;<\/li>\n<li><strong>\u00dcberlagerung von Prozessen<\/strong>: Unterst\u00fctzt bis zu 8 Prozesskombinationen, einschlie\u00dflich lokaler UV, Pr\u00e4gung, Laser, etc;<\/li>\n<li><strong>Funktionsmodul<\/strong>: eingebauter NFC-Chip oder temperaturempfindliche, farbwechselnde Tinte und andere intelligente Komponenten;<\/li>\n<li><strong>Umweltzertifizierung<\/strong>FSC-Forstzertifizierung und GRS-Standards f\u00fcr globales Recycling bestanden.<\/li>\n<\/ol>\n<h2 id=\"7-green-revolution-a-model-of-sustainable-packaging\">7. Gr\u00fcne Revolution: Ein Modell f\u00fcr nachhaltige Verpackungen<\/h2>\n<p>Das gesamte Material der Box ist\u00a0<strong>98% recycelbar<\/strong>\u00a0verwendet die graue Tafel\u00a0<strong>recycelter Zellstoff aus Strohfasern<\/strong>\u00a0und die goldene Kartonbeschichtung verwendet\u00a0<strong>Umweltfreundliche Tinte auf Wasserbasis<\/strong>\u00a0. Im Vergleich zu herk\u00f6mmlichen Metallverpackungen reduziert ein einziges Produkt\u00a0<strong>63% Kohlenstoff-Fu\u00dfabdruck<\/strong>\u00a0. Der innere Schwamm wird im Boden abgebaut durch\u00a0<strong>biobasierte Polyurethan-Technologie<\/strong>\u00a0und die Beflockungsfaser verwendet\u00a0<strong>PETG recycelbares Polyester<\/strong>\u00a0Aufbau einer vollst\u00e4ndigen gr\u00fcnen Kette von der Produktion bis zum Abfall.<\/p>\n<h2 id=\"conclusion-defining-a-new-standard-for-high-end-packaging\">Schlussfolgerung: Definition eines neuen Standards f\u00fcr High-End-Verpackungen<\/h2>\n<p>Das Design dieser VIP-Karten-Geschenkbox durchbricht die Grenzen traditioneller Verpackungen in Bezug auf Material, Struktur, Interaktion usw. und definiert den Begriff der hochwertigen Individualisierung durch die Kollision von\u00a0<strong>Umwelttechnologie<\/strong>\u00a0und\u00a0<strong>luxuri\u00f6se Handwerkskunst<\/strong>\u00a0. Wenn die Kunden mit ihren Fingerspitzen \u00fcber die Samtbeflockung gleiten, das knackige Ger\u00e4usch der Magnetschnalle in ihren Ohren klingt und sich der Markenaufdruck des Ros\u00e9goldes in ihren Augen spiegelt, wird die \u00dcberlagerung dieser multisensorischen Erfahrungen schlie\u00dflich in eine tiefe Anerkennung des Markenwertes umgewandelt. In der heutigen Zeit, in der das Konzept der Nachhaltigkeit tief in den K\u00f6pfen der Menschen verankert ist, erf\u00fcllt diese Art von Design nicht nur die gesch\u00e4ftlichen Anforderungen, sondern wird auch zu einem wichtigen Instrument f\u00fcr Unternehmen, um ihrer sozialen Verantwortung gerecht zu werden.<\/p>","protected":false},"excerpt":{"rendered":"<p>Eine hochwertige VIP-Karten-Geschenkbox mit kostenlosem, individuellem Druckservice und samtbeschichtetem Halter. Es kommt mit Seidenband und Hei\u00dffolienpr\u00e4gung Text in rosa.<\/p>","protected":false},"featured_media":187,"template":"","meta":{"_kad_post_transparent":"default","_kad_post_title":"","_kad_post_layout":"default","_kad_post_sidebar_id":"","_kad_post_content_style":"default","_kad_post_vertical_padding":"default","_kad_post_feature":"","_kad_post_feature_position":"","_kad_post_header":false,"_kad_post_footer":false,"_kad_post_classname":""},"product_brand":[],"product_cat":[15,27,17],"product_tag":[50,49,48],"class_list":{"0":"post-186","1":"product","2":"type-product","3":"status-publish","4":"has-post-thumbnail","6":"product_cat-red-light-therapy","7":"product_cat-red-light-therapy-belt","8":"product_cat-services","9":"product_tag-custom-vip-card-box","10":"product_tag-high-end-gift-box","11":"product_tag-vip-card-gift-box","13":"first","14":"instock","15":"shipping-taxable","16":"product-type-simple","17":"entry","18":"content-bg","19":"loop-entry"},"_links":{"self":[{"href":"https:\/\/red-lighttherapy.com\/de_de\/wp-json\/wp\/v2\/product\/186","targetHints":{"allow":["GET"]}}],"collection":[{"href":"https:\/\/red-lighttherapy.com\/de_de\/wp-json\/wp\/v2\/product"}],"about":[{"href":"https:\/\/red-lighttherapy.com\/de_de\/wp-json\/wp\/v2\/types\/product"}],"wp:featuredmedia":[{"embeddable":true,"href":"https:\/\/red-lighttherapy.com\/de_de\/wp-json\/wp\/v2\/media\/187"}],"wp:attachment":[{"href":"https:\/\/red-lighttherapy.com\/de_de\/wp-json\/wp\/v2\/media?parent=186"}],"wp:term":[{"taxonomy":"product_brand","embeddable":true,"href":"https:\/\/red-lighttherapy.com\/de_de\/wp-json\/wp\/v2\/product_brand?post=186"},{"taxonomy":"product_cat","embeddable":true,"href":"https:\/\/red-lighttherapy.com\/de_de\/wp-json\/wp\/v2\/product_cat?post=186"},{"taxonomy":"product_tag","embeddable":true,"href":"https:\/\/red-lighttherapy.com\/de_de\/wp-json\/wp\/v2\/product_tag?post=186"}],"curies":[{"name":"wp","href":"https:\/\/api.w.org\/{rel}","templated":true}]}}