{"id":1820,"date":"2025-04-20T07:09:19","date_gmt":"2025-04-20T07:09:19","guid":{"rendered":"https:\/\/red-lighttherapy.com\/?post_type=product&#038;p=1820"},"modified":"2025-04-22T08:20:42","modified_gmt":"2025-04-22T08:20:42","slug":"texture-fancy-paper-lid-and-base-gift-box-for-jewelry-rings","status":"publish","type":"product","link":"https:\/\/red-lighttherapy.com\/de_de\/texture-fancy-paper-lid-and-base-gift-box-for-jewelry-rings\/","title":{"rendered":"Textur Fancy Papier Deckel und Boden Geschenkbox f\u00fcr Schmuck Ringe"},"content":{"rendered":"<h2 id=\"-product-name-tiangong-series-jewelry-storage-box\">Textur Fancy Papier Deckel und Boden Geschenkbox f\u00fcr Schmuck Ringe<\/h2>\n<h2 id=\"-1-opening-and-closing-design-of-the-top-and-bottom-lid-both-tightness-and-smoothness-\"><strong>1. \u00d6ffnen und Schlie\u00dfen des Deckels und des Bodenkastens: Dichtheit und Leichtg\u00e4ngigkeit<\/strong><\/h2>\n<p>Inauguration und Schlie\u00dfen Design der oberen und unteren Deckel: beide Drittel und Schmierstoffe. Die obere und untere Deckel nimmt eine genaue magnetische Verschlusssystem, um sicherzustellen, dass der Deckel-Box urspr\u00fcnglich passt den K\u00f6rper, und es ist nicht leicht zu verlieren oder offen w\u00e4hrend des Transports zu \u00f6ffnen, bietet 360 \u00b0 f\u00fcr Schmuck. Die \u00d6ffnungs- und Schlie\u00dfschiene ist ergonomisch angepasst und kann mit demselben Handgriff ge\u00f6ffnet und geschlossen werden. Die Bedienung ist bequem und entspricht den Gewohnheiten der modernen Verbraucher.<\/p>\n<h2 id=\"-2-universally-compatible-box-type-flexible-response-to-various-jewelry-sizes-\"><strong>2. Universell kompatibler Boxentyp: flexible Reaktion auf verschiedene Schmuckgr\u00f6\u00dfen<\/strong><\/h2>\n<p>Das Innere der Box nimmt ein modulares Schichtdesign an, das mit verstellbaren Flanellkartenf\u00e4chern und einer Schwammunterteilung ausgestattet ist und die stabile Aufbewahrung von verschiedenen Gr\u00f6\u00dfen wie Ring-, Halsketten- und Ohrringschmuck unterst\u00fctzt. Durch die Anpassung der H\u00f6he und Leerstand der F\u00e4cher, kann es mit Schmuck mit einer H\u00f6he von 1-5 cm kompatibel sein, erf\u00fcllt die Leistung und Lagerung Bed\u00fcrfnisse vieler Szenen.<\/p>\n<h2 id=\"-3-textured-paper-material-both-texture-and-environmental-protection-\"><strong>3. Textured Paper Material: sowohl Textur und Umweltschutz<\/strong><\/h2>\n<ul>\n<li><strong>Optische und taktile Aufwertung<\/strong>: Die Oberfl\u00e4che ist mit einer speziellen Pr\u00e4getechnik versehen, um eine feine dreidimensionale Struktur zu bilden, die unter der Lichtbrechung eine matte Textur aufweist und sich warm und zart anf\u00fchlt, was einen \u00e4sthetischen Kontrast zum Glanz des Schmucks bildet.<\/li>\n<li><strong>Leichte und kompressive Struktur<\/strong>: Hochfester Graukarton aus strukturiertem Papier, das Gewicht der Schachtel betr\u00e4gt nur 180 g, und die Druckfestigkeit erreicht 50 kg\/\u33a1, wobei sowohl Leichtigkeit als auch Haltbarkeit ber\u00fccksichtigt werden.<\/li>\n<li><strong>Umweltzertifizierung<\/strong>: Das Material hat die FSC-Forstzertifizierung erhalten, der Produktionsprozess ist frei von Kunststoffzus\u00e4tzen, und der Abbauzyklus ist k\u00fcrzer als 6 Monate, was den ESG-Standards f\u00fcr nachhaltige Entwicklung entspricht.<\/li>\n<\/ul>\n<h2 id=\"-4-brand-logo-and-color-aesthetics-\"><strong>4. Markenlogo und Farb\u00e4sthetik<\/strong><\/h2>\n<ul>\n<li><strong>Pr\u00e4zise Drucktechnik<\/strong>: Die Schachtelabdeckung verwendet UV-Micro-Carving-Technologie, um das Markenlogo zu drucken, die Liniengenauigkeit erreicht 0,1 mm, und es gibt keinen Grat oder Fleck am Rand, was das professionelle Image der Marke st\u00e4rkt.<\/li>\n<li><strong>Hellgr\u00fcnes Design<\/strong>: Pantone 13-6008 TPG (soft mist green) ist die Hauptfarbe, inspiriert von nat\u00fcrlicher Jade. Die Farbe mit geringer S\u00e4ttigung mildert die visuelle Erm\u00fcdung und passt zum doppelten Streben der Schmuckindustrie nach Natur und Hochwertigkeit.<\/li>\n<\/ul>\n<h2 id=\"-5-multi-layer-protective-lining-system-\"><strong>5. Mehrschichtiges Schutzauskleidungssystem<\/strong><\/h2>\n<p>Das Futter besteht aus einer dreischichtigen Struktur aus Flanell, hochdichtem Schwamm und Graupappe:<\/p>\n<ul>\n<li><strong>Flanellschicht<\/strong>: 2mm ultrafeiner, kurzer Samt, um Reibungssch\u00e4den am Schmuck zu reduzieren und gleichzeitig Staub zu absorbieren.<\/li>\n<li><strong>Schwammschicht<\/strong>: 5 mm R\u00fcckprallschwamm zur Abfederung von Transportvibrationen und Verbesserung der Sto\u00dffestigkeit durch 40%.<\/li>\n<li><strong>Graukartonschicht<\/strong>: 1,5 mm dicke Graupappe, die den Kasten ohne Verformung st\u00fctzt und bis zu 2 kg tragen kann.<\/li>\n<\/ul>\n<h2 id=\"-applicable-scenarios-\"><strong>Anwendbare Szenarien<\/strong><\/h2>\n<ul>\n<li><strong>Einzelhandel Ende<\/strong>: Thekendisplay, Geschenkverpackung<\/li>\n<li><strong>Pers\u00f6nlicher Gebrauch<\/strong>Aufbewahrung zu Hause, Transport auf Reisen<\/li>\n<li><strong>Anpassung der Marke<\/strong>: Firmengeschenke, exklusive Verpackungen in limitierter Auflage<\/li>\n<\/ul>","protected":false},"excerpt":{"rendered":"<p>Mit nat\u00fcrlicher \u00c4sthetik und Funktionalit\u00e4t als Kern, durch die innovative Kombination von ergonomischer Struktur und umweltfreundlichen Materialien, definieren wir den praktischen Wert und den k\u00fcnstlerischen Ausdruck von Schmuckverpackungen neu und helfen Marken, ein hochwertiges und nachhaltiges Marktimage zu schaffen.<\/p>","protected":false},"featured_media":2137,"template":"","meta":{"_kad_post_transparent":"default","_kad_post_title":"","_kad_post_layout":"default","_kad_post_sidebar_id":"","_kad_post_content_style":"default","_kad_post_vertical_padding":"default","_kad_post_feature":"","_kad_post_feature_position":"","_kad_post_header":false,"_kad_post_footer":false,"_kad_post_classname":""},"product_brand":[],"product_cat":[15,19,17],"product_tag":[542,541,540],"class_list":{"0":"post-1820","1":"product","2":"type-product","3":"status-publish","4":"has-post-thumbnail","6":"product_cat-red-light-therapy","7":"product_cat-red-light-therapy-stand","8":"product_cat-services","9":"product_tag-fancy-paper-rings-box","10":"product_tag-lid-and-base-gift-box","11":"product_tag-texture-paper-jewelry-gift-box","13":"first","14":"instock","15":"shipping-taxable","16":"product-type-simple","17":"entry","18":"content-bg","19":"loop-entry"},"_links":{"self":[{"href":"https:\/\/red-lighttherapy.com\/de_de\/wp-json\/wp\/v2\/product\/1820","targetHints":{"allow":["GET"]}}],"collection":[{"href":"https:\/\/red-lighttherapy.com\/de_de\/wp-json\/wp\/v2\/product"}],"about":[{"href":"https:\/\/red-lighttherapy.com\/de_de\/wp-json\/wp\/v2\/types\/product"}],"wp:featuredmedia":[{"embeddable":true,"href":"https:\/\/red-lighttherapy.com\/de_de\/wp-json\/wp\/v2\/media\/2137"}],"wp:attachment":[{"href":"https:\/\/red-lighttherapy.com\/de_de\/wp-json\/wp\/v2\/media?parent=1820"}],"wp:term":[{"taxonomy":"product_brand","embeddable":true,"href":"https:\/\/red-lighttherapy.com\/de_de\/wp-json\/wp\/v2\/product_brand?post=1820"},{"taxonomy":"product_cat","embeddable":true,"href":"https:\/\/red-lighttherapy.com\/de_de\/wp-json\/wp\/v2\/product_cat?post=1820"},{"taxonomy":"product_tag","embeddable":true,"href":"https:\/\/red-lighttherapy.com\/de_de\/wp-json\/wp\/v2\/product_tag?post=1820"}],"curies":[{"name":"wp","href":"https:\/\/api.w.org\/{rel}","templated":true}]}}