{"id":1273,"date":"2025-04-17T14:52:03","date_gmt":"2025-04-17T14:52:03","guid":{"rendered":"https:\/\/red-lighttherapy.com\/?post_type=product&#038;p=1273"},"modified":"2025-04-20T07:09:12","modified_gmt":"2025-04-20T07:09:12","slug":"distributor-custom-vintage-tea-rigid-drawer-boxes-packaging","status":"publish","type":"product","link":"https:\/\/red-lighttherapy.com\/de_de\/distributor-custom-vintage-tea-rigid-drawer-boxes-packaging\/","title":{"rendered":"Distributor Custom Vintage Tee Starre Schubladenboxen Verpackung"},"content":{"rendered":"<h2 id=\"-customized-retro-tea-rigid-drawer-box-packaging-product-description-\"><strong>Kundenspezifische Retro Tee Starre Schubladenbox Verpackung Produktbeschreibung<\/strong><\/h2>\n<h2 id=\"-1-spot-color-printing-and-craft-design-\"><strong>1. Schmuckfarbendruck und Craft Design<\/strong><\/h2>\n<p>Diese Retro-Tee-Papier-Schublade Box Oberfl\u00e4che Papier ist aus\u00a0<strong>beschichtetes Papier<\/strong>\u00a0Material. Die Website\u00a0<strong>Sonderfarbendrucktechnik<\/strong>\u00a0stellt den Retro-Farbton exakt wieder her und wird erg\u00e4nzt durch\u00a0<strong>partielles UV-Verfahren<\/strong>\u00a0Dadurch erh\u00e4lt das Muster oder der Text eine dreidimensionale Haptik und einen weichen Glanz, und sowohl der visuelle als auch der taktile Sinn werden verbessert. Die hohe Gl\u00e4tte und Tintenabsorption des gestrichenen Papiers sorgen daf\u00fcr, dass die Druckfarbe voll und die Details klar sind. In Kombination mit den verschlei\u00dffesten Eigenschaften der UV-Technologie unterstreicht es das hochwertige Temperament und das kulturelle Erbe der Marke.<\/p>\n<h2 id=\"-2-classic-paper-drawer-box-opening-and-closing-design-\"><strong>2. Klassisches Design f\u00fcr das \u00d6ffnen und Schlie\u00dfen von Papierschubladen<\/strong><\/h2>\n<p>Die Verpackung besteht aus einem\u00a0<strong>Struktur der Papierschubladenbox<\/strong>Die Schublade l\u00e4sst sich leichtg\u00e4ngig und bequem \u00f6ffnen und schlie\u00dfen und hat sowohl einen praktischen Nutzen als auch einen Sinn f\u00fcr Rituale. Das Design der Papierschublade ist nicht nur bequem, um Tee zu nehmen, sondern kann auch die Interaktion der Verbrauchererfahrung erh\u00f6hen, indem der Inhalt der internen Box schrittweise angezeigt wird. Dieses Design ist von der traditionellen Teekultur inspiriert, kombiniert mit moderner \u00c4sthetik, die dem Produkt das Gef\u00fchl eines Rituals verleiht, das darin besteht, eine Schachtel wie einen Schatz zu \u00f6ffnen\".<\/p>\n<h2 id=\"-3-high-density-sponge-lining-protection-\"><strong>3. Schutz durch hochdichtes Schwammfutter<\/strong><\/h2>\n<p>Das Innenfutter verwendet\u00a0<strong>35KG hochdichter umweltfreundlicher Schwamm<\/strong>Der Schwamm ist pr\u00e4zise geschnitten und mit einer eingebetteten Schale versehen, die den Teekuchen oder Teeziegel fest fixiert, um Ersch\u00fctterungen und Kollisionen w\u00e4hrend des Transports oder der Lagerung zu vermeiden. Der Schwamm hat eine ausgezeichnete Elastizit\u00e4t und Druckbest\u00e4ndigkeit, kann eine stabile Form f\u00fcr eine lange Zeit zu halten, und bieten physischen Schutz und Temperatur und Feuchtigkeitspuffer f\u00fcr Tee.<\/p>\n<h2 id=\"-4-warm-color-inner-box-visual-presentation-\"><strong>4. Optische Pr\u00e4sentation des Innenkartons in warmen Farben<\/strong><\/h2>\n<p>Der Innenkarton ist bedruckt mit\u00a0<strong>157g gestrichenes Papier<\/strong>Mit warmen Farben als Hauptton (z. B. Beige und Ocker), und die Retrotextur wird durch Matt- oder Hei\u00dfpr\u00e4getechnik verst\u00e4rkt. Die zarte Oberfl\u00e4che und der hohe Wei\u00dfgrad des gestrichenen Papiers in Verbindung mit dem weichen Farb\u00fcbergang schaffen die visuelle Atmosph\u00e4re eines \"exquisiten Teelagers\" und spiegeln die nat\u00fcrlichen Eigenschaften und kulturellen Konnotationen von Tee wider.<\/p>\n<h2 id=\"-5-factory-qualifications-and-design-support-\"><strong>5. Werksqualifikationen und Konstruktionsunterst\u00fctzung<\/strong><\/h2>\n<p>Der Hersteller hat\u00a0<strong>eigenst\u00e4ndige Fabrikgeb\u00e4ude<\/strong>\u00a0und ein professionelles Designteam, das mit fortschrittlicher Ausr\u00fcstung wie der deutschen BHS-Produktionslinie und digitaler Druckvorstufentechnologie ausgestattet ist und vom Design bis zur Massenproduktion einen Service aus einer Hand bieten kann. Das Team ist in der Lage, auf der Grundlage der Merkmale der Teekategorien (wie Pu'er und wei\u00dfer Tee) ma\u00dfgeschneiderte Vorschl\u00e4ge zu unterbreiten, wie z. B. geschichtete Strukturen, die an Teeziegel verschiedener Jahre angepasst sind, oder die Integration traditioneller Muster mit modernen minimalistischen Elementen.<\/p>\n<h2 id=\"-6-environmental-certification-and-high-cost-performance-\"><strong>6. Umweltzertifizierung und hohe Kostenleistung<\/strong><\/h2>\n<p>Die Fabrik hat die FSC-One-Zertifizierung erhalten, um sicherzustellen, dass das Verpackungsmaterial aus kontinuierlich bewirtschafteten W\u00e4ldern stammt, und verwendet umweltfreundliche Verfahren wie Tinte auf Wasserbasis und abbaubares Futter. Durch eine gro\u00df angelegte Produktion und ein intelligentes Management (z. B. ein Lager f\u00fcr Rohpapier und eine automatische Logistik) kontrollieren wir die Kosten und gew\u00e4hrleisten die Qualit\u00e4t, und wir bieten unseren Kunden L\u00f6sungen, die sowohl umweltfreundlich als auch erschwinglich sind.<\/p>","protected":false},"excerpt":{"rendered":"<p>Dieses Produkt eignet sich f\u00fcr hochwertige Teemarken, kulturelle Geschenke und Teesammlerprodukte. Die Gr\u00f6\u00dfe, die Art der Schachtel (z. B. Deckel und Boden, speziell geformte Schachteln) und das Zubeh\u00f6r (B\u00e4nder, Hardware-Zubeh\u00f6r) k\u00f6nnen individuell angepasst werden. Durch die Abstimmung von Materialien, Handwerkskunst und Design erf\u00fcllt es nicht nur die Anforderungen an die Retro-\u00c4sthetik, sondern ber\u00fccksichtigt auch praktische Schutzfunktionen und hilft Marken, den Mehrwert zu erh\u00f6hen und eine differenzierte Wettbewerbsf\u00e4higkeit auf dem Markt zu schaffen.<\/p>","protected":false},"featured_media":1815,"template":"","meta":{"_kad_post_transparent":"default","_kad_post_title":"","_kad_post_layout":"default","_kad_post_sidebar_id":"","_kad_post_content_style":"default","_kad_post_vertical_padding":"default","_kad_post_feature":"","_kad_post_feature_position":"","_kad_post_header":false,"_kad_post_footer":false,"_kad_post_classname":""},"product_brand":[],"product_cat":[15,20,17],"product_tag":[537,539,538],"class_list":{"0":"post-1273","1":"product","2":"type-product","3":"status-publish","4":"has-post-thumbnail","6":"product_cat-red-light-therapy","7":"product_cat-led-face-light-therapy","8":"product_cat-services","9":"product_tag-custom-rigid-drawer-boxes","10":"product_tag-drawer-rigid-boxes","11":"product_tag-tea-box-packaging","13":"first","14":"instock","15":"shipping-taxable","16":"product-type-simple","17":"entry","18":"content-bg","19":"loop-entry"},"_links":{"self":[{"href":"https:\/\/red-lighttherapy.com\/de_de\/wp-json\/wp\/v2\/product\/1273","targetHints":{"allow":["GET"]}}],"collection":[{"href":"https:\/\/red-lighttherapy.com\/de_de\/wp-json\/wp\/v2\/product"}],"about":[{"href":"https:\/\/red-lighttherapy.com\/de_de\/wp-json\/wp\/v2\/types\/product"}],"wp:featuredmedia":[{"embeddable":true,"href":"https:\/\/red-lighttherapy.com\/de_de\/wp-json\/wp\/v2\/media\/1815"}],"wp:attachment":[{"href":"https:\/\/red-lighttherapy.com\/de_de\/wp-json\/wp\/v2\/media?parent=1273"}],"wp:term":[{"taxonomy":"product_brand","embeddable":true,"href":"https:\/\/red-lighttherapy.com\/de_de\/wp-json\/wp\/v2\/product_brand?post=1273"},{"taxonomy":"product_cat","embeddable":true,"href":"https:\/\/red-lighttherapy.com\/de_de\/wp-json\/wp\/v2\/product_cat?post=1273"},{"taxonomy":"product_tag","embeddable":true,"href":"https:\/\/red-lighttherapy.com\/de_de\/wp-json\/wp\/v2\/product_tag?post=1273"}],"curies":[{"name":"wp","href":"https:\/\/api.w.org\/{rel}","templated":true}]}}