{"id":1236,"date":"2025-04-17T08:00:30","date_gmt":"2025-04-17T08:00:30","guid":{"rendered":"https:\/\/red-lighttherapy.com\/?post_type=product&#038;p=1236"},"modified":"2025-04-17T08:15:29","modified_gmt":"2025-04-17T08:15:29","slug":"glitter-paper-collapsible-magnetic-gift-boxes-for-hair-wigs","status":"publish","type":"product","link":"https:\/\/red-lighttherapy.com\/de_de\/glitter-paper-collapsible-magnetic-gift-boxes-for-hair-wigs\/","title":{"rendered":"Glitzerpapier zusammenklappbare magnetische Geschenkboxen f\u00fcr Per\u00fccken"},"content":{"rendered":"<h2 id=\"glitter-paper-foldable-magnetic-wig-gift-box-product-description\">Glitter Paper Foldable Magnetic Lid Wig Gift Box Produktbeschreibung<\/h2>\n<h2 id=\"-1-easy-to-open-and-close-and-stable-folding-design-optimizes-transportation-and-storage-\"><strong>1. Leicht zu \u00f6ffnen und zu schlie\u00dfen und stabil, faltbares Design optimiert Transport und Lagerung<\/strong><\/h2>\n<p>Dieses Produkt verf\u00fcgt \u00fcber eine innovative Faltstruktur. Nachdem die Schachtel entfaltet ist, kann sie durch das Magnetverschlusssystem schnell ge\u00f6ffnet und geschlossen werden. Beim Schlie\u00dfen wird die magnetische Kraft gleichm\u00e4\u00dfig verteilt, um die Stabilit\u00e4t zu gew\u00e4hrleisten; die Dicke nach dem Falten betr\u00e4gt nur 1\/5 des urspr\u00fcnglichen Volumens, was Lager- und Logistikraum spart und die Transportkosten um mehr als 30% reduziert. Der Schachtelk\u00f6rper ist mit einem hochfesten Graukarton-St\u00fctzrahmen mit pr\u00e4ziser Falztechnik ausgestattet, der sich auch nach l\u00e4ngerem Gebrauch nicht verformt und mehr als 500 Mal ohne Verlust gefaltet werden kann, was f\u00fcr den grenz\u00fcberschreitenden Transport und die langfristige Lagerung geeignet ist.<\/p>\n<h2 id=\"-2-magnetic-box-design-neat-lines-and-high-space-utilization-\"><strong>2. Magnetische Box Design, saubere Linien und hohe Raumnutzung<\/strong><\/h2>\n<p>Die Box verf\u00fcgt \u00fcber ein integriertes magnetisches Verschlusssystem und ist an der Seite mit einer starken NdFeB-Magnetfolie versehen, die eine Saugkraft von 0,8 N\/cm\u00b2, ein sanftes \u00d6ffnen und Schlie\u00dfen und eine hervorragende Abdichtung bietet. Der Innenraum ist nach dem Goldenen Schnitt gestaltet und kann flexibel leichte Luxusartikel wie Per\u00fccken, Schmuck und Kosmetika aufnehmen. Er eignet sich f\u00fcr eine Vielzahl von Gegenst\u00e4nden mit einer H\u00f6he von 5-30 cm und ist mit einem verstellbaren, geschichteten Innenfutter ausgestattet, das die Raumnutzung um 40% erh\u00f6ht.<\/p>\n<h2 id=\"-3-glitter-paper-material-smart-light-and-shadow-high-end-texture-\"><strong>3. Glitter Paper Material: smart Licht und Schatten, High-End-Textur<\/strong><\/h2>\n<p>Die Oberfl\u00e4che besteht aus importiertem, umweltfreundlichem Glitzerpapier, in das mikrongro\u00dfe Glitzerpartikel eingebettet sind, die bei der Lichtbrechung einen mehrstufigen Sterneffekt erzeugen. Das Material ist SGS-zertifiziert, verschlei\u00df- und kratzfest und entspricht den EU-Umweltschutznormen REACH. Es ist in vier Farben erh\u00e4ltlich: Schwarz, Gold, Silber und Gr\u00fcn. Die Hauptfarbe ist \"Gr\u00fcn\", was dem Umweltschutzkonzept und dem jugendlichen Markenimage entspricht.<\/p>\n<h2 id=\"-4-precision-technology-industrial-grade-quality-control-and-detail-processing-\"><strong>4. Pr\u00e4zisionstechnik: Qualit\u00e4tskontrolle und Detailverarbeitung auf Industrie-Niveau<\/strong><\/h2>\n<ul>\n<li><strong>Kantenbearbeitung<\/strong>: Laser-Pr\u00e4zisionsschneidetechnik verwendet wird, ist der Schnitt glatt und gratfrei, und der Fehler ist \u22640,1mm;<\/li>\n<li><strong>F\u00fcgeverfahren<\/strong>: Nahtlose Verklebung mit dem umweltfreundlichen Klebstoff von Henkel, die Zugfestigkeit erreicht 50N\/cm, und die N\u00e4hte weisen auch nach Tausenden von \u00d6ffnungs- und Schlie\u00dftests keine Risse auf;<\/li>\n<li><strong>Oberfl\u00e4chendruck<\/strong>: Unterst\u00fctzt 4C+0C Schmuckfarbendruck (Pantone-Farbnummer \/ Pantone + CMYK), und die Genauigkeit des Farbverlaufseffekts erreicht 175 Linien\/Zoll.<\/li>\n<\/ul>\n<h2 id=\"-5-environmental-protection-theme-and-scene-adaptation-\"><strong>5. Umweltschutzthema und Szenenanpassung<\/strong><\/h2>\n<p>Die Hauptfarbe \"Gr\u00fcn\" ist von der \u00d6kologie des Waldes inspiriert und wird mit einer matten UV-Beschichtung kombiniert, um einen dezenten Luxus zu vermitteln. Der Schachtelk\u00f6rper kann mit Hei\u00dfpr\u00e4gemustern (z. B. Schneeflocken zu Weihnachten und Wolken zum Fr\u00fchlingsfest) individuell gestaltet werden und eignet sich f\u00fcr Geschenkschachteln zum Valentinstag, Verpackungen in limitierter Auflage und andere Szenen, wobei Umweltschutzkonzepte und die Schaffung einer festlichen Atmosph\u00e4re ber\u00fccksichtigt werden.<\/p>\n<h2 id=\"-6-ribbon-lifting-a-balance-between-function-and-aesthetics-\"><strong>6. B\u00e4nderlifting: ein Gleichgewicht zwischen Funktion und \u00c4sthetik<\/strong><\/h2>\n<p>Die Oberseite des Kartons ist mit einem hochfesten Polyesterband versehen, das bis zu 5 kg tragen kann. Der Hebewinkel ist ergonomisch gestaltet, und die Kraft zum \u00d6ffnen der Box ist \u226410N. Das Band kann mit Hei\u00dfpr\u00e4gung\/gepr\u00e4gtem LOGO angepasst werden, und zwei Texturoptionen von matt und satiniert sind verf\u00fcgbar, um das Gef\u00fchl der Zeremonie des Auspackens zu verbessern.<\/p>\n<h2 id=\"-8-full-link-personalized-customization-service-\"><strong>8. Personalisierter Anpassungsdienst mit vollst\u00e4ndiger Verlinkung<\/strong><\/h2>\n<ul>\n<li><strong>Gr\u00f6\u00dfe<\/strong>: Anpassung des Verh\u00e4ltnisses von L\u00e4nge, Breite und H\u00f6he von 1:1 bis 1:3, bei einer Mindestbestellmenge von 500 St\u00fcck;<\/li>\n<li><strong>Box-Typ<\/strong>6 Grundtypen von Boxen, wie z.B. buchf\u00f6rmige Boxen, obere und untere Abdeckung, Schubladenboxen usw., sind optional, und die Entwicklung von Sonderformen wird unterst\u00fctzt;<\/li>\n<li><strong>Druck und Verarbeitung<\/strong>: LOGO kann zwischen 12 Verfahren wie Hei\u00dfpr\u00e4gung, Pr\u00e4gung und lokaler UV-Bestrahlung w\u00e4hlen, mit einer Aufl\u00f6sung von \u22651200dpi;<\/li>\n<li><strong>Umweltzertifizierung<\/strong>: Wir bieten umweltfreundliche Produktionsl\u00f6sungen wie FSC-zertifiziertes Papier und Tinte auf Wasserbasis an.<\/li>\n<\/ul>","protected":false},"excerpt":{"rendered":"<p>Diese faltbare Magnetdeckelbox l\u00e4sst sich leicht \u00f6ffnen und schlie\u00dfen und ist stabil. Sie l\u00e4sst sich nach dem Zusammenfalten leicht transportieren und lagern, was die Logistikkosten senkt und daf\u00fcr sorgt, dass sich der Schachtelk\u00f6rper lange Zeit nicht verformt. Der Schachtelk\u00f6rper ist haupts\u00e4chlich gr\u00fcn, was dem Umweltschutzthema entspricht und den Markenton von Jugend und Vitalit\u00e4t vermittelt. Sie eignet sich f\u00fcr die Verpackung von Per\u00fccken und anderen Szenen.<\/p>","protected":false},"featured_media":1238,"template":"","meta":{"_kad_post_transparent":"default","_kad_post_title":"","_kad_post_layout":"default","_kad_post_sidebar_id":"","_kad_post_content_style":"default","_kad_post_vertical_padding":"default","_kad_post_feature":"","_kad_post_feature_position":"","_kad_post_header":false,"_kad_post_footer":false,"_kad_post_classname":""},"product_brand":[],"product_cat":[15,22,17],"product_tag":[484,483,485],"class_list":{"0":"post-1236","1":"product","2":"type-product","3":"status-publish","4":"has-post-thumbnail","6":"product_cat-red-light-therapy","7":"product_cat-red-light-therapy-blanket","8":"product_cat-services","9":"product_tag-collapsible-gift-boxes","10":"product_tag-custom-glitter-gift-boxes-wholesale","11":"product_tag-foldable-gift-box-wholesale","13":"first","14":"instock","15":"shipping-taxable","16":"product-type-simple","17":"entry","18":"content-bg","19":"loop-entry"},"_links":{"self":[{"href":"https:\/\/red-lighttherapy.com\/de_de\/wp-json\/wp\/v2\/product\/1236","targetHints":{"allow":["GET"]}}],"collection":[{"href":"https:\/\/red-lighttherapy.com\/de_de\/wp-json\/wp\/v2\/product"}],"about":[{"href":"https:\/\/red-lighttherapy.com\/de_de\/wp-json\/wp\/v2\/types\/product"}],"wp:featuredmedia":[{"embeddable":true,"href":"https:\/\/red-lighttherapy.com\/de_de\/wp-json\/wp\/v2\/media\/1238"}],"wp:attachment":[{"href":"https:\/\/red-lighttherapy.com\/de_de\/wp-json\/wp\/v2\/media?parent=1236"}],"wp:term":[{"taxonomy":"product_brand","embeddable":true,"href":"https:\/\/red-lighttherapy.com\/de_de\/wp-json\/wp\/v2\/product_brand?post=1236"},{"taxonomy":"product_cat","embeddable":true,"href":"https:\/\/red-lighttherapy.com\/de_de\/wp-json\/wp\/v2\/product_cat?post=1236"},{"taxonomy":"product_tag","embeddable":true,"href":"https:\/\/red-lighttherapy.com\/de_de\/wp-json\/wp\/v2\/product_tag?post=1236"}],"curies":[{"name":"wp","href":"https:\/\/api.w.org\/{rel}","templated":true}]}}