{"id":1219,"date":"2025-04-17T07:00:44","date_gmt":"2025-04-17T07:00:44","guid":{"rendered":"https:\/\/red-lighttherapy.com\/?post_type=product&#038;p=1219"},"modified":"2025-04-17T07:11:35","modified_gmt":"2025-04-17T07:11:35","slug":"custom-hemp-oil-magnetic-closure-rigid-boxes-china-wholesale","status":"publish","type":"product","link":"https:\/\/red-lighttherapy.com\/de_de\/custom-hemp-oil-magnetic-closure-rigid-boxes-china-wholesale\/","title":{"rendered":"Benutzerdefinierte Hanf\u00f6l magnetischen Verschluss starren Boxen China Gro\u00dfhandel"},"content":{"rendered":"<h2 id=\"-customized-sesame-oil-magnetic-buckle-hard-box-china-wholesale-product-description-\">Benutzerdefinierte Hanf\u00f6l magnetischen Verschluss starren Boxen China Gro\u00dfhandel<\/h2>\n<h2 id=\"-1-innovative-magnetic-box-design-taking-into-account-convenience-and-ritual-sense-\"><strong>1. Innovative Magnetverschluss-Box Design, unter Ber\u00fccksichtigung der Bequemlichkeit und Ritual Sinn<\/strong><\/h2>\n<p>Diese Verpackungsbox nimmt\u00a0<strong>magnetische Verschlussstruktur<\/strong>Durch das Zusammenwirken von hochpr\u00e4zisem Magnetverschluss-Saugblatt und magnetischem Deckel-F\u00fchrungsblatt l\u00e4sst er sich leicht mit einer Hand \u00f6ffnen und schlie\u00dfen. Die magnetische St\u00e4rke wurde wissenschaftlich getestet, um einen schnellen Zugriff auf den Flaschenk\u00f6rper zu gew\u00e4hrleisten und die Integrit\u00e4t der Verpackung im geschlossenen Zustand zu erhalten, um ein versehentliches \u00d6ffnen w\u00e4hrend des Transports oder der Lagerung zu vermeiden. Das Design des Klappdeckels entspricht der Ergonomie, l\u00e4sst sich leicht \u00f6ffnen und schlie\u00dfen, ohne zu klemmen, und gibt dem Benutzer ein Gef\u00fchl von Ritual beim Auspacken, w\u00e4hrend es gleichzeitig den Komfortbed\u00fcrfnissen einer h\u00e4ufigen Nutzung entspricht.<\/p>\n<h2 id=\"-2-modern-aesthetic-design-suitable-for-multiple-scenes-\"><strong>2. Modernes \u00e4sthetisches Design, geeignet f\u00fcr mehrere Szenen<\/strong><\/h2>\n<p>Die Verpackung verwendet\u00a0<strong>saubere gerade Linien<\/strong>\u00a0als Kernsprache, verzichtet auf \u00fcberfl\u00fcssige Dekoration und pr\u00e4sentiert eine einfache geometrische Sch\u00f6nheit. Das Verh\u00e4ltnis der Boxen zueinander wurde durch den goldenen Schnitt optimiert, der sich f\u00fcr verschiedene Ausstellungsorte wie Supermarktregale, Markentheken und E-Commerce-Plattformen eignet. Die Oberfl\u00e4che ist in einem matten, reinen Schwarzton gehalten, mit dem Markenlogo im Hei\u00dfpr\u00e4ge-\/Silberdruckverfahren, wodurch ein\u00a0<strong>ruhig und stimmungsvoll<\/strong>\u00a0Ein visuelles Erlebnis, das zur nat\u00fcrlichen und hochwertigen Marktpositionierung von CBD-\u00d6l passt und sich deutlich von Konkurrenzprodukten unterscheidet.<\/p>\n<h2 id=\"-3-coated-paper-reinforced-structure-long-term-protection-of-contents-\"><strong>3. Beschichtetes Papier verst\u00e4rkte Struktur, langfristiger Schutz des Inhalts<\/strong><\/h2>\n<p>Der Kofferaufbau verwendet\u00a0<strong>450g beschichtetes Papier als Tr\u00e4germaterial<\/strong>Die Druckfestigkeit wird durch 30% erh\u00f6ht, was Transportst\u00f6\u00dfen und Stapeldruck standhalten kann. Der Innenraum ist mit EVA High-Density-Futter kombiniert,\u00a0<strong>pr\u00e4zise gestanzt<\/strong>\u00a0Der Flaschenk\u00f6rper ist fest fixiert, um Abnutzung oder Auslaufen durch Sch\u00fctteln zu vermeiden. An den vier Ecken des Kastenk\u00f6rpers sind Anti-Kollisions-Eckschutzvorrichtungen angebracht, um die Sto\u00dffestigkeit weiter zu erh\u00f6hen und eine langfristige Lagersicherheit zu gew\u00e4hrleisten.<\/p>\n<h2 id=\"-4-seiko-quality-details-show-ingenuity-\"><strong>4. Seiko Qualit\u00e4t, Details zeigen Einfallsreichtum<\/strong><\/h2>\n<p>\u00dcbernahme von\u00a0<strong>hochpr\u00e4zise Formen und vollautomatische Stanztechnik<\/strong>Die N\u00e4hte des Schachtelk\u00f6rpers sind glatt und gratfrei, und die D\u00e4mpfung beim \u00d6ffnen und Schlie\u00dfen der Klappe ist moderat, was ein reibungsloses Benutzererlebnis gew\u00e4hrleistet. Der Oberfl\u00e4chendruck verwendet Vier-Farben-Offsetdruck + lokale UV-Lack-Technologie, das Muster ist klar und zart, die Farbs\u00e4ttigung ist hoch, und es ist verschlei\u00dffest und kratzfest. Das Innenfutter wird mit Ultraschall laminiert, um Verunreinigungen durch Klebstoffe zu vermeiden und die Sicherheitsstandards f\u00fcr Lebensmittelverpackungen zu erf\u00fcllen.<\/p>\n<h2 id=\"-5-full-dimensional-customization-service-empowering-brand-marketing-\"><strong>5. Volldimensionaler Anpassungsservice, der das Markenmarketing st\u00e4rkt<\/strong><\/h2>\n<p>Unterst\u00fctzung der folgenden flexiblen Anpassungsl\u00f6sungen:<\/p>\n<ul>\n<li><strong>Gr\u00f6\u00dfe und Kartontyp<\/strong>: Wir passen uns an die Spezifikationen von 50ml-500ml Sesam\u00f6lflaschen an und k\u00f6nnen innovative Schachteltypen wie Schubladen und B\u00fccher entwickeln;<\/li>\n<li><strong>Inhalt drucken<\/strong>: Unterst\u00fctzt den ganzseitigen Druck von Markenlogos, Slogans, f\u00e4lschungssicheren Codes usw. und kann Laser-F\u00e4lschungssicherheit, variable Daten, QR-Codes und andere Verfahren hinzuf\u00fcgen;<\/li>\n<li><strong>Struktur der Innenverkleidung<\/strong>: EVA, Schwamm, Beflockung und andere Materialoptionen sind m\u00f6glich, unterst\u00fctzen die Gestaltung von Trennf\u00e4chern und erf\u00fcllen die Anforderungen von Kombinationsverpackungen f\u00fcr mehrere Flaschen;<\/li>\n<li><strong>Magnetisches Upgrade<\/strong>: Wahlweise starke Magnetschnalle (1,0CM) oder normale Magnetschnalle (1,4CM\/1,8CM) zur Anpassung an unterschiedliche Belastungsanforderungen.<\/li>\n<\/ul>\n<h2 id=\"-6-mature-supply-chain-guarantee-efficient-delivery-without-worries-\"><strong>6. Ausgereifte Lieferkette garantieren, effiziente Lieferung ohne Sorgen<\/strong><\/h2>\n<p>Verlassen Sie sich auf\u00a0<strong>16 Jahre Erfahrung in der Verpackungsproduktion<\/strong>Das Werk ist mit einer vollautomatischen Produktionslinie und einem ISO-Qualit\u00e4tskontrollsystem ausgestattet, um eine effiziente Verbindung der gesamten Kette vom Entwurf und der Pr\u00fcfung bis zur Massenproduktion zu erreichen.<\/p>\n<ul>\n<li><strong>Garantie der Qualit\u00e4tskontrolle<\/strong>: Die Rohstoffe sind SGS-zertifiziert, und im Produktionsprozess werden 6 Qualit\u00e4tskontrollverfahren mit einer Fehlerquote von weniger als 0,3% eingesetzt;<\/li>\n<li><strong>Schnelle Antwort<\/strong>: Unterst\u00fctzung von 2-3 Tagen Proofing-Zyklus, 500 St\u00fcck Mindestbestellmenge Produktion;<\/li>\n<li><strong>Hochkomplexe Technologie<\/strong>: Wir beherrschen komplexe Verfahren wie speziell geformte Schachteln, magnetische Ansaugstrukturen und umweltfreundliche, abbaubare Materialien und helfen den Marken, sich von der homogenen Konkurrenz abzuheben.<\/li>\n<\/ul>\n<h2 id=\"-application-scenarios-\"><strong>Anwendungsszenarien<\/strong><\/h2>\n<ul>\n<li><strong>Hochwertige Sesam\u00f6lmarke<\/strong>: Im Einklang mit dem Ton der nat\u00fcrlichen und organischen Produkte, die Verbesserung der Terminal Premium Raum;<\/li>\n<li><strong>Markt f\u00fcr personalisierte Geschenke<\/strong>: Verst\u00e4rken Sie die Einzigartigkeit von Weihnachtsgeschenkboxen und individuellen L\u00f6sungen f\u00fcr Unternehmen durch exklusives Design;<\/li>\n<li><strong>Grenz\u00fcberschreitender elektronischer Handel<\/strong>: Erf\u00fcllen Sie internationale Transportstandards und reduzieren Sie das Risiko von grenz\u00fcberschreitenden Logistikverlusten.<\/li>\n<\/ul>","protected":false},"excerpt":{"rendered":"<p>Das Design der Box mit magnetischem Deckel erm\u00f6glicht den Nutzern einen schnellen Zugriff auf die Flasche, w\u00e4hrend die Integrit\u00e4t der Verpackung gewahrt bleibt, wobei Komfort und Ritual ber\u00fccksichtigt werden. Der Korpus der Schachtel ist in einem reinen Schwarzton gehalten, um die Professionalit\u00e4t der Marke und die Zuverl\u00e4ssigkeit des Produkts zu vermitteln, was zur nat\u00fcrlichen und hochwertigen Marktpositionierung von CBD-\u00d6l passt und sich leicht von Konkurrenzprodukten unterscheiden l\u00e4sst.<\/p>","protected":false},"featured_media":1221,"template":"","meta":{"_kad_post_transparent":"default","_kad_post_title":"","_kad_post_layout":"default","_kad_post_sidebar_id":"","_kad_post_content_style":"default","_kad_post_vertical_padding":"default","_kad_post_feature":"","_kad_post_feature_position":"","_kad_post_header":false,"_kad_post_footer":false,"_kad_post_classname":""},"product_brand":[],"product_cat":[15,27,17],"product_tag":[477,476,469],"class_list":{"0":"post-1219","1":"product","2":"type-product","3":"status-publish","4":"has-post-thumbnail","6":"product_cat-red-light-therapy","7":"product_cat-red-light-therapy-belt","8":"product_cat-services","9":"product_tag-branded-cbd-tincture-boxes","10":"product_tag-cbd-hemp-oil-boxes","11":"product_tag-custom-hemp-oil-boxes","13":"first","14":"instock","15":"shipping-taxable","16":"product-type-simple","17":"entry","18":"content-bg","19":"loop-entry"},"_links":{"self":[{"href":"https:\/\/red-lighttherapy.com\/de_de\/wp-json\/wp\/v2\/product\/1219","targetHints":{"allow":["GET"]}}],"collection":[{"href":"https:\/\/red-lighttherapy.com\/de_de\/wp-json\/wp\/v2\/product"}],"about":[{"href":"https:\/\/red-lighttherapy.com\/de_de\/wp-json\/wp\/v2\/types\/product"}],"wp:featuredmedia":[{"embeddable":true,"href":"https:\/\/red-lighttherapy.com\/de_de\/wp-json\/wp\/v2\/media\/1221"}],"wp:attachment":[{"href":"https:\/\/red-lighttherapy.com\/de_de\/wp-json\/wp\/v2\/media?parent=1219"}],"wp:term":[{"taxonomy":"product_brand","embeddable":true,"href":"https:\/\/red-lighttherapy.com\/de_de\/wp-json\/wp\/v2\/product_brand?post=1219"},{"taxonomy":"product_cat","embeddable":true,"href":"https:\/\/red-lighttherapy.com\/de_de\/wp-json\/wp\/v2\/product_cat?post=1219"},{"taxonomy":"product_tag","embeddable":true,"href":"https:\/\/red-lighttherapy.com\/de_de\/wp-json\/wp\/v2\/product_tag?post=1219"}],"curies":[{"name":"wp","href":"https:\/\/api.w.org\/{rel}","templated":true}]}}