{"id":1212,"date":"2025-04-17T06:50:31","date_gmt":"2025-04-17T06:50:31","guid":{"rendered":"https:\/\/red-lighttherapy.com\/?post_type=product&#038;p=1212"},"modified":"2025-04-17T07:06:10","modified_gmt":"2025-04-17T07:06:10","slug":"durable-cannabis-wax-concentrate-packaging-paper-drawer-box","status":"publish","type":"product","link":"https:\/\/red-lighttherapy.com\/de_de\/durable-cannabis-wax-concentrate-packaging-paper-drawer-box\/","title":{"rendered":"Langlebige Cannabis-Wachs-Konzentrat-Verpackung Papier-Schubladen-Box"},"content":{"rendered":"<h2 id=\"-product-description-of-drawer-type-packaging-box-for-cannabis-wax-concentrate-\"><strong>Produktbeschreibung der Schubladen-Verpackungsbox f\u00fcr Cannabis-Wachskonzentrat<\/strong><\/h2>\n<h2 id=\"1-ergonomic-drawer-structure-\">1.\u00a0<strong>Ergonomische Schubladenstruktur<\/strong><\/h2>\n<ul>\n<li><strong>Sanftes Push-Pull-Design<\/strong>: Die Pr\u00e4zisionsstanztechnik sorgt f\u00fcr ein sanftes \u00d6ffnen und Schlie\u00dfen der Schubladen, die sich leicht mit einer Hand bedienen lassen, was den Bedienkomfort erh\u00f6ht;<\/li>\n<li><strong>Sinn f\u00fcr Hierarchie und Rituale<\/strong>: Der mehrschichtige Aufbau der Schubladen verbessert die Wirkung der Produktpr\u00e4sentation, und das \u00d6ffnen und Schlie\u00dfen der Schubladen bietet dem Verbraucher ein \"Entdeckungserlebnis\", das dem Konsum von hochwertigen CBD-Produkten entspricht.<\/li>\n<\/ul>\n<h2 id=\"2-environmentally-friendly-materials-and-durability-\">2.\u00a0<strong>Umweltfreundliche Materialien und Langlebigkeit<\/strong><\/h2>\n<ul>\n<li><strong>FSC-zertifiziertes gestrichenes Papier<\/strong>: Das Ausgangsmaterial stammt aus nachhaltig bewirtschafteten W\u00e4ldern, erf\u00fcllt internationale Umweltstandards, unterst\u00fctzt die Ausstellung von FSC-Rechnungen (einschlie\u00dflich Zertifizierungsnummern) und tr\u00e4gt zur Glaubw\u00fcrdigkeit der ESG-Berichte der Marke bei;<\/li>\n<li><strong>Optionales Laminierungsverfahren<\/strong>: Bietet eine matte\/gl\u00e4nzende Laminierung auf Wasserbasis, die kratzfest und resistent gegen Fingerabdr\u00fccke ist, sich zart anf\u00fchlt und eine lange Lebensdauer hat, geeignet f\u00fcr verschiedene Transport- und Ausstellungsumgebungen.<\/li>\n<\/ul>\n<h2 id=\"3-high-precision-printing-and-visual-communication-\">3.\u00a0<strong>Hochpr\u00e4ziser Druck und visuelle Kommunikation<\/strong><\/h2>\n<ul>\n<li><strong>Sechsfarbiger hochaufl\u00f6sender Druck<\/strong>: Genaue Wiederherstellung von Pflanzentexturen, Markenlogo und anderen Details, mit einer Farbs\u00e4ttigung von 98%, die Verbesserung der professionellen Image;<\/li>\n<li><strong>Technologie-Upgrade<\/strong>: Unterst\u00fctzung von Hei\u00dfpr\u00e4gung, UV-Teilpr\u00e4gung und anderen Verfahren zur Hervorhebung des Markenlogos oder der Inhaltsstoffbeschreibung und zur Verbesserung des visuellen Niveaus der Verpackung;<\/li>\n<li><strong>Blaue und wei\u00dfe Hauptfarben<\/strong>: Blau symbolisiert Nat\u00fcrlichkeit und Beruhigung, Wei\u00df vermittelt Sauberkeit und ein Gef\u00fchl von Technologie, und die zweifarbige Kombination st\u00e4rkt das Vertrauen der Verbraucher in die Produktsicherheit und Professionalit\u00e4t.<\/li>\n<\/ul>\n<h2 id=\"4-eva-cushioning-lining-system-\">4.\u00a0<strong>EVA-D\u00e4mpfungsfutter-System<\/strong><\/h2>\n<ul>\n<li><strong>Passgenaue Konstruktion<\/strong>: Passen Sie die Auskleidungsrille an die Gr\u00f6\u00dfe des Konzentrats an, um eine \"Nullverschiebungs\"-Fixierung zu erreichen und das Risiko von Transportkollisionen zu verringern;<\/li>\n<li><strong>Antiseismische D\u00e4mpfungsleistung<\/strong>: Das EVA-Material hat eine R\u00fcckprallelastizit\u00e4t von 90%, absorbiert wirksam \u00e4u\u00dfere St\u00f6\u00dfe und ist f\u00fcr Langstreckenlogistikszenarien geeignet.<\/li>\n<\/ul>\n<h2 id=\"5-full-dimensional-customization-service-\">5.\u00a0<strong>Volldimensionaler Anpassungsservice<\/strong><\/h2>\n<ul>\n<li><strong>Flexible Anpassungsanforderungen<\/strong>: Unterst\u00fctzung der Anpassung der Gr\u00f6\u00dfe der Box (Anpassung an 1g-10g Kapazit\u00e4t), Schublade \u00f6ffnen und schlie\u00dfen Richtung (Seite ziehen \/ oben ziehen), Druckverfahren (Hei\u00dfpr\u00e4gung \/ UV \/ Pr\u00e4gung), Futter Struktur (Unterteilung \/ Schichtung), etc;<\/li>\n<li><strong>Schneller Reaktionsmechanismus<\/strong>: Von der Entwurfsbest\u00e4tigung bis zur Auslieferung vergehen nur 10-15 Arbeitstage, so dass sowohl die Produktion von Kleinserien als auch von Gro\u00dfauftr\u00e4gen m\u00f6glich ist.<\/li>\n<\/ul>\n<h2 id=\"6-environmental-protection-and-compliance-advantages-\">6.\u00a0<strong>Vorteile f\u00fcr den Umweltschutz und die Einhaltung von Vorschriften<\/strong><\/h2>\n<ul>\n<li><strong>Design f\u00fcr die Kreislaufwirtschaft<\/strong>: Die Struktur aus einem einzigen Material (Papier + EVA) ist mit dem g\u00e4ngigen Recyclingsystem kompatibel, und die EVA-Auskleidung kann getrennt und recycelt werden, um die Umweltbelastung zu verringern;<\/li>\n<li><strong>Zertifizierung nach internationalen Normen<\/strong>: FSC-, ISO 14001- und andere Zertifizierungen, die den Umweltvorschriften des europ\u00e4ischen und amerikanischen Marktes entsprechen (z. B. EU-REACH, Steuerbefreiung f\u00fcr Kunststoffe), um die globale Ausrichtung der Marke zu unterst\u00fctzen.<\/li>\n<\/ul>\n<h2 id=\"7-application-scenarios-and-value-\">7.\u00a0<strong>, Anwendungsszenarien und Wert<\/strong><\/h2>\n<ul>\n<li><strong>Terminal Einzelhandel<\/strong>: Anzeige in hochwertigen Apotheken und CBD-Fachgesch\u00e4ften. Das Design der Schubladen, die sich \u00f6ffnen und schlie\u00dfen lassen, verbessert die Interaktivit\u00e4t der Produkte und die Erinnerungspunkte;<\/li>\n<li><strong>Logistik f\u00fcr den elektronischen Handel<\/strong>: Die Kombination aus EVA-Futter und druckfestem Kofferaufbau reduziert die Anzahl der Transportsch\u00e4den auf weniger als 1%;<\/li>\n<li><strong>Markenmarketing<\/strong>: Ein individuelles LOGO, ein QR-Code f\u00fcr die R\u00fcckverfolgbarkeit der Inhaltsstoffe und andere Designs st\u00e4rken das Bewusstsein der Verbraucher f\u00fcr die Technologie und die Verantwortung der Marke.<\/li>\n<\/ul>","protected":false},"excerpt":{"rendered":"<p>Das \u00d6ffnen und Schlie\u00dfen der Papierschubladenbox und die glatte Papierschubladenbox sind mit einer Hand leicht zu bedienen. Es hat sowohl Funktionalit\u00e4t als auch einen Sinn f\u00fcr Rituale. Die Druckpr\u00e4zision ist hoch, die Musterdetails sind klar (z. B. die Pflanzentextur), die Farbwiedergabe ist kr\u00e4ftig, und sie vermittelt das professionelle Image der Marke. Die Hauptfarbe ist blau, was zu den nat\u00fcrlichen und beruhigenden Eigenschaften von Cannabisprodukten passt.<\/p>","protected":false},"featured_media":1216,"template":"","meta":{"_kad_post_transparent":"default","_kad_post_title":"","_kad_post_layout":"default","_kad_post_sidebar_id":"","_kad_post_content_style":"default","_kad_post_vertical_padding":"default","_kad_post_feature":"","_kad_post_feature_position":"","_kad_post_header":false,"_kad_post_footer":false,"_kad_post_classname":""},"product_brand":[],"product_cat":[15,20,17],"product_tag":[475,474,473],"class_list":{"0":"post-1212","1":"product","2":"type-product","3":"status-publish","4":"has-post-thumbnail","6":"product_cat-red-light-therapy","7":"product_cat-led-face-light-therapy","8":"product_cat-services","9":"product_tag-concentrate-packaging","10":"product_tag-custom-cannabis-concentrate-packaging","11":"product_tag-custom-concentrate-packaging-boxes","13":"first","14":"instock","15":"shipping-taxable","16":"product-type-simple","17":"entry","18":"content-bg","19":"loop-entry"},"_links":{"self":[{"href":"https:\/\/red-lighttherapy.com\/de_de\/wp-json\/wp\/v2\/product\/1212","targetHints":{"allow":["GET"]}}],"collection":[{"href":"https:\/\/red-lighttherapy.com\/de_de\/wp-json\/wp\/v2\/product"}],"about":[{"href":"https:\/\/red-lighttherapy.com\/de_de\/wp-json\/wp\/v2\/types\/product"}],"wp:featuredmedia":[{"embeddable":true,"href":"https:\/\/red-lighttherapy.com\/de_de\/wp-json\/wp\/v2\/media\/1216"}],"wp:attachment":[{"href":"https:\/\/red-lighttherapy.com\/de_de\/wp-json\/wp\/v2\/media?parent=1212"}],"wp:term":[{"taxonomy":"product_brand","embeddable":true,"href":"https:\/\/red-lighttherapy.com\/de_de\/wp-json\/wp\/v2\/product_brand?post=1212"},{"taxonomy":"product_cat","embeddable":true,"href":"https:\/\/red-lighttherapy.com\/de_de\/wp-json\/wp\/v2\/product_cat?post=1212"},{"taxonomy":"product_tag","embeddable":true,"href":"https:\/\/red-lighttherapy.com\/de_de\/wp-json\/wp\/v2\/product_tag?post=1212"}],"curies":[{"name":"wp","href":"https:\/\/api.w.org\/{rel}","templated":true}]}}