{"id":1206,"date":"2025-04-17T06:38:12","date_gmt":"2025-04-17T06:38:12","guid":{"rendered":"https:\/\/red-lighttherapy.com\/?post_type=product&#038;p=1206"},"modified":"2025-04-17T06:50:23","modified_gmt":"2025-04-17T06:50:23","slug":"premium-custom-wax-hemp-3ml-5ml-7ml-concentrate-packaging","status":"publish","type":"product","link":"https:\/\/red-lighttherapy.com\/de_de\/premium-custom-wax-hemp-3ml-5ml-7ml-concentrate-packaging\/","title":{"rendered":"Premium Custom Wax Hanf 3ml 5ml 7ml Konzentrat Verpackung"},"content":{"rendered":"<h2 id=\"-customized-hemp-wax-concentrate-packaging-product-description-\"><strong>Premium Custom Wax Hemp 3ml 5ml 7ml Concentrate Packaging Produktbeschreibung<\/strong><\/h2>\n<h2 id=\"-1-innovative-magnetic-flip-cover-structure-stable-and-convenient-opening-experience-\"><strong>1. Innovative magnetische Flip-Cover-Struktur: stabile und bequeme \u00d6ffnung Erfahrung<\/strong><\/h2>\n<p>Das Design des magnetischen Klappdeckels mit hochfestem NdFeB-Magneten als Verschlusskern erm\u00f6glicht durch die pr\u00e4zise Verteilung der Magnetpole eine einh\u00e4ndige Bedienung durch \"Ber\u00fchren und \u00d6ffnen\". Die eingebauten magnetischen Saugteile des Kastendeckels bilden eine anisotrope Adsorption mit den Magneten des Kastenk\u00f6rpers. Wenn der \u00d6ffnungs- und Schlie\u00dfwinkel 90\u00b0 erreicht, kann der Deckel automatisch in den vollst\u00e4ndig ge\u00f6ffneten Zustand zur\u00fcckspringen, wodurch das Problem des herk\u00f6mmlichen Schiebedeckels vermieden wird.<\/p>\n<ul>\n<li><strong>Optimierung der Stabilit\u00e4t<\/strong>: Die magnetische Saugkraft ist mechanisch so berechnet, dass sie sich dem Gewicht von 3ml\/5ml\/7ml-Flaschen anpasst, um ein versehentliches \u00d6ffnen w\u00e4hrend des Transports zu verhindern, und unterst\u00fctzt das wiederholte \u00d6ffnen und Schlie\u00dfen f\u00fcr mehr als 5.000 Mal ohne Verformung.<\/li>\n<li><strong>Ergonomische Details<\/strong>: Die Kante des Geh\u00e4usedeckels hat eine reservierte Bogenrille, und die Reibung des Daumendruckbereichs wurde verbessert, um den Anforderungen einer effizienten Nutzung in schnellen Verbrauchsszenarien gerecht zu werden.<\/li>\n<\/ul>\n<h2 id=\"-2-modular-display-system-brand-visual-unity-solution-\"><strong>2. Modulares Anzeigesystem: L\u00f6sung f\u00fcr die visuelle Einheit der Marke<\/strong><\/h2>\n<p>Das Verpackungssystem ist mit der Kombination aus Regalpr\u00e4sentation und Geschenkbox kompatibel, und eine visuelle Matrix wird durch ein standardisiertes Gr\u00f6\u00dfendesign (3ml\/5ml\/7ml Boxenh\u00f6henunterschied 15mm) aufgebaut.<\/p>\n<ul>\n<li><strong>Kombinationslogik<\/strong>: Die Einzelschachtel verf\u00fcgt \u00fcber eine obere und untere Abdeckungsstruktur, und das Geschenkschachtel-Set verwendet einen eingebetteten Kartenschlitz, um eine nahtlose Verbindung mehrerer Spezifikationen zu erreichen. Die \u00e4u\u00dfere Schachtel verwendet gleichzeitig das gleiche Farbschema und die gleiche Schachtelsprache, um die Wirkung des Terminals zu verbessern.<\/li>\n<li><strong>Markenaufdruck<\/strong>: Das unsichtbare UV-Markenlogo ist auf der Innenseite des Schachteldeckels aufgedruckt, und der Erinnerungskontakt wird beim \u00d6ffnen und Schlie\u00dfen hergestellt. Im geschlossenen Zustand werden die Attribute der Kategorie durch den einheitlichen gr\u00fcnen Schachtelk\u00f6rper vermittelt.<\/li>\n<\/ul>\n<h2 id=\"-3-double-upgrade-of-environmental-protection-and-protection-fsc-certified-cardboard-pressure-resistant-coated-paper-\"><strong>3. Doppelte Aufwertung von Umweltschutz und Schutz: FSC-zertifizierter Karton + druckfest beschichtetes Papier<\/strong><\/h2>\n<ul>\n<li><strong>Nachhaltige Materialien<\/strong>: Es wird 100% FSC-zertifizierter Karton verwendet, die R\u00fcckverfolgbarkeit der Rohstoffe kann \u00fcberpr\u00fcft werden, und er wird mit Sojatinte auf Wasserbasis bedruckt. Es hat die SGS-Pr\u00fcfung auf Schwermetalle und fl\u00fcchtige organische Verbindungen bestanden und erf\u00fcllt die FDA-Normen f\u00fcr den Kontakt mit Lebensmitteln.<\/li>\n<li><strong>Struktureller Schutz<\/strong>Die 2,5 mm dicke beschichtete Pappe wird im Wellpappenverbundverfahren verarbeitet und weist eine Druckfestigkeit von 12 kgF\/cm\u00b2 auf, die auf die Eckschw\u00e4chen von Glas-\/Kunststoff-\u00d6lflaschen abzielt. Der Falltest besteht die Transportnorm ISTA 3A.<\/li>\n<\/ul>\n<h2 id=\"-4-precision-manufacturing-process-ultimate-opening-and-closing-experience-guarantee-\"><strong>4. Pr\u00e4zisionsfertigungsprozess: Garantie f\u00fcr ultimative Erfahrung beim \u00d6ffnen und Schlie\u00dfen<\/strong><\/h2>\n<ul>\n<li><strong>Laser-Stanztechnik<\/strong>: Das deutsche Kurz-Stanzsystem mit einer Genauigkeit von 0,01 mm erreicht eine gratfreie Verarbeitung der R-Ecke der Schachtelkante, und der Fehler der Vorpr\u00e4gungstiefe der Faltlinie ist \u22640,2 mm, wodurch die \u00d6ffnungskraft im Bereich von 0,8-1,2 N stabil ist.<\/li>\n<li><strong>Biss-System<\/strong>: Der Schachtelk\u00f6rper verf\u00fcgt \u00fcber einen dreifachen Schlie\u00dfmechanismus mit \"Doppelhaken und magnetischer Ansaughilfe\". Laut Labormessungen betr\u00e4gt die Verschiebung des Kastendeckels &lt;0,3 mm nach 200 aufeinanderfolgenden \u00d6ffnungen und Schlie\u00dfungen, was deutlich besser als der Branchendurchschnitt ist.<\/li>\n<\/ul>\n<h2 id=\"-5-color-strategy-and-minimalist-aesthetics-establishing-category-mental-cognition-\"><strong>5. Farbstrategie und minimalistische \u00c4sthetik: Die mentale Wahrnehmung der Kategorie etablieren<\/strong><\/h2>\n<ul>\n<li><strong>Anwendung der Farbpsychologie<\/strong>: Die Hauptfarbe des Schachtelk\u00f6rpers ist Pantone 17-0230TN (Cannabisblattgr\u00fcn), und das 5-stufige Gradientendruckverfahren wird verwendet, um die urspr\u00fcngliche Textur der Pflanze zu simulieren. Marktforschungen zeigen, dass dieses Farbsystem die Assoziation \"nat\u00fcrlich und organisch\" bei den Zielkunden um 43% erh\u00f6hen kann.<\/li>\n<li><strong>Deko-Entwurf<\/strong>: Unter Verzicht auf herk\u00f6mmliche Verfahren wie Hei\u00dfpr\u00e4gung wird durch die dreidimensional gew\u00f6lbte Oberfl\u00e4che der Schachtel ein professionelles Erscheinungsbild geschaffen, und auf dem Innenkarton wird das Markenlogo nur im Mikrometerbereich gepr\u00e4gt, wodurch ein visueller Schwerpunkt nach dem Motto \"weniger ist mehr\" erreicht wird.<\/li>\n<\/ul>","protected":false},"excerpt":{"rendered":"<p>Die Struktur der Box mit Magnetverschluss kombiniert Stabilit\u00e4t mit einfacher Bedienung. Sie l\u00e4sst sich leicht mit einer Hand \u00f6ffnen und schlie\u00dfen, so dass der Verbraucher sie schnell zur Hand nehmen kann. Es wird FSC-zertifizierter Karton verwendet, um sicherzustellen, dass die Rohstoffe aus nachhaltig bewirtschafteten W\u00e4ldern stammen, was die Anforderungen an die nat\u00fcrlichen Eigenschaften der Gesundheitskategorie zum Schutz der Umwelt erf\u00fcllt. Sie eignet sich f\u00fcr die Auslage im Einzelhandelsregal oder f\u00fcr die Kombination von Geschenkboxen, wodurch die Einheitlichkeit der Marke visuell verst\u00e4rkt wird.<\/p>","protected":false},"featured_media":1207,"template":"","meta":{"_kad_post_transparent":"default","_kad_post_title":"","_kad_post_layout":"default","_kad_post_sidebar_id":"","_kad_post_content_style":"default","_kad_post_vertical_padding":"default","_kad_post_feature":"","_kad_post_feature_position":"","_kad_post_header":false,"_kad_post_footer":false,"_kad_post_classname":""},"product_brand":[],"product_cat":[15,27,17],"product_tag":[471,470,472],"class_list":{"0":"post-1206","1":"product","2":"type-product","3":"status-publish","4":"has-post-thumbnail","6":"product_cat-red-light-therapy","7":"product_cat-red-light-therapy-belt","8":"product_cat-services","9":"product_tag-best-concentrate-packaging-wholesale","10":"product_tag-concentrate-packaging-box","11":"product_tag-custom-concentrate-packaging-wholesale","13":"first","14":"instock","15":"shipping-taxable","16":"product-type-simple","17":"entry","18":"content-bg","19":"loop-entry"},"_links":{"self":[{"href":"https:\/\/red-lighttherapy.com\/de_de\/wp-json\/wp\/v2\/product\/1206","targetHints":{"allow":["GET"]}}],"collection":[{"href":"https:\/\/red-lighttherapy.com\/de_de\/wp-json\/wp\/v2\/product"}],"about":[{"href":"https:\/\/red-lighttherapy.com\/de_de\/wp-json\/wp\/v2\/types\/product"}],"wp:featuredmedia":[{"embeddable":true,"href":"https:\/\/red-lighttherapy.com\/de_de\/wp-json\/wp\/v2\/media\/1207"}],"wp:attachment":[{"href":"https:\/\/red-lighttherapy.com\/de_de\/wp-json\/wp\/v2\/media?parent=1206"}],"wp:term":[{"taxonomy":"product_brand","embeddable":true,"href":"https:\/\/red-lighttherapy.com\/de_de\/wp-json\/wp\/v2\/product_brand?post=1206"},{"taxonomy":"product_cat","embeddable":true,"href":"https:\/\/red-lighttherapy.com\/de_de\/wp-json\/wp\/v2\/product_cat?post=1206"},{"taxonomy":"product_tag","embeddable":true,"href":"https:\/\/red-lighttherapy.com\/de_de\/wp-json\/wp\/v2\/product_tag?post=1206"}],"curies":[{"name":"wp","href":"https:\/\/api.w.org\/{rel}","templated":true}]}}