{"id":1192,"date":"2025-04-17T03:53:24","date_gmt":"2025-04-17T03:53:24","guid":{"rendered":"https:\/\/red-lighttherapy.com\/?post_type=product&#038;p=1192"},"modified":"2025-04-17T06:22:08","modified_gmt":"2025-04-17T06:22:08","slug":"wholesale-cannabis-concentrate-magnetic-lid-packaging-boxes","status":"publish","type":"product","link":"https:\/\/red-lighttherapy.com\/de_de\/wholesale-cannabis-concentrate-magnetic-lid-packaging-boxes\/","title":{"rendered":"Gro\u00dfhandel Cannabis-Konzentrat magnetischen Deckel Verpackung Boxen"},"content":{"rendered":"<h2 id=\"-product-description-of-paper-drawer-box-for-marijuana-concentrate-magnetic-cover-\"><strong>Produktbeschreibung von Paper Drawer Box f\u00fcr Marihuana-Konzentrat Magnetische Abdeckung<\/strong><\/h2>\n<h2 id=\"-1-paper-drawer-box-slide-rail-design-easy-and-efficient-opening-and-closing-\"><strong>1. Paper Drawer Box Slide Rail Design, einfaches und effizientes \u00d6ffnen und Schlie\u00dfen<\/strong><\/h2>\n<ul>\n<li><strong>Pr\u00e4zise Positionierung und Absturzsicherung<\/strong>: Die Gleitschiene ist genau berechnet, und der Kastendeckel wird beim \u00d6ffnen und Schlie\u00dfen automatisch in der voreingestellten Position verriegelt, um ein versehentliches Verrutschen zu verhindern und die Stabilit\u00e4t im Gebrauch zu gew\u00e4hrleisten.<\/li>\n<\/ul>\n<h2 id=\"-2-double-childproof-lock-mechanism-safe-and-worry-free-\"><strong>2. Doppelter kindersicherer Sperrmechanismus, sicher und sorgenfrei<\/strong><\/h2>\n<ul>\n<li><strong>Dr\u00fccken, um die Technologie zu entsperren<\/strong>: Ein versteckter Druckschalter ist an der Seite des Geh\u00e4uses angebracht. Ein Erwachsener muss ihn mit einer bestimmten Kraft dr\u00fccken, bevor der Deckel der Box synchron gleitet, wodurch ein versehentliches \u00d6ffnen durch Kinder verhindert wird.<\/li>\n<li><strong>Einstellbare magnetische Ansaugst\u00e4rke<\/strong>: Durch die Anpassung der Adsorptionskraft des Magneten wird ein Gleichgewicht zwischen der Sicherheit von Kindern und der Benutzerfreundlichkeit von Erwachsenen hergestellt, und es kann leicht mit der Kraft der Finger eines Erwachsenen bedient werden.<\/li>\n<\/ul>\n<h2 id=\"-3-stable-and-shock-resistant-structure-upgraded-portable-experience-\"><strong>3. Stabile und sto\u00dffeste Struktur, aktualisierte tragbare Erfahrung<\/strong><\/h2>\n<ul>\n<li><strong>Integrierter Steckplatz f\u00fcr kundenspezifische Karten<\/strong>: Genau geformt nach der Gr\u00f6\u00dfe des Konzentrats (wie Flaschen und Beutel), mit sto\u00dffestem EVA-Futter, fest fixieren den Inhalt, Null Sch\u00fctteln w\u00e4hrend des Transports, und vermeiden Kollision Sch\u00e4den.<\/li>\n<li><strong>Leichtes und tragbares Design<\/strong>: Die Dicke und das Gewicht des Kofferk\u00f6rpers sind optimiert, wobei sowohl der Schutz als auch die Tragbarkeit ber\u00fccksichtigt wurden, und eignen sich f\u00fcr die Mitnahme oder das Stapeln im Lager.<\/li>\n<\/ul>\n<h2 id=\"-4-coated-paper-multi-layer-composite-material-pressure-resistant-and-damage-resistant-\"><strong>4. Beschichtetes Papier mehrschichtiger Verbundwerkstoff, druckfest und besch\u00e4digungssicher<\/strong><\/h2>\n<ul>\n<li><strong>Hochfestes Substrat<\/strong>: Es wird 400 g verdicktes beschichtetes Papier verwendet, und die Oberfl\u00e4che ist mit einer matten\/gl\u00e4nzenden umweltfreundlichen Folie \u00fcberzogen, die druckfest, feuchtigkeitsbest\u00e4ndig und kratzfest ist und dem Stapeln und Extrudieren w\u00e4hrend des logistischen Transports standh\u00e4lt.<\/li>\n<li><strong>Recycelbare Ausf\u00fchrung<\/strong>: Das Material ist robust und langlebig, l\u00e4sst sich mehrfach \u00f6ffnen und schlie\u00dfen und wiederverwenden, reduziert die Kosten f\u00fcr den Austausch von Verpackungen und entspricht dem Konzept des Umweltschutzes.<\/li>\n<\/ul>\n<h2 id=\"-5-high-precision-printing-technology-excellent-visual-texture-\"><strong>5. Hochpr\u00e4zise Drucktechnik, hervorragende visuelle Textur<\/strong><\/h2>\n<ul>\n<li><strong>Vollfarbige UV-Drucktechnologie<\/strong>: Unterst\u00fctzt komplexe Muster wie Farbverl\u00e4ufe und Metallic-Glanz, mit einer Farbs\u00e4ttigung von mehr als 95%, und verblasst nicht leicht nach einem Reibungstest.<\/li>\n<li><strong>Vielf\u00e4ltige Oberfl\u00e4chenprozesse<\/strong>: Optionale Hei\u00dfpr\u00e4gung, Pr\u00e4gung, lokale UV-Bestrahlung und andere Verfahren zur Steigerung der Markenbekanntheit und Verbesserung der Verpackungsqualit\u00e4t.<\/li>\n<\/ul>\n<h2 id=\"-6-minimalist-white-tone-conveying-a-professional-brand-image-\"><strong>6. Minimalistischer Wei\u00dfton, der ein professionelles Markenimage vermittelt<\/strong><\/h2>\n<ul>\n<li><strong>Rein wei\u00dfe Box<\/strong>: Die Grundfarbe Wei\u00df symbolisiert Sicherheit, Professionalit\u00e4t und Sauberkeit, passt sich der Positionierung von medizinischen Cannabisprodukten an und st\u00e4rkt das Vertrauen der Verbraucher.<\/li>\n<li><strong>Flexibler visueller Abgleich<\/strong>: Unterst\u00fctzt partielle Versch\u00f6nerung der Markenfarbe, Farbverlaufstextur oder minimalistisches LOGO, hebt die Pers\u00f6nlichkeit in der Einfachheit hervor und vermeidet \u00dcberdesign.<\/li>\n<\/ul>\n<h2 id=\"-7-all-round-customization-service-empowering-brand-differentiation-\"><strong>7. Umfassender Anpassungsservice, der die Markendifferenzierung st\u00e4rkt<\/strong><\/h2>\n<ul>\n<li><strong>Flexible Gr\u00f6\u00dfenanpassung<\/strong>: Unterst\u00fctzt die Anpassung der Gr\u00f6\u00dfe von 10-ml-Mikroflaschen bis hin zu 100-ml-Gro\u00dfraumdosen an die Anforderungen der Produktlinie.<\/li>\n<li><strong>Tiefgreifende Markenintegration<\/strong>: Anpassbare Schachtelfarbe (z. B. Farbverlauf, mattes Schwarz), Muster (Illustration, geometrisches Muster), Textinformationen (rechtliche Hinweise, Gebrauchsanweisungen) usw., um ein einzigartiges Markenkennzeichnungssystem zu schaffen.<\/li>\n<\/ul>\n<h2 id=\"-application-scenarios-\"><strong>Anwendungsszenarien<\/strong><\/h2>\n<ul>\n<li><strong>Gro\u00dfhandel und Einzelhandel<\/strong>: Anwendbar f\u00fcr B2B-Gro\u00dfverpackungen und Endverkaufsdisplays f\u00fcr Produkte wie Cannabiskonzentrate, CBD-\u00d6l, Wachsextrakte usw.<\/li>\n<li><strong>Anpassung an mehrere Szenarien<\/strong>: Erf\u00fcllen Sie die Anforderungen verschiedener Szenarien, wie z. B. Lagerung und Transport, Auslage in Gesch\u00e4ften und t\u00e4gliches Tragen durch die Benutzer, unter Ber\u00fccksichtigung von Praktikabilit\u00e4t und Markenkommunikation.<\/li>\n<\/ul>","protected":false},"excerpt":{"rendered":"<p>Diese Cannabiskonzentrat-Verpackungsbox mit magnetischem Deckel wurde speziell f\u00fcr hochwertige Cannabisproduktmarken entwickelt. Sie kombiniert Funktionalit\u00e4t und \u00c4sthetik, mit innovativer Struktur, Sicherheitsschutz und kundenspezifischen Dienstleistungen als Kern, die die Bed\u00fcrfnisse der Produktlagerung, des Transports und der Markendarstellung vollst\u00e4ndig erf\u00fcllen und helfen, die Benutzererfahrung und das professionelle Image der Marke zu verbessern.<\/p>","protected":false},"featured_media":1194,"template":"","meta":{"_kad_post_transparent":"default","_kad_post_title":"","_kad_post_layout":"default","_kad_post_sidebar_id":"","_kad_post_content_style":"default","_kad_post_vertical_padding":"default","_kad_post_feature":"","_kad_post_feature_position":"","_kad_post_header":false,"_kad_post_footer":false,"_kad_post_classname":""},"product_brand":[],"product_cat":[15,27,17],"product_tag":[467,466,468],"class_list":{"0":"post-1192","1":"product","2":"type-product","3":"status-publish","4":"has-post-thumbnail","6":"product_cat-red-light-therapy","7":"product_cat-red-light-therapy-belt","8":"product_cat-services","9":"product_tag-custom-cbd-packaging","10":"product_tag-custom-cbd-packaging-boxes","11":"product_tag-magnetic-lid-boxes-for-concentrate","13":"first","14":"instock","15":"shipping-taxable","16":"product-type-simple","17":"entry","18":"content-bg","19":"loop-entry"},"_links":{"self":[{"href":"https:\/\/red-lighttherapy.com\/de_de\/wp-json\/wp\/v2\/product\/1192","targetHints":{"allow":["GET"]}}],"collection":[{"href":"https:\/\/red-lighttherapy.com\/de_de\/wp-json\/wp\/v2\/product"}],"about":[{"href":"https:\/\/red-lighttherapy.com\/de_de\/wp-json\/wp\/v2\/types\/product"}],"wp:featuredmedia":[{"embeddable":true,"href":"https:\/\/red-lighttherapy.com\/de_de\/wp-json\/wp\/v2\/media\/1194"}],"wp:attachment":[{"href":"https:\/\/red-lighttherapy.com\/de_de\/wp-json\/wp\/v2\/media?parent=1192"}],"wp:term":[{"taxonomy":"product_brand","embeddable":true,"href":"https:\/\/red-lighttherapy.com\/de_de\/wp-json\/wp\/v2\/product_brand?post=1192"},{"taxonomy":"product_cat","embeddable":true,"href":"https:\/\/red-lighttherapy.com\/de_de\/wp-json\/wp\/v2\/product_cat?post=1192"},{"taxonomy":"product_tag","embeddable":true,"href":"https:\/\/red-lighttherapy.com\/de_de\/wp-json\/wp\/v2\/product_tag?post=1192"}],"curies":[{"name":"wp","href":"https:\/\/api.w.org\/{rel}","templated":true}]}}