{"id":1186,"date":"2025-04-17T03:39:33","date_gmt":"2025-04-17T03:39:33","guid":{"rendered":"https:\/\/red-lighttherapy.com\/?post_type=product&#038;p=1186"},"modified":"2025-04-17T03:53:16","modified_gmt":"2025-04-17T03:53:16","slug":"custom-cbd-oil-packaging-boxes-folding-carton-distributor","status":"publish","type":"product","link":"https:\/\/red-lighttherapy.com\/de_de\/custom-cbd-oil-packaging-boxes-folding-carton-distributor\/","title":{"rendered":"Kundenspezifische CBD-\u00d6l-Verpackungsboxen Faltkarton-Vertriebspartner"},"content":{"rendered":"<h2 id=\"-customized-cbd-oil-packaging-box-folding-carton-product-description-\"><strong>Kundenspezifische CBD-\u00d6l-Verpackung Faltschachtel Produktbeschreibung<\/strong><\/h2>\n<h2 id=\"-1-box-design-optimize-storage-and-practicality-\"><strong>1. Box-Design: Optimieren Sie Lagerung und Zweckm\u00e4\u00dfigkeit<\/strong><\/h2>\n<p>Die Kartonstruktur wurde \u00fcbernommen, und die Ecken des Kartons sind verst\u00e4rkt, was das Stapeln erleichtert und Lagerplatz spart. Der Schachteltyp entspricht den einfachen und praktischen Standards des europ\u00e4ischen und amerikanischen Marktes f\u00fcr CBD-\u00d6l- und Medikamentenverpackungen, wie z. B. die \u00d6ffnung von oben oder das seitliche Flip-Design, unter Ber\u00fccksichtigung der Benutzerfreundlichkeit und der visuellen Einheitlichkeit. Der Innenraum kann genau an die Gr\u00f6\u00dfe der Flasche angepasst werden, um das Risiko von Sch\u00e4den durch Sch\u00fctteln w\u00e4hrend des Transports zu vermeiden.<\/p>\n<h2 id=\"-2-customized-lining-stable-protection-and-fit-\"><strong>2. Individuelles Futter: Stabiler Schutz und Passform<\/strong><\/h2>\n<p>Die Auskleidung besteht aus hochdichtem EVA oder recyceltem Schwamm, und die gekr\u00fcmmte Struktur wird mithilfe der 3D-Modellierungstechnologie so angepasst, dass sie sich perfekt an die CBD-\u00d6lflasche anpasst, um ein Verrutschen w\u00e4hrend des Transports zu verhindern. Die Auskleidung kann segmentiert oder integriert sein und eignet sich f\u00fcr Flaschen mit unterschiedlichen Spezifikationen (z. B. Tropfflaschen, Spr\u00fchflaschen) und unterst\u00fctzt das Hinzuf\u00fcgen von Pufferrillen zur Verbesserung der Sto\u00dffestigkeit.<\/p>\n<h2 id=\"-3-surface-technology-matte-lamination-and-high-end-texture-\"><strong>3. Oberfl\u00e4chentechnologie: matte Laminierung und High-End-Struktur<\/strong><\/h2>\n<p>Die Oberfl\u00e4che verwendet eine matte Laminierungstechnologie, um billige reflektierende Texturen zu vermeiden und gleichzeitig die Verschlei\u00dffestigkeit und Feuchtigkeitsbest\u00e4ndigkeit zu verbessern, was der Markenpositionierung von hochwertigen CBD-\u00d6len und Gesundheitsprodukten entspricht. Optionale Texturtechnologien (z. B. Touch-Film, Kunstlederpr\u00e4gung) verbessern die Produktdifferenzierung und vermitteln einen nat\u00fcrlichen und organischen Markenton.<\/p>\n<h2 id=\"-4-printing-technology-precise-color-and-brand-enhancement-\"><strong>4. Drucktechnik: pr\u00e4zise Farbe und Markenaufwertung<\/strong><\/h2>\n<p>Verwenden Sie den hochaufl\u00f6senden Offsetdruck oder die digitale Drucktechnologie, um sicherzustellen, dass es keine Farbunterschiede zwischen Mustern und Texten gibt, und unterst\u00fctzen Sie die Pantone-Farbabstimmung. Der gedruckte Inhalt kann Markenlogos, Inhaltsstoffbeschreibungen und Warnhinweise umfassen, die von den Vorschriften gefordert werden, wobei sowohl die \u00c4sthetik als auch die Einhaltung der Vorschriften ber\u00fccksichtigt werden. F\u00fcr Cannabisprodukte k\u00f6nnen f\u00e4lschungssichere Etikettenschlitze oder unsichtbare UV-Codes angepasst werden, um die Glaubw\u00fcrdigkeit des Produkts zu erh\u00f6hen.<\/p>\n<h2 id=\"-5-certification-qualifications-compliant-production-and-brand-premium-\"><strong>5. Zertifizierungsvoraussetzungen: konforme Produktion und Markenpr\u00e4mie<\/strong><\/h2>\n<p>Die Fabrik verf\u00fcgt \u00fcber die FSC-Forstzertifizierung (zur Gew\u00e4hrleistung nachhaltiger Papierquellen), die ISO 15378-Zertifizierung (Qualit\u00e4tsmanagementsystem f\u00fcr Arzneimittelverpackungen) und die BSCI-Zertifizierung f\u00fcr soziale Verantwortung und erf\u00fcllt damit die Compliance-Anforderungen f\u00fcr CBD-\u00d6lverpackungen auf dem europ\u00e4ischen und amerikanischen Markt. Die Zertifizierungsnachweise k\u00f6nnen auf den Boden oder die Seite der Verpackung gedruckt werden, um das Vertrauen der Verbraucher zu st\u00e4rken und der Marke mehr Raum zu geben.<\/p>\n<h2 id=\"-6-all-round-customization-service-\"><strong>6. Umfassender Anpassungsservice<\/strong><\/h2>\n<ul>\n<li><strong>Auswahl des Materials<\/strong>: FSC-zertifizierter Karton, abbaubarer Kunststoff oder Verbundwerkstoffe, die die Anforderungen an Umweltschutz und Festigkeit erf\u00fcllen.<\/li>\n<li><strong>Einstellung des Kastentyps<\/strong>: Unterst\u00fctzung spezieller Strukturen wie schubladen- und buchf\u00f6rmige Boxen zur Anpassung an die unterschiedlichen Bed\u00fcrfnisse von Cannabisprodukten.<\/li>\n<li><strong>Funktionserweiterung<\/strong>: Intelligente Technologien wie Chips zum Schutz vor F\u00e4lschungen und RFID-Etiketten k\u00f6nnen integriert werden, um die R\u00fcckverfolgbarkeit von Produkten zu verbessern.<\/li>\n<\/ul>\n<h2 id=\"-cooperation-process-\"><strong>Prozess der Zusammenarbeit<\/strong>:<\/h2>\n<ol>\n<li>Geben Sie die Flaschengr\u00f6\u00dfe, den Entwurf und die Zertifizierungsanforderungen an;<\/li>\n<li>Bereitstellung von 3D-Kastenzeichnungen und Materiall\u00f6sungen innerhalb von 24 Stunden;<\/li>\n<li>Nach der Best\u00e4tigung des Korrekturabzugs werden die Massenproduktion und die Lieferung innerhalb von 7-14 Tagen abgeschlossen.<\/li>\n<\/ol>","protected":false},"excerpt":{"rendered":"<p>Das Design der Pappschachtel ist praktisch zum Stapeln und Lagern und erf\u00fcllt die einfachen und praktischen Anforderungen des europ\u00e4ischen und amerikanischen Marktes f\u00fcr CBD-\u00d6l, Medizin und Gesundheitsprodukte. Das Oberfl\u00e4chenlaminierungsverfahren vermeidet billige reflektierende Texturen und entspricht der Positionierung von hochwertigen CBD-\u00d6len und Gesundheitsprodukten. Es kann nach Ihren Bed\u00fcrfnissen angepasst werden, wie z.B. H\u00f6he, Schachteltyp, Material und Oberfl\u00e4chendruck, um die Bed\u00fcrfnisse der CBD-\u00d6l- und Cannabis-Serienverpackung zu erf\u00fcllen.<\/p>","protected":false},"featured_media":1187,"template":"","meta":{"_kad_post_transparent":"default","_kad_post_title":"","_kad_post_layout":"default","_kad_post_sidebar_id":"","_kad_post_content_style":"default","_kad_post_vertical_padding":"default","_kad_post_feature":"","_kad_post_feature_position":"","_kad_post_header":false,"_kad_post_footer":false,"_kad_post_classname":""},"product_brand":[],"product_cat":[15,24,17],"product_tag":[463,465,464],"class_list":{"0":"post-1186","1":"product","2":"type-product","3":"status-publish","4":"has-post-thumbnail","6":"product_cat-red-light-therapy","7":"product_cat-red-light-therapy-bed","8":"product_cat-services","9":"product_tag-custom-cbd-boxes","10":"product_tag-custom-printed-cbd-packaging","11":"product_tag-get-custom-cbd-boxes","13":"first","14":"instock","15":"shipping-taxable","16":"product-type-simple","17":"entry","18":"content-bg","19":"loop-entry"},"_links":{"self":[{"href":"https:\/\/red-lighttherapy.com\/de_de\/wp-json\/wp\/v2\/product\/1186","targetHints":{"allow":["GET"]}}],"collection":[{"href":"https:\/\/red-lighttherapy.com\/de_de\/wp-json\/wp\/v2\/product"}],"about":[{"href":"https:\/\/red-lighttherapy.com\/de_de\/wp-json\/wp\/v2\/types\/product"}],"wp:featuredmedia":[{"embeddable":true,"href":"https:\/\/red-lighttherapy.com\/de_de\/wp-json\/wp\/v2\/media\/1187"}],"wp:attachment":[{"href":"https:\/\/red-lighttherapy.com\/de_de\/wp-json\/wp\/v2\/media?parent=1186"}],"wp:term":[{"taxonomy":"product_brand","embeddable":true,"href":"https:\/\/red-lighttherapy.com\/de_de\/wp-json\/wp\/v2\/product_brand?post=1186"},{"taxonomy":"product_cat","embeddable":true,"href":"https:\/\/red-lighttherapy.com\/de_de\/wp-json\/wp\/v2\/product_cat?post=1186"},{"taxonomy":"product_tag","embeddable":true,"href":"https:\/\/red-lighttherapy.com\/de_de\/wp-json\/wp\/v2\/product_tag?post=1186"}],"curies":[{"name":"wp","href":"https:\/\/api.w.org\/{rel}","templated":true}]}}