{"id":1167,"date":"2025-04-16T16:18:16","date_gmt":"2025-04-16T16:18:16","guid":{"rendered":"https:\/\/red-lighttherapy.com\/?post_type=product&#038;p=1167"},"modified":"2025-04-16T16:40:06","modified_gmt":"2025-04-16T16:40:06","slug":"large-silver-glitter-magnetic-closure-gift-box-for-promotion","status":"publish","type":"product","link":"https:\/\/red-lighttherapy.com\/de_de\/large-silver-glitter-magnetic-closure-gift-box-for-promotion\/","title":{"rendered":"Gro\u00dfe Silber Glitter Magnetverschluss Geschenkbox f\u00fcr Promotion"},"content":{"rendered":"<h2 id=\"product-description-of-large-silver-sequin-magnetic-buckle-promotional-gift-box\">Produktbeschreibung von Large Silver Sequin Magnetic Buckle Promotional Gift Box<\/h2>\n<h2 id=\"-1-magnetic-closure-system-precision-and-elegance-\"><strong>1. Magnetisches Verschlusssystem: Pr\u00e4zision und Eleganz<\/strong><\/h2>\n<p>Der Deckel nimmt die <strong>starke magnetische Adsorptionstechnologie<\/strong>Der eingebettete Magnetstreifen wird verwendet, um einen Verschluss ohne Verklemmen zu erreichen. Die Magnetkraft wird beim Schlie\u00dfen genau positioniert, und die Kontaktfl\u00e4che ist mit einer flexiblen, schallabsorbierenden Samtschicht \u00fcberzogen, um das Aufprallger\u00e4usch herk\u00f6mmlicher Schnallen zu eliminieren. Der \u00d6ffnungs- und Schlie\u00dfvorgang ist so sanft wie Seide und kann mit einer Hand ausgef\u00fchrt werden, was den doppelten Anforderungen von Luxusverpackungen an Ritual und Komfort entspricht.<\/p>\n<h2 id=\"-2-minimalist-geometric-structure-balance-of-rigidity-and-beauty-\"><strong>2. Minimalistische geometrische Struktur: Gleichgewicht zwischen Starrheit und Sch\u00f6nheit<\/strong><\/h2>\n<p>Der Kofferaufbau ist mit\u00a0<strong>Hartfaserverbundstruktur<\/strong>und die Kanten und Ecken sind durch 45\u00b0 Fasen verarbeitet, mit harten Linien aber weich. Die innere Konfiguration des ringf\u00f6rmigen Stufenrillen-St\u00fctzrahmens kann 3 kg tragen, ohne sich zu verformen, und ist f\u00fcr den Schutz zerbrechlicher hochwertiger Geschenke wie Schmuck und Uhren geeignet. Der Hexaeder-Kompressionstest erf\u00fcllt die internationale Transportnorm ISTA-3A, um die Sicherheit beim Langstreckentransport zu gew\u00e4hrleisten.<\/p>\n<h2 id=\"-3-dynamic-optical-surface-glitter-paper-process-\"><strong>3. Dynamische optische Oberfl\u00e4che: Glitter Paper-Verfahren<\/strong><\/h2>\n<p>Die Oberfl\u00e4che verwendet\u00a0<strong>Glitzerpapier in Sternenstaub-Qualit\u00e4t<\/strong>\u00a0Er wird aus Deutschland importiert und erreicht eine Lichtbrechung von 270\u00b0 durch die Technologie der gerichteten Glitzeranordnung auf Nanoebene. Es pr\u00e4sentiert die Textur der Galaxie Kies statisch und die schimmernde Wirkung dynamisch. Das Lichtreflexionsverm\u00f6gen wird durch 60% im Vergleich zum traditionellen Hei\u00dfpr\u00e4geverfahren erh\u00f6ht und kann einen einzigartigen visuellen Erinnerungspunkt der Marke unter der Beleuchtung von Gesch\u00e4ftsfenstern bilden.<\/p>\n<h2 id=\"-4-precision-manufacturing-system-millimeter-level-quality-control-standard-\"><strong>4. Pr\u00e4zisionsfertigungssystem: Qualit\u00e4tskontrollstandard im Millimeterbereich<\/strong><\/h2>\n<p>Der gesamte Prozess wird mit einem japanischen Mitsubishi-Laserschneidsystem durchgef\u00fchrt, um Folgendes zu erreichen\u00a0<strong>Nahtgenauigkeit von 0,1 mm<\/strong>. Der Schachtelk\u00f6rper wird einer dreifachen Qualit\u00e4tskontrolle unterzogen: UV-Fehlererkennung, um Mikrorisse zu erkennen, dreidimensionales Messger\u00e4t, um die Verformung zu \u00fcberpr\u00fcfen, und Kolorimeter, um \u25b3E\u22641,5 zu kontrollieren, um sicherzustellen, dass jedes Produkt dem Aussehen Standard der Kunst entspricht.<\/p>\n<h2 id=\"-5-lasting-visual-communication-ink-curing-technology-\"><strong>5. Dauerhafte visuelle Kommunikation: Technologie der Tintenh\u00e4rtung<\/strong><\/h2>\n<p>Der Textdruck \u00fcbernimmt die Schweizer\u00a0<strong>umweltfreundliche UV-h\u00e4rtende Tinte<\/strong>Das Material hat einen 72-st\u00fcndigen Salzspr\u00fchtest und einen 5000-maligen Reibungstest bestanden, und die Farbechtheit erreicht Stufe 8. Unterst\u00fctzt Pantone-Schmuckfarbe + 4-Farben-Overlay-Druck, komplexe Logos k\u00f6nnen 0,2 mm Linienbreite Reproduktion zu erreichen, die Erf\u00fcllung der Bed\u00fcrfnisse der Luxus Anti-F\u00e4lschung Mikrodruck.<\/p>\n<h2 id=\"-6-restrained-aesthetic-design-functional-minimalism-\"><strong>6. Zur\u00fcckhaltende \u00e4sthetische Gestaltung: funktionaler Minimalismus<\/strong><\/h2>\n<p>Umsetzung\u00a0<strong>Gestaltungskonzept Bauhaus<\/strong>\u00a0und beseitigen alle \u00fcberfl\u00fcssigen dekorativen Teile. Ersetzen Sie traditionelle Beschl\u00e4ge durch eine magnetische \u00d6ffnungs- und Schlie\u00dfstruktur und nutzen Sie die reflektierenden Eigenschaften des Materials selbst, um einen visuellen Fokus zu schaffen. Der Innenraum ist mit einem herausnehmbaren Wabentrennwandsystem ausgestattet, das nicht nur den Stauraumbedarf mehrerer Kategorien erf\u00fcllt, sondern auch die Reinheit des Erscheinungsbildes bewahrt.<\/p>\n<h2 id=\"-7-in-depth-customization-service-brand-specific-solution-\"><strong>7. Umfassender Anpassungsservice: markenspezifische L\u00f6sung<\/strong><\/h2>\n<ul>\n<li><strong>Oberfl\u00e4chentechnik<\/strong>Unterst\u00fctzt Kaltpr\u00e4gung\/Hei\u00dfpressung\/Lasergravur mit dreistufiger Logotechnologie, Hei\u00dfpr\u00e4gegenauigkeit \u00b10,3 mm<\/li>\n<li><strong>R\u00e4umliche Rekonstruktion<\/strong>EVA-Beflockung\/Blister\/PP-Gitter als innere St\u00fctze, geeignet f\u00fcr die Fixierung von Produkten mit besonderen Formen<\/li>\n<li><strong>Agile Reaktion<\/strong>: modulares Werkzeugsystem, vollst\u00e4ndige Gr\u00f6\u00dfenanpassung innerhalb von 72 Stunden<\/li>\n<\/ul>\n<h2 id=\"-8-smart-manufacturing-service-guarantee-flexible-production-system-\"><strong>8. Intelligente Fertigungsdienstleistung: flexibles Produktionssystem<\/strong><\/h2>\n<p>Der Hersteller h\u00e4lt\u00a0<strong>FSC-Waldzertifizierung<\/strong>\u00a0und ISO14001 Umweltzertifizierung und verf\u00fcgt \u00fcber 16 Jahre Erfahrung in der Verpackungsproduktion. Bieten Sie\u00a0<strong>Anpassungsdienst f\u00fcr Kleinserien<\/strong>\u00a0mit einer Mindestbestellmenge von 500 St\u00fcck, unterst\u00fctzt 3D-Strukturzeichnung Vorpr\u00fcfung, Materialprobe Buch Lieferung, Falltest Video-Feedback und andere Full-Process-Services, die 40% niedriger ist als der Branchendurchschnitt Versuch und Irrtum Kosten.<\/p>","protected":false},"excerpt":{"rendered":"<p>Als Magnetverschluss-Technologie, die einfach zu bedienen ist und schlie\u00dft pr\u00e4zise. Herk\u00f6mmliche Schnallen sind \u00fcberfl\u00fcssig, und das \u00d6ffnen und Schlie\u00dfen ist sanfter und eleganter. Die Oberfl\u00e4che ist mit Glitzerpapier \u00fcberzogen, das einen zarten Glitzereffekt aufweist und unter der Lichtbrechung einen dynamischen Glanz erzeugt, der den visuellen Wert des Produkts erh\u00f6ht und den personalisierten Bed\u00fcrfnissen der Marke entspricht.<\/p>","protected":false},"featured_media":1169,"template":"","meta":{"_kad_post_transparent":"default","_kad_post_title":"","_kad_post_layout":"default","_kad_post_sidebar_id":"","_kad_post_content_style":"default","_kad_post_vertical_padding":"default","_kad_post_feature":"","_kad_post_feature_position":"","_kad_post_header":false,"_kad_post_footer":false,"_kad_post_classname":""},"product_brand":[],"product_cat":[15,17],"product_tag":[455,456,454],"class_list":{"0":"post-1167","1":"product","2":"type-product","3":"status-publish","4":"has-post-thumbnail","6":"product_cat-red-light-therapy","7":"product_cat-services","8":"product_tag-glitter-paper-boxes","9":"product_tag-glitter-paper-promotion-gift-box","10":"product_tag-silver-glitter-gift-box","12":"first","13":"instock","14":"shipping-taxable","15":"product-type-simple","16":"entry","17":"content-bg","18":"loop-entry"},"_links":{"self":[{"href":"https:\/\/red-lighttherapy.com\/de_de\/wp-json\/wp\/v2\/product\/1167","targetHints":{"allow":["GET"]}}],"collection":[{"href":"https:\/\/red-lighttherapy.com\/de_de\/wp-json\/wp\/v2\/product"}],"about":[{"href":"https:\/\/red-lighttherapy.com\/de_de\/wp-json\/wp\/v2\/types\/product"}],"wp:featuredmedia":[{"embeddable":true,"href":"https:\/\/red-lighttherapy.com\/de_de\/wp-json\/wp\/v2\/media\/1169"}],"wp:attachment":[{"href":"https:\/\/red-lighttherapy.com\/de_de\/wp-json\/wp\/v2\/media?parent=1167"}],"wp:term":[{"taxonomy":"product_brand","embeddable":true,"href":"https:\/\/red-lighttherapy.com\/de_de\/wp-json\/wp\/v2\/product_brand?post=1167"},{"taxonomy":"product_cat","embeddable":true,"href":"https:\/\/red-lighttherapy.com\/de_de\/wp-json\/wp\/v2\/product_cat?post=1167"},{"taxonomy":"product_tag","embeddable":true,"href":"https:\/\/red-lighttherapy.com\/de_de\/wp-json\/wp\/v2\/product_tag?post=1167"}],"curies":[{"name":"wp","href":"https:\/\/api.w.org\/{rel}","templated":true}]}}