{"id":1150,"date":"2025-04-16T13:14:34","date_gmt":"2025-04-16T13:14:34","guid":{"rendered":"https:\/\/red-lighttherapy.com\/?post_type=product&#038;p=1150"},"modified":"2025-04-17T08:50:48","modified_gmt":"2025-04-17T08:50:48","slug":"glitter-red-hot-foil-stamping-boxes-for-wig-hair-extension","status":"publish","type":"product","link":"https:\/\/red-lighttherapy.com\/de_de\/glitter-red-hot-foil-stamping-boxes-for-wig-hair-extension\/","title":{"rendered":"Glitter Red Hot Foil Stamping Boxen f\u00fcr Per\u00fccke Haarverl\u00e4ngerung"},"content":{"rendered":"<h2 id=\"product-description-of-flashing-gold-stamping-magnetic-closure-wig-storage-box\">Produktbeschreibung von Flashing Gold Stamping Magnetverschluss Per\u00fccke Aufbewahrungsbox<\/h2>\n<h2 id=\"-1-magnetic-closure-system-the-perfect-combination-of-convenience-and-stability-\"><strong>1. Magnetisches Verschlusssystem: Die perfekte Kombination aus Bequemlichkeit und Stabilit\u00e4t<\/strong><\/h2>\n<p>Dieses Produkt verwendet\u00a0<strong>Magnetisches Verschlusssystem<\/strong>Durch die Verwendung von Pr\u00e4zisionsmagnetkontrolltechnologie und die Einbettung von starken Magnetmodulen in die oberen und unteren Boxen wird ein einh\u00e4ndiges Ber\u00fchren und Schlie\u00dfen erreicht, und die Adsorptionskraft nach dem Schlie\u00dfen kann mehr als 3,5N erreichen, wodurch sichergestellt wird, dass die Box stabil ist und sich w\u00e4hrend des Transports oder bei hochfrequentem Gebrauch nicht lockert. Im Vergleich zu herk\u00f6mmlichen Schnallen vermeidet das magnetische Design das Risiko mechanischer Abnutzung, und das versteckte Magnetschlitzdesign sorgt f\u00fcr ein Erscheinungsbild ohne Ausbuchtungen, das den Anforderungen von High-End-Produkten f\u00fcr einfache Linien entspricht.<\/p>\n<h2 id=\"-2-one-handed-opening-and-closing-and-high-frequency-adaptability-\"><strong>2. Einh\u00e4ndiges \u00d6ffnen und Schlie\u00dfen und hochfrequente Anpassungsf\u00e4higkeit<\/strong><\/h2>\n<p>Der Kofferaufbau verzichtet auf die traditionelle Schnallenstruktur und optimiert die Betriebslogik durch die\u00a0<strong>federunterst\u00fctztes magnetisches \u00d6ffnungs- und Schlie\u00dfsystem<\/strong>Der Benutzer braucht nur mit einem Finger auf den Ausl\u00f6sepunkt an der Seite des Kastenk\u00f6rpers zu dr\u00fccken, die Magnetkraft wird sofort freigesetzt, und die Feder hilft dem Kastendeckel, sich in einem Winkel von etwa 30\u00b0 zu \u00f6ffnen. F\u00fcr den gesamten Vorgang sind keine zwei H\u00e4nde erforderlich, was sich besonders f\u00fcr Friseursalons, Live-\u00dcbertragungen und andere Szenen eignet, bei denen Per\u00fccken schnell abgenommen und aufgesetzt werden m\u00fcssen.<\/p>\n<h2 id=\"-three-minimalist-geometry-and-space-utilization-\"><strong>3. Minimalistische Geometrie und Raumnutzung<\/strong><\/h2>\n<p>Der Kofferaufbau ist mit\u00a0<strong>Entwurf der hexaedrischen Geometrie<\/strong>Die Kanten und Ecken sind mit R2 abgerundeten Ecken versehen, die sowohl dem Gesch\u00e4ftssinn als auch dem sicheren Gef\u00fchl Rechnung tragen. Das Innenlayout basiert auf modularen Unterteilungen, die an Zubeh\u00f6r wie Per\u00fccken und Pflegeger\u00e4te angepasst werden k\u00f6nnen. Die Bisstoleranz betr\u00e4gt \u22640,1 mm beim Stapeln, und der Platzbedarf f\u00fcr den Transport ist im Vergleich zu herk\u00f6mmlichen Verpackungen um 40% reduziert. Die Au\u00dfenwandst\u00e4rke betr\u00e4gt 3 mm, und es wurden leichte Verbundwerkstoffe mit einer Druckfestigkeit von 50 kg ausgew\u00e4hlt, die den Anforderungen des Langstreckentransports gerecht werden.<\/p>\n<h2 id=\"-four-high-end-visual-language-and-surface-technology-\"><strong>4. Hochwertige Bildsprache und Oberfl\u00e4chentechnik<\/strong><\/h2>\n<ol>\n<li><strong>Farb- und Hei\u00dfpr\u00e4getechnik<\/strong>: Der Kofferaufbau basiert auf\u00a0<strong>mattschwarze PET-Beschichtung<\/strong>mit Lasergravur\u00a0<strong>leuchtend rot-goldener Text\/LOGO<\/strong>Durch den zweifarbigen Kontrast wird ein visueller Fokus gebildet, der die Wiedererkennung der Marke erh\u00f6ht.<\/li>\n<li><strong>Industrieller Pr\u00e4zisionsstandard<\/strong>: Der Kofferaufbau nimmt die\u00a0<strong>nahtloses Spritzgie\u00dfverfahren<\/strong>Die Toleranz der Verbindung wird innerhalb von \u00b10,05 mm kontrolliert, die Kante wird pr\u00e4zise mit Hilfe von CNC poliert, die Oberfl\u00e4che ist glatt und gratfrei und entspricht dem Oberfl\u00e4chenbehandlungsstandard f\u00fcr medizinische Ger\u00e4te.<\/li>\n<\/ol>\n<h2 id=\"-v-customized-service-plan-\"><strong>5. Ma\u00dfgeschneiderter Serviceplan<\/strong><\/h2>\n<ol>\n<li><strong>Gr\u00f6\u00dfe und Struktur<\/strong>: Unterst\u00fctzt hohe Anpassungsf\u00e4higkeit, bietet kundenspezifische Gr\u00f6\u00dfe, und kann auch speziell geformte Box K\u00f6rper auf Anfrage entwerfen.<\/li>\n<li><strong>Farbe und Zubeh\u00f6r<\/strong>: Zus\u00e4tzlich zu den klassischen Farben Schwarz und Gold sind 6 Hei\u00dfpr\u00e4gungen wie Champagnergold und Ros\u00e9gold erh\u00e4ltlich, und es unterst\u00fctzt einen eingebauten Magnetspiegel, eine feuchtigkeitsdichte Silikonschicht und anderes Zubeh\u00f6r.<\/li>\n<\/ol>\n<h2 id=\"-six-applicable-scenarios-and-added-value-enhancement-\"><strong>6. Anwendbare Szenarien und Erh\u00f6hung des Mehrwerts<\/strong><\/h2>\n<p>Dieses Produkt kann nahtlos in das Displaysystem von Luxusg\u00fctern, hochwertigen Kosmetika und anderen Kategorien integriert werden, da es\u00a0<strong>Unternehmensdesignsprache<\/strong>\u00a0und\u00a0<strong>industrielle Qualit\u00e4t<\/strong>zum Beispiel:<\/p>\n<ul>\n<li><strong>Offline-Z\u00e4hler<\/strong>: Sie bilden ein einheitliches visuelles Feld, wenn sie f\u00fcr die Anzeige gestapelt werden, wodurch das Bild des Terminals verbessert wird;<\/li>\n<li><strong>Logistik f\u00fcr den elektronischen Handel<\/strong>: Reduzierung der Bruchrate und der Frachtkosten durch druckfeste Struktur und Leichtbauweise;<\/li>\n<li><strong>Geschenkemarkt<\/strong>: Unterst\u00fctzung des Hei\u00dfpr\u00e4gens von kundenexklusiven Logos zur Herstellung von hochwertigen Co-Branding-Geschenkboxen.<\/li>\n<\/ul>","protected":false},"excerpt":{"rendered":"<p>Das magnetische Verschlusssystem ist einfach zu bedienen und schlie\u00dft fest, was die Benutzerfreundlichkeit verbessert. Er kommt ohne komplizierte Schnallen aus und l\u00e4sst sich leicht mit einer Hand \u00f6ffnen und schlie\u00dfen. Es eignet sich f\u00fcr hochfrequente Nutzungsszenarien. Die Linienf\u00fchrung ist einfach und sauber, die Raumausnutzung ist hoch, und er ist leicht zu stapeln und zu transportieren. Die regelm\u00e4\u00dfige geometrische Form verleiht dem Produkt ein hochwertiges Gesch\u00e4ftsgef\u00fchl, das sich f\u00fcr Kategorien mit hohem Mehrwert wie Per\u00fccken eignet.<\/p>","protected":false},"featured_media":1151,"template":"","meta":{"_kad_post_transparent":"default","_kad_post_title":"","_kad_post_layout":"default","_kad_post_sidebar_id":"","_kad_post_content_style":"default","_kad_post_vertical_padding":"default","_kad_post_feature":"","_kad_post_feature_position":"","_kad_post_header":false,"_kad_post_footer":false,"_kad_post_classname":""},"product_brand":[],"product_cat":[15,27,17],"product_tag":[449,448,447],"class_list":{"0":"post-1150","1":"product","2":"type-product","3":"status-publish","4":"has-post-thumbnail","6":"product_cat-red-light-therapy","7":"product_cat-red-light-therapy-belt","8":"product_cat-services","9":"product_tag-custom-wig-boxes","10":"product_tag-hair-extension-boxes","11":"product_tag-wig-glitter-boxes","13":"first","14":"instock","15":"shipping-taxable","16":"product-type-simple","17":"entry","18":"content-bg","19":"loop-entry"},"_links":{"self":[{"href":"https:\/\/red-lighttherapy.com\/de_de\/wp-json\/wp\/v2\/product\/1150","targetHints":{"allow":["GET"]}}],"collection":[{"href":"https:\/\/red-lighttherapy.com\/de_de\/wp-json\/wp\/v2\/product"}],"about":[{"href":"https:\/\/red-lighttherapy.com\/de_de\/wp-json\/wp\/v2\/types\/product"}],"wp:featuredmedia":[{"embeddable":true,"href":"https:\/\/red-lighttherapy.com\/de_de\/wp-json\/wp\/v2\/media\/1151"}],"wp:attachment":[{"href":"https:\/\/red-lighttherapy.com\/de_de\/wp-json\/wp\/v2\/media?parent=1150"}],"wp:term":[{"taxonomy":"product_brand","embeddable":true,"href":"https:\/\/red-lighttherapy.com\/de_de\/wp-json\/wp\/v2\/product_brand?post=1150"},{"taxonomy":"product_cat","embeddable":true,"href":"https:\/\/red-lighttherapy.com\/de_de\/wp-json\/wp\/v2\/product_cat?post=1150"},{"taxonomy":"product_tag","embeddable":true,"href":"https:\/\/red-lighttherapy.com\/de_de\/wp-json\/wp\/v2\/product_tag?post=1150"}],"curies":[{"name":"wp","href":"https:\/\/api.w.org\/{rel}","templated":true}]}}