{"id":1144,"date":"2025-04-16T13:04:28","date_gmt":"2025-04-16T13:04:28","guid":{"rendered":"https:\/\/red-lighttherapy.com\/?post_type=product&#038;p=1144"},"modified":"2025-04-17T08:50:20","modified_gmt":"2025-04-17T08:50:20","slug":"glitter-magnetic-closure-paper-box-for-wig-hair-extension","status":"publish","type":"product","link":"https:\/\/red-lighttherapy.com\/de_de\/glitter-magnetic-closure-paper-box-for-wig-hair-extension\/","title":{"rendered":"Glitter Magnetverschluss Papier Box f\u00fcr Per\u00fccke Haarverl\u00e4ngerung"},"content":{"rendered":"<h2 id=\"-glitter-paper-magnetic-wig-extension-paper-box-product-manual-\"><strong>Glitzerpapier magnetische Per\u00fcckenverl\u00e4ngerung Papierbox Produkthandbuch<\/strong><\/h2>\n<h2 id=\"1-magnetic-closure-system-\">1.\u00a0<strong>Magnetisches Verschlusssystem<\/strong><\/h2>\n<ul>\n<li><strong>Pr\u00e4zisionsmagnetkreisdesign<\/strong>: Die Verwendung eines N52-Permanentmagneten mit ringf\u00f6rmigem, mehrpoligem Magnetkreis sorgt f\u00fcr eine Saugkraft von 12N, ein sanftes \u00d6ffnen und Schlie\u00dfen und eine Abdichtung nach IP54.<\/li>\n<li><strong>Optimierung der Einhandbedienung<\/strong>: Durch den konischen 60\u00b0-Positionierungswinkel und das elastische Schnallendesign wird der Magnetpunkt automatisch ausgerichtet und kann durch eine Drehung von 15\u00b0 entriegelt werden. Der Fehler beim \u00d6ffnen und Schlie\u00dfen mit einer Hand betr\u00e4gt weniger als 0,3 mm.<\/li>\n<li><strong>Unbeabsichtigtes \u00d6ffnen<\/strong>: Der magnetische Punkt ist mit der Bissstruktur des Kartenschlitzes abgestimmt, und es ist ein Drehmoment von 5N erforderlich, um ihn zu trennen. Der Vibrationstest f\u00fcr den Transport entspricht der Norm ISTA 3A.<\/li>\n<\/ul>\n<h2 id=\"2-box-structure-\">2.\u00a0<strong>Struktur der Box<\/strong><\/h2>\n<ul>\n<li><strong>Geometrische Optimierung Box Typ<\/strong>: Auf der Grundlage von Finite-Elemente-Analysen und -Berechnungen wird ein hexaedrisches Faltlinien-Design mit einem Kantenfehler von \u00b10,5 mm und einer Druckfestigkeit von 800 kg\/m\u00b2 verwendet.<\/li>\n<li><strong>Pr\u00e4zisionsbiss-System<\/strong>: Der Deckel und der untere Kasten haben eine 2mm versetzte Nesting-Struktur, mit 0,5mm magnetischen Stahlblech-Verst\u00e4rkungsrippen, die gesamte Anti-Fall-Leistung wird durch 40% verbessert.<\/li>\n<\/ul>\n<h2 id=\"3-environmentally-friendly-materials-\">3.\u00a0<strong>Umweltfreundliche Materialien<\/strong><\/h2>\n<ul>\n<li><strong>FSC-zertifizierter Karton<\/strong>: Es verwendet ein 1,5 mm dickes Substrat aus Doppelgraupappe mit 120 g\/m\u00b2 Flash-Film auf der Oberfl\u00e4che und hat die SGS-Schwermetall- und REACH-Umweltzertifizierung erhalten.<\/li>\n<li><strong>Antistatische B\u00e4nder<\/strong>: Das schwarze Band ist mit einer Nano-Carbon-Beschichtung versehen, die eine Oberfl\u00e4chenbest\u00e4ndigkeit von \u226410\u2076\u03a9 und eine statische Abklingzeit von &lt;0,5s aufweist, wodurch eine Verformung w\u00e4hrend des Transports ausgeschlossen ist.<\/li>\n<\/ul>","protected":false},"excerpt":{"rendered":"<p>Diese Verpackungsschachtel wurde speziell f\u00fcr Per\u00fcckenverl\u00e4ngerungsprodukte entwickelt und kombiniert Magnetverschlusstechnik und umweltfreundliche Materialverarbeitung zu einer hochwertigen Verpackungsl\u00f6sung, die sowohl \u00e4sthetisch als auch funktional ist. Der Schachtelk\u00f6rper hat eine scharfe geometrische Struktur, eine glitzernde Papieroberfl\u00e4che und ein magnetisches \u00d6ffnungs- und Verschlusssystem, das einen sicheren Transport und eine einfache Handhabung gew\u00e4hrleistet.<\/p>","protected":false},"featured_media":1146,"template":"","meta":{"_kad_post_transparent":"default","_kad_post_title":"","_kad_post_layout":"default","_kad_post_sidebar_id":"","_kad_post_content_style":"default","_kad_post_vertical_padding":"default","_kad_post_feature":"","_kad_post_feature_position":"","_kad_post_header":false,"_kad_post_footer":false,"_kad_post_classname":""},"product_brand":[],"product_cat":[15,27,17],"product_tag":[444,445,446],"class_list":{"0":"post-1144","1":"product","2":"type-product","3":"status-publish","4":"has-post-thumbnail","6":"product_cat-red-light-therapy","7":"product_cat-red-light-therapy-belt","8":"product_cat-services","9":"product_tag-glitter-paper-for-wig","10":"product_tag-magnetic-closure-box-for-hair-extension","11":"product_tag-wig-hair-extension-paper-box","13":"first","14":"instock","15":"shipping-taxable","16":"product-type-simple","17":"entry","18":"content-bg","19":"loop-entry"},"_links":{"self":[{"href":"https:\/\/red-lighttherapy.com\/de_de\/wp-json\/wp\/v2\/product\/1144","targetHints":{"allow":["GET"]}}],"collection":[{"href":"https:\/\/red-lighttherapy.com\/de_de\/wp-json\/wp\/v2\/product"}],"about":[{"href":"https:\/\/red-lighttherapy.com\/de_de\/wp-json\/wp\/v2\/types\/product"}],"wp:featuredmedia":[{"embeddable":true,"href":"https:\/\/red-lighttherapy.com\/de_de\/wp-json\/wp\/v2\/media\/1146"}],"wp:attachment":[{"href":"https:\/\/red-lighttherapy.com\/de_de\/wp-json\/wp\/v2\/media?parent=1144"}],"wp:term":[{"taxonomy":"product_brand","embeddable":true,"href":"https:\/\/red-lighttherapy.com\/de_de\/wp-json\/wp\/v2\/product_brand?post=1144"},{"taxonomy":"product_cat","embeddable":true,"href":"https:\/\/red-lighttherapy.com\/de_de\/wp-json\/wp\/v2\/product_cat?post=1144"},{"taxonomy":"product_tag","embeddable":true,"href":"https:\/\/red-lighttherapy.com\/de_de\/wp-json\/wp\/v2\/product_tag?post=1144"}],"curies":[{"name":"wp","href":"https:\/\/api.w.org\/{rel}","templated":true}]}}