{"id":1138,"date":"2025-04-16T12:47:16","date_gmt":"2025-04-16T12:47:16","guid":{"rendered":"https:\/\/red-lighttherapy.com\/?post_type=product&#038;p=1138"},"modified":"2025-04-20T06:06:46","modified_gmt":"2025-04-20T06:06:46","slug":"silver-glitter-double-side-open-gift-boxes-for-jewelry-ring","status":"publish","type":"product","link":"https:\/\/red-lighttherapy.com\/de_de\/silver-glitter-double-side-open-gift-boxes-for-jewelry-ring\/","title":{"rendered":"Silber Glitter Double Side Open Geschenkboxen f\u00fcr Schmuck Ring"},"content":{"rendered":"<h2 id=\"silver-glitter-paper-double-sided-open-jewelry-ring-gift-box-that-meets-the-needs-of-the-high-end-market\">Silbernes Glitzerpapier Doppelseitig offene Schmuckring-Geschenkbox, die den Bed\u00fcrfnissen des High-End-Marktes entspricht<\/h2>\n<h2 id=\"1-ergonomic-double-sided-door-structure-\">1.\u00a0<strong>Ergonomische doppelseitige T\u00fcrstruktur<\/strong><\/h2>\n<p>Das symmetrische doppelseitige \u00d6ffnungs- und Schlie\u00dfkonzept wird \u00fcbernommen. Der \u00d6ffnungswinkel des T\u00fcrfl\u00fcgels wurde durch ergonomische Berechnungen auf 120\u00b0 optimiert. Bei der Bedienung mit einer Hand k\u00f6nnen Daumen und Zeigefinger auf nat\u00fcrliche Weise Kraft aufbringen, um den \u00d6ffnungs- und Schlie\u00dfvorgang abzuschlie\u00dfen. Die verdeckte Scharnierverbindung befindet sich im Inneren des Geh\u00e4uses. Der \u00d6ffnungs- und Schlie\u00dfvorgang ist so reibungslos wie ein mechanisches Ballett. Die Entfaltungszeit wird innerhalb von 2 Sekunden kontrolliert, was nicht nur den visuellen rituellen Sinn gew\u00e4hrleistet, sondern auch die Peinlichkeit des Wartens vermeidet.<\/p>\n<h2 id=\"2-magnetic-positioning-system-\">2.\u00a0<strong>Magnetisches Positionierungssystem<\/strong><\/h2>\n<p>Die eingebaute Doppelpunkt-Magnetschnalle erreicht eine Positionierungsgenauigkeit von \u00b10,5 mm durch Neodym-Eisen-Bor-Magnete der Klasse N52. Wenn das Geh\u00e4use vollst\u00e4ndig aufgeklappt ist, verriegelt das Magnetsystem automatisch, so dass der Ringhalter in einem Neigungswinkel von 30\u00b0 pr\u00e4sentiert wird und die LED-Lichtquelle einen diamantenen Reflexionseffekt erzeugen kann. Tats\u00e4chliche Messungen zeigen, dass die Leichtg\u00e4ngigkeit des magnetischen \u00d6ffnens und Schlie\u00dfens 40% h\u00f6her ist als die von herk\u00f6mmlichen Schnallen, und die wiederholte Lebensdauer betr\u00e4gt mehr als 100.000 Mal.<\/p>\n<h2 id=\"3-glitter-paper-diamond-faceted-reflective-technology-\">3.\u00a0<strong>Glitter Paper Diamond Faceted Reflective Technology<\/strong><\/h2>\n<p>Die Oberfl\u00e4che besteht aus einem dreischichtigen Verbundwerkstoff: Das Tr\u00e4germaterial ist eine FSC-zertifizierte Kiefernfaserplatte, die mittlere Schicht ist eine vakuumbeschichtete Aluminiumfolie, die eine Spiegelreflexionsschicht bildet, und die Oberfl\u00e4che ist mit UV-geh\u00e4rtetem Klebstoff bespr\u00fcht, der Glaskugeln enth\u00e4lt, die den 58-Facetten-Diamant-Schneideffekt simulieren k\u00f6nnen. Unter einer Lichtquelle mit 1000 Lumen erreicht die Reflexionsintensit\u00e4t 1200 cd\/m\u00b2, vergleichbar mit dem Brechungsindex von nat\u00fcrlichen Diamanten (2,42).<\/p>\n<h2 id=\"4-sustainable-environmental-protection-system-\">4.\u00a0<strong>Nachhaltiges System zum Schutz der Umwelt<\/strong><\/h2>\n<p>Das Hauptmaterial ist vom FSC Forest Stewardship Council zertifiziert, und das Holz stammt aus nachhaltigen und regenerativen W\u00e4ldern in Nordeuropa. Jede produzierte Tonne Karton kann 1,2 Tonnen Kohlenstoff binden. Die Auskleidung besteht aus einem Verbundmaterial aus lebensmittelechtem Silikon und recycelten Polyesterfasern mit einem Gehalt an fl\u00fcchtigen organischen Verbindungen (VOC) von weniger als 0,01 mg\/m\u00b3, was den EU-Umweltschutznormen REACH entspricht.<\/p>\n<h2 id=\"5-luxury-ribbon-accessories-system-\">5.\u00a0<strong>Luxuri\u00f6ses Farbband-Accessoires-System<\/strong><\/h2>\n<p>Sie wird standardm\u00e4\u00dfig mit einem 1,5 cm breiten gerippten italienischen Seidenband geliefert, das 12 kundenspezifische Pantone-Farben bietet. Die patentierte \"Double-Loop-Wrapping\"-Bindetechnologie erm\u00f6glicht es, dass das Band automatisch nach unten f\u00e4llt und eine wellenf\u00f6rmige Dekoration bildet, wenn die Schachtel aufgeklappt wird, und die magnetische Schnallenbefestigung vermeidet das Problem, dass sich traditionelle B\u00e4nder leicht lockern. Optional k\u00f6nnen Swarovski-Kristallanh\u00e4nger hinzugef\u00fcgt werden, um den Sammlerwert der Geschenkbox zu erh\u00f6hen.<\/p>\n<h2 id=\"6-intelligent-production-and-service-system-\">6.\u00a0<strong>Intelligentes Produktions- und Dienstleistungssystem<\/strong><\/h2>\n<p>Die vollautomatische Produktionslinie erm\u00f6glicht eine Gro\u00dfproduktion mit einer Tageskapazit\u00e4t von 3 Millionen St\u00fcck, und der gesamte Prozess vom Schneiden des Rohmaterials bis zur Verpackung des fertigen Produkts dauert \u226415 Minuten. Sie unterst\u00fctzt die 72-st\u00fcndige ultraschnelle Pr\u00fcfung, bietet eine 3D-Druckmodellvorschau und die Genauigkeit der Lasergravur von Mustern erreicht 0,05 mm. Derzeit ist die Lieferkette mit Marken wie Tiffany und Cartier angedockt, und die Ausbringungsrate der Massenproduktion liegt stabil bei 99,3%.<\/p>\n<h2 id=\"-application-scenario-examples-\"><strong>Beispiele f\u00fcr Anwendungsszenarien<\/strong><\/h2>\n<ul>\n<li><strong>Vorschlag f\u00fcr eine Zeremonie<\/strong>: Mit dem CNC-Beleuchtungsprogrammierungsmodul wird der 3-Sekunden-Lichteffekt ausgel\u00f6st, wenn die Schachtel ge\u00f6ffnet wird, und die Flugbahn des Lichtpunkts und die reflektierende Oberfl\u00e4che des Glitzerpapiers bilden eine dynamische Licht- und Schatteninteraktion<\/li>\n<li><strong>Hochwertiger Einzelhandel<\/strong>: Durch die AR-Chip-Einbettungstechnologie kann die Box mit dem Handy gescannt werden, um die Markengeschichte und Informationen zur Identifizierung des Schmucks anzuzeigen<\/li>\n<li><strong>Kunstsammlung<\/strong>: Die limitierte Auflage bietet die M\u00f6glichkeit, Meteoritenfragmente einzulegen, und jede Geschenkbox wird mit einem unabh\u00e4ngigen digitalen NFT-Zertifikat geliefert.<\/li>\n<\/ul>","protected":false},"excerpt":{"rendered":"<p>Er hat eine offene T\u00fcrstruktur, und die \u00d6ffnungs- und Schlie\u00dfwinkel sind ergonomisch berechnet. Er l\u00e4sst sich elegant mit einer Hand \u00f6ffnen. Der eingebaute Magnetverschluss sorgt f\u00fcr eine pr\u00e4zise Positionierung, um sicherzustellen, dass das Zubeh\u00f6r in der besten Pr\u00e4sentationshaltung pr\u00e4sentiert wird. Das Glitzerpapier, das durch ein spezielles Verbundverfahren hergestellt wird, kann einen diamantenen Reflexionseffekt erzeugen.<\/p>","protected":false},"featured_media":1139,"template":"","meta":{"_kad_post_transparent":"default","_kad_post_title":"","_kad_post_layout":"default","_kad_post_sidebar_id":"","_kad_post_content_style":"default","_kad_post_vertical_padding":"default","_kad_post_feature":"","_kad_post_feature_position":"","_kad_post_header":false,"_kad_post_footer":false,"_kad_post_classname":""},"product_brand":[],"product_cat":[15,17],"product_tag":[441,443,442],"class_list":{"0":"post-1138","1":"product","2":"type-product","3":"status-publish","4":"has-post-thumbnail","6":"product_cat-red-light-therapy","7":"product_cat-services","8":"product_tag-glitter-gift-boxes","9":"product_tag-jewelry-ring-gift-boxes","10":"product_tag-silver-glitter-box","12":"first","13":"instock","14":"shipping-taxable","15":"product-type-simple","16":"entry","17":"content-bg","18":"loop-entry"},"_links":{"self":[{"href":"https:\/\/red-lighttherapy.com\/de_de\/wp-json\/wp\/v2\/product\/1138","targetHints":{"allow":["GET"]}}],"collection":[{"href":"https:\/\/red-lighttherapy.com\/de_de\/wp-json\/wp\/v2\/product"}],"about":[{"href":"https:\/\/red-lighttherapy.com\/de_de\/wp-json\/wp\/v2\/types\/product"}],"wp:featuredmedia":[{"embeddable":true,"href":"https:\/\/red-lighttherapy.com\/de_de\/wp-json\/wp\/v2\/media\/1139"}],"wp:attachment":[{"href":"https:\/\/red-lighttherapy.com\/de_de\/wp-json\/wp\/v2\/media?parent=1138"}],"wp:term":[{"taxonomy":"product_brand","embeddable":true,"href":"https:\/\/red-lighttherapy.com\/de_de\/wp-json\/wp\/v2\/product_brand?post=1138"},{"taxonomy":"product_cat","embeddable":true,"href":"https:\/\/red-lighttherapy.com\/de_de\/wp-json\/wp\/v2\/product_cat?post=1138"},{"taxonomy":"product_tag","embeddable":true,"href":"https:\/\/red-lighttherapy.com\/de_de\/wp-json\/wp\/v2\/product_tag?post=1138"}],"curies":[{"name":"wp","href":"https:\/\/api.w.org\/{rel}","templated":true}]}}