{"id":1132,"date":"2025-04-16T12:33:46","date_gmt":"2025-04-16T12:33:46","guid":{"rendered":"https:\/\/red-lighttherapy.com\/?post_type=product&#038;p=1132"},"modified":"2025-04-16T12:47:01","modified_gmt":"2025-04-16T12:47:01","slug":"rigid-glitter-paper-lid-and-base-jewelry-boxes-distributors","status":"publish","type":"product","link":"https:\/\/red-lighttherapy.com\/de_de\/rigid-glitter-paper-lid-and-base-jewelry-boxes-distributors\/","title":{"rendered":"Starre Glitzerpapier-Deckel und -Boden-Schmuckk\u00e4stchen Vertriebsh\u00e4ndler"},"content":{"rendered":"<h2 id=\"1-classic-top-and-bottom-lid-structure-design-\">1.\u00a0<strong>Klassisches Design der oberen und unteren Deckelstruktur<\/strong><\/h2>\n<p>Die verschachtelte Struktur des oberen und unteren Deckels bietet eine pr\u00e4zise Passform, reibungsloses \u00d6ffnen und Schlie\u00dfen sowie eine hervorragende Abdichtung, die hochwertigen Schmuck wirksam vor Staub und Feuchtigkeit sch\u00fctzen kann. Einige Hersteller (z. B. Lufeng Zhifa und Dongguan Jiucai) verwenden sechsseitige Schlitzmaschinen und eine nahtlose Presstechnik, um glatte und gratfreie N\u00e4hte am Schatullenk\u00f6rper zu erzielen und die Gesamtveredelung zu verbessern.<\/p>\n<h2 id=\"2-material-and-visual-effects-\">2.\u00a0<strong>Material und visuelle Effekte<\/strong><\/h2>\n<p>Das Glitter Paper Material nutzt ein spezielles Beschichtungsverfahren, um einen dynamischen Lichtbrechungseffekt zu erzielen, kombiniert mit dem warmen und kalten Kontrastdesign des goldenen Schachtelk\u00f6rpers und der matten Satinbandschleife, die nicht nur den visuellen Fokus auf sich ziehen, sondern auch Eleganz verleihen k\u00f6nnen. Hersteller wie Shanghai Chengjin Printing verbessern auch die Oberfl\u00e4chenstruktur durch UV-Druck und Perlglanz-Laminierung.<\/p>\n<h2 id=\"3-functional-optimization-\">3.\u00a0<strong>Funktionale Optimierung<\/strong><\/h2>\n<ul>\n<li><strong>Ergonomische Gestaltung<\/strong>: Das Verh\u00e4ltnis des Deckels zum Korpus wurde durch zahlreiche \u00d6ffnungs- und Schlie\u00dftests optimiert und l\u00e4sst sich leicht mit einer Hand \u00f6ffnen, so dass die Benutzerfreundlichkeit gew\u00e4hrleistet ist.<\/li>\n<li><strong>R\u00e4umliche Anpassungsf\u00e4higkeit<\/strong>: Unterst\u00fctzt die individuelle Gestaltung von Futterrillen (z. B. Beflockung, Schwammf\u00e4cher), passt sich an speziell geformte Schmuckst\u00fccke wie Ringe und Halsketten an und verbessert die Raumnutzung.<\/li>\n<li><strong>Dauerhaftigkeit<\/strong>: Der Schachtelk\u00f6rper besteht aus Hartpappe oder Verbundwerkstoffen. Nach Tests h\u00e4lt er dem langfristigen \u00d6ffnen und Schlie\u00dfen ohne Verformung stand. Die Glitzerschicht hat eine starke Haftung und kein Risiko von Rissen.<\/li>\n<\/ul>\n<h2 id=\"4-personalized-adjustment-\">4.\u00a0<strong>Personalisierte Anpassung<\/strong><\/h2>\n<p>Unterst\u00fctzt die flexible Anpassung der Schachtelgr\u00f6\u00dfe (z. B. quadratisch, rechteckig), LOGO-Hei\u00dfpr\u00e4gung\/Siebdruck (haupts\u00e4chlich Gold- und Silberfolien-Hei\u00dfpr\u00e4gung) und kann Zubeh\u00f6r hinzuf\u00fcgen oder entfernen (z. B. B\u00e4nder, Magnetschnallen). Zum Beispiel bietet Shenzhen Caimeng Packaging die M\u00f6glichkeit, kleine Chargen individuell zu gestalten und unterst\u00fctzt den LOGO-Druck und die Gestaltung des Innenfutters.<\/p>\n<h2 id=\"5-environmental-protection-and-intelligent-upgrade-\">5.\u00a0<strong>Umweltschutz und intelligente Aufr\u00fcstung<\/strong><\/h2>\n<p>Unsere Fabrik hat FSC-zertifiziertes umweltfreundliches Papier eingef\u00fchrt und die Integration von Smart Chips oder QR-Code-Technologie erforscht, um die R\u00fcckverfolgbarkeit von Produkten und interaktive Funktionen zu realisieren.<\/p>\n<h2 id=\"6-high-value-product-packaging-\">6.\u00a0<strong>Hochwertige Produktverpackungen<\/strong><\/h2>\n<p>Haupts\u00e4chlich geeignet f\u00fcr Kategorien wie Luxusg\u00fcter, Schmuck und hochwertige Kosmetika, die sowohl ausgestellt als auch gesch\u00fctzt werden.<\/p>","protected":false},"excerpt":{"rendered":"<p>Die Struktur der klassischen Deckel- und Bodenschachteln besteht aus einem verschachtelten Design von oberem und unterem Deckel, mit hoher Passgenauigkeit, reibungslosem \u00d6ffnen und Schlie\u00dfen, guter Abdichtung und verbessertem Produktschutz. Das Glitzerpapier bietet einen dynamischen Blinkeffekt bei Lichtbrechung und zieht sofort den Blick auf sich. Geeignet f\u00fcr hochwertige Produktverpackungen wie Luxusg\u00fcter, Schmuck, Kosmetika usw., die sowohl f\u00fcr die Pr\u00e4sentation als auch f\u00fcr die Lagerung geeignet sind.<\/p>","protected":false},"featured_media":1133,"template":"","meta":{"_kad_post_transparent":"default","_kad_post_title":"","_kad_post_layout":"default","_kad_post_sidebar_id":"","_kad_post_content_style":"default","_kad_post_vertical_padding":"default","_kad_post_feature":"","_kad_post_feature_position":"","_kad_post_header":false,"_kad_post_footer":false,"_kad_post_classname":""},"product_brand":[],"product_cat":[15,19,17],"product_tag":[440,99,439],"class_list":{"0":"post-1132","1":"product","2":"type-product","3":"status-publish","4":"has-post-thumbnail","6":"product_cat-red-light-therapy","7":"product_cat-red-light-therapy-stand","8":"product_cat-services","9":"product_tag-glitter-paper-jewelry-boxes","10":"product_tag-jewelry-rigid-boxes","11":"product_tag-lid-and-base-jewelry-boxes","13":"first","14":"instock","15":"shipping-taxable","16":"product-type-simple","17":"entry","18":"content-bg","19":"loop-entry"},"_links":{"self":[{"href":"https:\/\/red-lighttherapy.com\/de_de\/wp-json\/wp\/v2\/product\/1132","targetHints":{"allow":["GET"]}}],"collection":[{"href":"https:\/\/red-lighttherapy.com\/de_de\/wp-json\/wp\/v2\/product"}],"about":[{"href":"https:\/\/red-lighttherapy.com\/de_de\/wp-json\/wp\/v2\/types\/product"}],"wp:featuredmedia":[{"embeddable":true,"href":"https:\/\/red-lighttherapy.com\/de_de\/wp-json\/wp\/v2\/media\/1133"}],"wp:attachment":[{"href":"https:\/\/red-lighttherapy.com\/de_de\/wp-json\/wp\/v2\/media?parent=1132"}],"wp:term":[{"taxonomy":"product_brand","embeddable":true,"href":"https:\/\/red-lighttherapy.com\/de_de\/wp-json\/wp\/v2\/product_brand?post=1132"},{"taxonomy":"product_cat","embeddable":true,"href":"https:\/\/red-lighttherapy.com\/de_de\/wp-json\/wp\/v2\/product_cat?post=1132"},{"taxonomy":"product_tag","embeddable":true,"href":"https:\/\/red-lighttherapy.com\/de_de\/wp-json\/wp\/v2\/product_tag?post=1132"}],"curies":[{"name":"wp","href":"https:\/\/api.w.org\/{rel}","templated":true}]}}