{"id":1126,"date":"2025-04-16T12:20:17","date_gmt":"2025-04-16T12:20:17","guid":{"rendered":"https:\/\/red-lighttherapy.com\/?post_type=product&#038;p=1126"},"modified":"2025-04-16T12:33:36","modified_gmt":"2025-04-16T12:33:36","slug":"factory-supply-glitter-paper-custom-eyelash-magnetic-lid-box","status":"publish","type":"product","link":"https:\/\/red-lighttherapy.com\/de_de\/factory-supply-glitter-paper-custom-eyelash-magnetic-lid-box\/","title":{"rendered":"Fabrik Versorgung Glitter Papier benutzerdefinierte Wimper magnetischen Deckel Box"},"content":{"rendered":"<h2 id=\"-glitter-paper-customized-eyelash-magnetic-suction-box-product-description-\"><strong>Glitter Paper Customized Eyelash Magnetic Suction Box Produktbeschreibung<\/strong><\/h2>\n<h2 id=\"1-magnetic-suction-closure-system-\">1.\u00a0<strong>Magnet-Saug-Verschluss-System<\/strong><\/h2>\n<p>Die hochpr\u00e4zise magnetische Ansaugstruktur und der eingebettete Mikromagnet erm\u00f6glichen ein einh\u00e4ndiges \u00d6ffnen und Schlie\u00dfen. Die magnetische St\u00e4rke erreicht 0,2N-0,3N und gew\u00e4hrleistet eine vollst\u00e4ndige Abdichtung beim Schlie\u00dfen, isoliert effektiv Luft und Feuchtigkeit und verhindert, dass die Wimpern feucht oder kontaminiert werden. Die innere Schicht ist mit einem lebensmittelechten Silikondichtungsring versehen, um die Staub- und Feuchtigkeitsbest\u00e4ndigkeit weiter zu verbessern und sich an Umgebungen mit hoher Luftfeuchtigkeit anzupassen.<\/p>\n<h2 id=\"2-transparent-acrylic-window-\">2.\u00a0<strong>Transparentes Acrylfenster<\/strong><\/h2>\n<p>Auf der Oberseite ist eine 3 mm dicke, hochtransparente Acrylplatte mit einer Lichtdurchl\u00e4ssigkeit von 92% eingelassen. Mit abgerundeten Ecken und Anti-Kratz-Technologie k\u00f6nnen Sie den internen Wimpernstatus (wie Sauberkeit und Integrit\u00e4t der Anordnung) 360\u00b0 beobachten, ohne die Box zu \u00f6ffnen. Das Fenster unterst\u00fctzt mehr als 20 Formen wie rund, herzf\u00f6rmig, sechseckig, etc. Die Kante nimmt Laserschneidetechnik mit einem Genauigkeitsfehler von \u22640,5 mm an.<\/p>\n<h2 id=\"3-glitter-paper-material-aesthetics-\">3.\u00a0<strong>Material\u00e4sthetik von Glitter Paper<\/strong><\/h2>\n<ul>\n<li><strong>Visuelle Leistung<\/strong>: Es wird 120 g schweres Glitzerpapier verwendet, und die Oberfl\u00e4che wird mit Hei\u00dfpr\u00e4ge-\/Silbertechnologie behandelt. Es zeigt einen dynamischen und hellen Glanz unter Lichtbrechung. Die Farbskala deckt mehr als 90% der Pantone-Farbkarten ab und eignet sich besonders f\u00fcr beliebte Farben wie Ros\u00e9gold und Fantasieblau, was die Attraktivit\u00e4t der Regalpr\u00e4sentation erheblich steigert.<\/li>\n<li><strong>\u00d6kologische Eigenschaften<\/strong>: Das Material ist FSC-zertifiziert, 100% recycelbar und abbaubar, und das Graukartonsubstrat besteht aus recycelten Fasern, die den EU-Nachhaltigkeitsstandards f\u00fcr Verpackungen entsprechen.<\/li>\n<\/ul>\n<h2 id=\"4-emotional-color-design-\">4.\u00a0<strong>Emotionale Farbgestaltung<\/strong><\/h2>\n<p>Die Hauptfarbe ist Morandi-Rosa, und die S\u00e4ttigung ist um 15% reduziert, was ein weiches und s\u00fc\u00dfes Gef\u00fchl vermittelt, das dem emotionalen Appell der Frauen der Generation Z nach \"m\u00e4dchenhafter Kraft\" und \"exquisiter \u00c4sthetik\" entspricht. Die Seite der Schachtel kann mit einem Farbverlauf oder einer Perlglanzbeschichtung \u00fcberlagert werden, um den Wiedererkennungswert der Marke zu erh\u00f6hen.<\/p>\n<h2 id=\"5-brand-specific-design-\">5.\u00a0<strong>Markenspezifisches Design<\/strong><\/h2>\n<ul>\n<li><strong>Druckverfahren<\/strong>: Unterst\u00fctzt CMYK-Vierfarbendruck, UV-Pr\u00e4gung, Lasergravur, LOGO-Genauigkeit von 300dpi, minimale Druckschriftgr\u00f6\u00dfe 0,8mm.<\/li>\n<li><strong>Kombination von Zubeh\u00f6rteilen<\/strong>: Kann mit der gleichen Serie von ausziehbaren Schubladenboxen und tragbaren Miniboxen kombiniert werden, um eine Produktmatrix zu bilden, die den Anforderungen verschiedener Szenarien wie Einzelhandel, Geschenke und limitierte Auflagen gerecht wird.<\/li>\n<\/ul>\n<h2 id=\"6-application-scenarios-and-market-value-\">6.\u00a0<strong>Anwendungsszenarien und Marktwert<\/strong><\/h2>\n<ul>\n<li><strong>Einzelhandel Ende<\/strong>: Der glitzernde Papierglanz und der rosafarbene Ton sorgen f\u00fcr einen visuellen Effekt, der die Marke in den Gesch\u00e4ften f\u00fcr Sch\u00f6nheitskollektionen, bei Live-\u00dcbertragungen im E-Commerce und in anderen Szenarien hervorhebt.<\/li>\n<li><strong>Benutzererfahrung<\/strong>: Das magnetische Ansaugsystem und das Fensterdesign reduzieren das h\u00e4ufige \u00d6ffnen und Schlie\u00dfen, verl\u00e4ngern die Lebensdauer der Wimpern und erf\u00fcllen die Bed\u00fcrfnisse der Verbraucher nach \"effizienten Sch\u00f6nheitswerkzeugen\".<\/li>\n<li><strong>Umweltpr\u00e4mie<\/strong>: Recycelbare Materialien und ma\u00dfgeschneiderte Dienstleistungen stehen in engem Zusammenhang mit den ESG-Marketingtrends, um das Image der \"gr\u00fcnen \u00c4sthetik\" der Marke zu st\u00e4rken.<\/li>\n<\/ul>","protected":false},"excerpt":{"rendered":"<p>Das magnetische Verschlusssystem ist einfach mit einer Hand zu bedienen und verf\u00fcgt \u00fcber eine starke Versiegelung, um die Wimpern vor Feuchtigkeit oder Verschmutzung zu sch\u00fctzen. Auf der Oberseite ist ein transparentes Acrylfenster eingebettet, so dass Sie den Zustand der Wimpern im Inneren deutlich sehen k\u00f6nnen, ohne die Box zu \u00f6ffnen, was die Benutzerfreundlichkeit verbessert. Das glitzernde Papiermaterial zeigt einen hellen Glanz unter der Lichtbrechung, was die Attraktivit\u00e4t des Produkts in der Auslage erh\u00f6ht.<\/p>","protected":false},"featured_media":1129,"template":"","meta":{"_kad_post_transparent":"default","_kad_post_title":"","_kad_post_layout":"default","_kad_post_sidebar_id":"","_kad_post_content_style":"default","_kad_post_vertical_padding":"default","_kad_post_feature":"","_kad_post_feature_position":"","_kad_post_header":false,"_kad_post_footer":false,"_kad_post_classname":""},"product_brand":[],"product_cat":[15,28,27,17],"product_tag":[437,434,438],"class_list":{"0":"post-1126","1":"product","2":"type-product","3":"status-publish","4":"has-post-thumbnail","6":"product_cat-red-light-therapy","7":"product_cat-customize","8":"product_cat-red-light-therapy-belt","9":"product_cat-services","10":"product_tag-eyelashes-gift-box","11":"product_tag-glitter-eyelash-packaging","12":"product_tag-glitter-paper-eyelash-paper-box","14":"first","15":"instock","16":"shipping-taxable","17":"product-type-simple","18":"entry","19":"content-bg","20":"loop-entry"},"_links":{"self":[{"href":"https:\/\/red-lighttherapy.com\/de_de\/wp-json\/wp\/v2\/product\/1126","targetHints":{"allow":["GET"]}}],"collection":[{"href":"https:\/\/red-lighttherapy.com\/de_de\/wp-json\/wp\/v2\/product"}],"about":[{"href":"https:\/\/red-lighttherapy.com\/de_de\/wp-json\/wp\/v2\/types\/product"}],"wp:featuredmedia":[{"embeddable":true,"href":"https:\/\/red-lighttherapy.com\/de_de\/wp-json\/wp\/v2\/media\/1129"}],"wp:attachment":[{"href":"https:\/\/red-lighttherapy.com\/de_de\/wp-json\/wp\/v2\/media?parent=1126"}],"wp:term":[{"taxonomy":"product_brand","embeddable":true,"href":"https:\/\/red-lighttherapy.com\/de_de\/wp-json\/wp\/v2\/product_brand?post=1126"},{"taxonomy":"product_cat","embeddable":true,"href":"https:\/\/red-lighttherapy.com\/de_de\/wp-json\/wp\/v2\/product_cat?post=1126"},{"taxonomy":"product_tag","embeddable":true,"href":"https:\/\/red-lighttherapy.com\/de_de\/wp-json\/wp\/v2\/product_tag?post=1126"}],"curies":[{"name":"wp","href":"https:\/\/api.w.org\/{rel}","templated":true}]}}