{"id":1120,"date":"2025-04-16T12:06:57","date_gmt":"2025-04-16T12:06:57","guid":{"rendered":"https:\/\/red-lighttherapy.com\/?post_type=product&#038;p=1120"},"modified":"2025-04-16T12:20:07","modified_gmt":"2025-04-16T12:20:07","slug":"magnetic-closure-cosmetic-eyelash-glitter-paper-box-solution","status":"publish","type":"product","link":"https:\/\/red-lighttherapy.com\/de_de\/magnetic-closure-cosmetic-eyelash-glitter-paper-box-solution\/","title":{"rendered":"Magnetischer Verschluss Kosmetische Wimpern Glitter Papier Box L\u00f6sung"},"content":{"rendered":"<h2 id=\"product-description-of-magnetic-clamp-eyelash-glitter-paper-box-solution\">Produktbeschreibung von Magnetic Clamp Eyelash Glitter Paper Box Solution<\/h2>\n<h2 id=\"-1-magnetic-opening-and-closing-system-precise-alignment-one-hand-operation-and-upgraded-sealing-\"><strong>1. Magnetisches \u00d6ffnungs- und Schlie\u00dfsystem: pr\u00e4zise Ausrichtung, Einhandbedienung und verbesserte Abdichtung<\/strong><\/h2>\n<ul>\n<li><strong>Magnetische Pr\u00e4zisionsausf\u00fchrung<\/strong>: Durch die Verwendung einer starken magnetischen Ausrichttechnologie sind die magnetischen Schnallenkomponenten genau auf die Magnetpole abgestimmt, um ein \u00d6ffnen und Schlie\u00dfen ohne Abweichungen zu erm\u00f6glichen und nach dem Schlie\u00dfen einen festen Sitz zu gew\u00e4hrleisten.<\/li>\n<li><strong>Bequeme Bedienung mit einer Hand<\/strong>: Optimieren Sie die Magnetst\u00e4rke und den \u00d6ffnungs- und Schlie\u00dfwinkel, und die Bedienung kann mit einem einh\u00e4ndigen Druck abgeschlossen werden, was f\u00fcr die Verbraucher geeignet ist, um es jeden Tag schnell herauszunehmen und die Benutzererfahrung zu verbessern.<\/li>\n<li><strong>Verbesserte Abdichtung<\/strong>: Kombiniert mit Kartenschlitz und magnetischer Doppelverriegelung, stellen Sie sicher, dass es keine L\u00fccke gibt, nachdem die Box geschlossen ist, sch\u00fctzen Sie den Wimpernglitzer effektiv vor externer Verschmutzung und verl\u00e4ngern Sie die Haltbarkeit des Produkts.<\/li>\n<\/ul>\n<h2 id=\"-2-standardized-size-adaptation-unified-display-aesthetics-\"><strong>2. Standardisierte Gr\u00f6\u00dfenanpassung, einheitliche Anzeige\u00e4sthetik<\/strong><\/h2>\n<ul>\n<li><strong>Kompatibilit\u00e4t mit Mainstream-Gr\u00f6\u00dfen<\/strong>: Ma\u00dfgeschneiderte Gr\u00f6\u00dfe, geeignet f\u00fcr Mainstream-Produkte wie einzelne Wimperntusche und mehrfarbige Glitzer-Sets, mit starker Kompatibilit\u00e4t.<\/li>\n<li><strong>Vorteile des Stapeldisplays<\/strong>: Die Linien des Kartons sind quadratisch und sauber, und die Ausstellungsfl\u00e4che ist flach und einheitlich, wenn sie gestapelt wird. Er kann flexibel zu einer Regalmatrix oder kreativen Form kombiniert werden, um die visuelle Wirkung der Marke zu verst\u00e4rken.<\/li>\n<\/ul>\n<h2 id=\"-3-minimalist-aesthetic-design-sharp-edges-and-full-of-modern-sense-\"><strong>3. Minimalistisches \u00e4sthetisches Design: scharfe Kanten und voller Modernit\u00e4t<\/strong><\/h2>\n<ul>\n<li><strong>Dreidimensionale strukturelle Sprache<\/strong>: Der Schachtelk\u00f6rper verwendet rechtwinklige Faltlinien und eine flache Schneidetechnik, mit scharfen Kanten und Ecken, kombiniert mit mattem Glitzerpapier, das einen kalten Sinn f\u00fcr Technologie und einen modernen minimalistischen Stil vermittelt.<\/li>\n<li><strong>Verbesserung des Markenlogos<\/strong>: Unterst\u00fctzung von Hei\u00dfpr\u00e4gung, Pr\u00e4gung und anderen Verfahren zur Anpassung des Markenlogos, Hervorhebung des High-End-Tons mit einfachen Linien, im Einklang mit der \u00e4sthetischen Vorliebe der jungen Verbraucher f\u00fcr \"weniger ist mehr\".<\/li>\n<\/ul>\n<h2 id=\"-4-glitter-paper-material-both-wear-resistance-and-luxury-\"><strong>4. Glitter Papier Material: sowohl Verschlei\u00dffestigkeit und Luxus<\/strong><\/h2>\n<ul>\n<li><strong>\u00c4u\u00dferst strapazierf\u00e4hige Oberfl\u00e4che<\/strong>: Es wird ein Glitzerpapier-Substrat verwendet, das 40% verschlei\u00dffester ist als gew\u00f6hnliches Hei\u00dfpr\u00e4gepapier, eine ausgezeichnete Kratzfestigkeit aufweist und w\u00e4hrend des Transports und der Verwendung nicht leicht zerkratzt.<\/li>\n<li><strong>Luxuri\u00f6se Hei\u00dfpr\u00e4getechnik<\/strong>Mikrometergenaue Hei\u00dfpr\u00e4ge-\/Hei\u00dfsilbertechnologie, Musterkantengenauigkeit von \u00b10,1 mm, kombiniert mit einem dynamischen Gittereffekt, der bei Lichtbrechung eine mehrstufige gl\u00e4nzende Textur ergibt.<\/li>\n<\/ul>\n<h2 id=\"-5-flexible-production-service-fast-response-sustainable-supply-\"><strong>5. Flexibler Produktionsservice: schnelle Reaktion, nachhaltige Versorgung<\/strong><\/h2>\n<ul>\n<li><strong>Flexible Mindestbestellmenge<\/strong>: Unterst\u00fctzung flexibler Bestellungen von 500 bis 2 Millionen St\u00fcck, f\u00fcr die Versuchsproduktion von Start-up-Marken und den Serienbedarf gro\u00dfer Marken, ohne Mindestbestellmengenbeschr\u00e4nkung.<\/li>\n<li><strong>Extrem schneller G\u00e4rzyklus<\/strong>Die digitale Druckform verk\u00fcrzt den Proofing-Zyklus auf 72 Stunden und bietet 3 Grundfarben und 2 Verfahrenskombinationen zur schnellen Musterbest\u00e4tigung.<\/li>\n<\/ul>\n<h2 id=\"-6-environmental-certification-and-sustainability-\"><strong>6. Umweltzertifizierung und Nachhaltigkeit<\/strong><\/h2>\n<ul>\n<li><strong>FSC-zertifizierte Rohstoffe<\/strong>: Die 100% der Papier-Box Basismaterial verwendet FSC-zertifiziertes Papier, um sicherzustellen, dass die Rohstoffe aus der Europ\u00e4ischen Union Umweltstandards und Marken ESG zu strategischen Anforderungen, kontinuierlich bewirtschafteten W\u00e4ldern zu entsprechen.<\/li>\n<li><strong>Recycelbare Ausf\u00fchrung<\/strong>: Der Geh\u00e4usek\u00f6rper hat keine Klebestruktur, und die magnetischen Ansaugkomponenten k\u00f6nnen getrennt werden, was die Klassifizierung und das Recycling erleichtert und die Umweltbelastung reduziert.<\/li>\n<\/ul>\n<h2 id=\"-core-advantages-\"><strong>Wesentliche Vorteile<\/strong><\/h2>\n<ul>\n<li><strong>Technologie-Integration<\/strong>: Magnetisches \u00d6ffnen und Schlie\u00dfen + Material Glitzerpapier + Hei\u00dfpr\u00e4geverfahren, unter Ber\u00fccksichtigung von Funktionalit\u00e4t und Optik.<\/li>\n<li><strong>Gesch\u00e4ftsfreundliches<\/strong>: Flexible Lieferkette und schnelles Proofing, Verringerung der Kosten f\u00fcr Markenversuche und Beschleunigung der Markteinf\u00fchrung.<\/li>\n<li><strong>Verantwortung f\u00fcr die Umwelt<\/strong>: Die FSC-Zertifizierung und das recycelbare Design helfen Marken, ein gr\u00fcnes Image zu schaffen.<\/li>\n<\/ul>","protected":false},"excerpt":{"rendered":"<p>Diese Verpackungsschachtel hat scharfe Kanten und klare Linien, die eine moderne, minimalistische \u00c4sthetik zeigen. Das magnetische \u00d6ffnungs- und Verschlusssystem ist pr\u00e4zise ausgerichtet, leicht mit einer Hand zu bedienen und hat einen st\u00e4rkeren Verschluss als gew\u00f6hnliche Schnallenboxen. Das Glitzerpapier ist sehr verschlei\u00dffest und eignet sich f\u00fcr g\u00e4ngige Wimpernprodukte.<\/p>","protected":false},"featured_media":1121,"template":"","meta":{"_kad_post_transparent":"default","_kad_post_title":"","_kad_post_layout":"default","_kad_post_sidebar_id":"","_kad_post_content_style":"default","_kad_post_vertical_padding":"default","_kad_post_feature":"","_kad_post_feature_position":"","_kad_post_header":false,"_kad_post_footer":false,"_kad_post_classname":""},"product_brand":[],"product_cat":[15,28,27,17],"product_tag":[434,436,435],"class_list":{"0":"post-1120","1":"product","2":"type-product","3":"status-publish","4":"has-post-thumbnail","6":"product_cat-red-light-therapy","7":"product_cat-customize","8":"product_cat-red-light-therapy-belt","9":"product_cat-services","10":"product_tag-glitter-eyelash-packaging","11":"product_tag-glitter-paper-eyelash-box","12":"product_tag-magnetic-closure-box-for-cosmetic","14":"first","15":"instock","16":"shipping-taxable","17":"product-type-simple","18":"entry","19":"content-bg","20":"loop-entry"},"_links":{"self":[{"href":"https:\/\/red-lighttherapy.com\/de_de\/wp-json\/wp\/v2\/product\/1120","targetHints":{"allow":["GET"]}}],"collection":[{"href":"https:\/\/red-lighttherapy.com\/de_de\/wp-json\/wp\/v2\/product"}],"about":[{"href":"https:\/\/red-lighttherapy.com\/de_de\/wp-json\/wp\/v2\/types\/product"}],"wp:featuredmedia":[{"embeddable":true,"href":"https:\/\/red-lighttherapy.com\/de_de\/wp-json\/wp\/v2\/media\/1121"}],"wp:attachment":[{"href":"https:\/\/red-lighttherapy.com\/de_de\/wp-json\/wp\/v2\/media?parent=1120"}],"wp:term":[{"taxonomy":"product_brand","embeddable":true,"href":"https:\/\/red-lighttherapy.com\/de_de\/wp-json\/wp\/v2\/product_brand?post=1120"},{"taxonomy":"product_cat","embeddable":true,"href":"https:\/\/red-lighttherapy.com\/de_de\/wp-json\/wp\/v2\/product_cat?post=1120"},{"taxonomy":"product_tag","embeddable":true,"href":"https:\/\/red-lighttherapy.com\/de_de\/wp-json\/wp\/v2\/product_tag?post=1120"}],"curies":[{"name":"wp","href":"https:\/\/api.w.org\/{rel}","templated":true}]}}