{"id":1109,"date":"2025-04-16T09:00:28","date_gmt":"2025-04-16T09:00:28","guid":{"rendered":"https:\/\/red-lighttherapy.com\/?post_type=product&#038;p=1109"},"modified":"2025-04-16T09:38:13","modified_gmt":"2025-04-16T09:38:13","slug":"trading-textured-paper-portable-power-bank-drawer-boxes","status":"publish","type":"product","link":"https:\/\/red-lighttherapy.com\/de_de\/trading-textured-paper-portable-power-bank-drawer-boxes\/","title":{"rendered":"Trading Textured Paper Portable Power Bank Schubladenboxen"},"content":{"rendered":"<h2 id=\"-product-description-of-portable-power-bank-pull-out-box-\"><strong>Produktbeschreibung von Portable Power Bank Match Slider Style Box<\/strong><\/h2>\n<h2 id=\"1-high-grade-textured-specialty-paper-\">1.\u00a0<strong>Hochwertiges, strukturiertes Spezialpapier<\/strong><\/h2>\n<p>Die \u00e4u\u00dfere Verpackung des Produkts besteht aus hochwertigem, strukturiertem Spezialpapier (120G) mit einer zarten und geschichteten Oberfl\u00e4che, die der Verpackung ein hochwertiges Gef\u00fchl der geheimnisvollen Serie verleiht. Die einzigartige Textur und die Licht- und Schatteneffekte des Spezialpapiers, kombiniert mit dunklen oder metallischen Farben, passen perfekt zum Markenton und schaffen ein zur\u00fcckhaltendes und luxuri\u00f6ses visuelles Erlebnis.<\/p>\n<h2 id=\"2-drawer-type-box-structure-\">2.\u00a0<strong>Struktur der Schubladenbox<\/strong><\/h2>\n<p>Das ausziehbare Design ist glatt und rituell. Benutzer k\u00f6nnen die Powerbank leicht herausziehen, unter Ber\u00fccksichtigung der Bequemlichkeit und Ritual. Die innere Struktur wird von 1200G hochdichten Graupappe unterst\u00fctzt, um sicherzustellen, dass die Box K\u00f6rper stark und druckfest ist, und das Innere ist flach und glatt, sch\u00fctzt die Powerbank vor St\u00f6\u00dfen w\u00e4hrend des Transports oder den t\u00e4glichen Gebrauch.<\/p>\n<h2 id=\"3-gold-stamping-technology-is-the-finishing-touch-\">3.\u00a0<strong>Goldhei\u00dfpr\u00e4gefolientechnik ist der letzte Schliff<\/strong><\/h2>\n<p>Das Markenlogo oder -muster wird in goldenen Linien oder Bl\u00f6cken dargestellt, die den metallischen Glanz bei verschiedenen Lichteinfallswinkeln reflektieren und so den visuellen Wiedererkennungswert und den hochwertigen Eindruck der Marke verst\u00e4rken.<\/p>\n<h2 id=\"4-professional-adaptation-solution-\">4.\u00a0<strong>Professionelle Anpassungsl\u00f6sung<\/strong><\/h2>\n<p>Auf der Grundlage von Gr\u00f6\u00dfe, Kapazit\u00e4t und Nutzungsszenarien der mobilen Stromversorgung (z. B. Business, Outdoor und Geschenk) bieten wir einen Eins-zu-eins-Empfehlungsservice f\u00fcr Boxen. Zum Beispiel:<\/p>\n<ul>\n<li><strong>Kompakte Stromversorgung<\/strong>: Empfehlen Sie eine schmale und lange Ausziehbox f\u00fcr den einfachen Transport;<\/li>\n<li><strong>Stromversorgung mit gro\u00dfer Kapazit\u00e4t<\/strong>: Mit verst\u00e4rktem Fachdesign f\u00fcr besseren Schutz.<\/li>\n<\/ul>\n<h2 id=\"5-efficient-service-guarantee-\">5.\u00a0<strong>Effizienter Service garantiert<\/strong><\/h2>\n<ul>\n<li><strong>Blitzlieferung<\/strong>: Die Standardlieferzeit betr\u00e4gt 5-7 Tage, und bei dringendem Bedarf kann die Lieferzeit auf 3 Tage verk\u00fcrzt werden;<\/li>\n<li><strong>Verpflichtung zur Qualit\u00e4t<\/strong>: Umfassende Qualit\u00e4tskontrolle, um sicherzustellen, dass die Schachtel keine Kratzer aufweist, dass die Hei\u00dfpr\u00e4gung nicht abf\u00e4llt und dass der Auszug glatt ist;<\/li>\n<li><strong>Ma\u00dfgeschneiderter Service<\/strong>: Unterst\u00fctzt individuelle Anforderungen wie LOGO-Anpassung und Auswahl des Futtermaterials (z. B. EVA-Schwamm, Flanell).<\/li>\n<\/ul>\n<h2 id=\"6-fsc-forest-certification-\">6.\u00a0<strong>FSC-Waldzertifizierung<\/strong><\/h2>\n<p>Alle Spezialpapiere und Graukartons sind FSC-zertifiziert, um sicherzustellen, dass die Rohstoffe aus nachhaltig bewirtschafteten W\u00e4ldern stammen und die strengen Anforderungen hochwertiger Marken an Umweltschutz und soziale Verantwortung erf\u00fcllen.<\/p>\n<h3 id=\"7-applicable-scenarios-\">7.\u00a0<strong>Anwendbare Szenarien<\/strong><\/h3>\n<ul>\n<li><strong>Werbegeschenke<\/strong>: Passende Hei\u00dfpr\u00e4getechnik und dunkel gef\u00e4rbtes Spezialpapier vermitteln das edle Gef\u00fchl der Marke;<\/li>\n<li><strong>Technologie-Produkte<\/strong>: Verst\u00e4rken Sie die technologischen Eigenschaften durch minimalistisches Design und metallische Textur;<\/li>\n<li><strong>Outdoor-Ausr\u00fcstung<\/strong>: Verwenden Sie verschlei\u00dffestes und feuchtigkeitsbest\u00e4ndiges Spezialpapier, um sich an die Einsatzbedingungen im Freien anzupassen.<\/li>\n<\/ul>\n<h2 id=\"-v-summary-of-core-advantages-\"><strong>8. Zusammenfassung der wichtigsten Vorteile<\/strong><\/h2>\n<table>\n<thead>\n<tr>\n<th>Vorteilhafte Abmessungen<\/th>\n<th>Spezifische Beschreibung<\/th>\n<\/tr>\n<\/thead>\n<tbody>\n<tr>\n<td><strong>Werkstofftechnik<\/strong><\/td>\n<td>Kombination aus Spezialpapier und Graukarton, die sowohl sch\u00f6n als auch druckbest\u00e4ndig ist; Hei\u00dfpr\u00e4getechnik erh\u00f6ht den Wiedererkennungswert der Marke<\/td>\n<\/tr>\n<tr>\n<td><strong>Struktureller Entwurf<\/strong><\/td>\n<td>Das ausziehbare Design ist bequem und praktisch, eignet sich f\u00fcr Netzteile verschiedener Gr\u00f6\u00dfen und hat eine hohe interne Raumnutzung<\/td>\n<\/tr>\n<tr>\n<td><strong>Umweltzertifizierung<\/strong><\/td>\n<td>FSC-zertifizierte Materialien, in \u00dcbereinstimmung mit internationalen Umweltstandards<\/td>\n<\/tr>\n<tr>\n<td><strong>Antwort des Dienstes<\/strong><\/td>\n<td>Ein professionelles Team bietet ma\u00dfgeschneiderte L\u00f6sungen und eine vollst\u00e4ndige Nachverfolgung vom Entwurf bis zur Auslieferung<\/td>\n<\/tr>\n<\/tbody>\n<\/table>","protected":false},"excerpt":{"rendered":"<p>Die Papierschubladenbox l\u00e4sst sich leicht \u00f6ffnen und schlie\u00dfen. Sie ist aus 120G strukturiertem Spezialpapier und 1200G Graupappe gefertigt. Sie ist robust, langlebig und hat ein geheimnisvolles und hochwertiges Gef\u00fchl. Die Oberfl\u00e4che nimmt die High-End \"Gold Hei\u00dfpr\u00e4gefolie\" Prozess der Marke goldenen Gef\u00fchl zu markieren und zeigen den Ton der Marke.<\/p>","protected":false},"featured_media":1112,"template":"","meta":{"_kad_post_transparent":"default","_kad_post_title":"","_kad_post_layout":"default","_kad_post_sidebar_id":"","_kad_post_content_style":"default","_kad_post_vertical_padding":"default","_kad_post_feature":"","_kad_post_feature_position":"","_kad_post_header":false,"_kad_post_footer":false,"_kad_post_classname":""},"product_brand":[],"product_cat":[15,20,17],"product_tag":[429,428,430],"class_list":{"0":"post-1109","1":"product","2":"type-product","3":"status-publish","4":"has-post-thumbnail","6":"product_cat-red-light-therapy","7":"product_cat-led-face-light-therapy","8":"product_cat-services","9":"product_tag-match-style-box-for-power-bank","10":"product_tag-portable-power-bank-packaging-box","11":"product_tag-power-bank-slider-packaging-box","13":"first","14":"instock","15":"shipping-taxable","16":"product-type-simple","17":"entry","18":"content-bg","19":"loop-entry"},"_links":{"self":[{"href":"https:\/\/red-lighttherapy.com\/de_de\/wp-json\/wp\/v2\/product\/1109","targetHints":{"allow":["GET"]}}],"collection":[{"href":"https:\/\/red-lighttherapy.com\/de_de\/wp-json\/wp\/v2\/product"}],"about":[{"href":"https:\/\/red-lighttherapy.com\/de_de\/wp-json\/wp\/v2\/types\/product"}],"wp:featuredmedia":[{"embeddable":true,"href":"https:\/\/red-lighttherapy.com\/de_de\/wp-json\/wp\/v2\/media\/1112"}],"wp:attachment":[{"href":"https:\/\/red-lighttherapy.com\/de_de\/wp-json\/wp\/v2\/media?parent=1109"}],"wp:term":[{"taxonomy":"product_brand","embeddable":true,"href":"https:\/\/red-lighttherapy.com\/de_de\/wp-json\/wp\/v2\/product_brand?post=1109"},{"taxonomy":"product_cat","embeddable":true,"href":"https:\/\/red-lighttherapy.com\/de_de\/wp-json\/wp\/v2\/product_cat?post=1109"},{"taxonomy":"product_tag","embeddable":true,"href":"https:\/\/red-lighttherapy.com\/de_de\/wp-json\/wp\/v2\/product_tag?post=1109"}],"curies":[{"name":"wp","href":"https:\/\/api.w.org\/{rel}","templated":true}]}}